{"id":1103,"date":"2022-01-04T11:33:29","date_gmt":"2022-01-04T10:33:29","guid":{"rendered":"https:\/\/robesirokepotrosnje.omega.ba\/?post_type=product&#038;p=1103"},"modified":"2022-10-10T18:16:32","modified_gmt":"2022-10-10T16:16:32","slug":"do-do-zacin-250g","status":"publish","type":"product","link":"https:\/\/omega.ba\/en\/product\/do-do-zacin-250g\/","title":{"rendered":"Do-Do Seasoning 250g"},"content":{"rendered":"<p>Do-Do spice as a premium universal spice is made according to the recipes of gastronomic experts. It is decorated with a combination of pleasure and quality, and as such gives a touch of recognition to the Bosnian culinary tradition. Woven from high-quality, traditionally recognizable &quot;Tuzlan salt&quot; and dried vegetables, which is produced from the highest quality grown and selected fresh vegetables (fruits, roots and leaves), it certainly justifies the epithet of a superior and unique Bosnian spice. Universal Do-Do spice is packaged for general consumption in triplex bags of: 250 g, 500 g and 1000 g.<\/p>\n<h3>Ingredients:<\/h3>\n<p>Table salt, dextrose, dried vegetables 15% (carrot, parsnip, onion, parsley), flavor enhancer (monosodium glutamate), spice, color (riboflavin).<\/p>\n<h3>Average value per 100 g of product<\/h3>\n<table>\n<tbody>\n<tr>\n<td>Energetic value<\/td>\n<td>494 kJ \/ 116 kcal<\/td>\n<\/tr>\n<tr>\n<td>Proteins<\/td>\n<td>5.5 g<\/td>\n<\/tr>\n<tr>\n<td>Carbohydrates<\/td>\n<td>23 years old<\/td>\n<\/tr>\n<tr>\n<td>Fats<\/td>\n<td>0.25 g<\/td>\n<\/tr>\n<\/tbody>\n<\/table>","protected":false},"excerpt":{"rendered":"<p>Do-Do spice as a premium universal spice is made according to the recipes of gastronomic experts. It is decorated with a combination of pleasure and quality, so as...<\/p>","protected":false},"featured_media":3467,"template":"","meta":{"cybocfi_hide_featured_image":""},"product_brand":[],"product_cat":[64],"product_tag":[65,66],"class_list":{"0":"post-1103","1":"product","2":"type-product","3":"status-publish","4":"has-post-thumbnail","6":"product_cat-do-do","7":"product_tag-do-do-zacin","8":"product_tag-solana-tuzla","10":"first","11":"instock","12":"shipping-taxable","13":"product-type-simple"},"yoast_head":"<!-- This site is optimized with the Yoast SEO plugin v26.8 - https:\/\/yoast.com\/product\/yoast-seo-wordpress\/ -->\n<title>Do-Do Za\u010din 250g - Omega d.o.o.<\/title>\n<meta name=\"robots\" content=\"index, follow, max-snippet:-1, max-image-preview:large, max-video-preview:-1\" \/>\n<link rel=\"canonical\" href=\"https:\/\/omega.ba\/en\/product\/do-do-zacin-250g\/\" \/>\n<meta property=\"og:locale\" content=\"en_US\" \/>\n<meta property=\"og:type\" content=\"article\" \/>\n<meta property=\"og:title\" content=\"Do-Do Za\u010din 250g - Omega d.o.o.\" \/>\n<meta property=\"og:description\" content=\"Do-Do za\u010din kao vrhunski univerzalni za\u010din spravljan je po recepturama gastronomskih stru\u010dnjaka. Krasi ga spoj u\u017eitka i kvaliteta, pa kao...\" \/>\n<meta property=\"og:url\" content=\"https:\/\/omega.ba\/en\/product\/do-do-zacin-250g\/\" \/>\n<meta property=\"og:site_name\" content=\"Omega d.o.o.\" \/>\n<meta property=\"article:publisher\" content=\"https:\/\/www.facebook.com\/Omega-doo-100267234814814\/\" \/>\n<meta property=\"article:modified_time\" content=\"2022-10-10T16:16:32+00:00\" \/>\n<meta property=\"og:image\" content=\"https:\/\/omega.ba\/business\/wp-content\/uploads\/2022\/10\/14996.jpg\" \/>\n\t<meta property=\"og:image:width\" content=\"900\" \/>\n\t<meta property=\"og:image:height\" content=\"900\" \/>\n\t<meta property=\"og:image:type\" content=\"image\/jpeg\" \/>\n<meta name=\"twitter:card\" content=\"summary_large_image\" \/>\n<meta name=\"twitter:label1\" content=\"Est. reading time\" \/>\n\t<meta name=\"twitter:data1\" content=\"1 minute\" \/>\n<script type=\"application\/ld+json\" class=\"yoast-schema-graph\">{\"@context\":\"https:\/\/schema.org\",\"@graph\":[{\"@type\":\"WebPage\",\"@id\":\"https:\/\/omega.ba\/product\/do-do-zacin-250g\/\",\"url\":\"https:\/\/omega.ba\/product\/do-do-zacin-250g\/\",\"name\":\"Do-Do Za\u010din 250g - Omega d.o.o.\",\"isPartOf\":{\"@id\":\"https:\/\/omega.ba\/#website\"},\"primaryImageOfPage\":{\"@id\":\"https:\/\/omega.ba\/product\/do-do-zacin-250g\/#primaryimage\"},\"image\":{\"@id\":\"https:\/\/omega.ba\/product\/do-do-zacin-250g\/#primaryimage\"},\"thumbnailUrl\":\"https:\/\/omega.ba\/business\/wp-content\/uploads\/2022\/10\/14996.jpg\",\"datePublished\":\"2022-01-04T10:33:29+00:00\",\"dateModified\":\"2022-10-10T16:16:32+00:00\",\"breadcrumb\":{\"@id\":\"https:\/\/omega.ba\/product\/do-do-zacin-250g\/#breadcrumb\"},\"inLanguage\":\"en-US\",\"potentialAction\":[{\"@type\":\"ReadAction\",\"target\":[\"https:\/\/omega.ba\/product\/do-do-zacin-250g\/\"]}]},{\"@type\":\"ImageObject\",\"inLanguage\":\"en-US\",\"@id\":\"https:\/\/omega.ba\/product\/do-do-zacin-250g\/#primaryimage\",\"url\":\"https:\/\/omega.ba\/business\/wp-content\/uploads\/2022\/10\/14996.jpg\",\"contentUrl\":\"https:\/\/omega.ba\/business\/wp-content\/uploads\/2022\/10\/14996.jpg\",\"width\":900,\"height\":900},{\"@type\":\"BreadcrumbList\",\"@id\":\"https:\/\/omega.ba\/product\/do-do-zacin-250g\/#breadcrumb\",\"itemListElement\":[{\"@type\":\"ListItem\",\"position\":1,\"name\":\"Naslovna\",\"item\":\"https:\/\/omega.ba\/\"},{\"@type\":\"ListItem\",\"position\":2,\"name\":\"Shop\",\"item\":\"https:\/\/omega.ba\/shop\/\"},{\"@type\":\"ListItem\",\"position\":3,\"name\":\"Do-Do Za\u010din 250g\"}]},{\"@type\":\"WebSite\",\"@id\":\"https:\/\/omega.ba\/#website\",\"url\":\"https:\/\/omega.ba\/\",\"name\":\"Omega d.o.o.\",\"description\":\"Omega d.o.o. je porodi\u010dna firma osnovana 1990. godine u \u017divinicama. Kao jedna od prvih malih privatnih firmi u BiH ispo\u010detka se bavila prodajom robe \u0161iroke potro\u0161nje, a zatim i namje\u0161taja, te bijele tehnike i potro\u0161a\u010dke elektronike. Dru\u0161tvo je primarno registrovano za trgovinu, a sporedne djelatnosti kojima se bavi su servisiranje ure\u0111aja i iznajmljivanje nekretnina.\",\"publisher\":{\"@id\":\"https:\/\/omega.ba\/#organization\"},\"potentialAction\":[{\"@type\":\"SearchAction\",\"target\":{\"@type\":\"EntryPoint\",\"urlTemplate\":\"https:\/\/omega.ba\/?s={search_term_string}\"},\"query-input\":{\"@type\":\"PropertyValueSpecification\",\"valueRequired\":true,\"valueName\":\"search_term_string\"}}],\"inLanguage\":\"en-US\"},{\"@type\":\"Organization\",\"@id\":\"https:\/\/omega.ba\/#organization\",\"name\":\"Omega d.o.o.\",\"url\":\"https:\/\/omega.ba\/\",\"logo\":{\"@type\":\"ImageObject\",\"inLanguage\":\"en-US\",\"@id\":\"https:\/\/omega.ba\/#\/schema\/logo\/image\/\",\"url\":\"https:\/\/omega.ba\/business\/wp-content\/uploads\/2022\/08\/cropped-omega_old_logo.png\",\"contentUrl\":\"https:\/\/omega.ba\/business\/wp-content\/uploads\/2022\/08\/cropped-omega_old_logo.png\",\"width\":512,\"height\":512,\"caption\":\"Omega d.o.o.\"},\"image\":{\"@id\":\"https:\/\/omega.ba\/#\/schema\/logo\/image\/\"},\"sameAs\":[\"https:\/\/www.facebook.com\/Omega-doo-100267234814814\/\"]}]}<\/script>\n<!-- \/ Yoast SEO plugin. -->","yoast_head_json":{"title":"Do-Do Za\u010din 250g - Omega d.o.o.","robots":{"index":"index","follow":"follow","max-snippet":"max-snippet:-1","max-image-preview":"max-image-preview:large","max-video-preview":"max-video-preview:-1"},"canonical":"https:\/\/omega.ba\/en\/product\/do-do-zacin-250g\/","og_locale":"en_US","og_type":"article","og_title":"Do-Do Za\u010din 250g - Omega d.o.o.","og_description":"Do-Do za\u010din kao vrhunski univerzalni za\u010din spravljan je po recepturama gastronomskih stru\u010dnjaka. Krasi ga spoj u\u017eitka i kvaliteta, pa kao...","og_url":"https:\/\/omega.ba\/en\/product\/do-do-zacin-250g\/","og_site_name":"Omega d.o.o.","article_publisher":"https:\/\/www.facebook.com\/Omega-doo-100267234814814\/","article_modified_time":"2022-10-10T16:16:32+00:00","og_image":[{"width":900,"height":900,"url":"https:\/\/omega.ba\/business\/wp-content\/uploads\/2022\/10\/14996.jpg","type":"image\/jpeg"}],"twitter_card":"summary_large_image","twitter_misc":{"Est. reading time":"1 minute"},"schema":{"@context":"https:\/\/schema.org","@graph":[{"@type":"WebPage","@id":"https:\/\/omega.ba\/product\/do-do-zacin-250g\/","url":"https:\/\/omega.ba\/product\/do-do-zacin-250g\/","name":"Do-Do Za\u010din 250g - Omega d.o.o.","isPartOf":{"@id":"https:\/\/omega.ba\/#website"},"primaryImageOfPage":{"@id":"https:\/\/omega.ba\/product\/do-do-zacin-250g\/#primaryimage"},"image":{"@id":"https:\/\/omega.ba\/product\/do-do-zacin-250g\/#primaryimage"},"thumbnailUrl":"https:\/\/omega.ba\/business\/wp-content\/uploads\/2022\/10\/14996.jpg","datePublished":"2022-01-04T10:33:29+00:00","dateModified":"2022-10-10T16:16:32+00:00","breadcrumb":{"@id":"https:\/\/omega.ba\/product\/do-do-zacin-250g\/#breadcrumb"},"inLanguage":"en-US","potentialAction":[{"@type":"ReadAction","target":["https:\/\/omega.ba\/product\/do-do-zacin-250g\/"]}]},{"@type":"ImageObject","inLanguage":"en-US","@id":"https:\/\/omega.ba\/product\/do-do-zacin-250g\/#primaryimage","url":"https:\/\/omega.ba\/business\/wp-content\/uploads\/2022\/10\/14996.jpg","contentUrl":"https:\/\/omega.ba\/business\/wp-content\/uploads\/2022\/10\/14996.jpg","width":900,"height":900},{"@type":"BreadcrumbList","@id":"https:\/\/omega.ba\/product\/do-do-zacin-250g\/#breadcrumb","itemListElement":[{"@type":"ListItem","position":1,"name":"Naslovna","item":"https:\/\/omega.ba\/"},{"@type":"ListItem","position":2,"name":"Shop","item":"https:\/\/omega.ba\/shop\/"},{"@type":"ListItem","position":3,"name":"Do-Do Za\u010din 250g"}]},{"@type":"WebSite","@id":"https:\/\/omega.ba\/#website","url":"https:\/\/omega.ba\/","name":"Omega doo","description":"Omega doo is a family company founded in 1990 in \u017divinice. As one of the first small private companies in BiH, from the beginning it was engaged in the sale of consumer goods, and then also furniture, white goods and consumer electronics. The company is primarily registered for trade, and its secondary activities are device servicing and real estate rental.","publisher":{"@id":"https:\/\/omega.ba\/#organization"},"potentialAction":[{"@type":"SearchAction","target":{"@type":"EntryPoint","urlTemplate":"https:\/\/omega.ba\/?s={search_term_string}"},"query-input":{"@type":"PropertyValueSpecification","valueRequired":true,"valueName":"search_term_string"}}],"inLanguage":"en-US"},{"@type":"Organization","@id":"https:\/\/omega.ba\/#organization","name":"Omega doo","url":"https:\/\/omega.ba\/","logo":{"@type":"ImageObject","inLanguage":"en-US","@id":"https:\/\/omega.ba\/#\/schema\/logo\/image\/","url":"https:\/\/omega.ba\/business\/wp-content\/uploads\/2022\/08\/cropped-omega_old_logo.png","contentUrl":"https:\/\/omega.ba\/business\/wp-content\/uploads\/2022\/08\/cropped-omega_old_logo.png","width":512,"height":512,"caption":"Omega d.o.o."},"image":{"@id":"https:\/\/omega.ba\/#\/schema\/logo\/image\/"},"sameAs":["https:\/\/www.facebook.com\/Omega-doo-100267234814814\/"]}]}},"_links":{"self":[{"href":"https:\/\/omega.ba\/en\/wp-json\/wp\/v2\/product\/1103","targetHints":{"allow":["GET"]}}],"collection":[{"href":"https:\/\/omega.ba\/en\/wp-json\/wp\/v2\/product"}],"about":[{"href":"https:\/\/omega.ba\/en\/wp-json\/wp\/v2\/types\/product"}],"version-history":[{"count":0,"href":"https:\/\/omega.ba\/en\/wp-json\/wp\/v2\/product\/1103\/revisions"}],"wp:featuredmedia":[{"embeddable":true,"href":"https:\/\/omega.ba\/en\/wp-json\/wp\/v2\/media\/3467"}],"wp:attachment":[{"href":"https:\/\/omega.ba\/en\/wp-json\/wp\/v2\/media?parent=1103"}],"wp:term":[{"taxonomy":"product_brand","embeddable":true,"href":"https:\/\/omega.ba\/en\/wp-json\/wp\/v2\/product_brand?post=1103"},{"taxonomy":"product_cat","embeddable":true,"href":"https:\/\/omega.ba\/en\/wp-json\/wp\/v2\/product_cat?post=1103"},{"taxonomy":"product_tag","embeddable":true,"href":"https:\/\/omega.ba\/en\/wp-json\/wp\/v2\/product_tag?post=1103"}],"curies":[{"name":"wp","href":"https:\/\/api.w.org\/{rel}","templated":true}]}}