{"id":1131,"date":"2022-01-04T12:49:24","date_gmt":"2022-01-04T11:49:24","guid":{"rendered":"https:\/\/robesirokepotrosnje.omega.ba\/?post_type=product&#038;p=1131"},"modified":"2022-10-10T18:16:40","modified_gmt":"2022-10-10T16:16:40","slug":"fresh-prijanjajuca-folija-30m","status":"publish","type":"product","link":"https:\/\/omega.ba\/en\/product\/fresh-prijanjajuca-folija-30m\/","title":{"rendered":"Fresh Adhesive film 30m"},"content":{"rendered":"<div class=\"toggle default open\" data-inner-wrap=\"true\">\n<div>\n<div class=\"inner-toggle-wrap\">\n<div class=\"wpb_text_column wpb_content_element\">\n<div class=\"wpb_wrapper\">\n<p><strong>Fresh<\/strong> baking paper is a very convenient and practical product for everyday use. When preparing food, your oven and worktop remain clean, and food does not stick. Siliconized on both sides and resistant to temperatures up to 220\u02daC, it is a real help in the kitchen. Wetting the baking paper slightly makes it easier to line the baking mold. Avoid direct contact of the paper with an open flame.<\/p>\n<p>Special products for the catering sector. An example is baking paper formatted according to the needs of the bakery and confectionery industry. This product is supplied in rolls or sheets of various dimensions.<\/p>\n<\/div>\n<\/div>\n<\/div>\n<\/div>\n<\/div>","protected":false},"excerpt":{"rendered":"<p>Fresh baking paper is a very convenient and practical product for everyday use. Your oven and worktop, when preparing\u2026<\/p>","protected":false},"featured_media":3476,"template":"","meta":{"cybocfi_hide_featured_image":""},"product_brand":[],"product_cat":[71],"product_tag":[73,70],"class_list":{"0":"post-1131","1":"product","2":"type-product","3":"status-publish","4":"has-post-thumbnail","6":"product_cat-fresh","7":"product_tag-folija","8":"product_tag-fresh","10":"first","11":"instock","12":"shipping-taxable","13":"product-type-simple"},"yoast_head":"<!-- This site is optimized with the Yoast SEO plugin v26.8 - https:\/\/yoast.com\/product\/yoast-seo-wordpress\/ -->\n<title>Fresh Prijanjaju\u0107a folija 30m - Omega d.o.o.<\/title>\n<meta name=\"robots\" content=\"index, follow, max-snippet:-1, max-image-preview:large, max-video-preview:-1\" \/>\n<link rel=\"canonical\" href=\"https:\/\/omega.ba\/en\/product\/fresh-prijanjajuca-folija-30m\/\" \/>\n<meta property=\"og:locale\" content=\"en_US\" \/>\n<meta property=\"og:type\" content=\"article\" \/>\n<meta property=\"og:title\" content=\"Fresh Prijanjaju\u0107a folija 30m - Omega d.o.o.\" \/>\n<meta property=\"og:description\" content=\"Fresh papir za pe\u010denje je veoma pogodan i prakti\u010dan proizvod za svakodnevnu upotrebu. Va\u0161a pe\u0107nica i radna plo\u010da, prilikom spremanja...\" \/>\n<meta property=\"og:url\" content=\"https:\/\/omega.ba\/en\/product\/fresh-prijanjajuca-folija-30m\/\" \/>\n<meta property=\"og:site_name\" content=\"Omega d.o.o.\" \/>\n<meta property=\"article:publisher\" content=\"https:\/\/www.facebook.com\/Omega-doo-100267234814814\/\" \/>\n<meta property=\"article:modified_time\" content=\"2022-10-10T16:16:40+00:00\" \/>\n<meta property=\"og:image\" content=\"https:\/\/omega.ba\/business\/wp-content\/uploads\/2022\/10\/888202.jpg\" \/>\n\t<meta property=\"og:image:width\" content=\"900\" \/>\n\t<meta property=\"og:image:height\" content=\"900\" \/>\n\t<meta property=\"og:image:type\" content=\"image\/jpeg\" \/>\n<meta name=\"twitter:card\" content=\"summary_large_image\" \/>\n<meta name=\"twitter:label1\" content=\"Est. reading time\" \/>\n\t<meta name=\"twitter:data1\" content=\"1 minute\" \/>\n<script type=\"application\/ld+json\" class=\"yoast-schema-graph\">{\"@context\":\"https:\/\/schema.org\",\"@graph\":[{\"@type\":\"WebPage\",\"@id\":\"https:\/\/omega.ba\/product\/fresh-prijanjajuca-folija-30m\/\",\"url\":\"https:\/\/omega.ba\/product\/fresh-prijanjajuca-folija-30m\/\",\"name\":\"Fresh Prijanjaju\u0107a folija 30m - Omega d.o.o.\",\"isPartOf\":{\"@id\":\"https:\/\/omega.ba\/#website\"},\"primaryImageOfPage\":{\"@id\":\"https:\/\/omega.ba\/product\/fresh-prijanjajuca-folija-30m\/#primaryimage\"},\"image\":{\"@id\":\"https:\/\/omega.ba\/product\/fresh-prijanjajuca-folija-30m\/#primaryimage\"},\"thumbnailUrl\":\"https:\/\/omega.ba\/business\/wp-content\/uploads\/2022\/10\/888202.jpg\",\"datePublished\":\"2022-01-04T11:49:24+00:00\",\"dateModified\":\"2022-10-10T16:16:40+00:00\",\"breadcrumb\":{\"@id\":\"https:\/\/omega.ba\/product\/fresh-prijanjajuca-folija-30m\/#breadcrumb\"},\"inLanguage\":\"en-US\",\"potentialAction\":[{\"@type\":\"ReadAction\",\"target\":[\"https:\/\/omega.ba\/product\/fresh-prijanjajuca-folija-30m\/\"]}]},{\"@type\":\"ImageObject\",\"inLanguage\":\"en-US\",\"@id\":\"https:\/\/omega.ba\/product\/fresh-prijanjajuca-folija-30m\/#primaryimage\",\"url\":\"https:\/\/omega.ba\/business\/wp-content\/uploads\/2022\/10\/888202.jpg\",\"contentUrl\":\"https:\/\/omega.ba\/business\/wp-content\/uploads\/2022\/10\/888202.jpg\",\"width\":900,\"height\":900},{\"@type\":\"BreadcrumbList\",\"@id\":\"https:\/\/omega.ba\/product\/fresh-prijanjajuca-folija-30m\/#breadcrumb\",\"itemListElement\":[{\"@type\":\"ListItem\",\"position\":1,\"name\":\"Naslovna\",\"item\":\"https:\/\/omega.ba\/\"},{\"@type\":\"ListItem\",\"position\":2,\"name\":\"Shop\",\"item\":\"https:\/\/omega.ba\/shop\/\"},{\"@type\":\"ListItem\",\"position\":3,\"name\":\"Fresh Prijanjaju\u0107a folija 30m\"}]},{\"@type\":\"WebSite\",\"@id\":\"https:\/\/omega.ba\/#website\",\"url\":\"https:\/\/omega.ba\/\",\"name\":\"Omega d.o.o.\",\"description\":\"Omega d.o.o. je porodi\u010dna firma osnovana 1990. godine u \u017divinicama. Kao jedna od prvih malih privatnih firmi u BiH ispo\u010detka se bavila prodajom robe \u0161iroke potro\u0161nje, a zatim i namje\u0161taja, te bijele tehnike i potro\u0161a\u010dke elektronike. Dru\u0161tvo je primarno registrovano za trgovinu, a sporedne djelatnosti kojima se bavi su servisiranje ure\u0111aja i iznajmljivanje nekretnina.\",\"publisher\":{\"@id\":\"https:\/\/omega.ba\/#organization\"},\"potentialAction\":[{\"@type\":\"SearchAction\",\"target\":{\"@type\":\"EntryPoint\",\"urlTemplate\":\"https:\/\/omega.ba\/?s={search_term_string}\"},\"query-input\":{\"@type\":\"PropertyValueSpecification\",\"valueRequired\":true,\"valueName\":\"search_term_string\"}}],\"inLanguage\":\"en-US\"},{\"@type\":\"Organization\",\"@id\":\"https:\/\/omega.ba\/#organization\",\"name\":\"Omega d.o.o.\",\"url\":\"https:\/\/omega.ba\/\",\"logo\":{\"@type\":\"ImageObject\",\"inLanguage\":\"en-US\",\"@id\":\"https:\/\/omega.ba\/#\/schema\/logo\/image\/\",\"url\":\"https:\/\/omega.ba\/business\/wp-content\/uploads\/2022\/08\/cropped-omega_old_logo.png\",\"contentUrl\":\"https:\/\/omega.ba\/business\/wp-content\/uploads\/2022\/08\/cropped-omega_old_logo.png\",\"width\":512,\"height\":512,\"caption\":\"Omega d.o.o.\"},\"image\":{\"@id\":\"https:\/\/omega.ba\/#\/schema\/logo\/image\/\"},\"sameAs\":[\"https:\/\/www.facebook.com\/Omega-doo-100267234814814\/\"]}]}<\/script>\n<!-- \/ Yoast SEO plugin. -->","yoast_head_json":{"title":"Fresh Prijanjaju\u0107a folija 30m - Omega d.o.o.","robots":{"index":"index","follow":"follow","max-snippet":"max-snippet:-1","max-image-preview":"max-image-preview:large","max-video-preview":"max-video-preview:-1"},"canonical":"https:\/\/omega.ba\/en\/product\/fresh-prijanjajuca-folija-30m\/","og_locale":"en_US","og_type":"article","og_title":"Fresh Prijanjaju\u0107a folija 30m - Omega d.o.o.","og_description":"Fresh papir za pe\u010denje je veoma pogodan i prakti\u010dan proizvod za svakodnevnu upotrebu. Va\u0161a pe\u0107nica i radna plo\u010da, prilikom spremanja...","og_url":"https:\/\/omega.ba\/en\/product\/fresh-prijanjajuca-folija-30m\/","og_site_name":"Omega d.o.o.","article_publisher":"https:\/\/www.facebook.com\/Omega-doo-100267234814814\/","article_modified_time":"2022-10-10T16:16:40+00:00","og_image":[{"width":900,"height":900,"url":"https:\/\/omega.ba\/business\/wp-content\/uploads\/2022\/10\/888202.jpg","type":"image\/jpeg"}],"twitter_card":"summary_large_image","twitter_misc":{"Est. reading time":"1 minute"},"schema":{"@context":"https:\/\/schema.org","@graph":[{"@type":"WebPage","@id":"https:\/\/omega.ba\/product\/fresh-prijanjajuca-folija-30m\/","url":"https:\/\/omega.ba\/product\/fresh-prijanjajuca-folija-30m\/","name":"Fresh Prijanjaju\u0107a folija 30m - Omega d.o.o.","isPartOf":{"@id":"https:\/\/omega.ba\/#website"},"primaryImageOfPage":{"@id":"https:\/\/omega.ba\/product\/fresh-prijanjajuca-folija-30m\/#primaryimage"},"image":{"@id":"https:\/\/omega.ba\/product\/fresh-prijanjajuca-folija-30m\/#primaryimage"},"thumbnailUrl":"https:\/\/omega.ba\/business\/wp-content\/uploads\/2022\/10\/888202.jpg","datePublished":"2022-01-04T11:49:24+00:00","dateModified":"2022-10-10T16:16:40+00:00","breadcrumb":{"@id":"https:\/\/omega.ba\/product\/fresh-prijanjajuca-folija-30m\/#breadcrumb"},"inLanguage":"en-US","potentialAction":[{"@type":"ReadAction","target":["https:\/\/omega.ba\/product\/fresh-prijanjajuca-folija-30m\/"]}]},{"@type":"ImageObject","inLanguage":"en-US","@id":"https:\/\/omega.ba\/product\/fresh-prijanjajuca-folija-30m\/#primaryimage","url":"https:\/\/omega.ba\/business\/wp-content\/uploads\/2022\/10\/888202.jpg","contentUrl":"https:\/\/omega.ba\/business\/wp-content\/uploads\/2022\/10\/888202.jpg","width":900,"height":900},{"@type":"BreadcrumbList","@id":"https:\/\/omega.ba\/product\/fresh-prijanjajuca-folija-30m\/#breadcrumb","itemListElement":[{"@type":"ListItem","position":1,"name":"Naslovna","item":"https:\/\/omega.ba\/"},{"@type":"ListItem","position":2,"name":"Shop","item":"https:\/\/omega.ba\/shop\/"},{"@type":"ListItem","position":3,"name":"Fresh Prijanjaju\u0107a folija 30m"}]},{"@type":"WebSite","@id":"https:\/\/omega.ba\/#website","url":"https:\/\/omega.ba\/","name":"Omega doo","description":"Omega doo is a family company founded in 1990 in \u017divinice. As one of the first small private companies in BiH, from the beginning it was engaged in the sale of consumer goods, and then also furniture, white goods and consumer electronics. The company is primarily registered for trade, and its secondary activities are device servicing and real estate rental.","publisher":{"@id":"https:\/\/omega.ba\/#organization"},"potentialAction":[{"@type":"SearchAction","target":{"@type":"EntryPoint","urlTemplate":"https:\/\/omega.ba\/?s={search_term_string}"},"query-input":{"@type":"PropertyValueSpecification","valueRequired":true,"valueName":"search_term_string"}}],"inLanguage":"en-US"},{"@type":"Organization","@id":"https:\/\/omega.ba\/#organization","name":"Omega doo","url":"https:\/\/omega.ba\/","logo":{"@type":"ImageObject","inLanguage":"en-US","@id":"https:\/\/omega.ba\/#\/schema\/logo\/image\/","url":"https:\/\/omega.ba\/business\/wp-content\/uploads\/2022\/08\/cropped-omega_old_logo.png","contentUrl":"https:\/\/omega.ba\/business\/wp-content\/uploads\/2022\/08\/cropped-omega_old_logo.png","width":512,"height":512,"caption":"Omega d.o.o."},"image":{"@id":"https:\/\/omega.ba\/#\/schema\/logo\/image\/"},"sameAs":["https:\/\/www.facebook.com\/Omega-doo-100267234814814\/"]}]}},"_links":{"self":[{"href":"https:\/\/omega.ba\/en\/wp-json\/wp\/v2\/product\/1131","targetHints":{"allow":["GET"]}}],"collection":[{"href":"https:\/\/omega.ba\/en\/wp-json\/wp\/v2\/product"}],"about":[{"href":"https:\/\/omega.ba\/en\/wp-json\/wp\/v2\/types\/product"}],"version-history":[{"count":0,"href":"https:\/\/omega.ba\/en\/wp-json\/wp\/v2\/product\/1131\/revisions"}],"wp:featuredmedia":[{"embeddable":true,"href":"https:\/\/omega.ba\/en\/wp-json\/wp\/v2\/media\/3476"}],"wp:attachment":[{"href":"https:\/\/omega.ba\/en\/wp-json\/wp\/v2\/media?parent=1131"}],"wp:term":[{"taxonomy":"product_brand","embeddable":true,"href":"https:\/\/omega.ba\/en\/wp-json\/wp\/v2\/product_brand?post=1131"},{"taxonomy":"product_cat","embeddable":true,"href":"https:\/\/omega.ba\/en\/wp-json\/wp\/v2\/product_cat?post=1131"},{"taxonomy":"product_tag","embeddable":true,"href":"https:\/\/omega.ba\/en\/wp-json\/wp\/v2\/product_tag?post=1131"}],"curies":[{"name":"wp","href":"https:\/\/api.w.org\/{rel}","templated":true}]}}