{"id":1132,"date":"2022-01-04T12:50:53","date_gmt":"2022-01-04T11:50:53","guid":{"rendered":"https:\/\/robesirokepotrosnje.omega.ba\/?post_type=product&#038;p=1132"},"modified":"2022-10-10T18:16:41","modified_gmt":"2022-10-10T16:16:41","slug":"fresh-prijanjajuca-folija-50m5m-gratis","status":"publish","type":"product","link":"https:\/\/omega.ba\/en\/product\/fresh-prijanjajuca-folija-50m5m-gratis\/","title":{"rendered":"Fresh Adhesive film 50m+5m FREE"},"content":{"rendered":"<div class=\"toggle default open\" data-inner-wrap=\"true\">\n<div>\n<div class=\"inner-toggle-wrap\">\n<div class=\"wpb_text_column wpb_content_element\">\n<div class=\"wpb_wrapper\">\n<p><strong>Fresh<\/strong> cling film is perfect for keeping food fresh in the fridge. Cheese, meat, fruit and vegetables coated <strong>Fresh<\/strong> cling film will not dry out, they will remain fresh and tasty without changing color and smell. Thanks to the unique composition of the film, it adheres perfectly to products and dishes and is suitable for direct contact with food.<\/p>\n<\/div>\n<p>Fresh cling film is available in different widths, lengths and thicknesses depending on your needs.<\/p>\n<\/div>\n<\/div>\n<\/div>\n<\/div>","protected":false},"excerpt":{"rendered":"<p>Fresh cling film is perfect for keeping food fresh in the fridge. Cheese, meat, fruit and vegetables coated with Fresh cling film...<\/p>","protected":false},"featured_media":3477,"template":"","meta":{"cybocfi_hide_featured_image":""},"product_brand":[],"product_cat":[71],"product_tag":[73,70],"class_list":{"0":"post-1132","1":"product","2":"type-product","3":"status-publish","4":"has-post-thumbnail","6":"product_cat-fresh","7":"product_tag-folija","8":"product_tag-fresh","10":"first","11":"instock","12":"shipping-taxable","13":"product-type-simple"},"yoast_head":"<!-- This site is optimized with the Yoast SEO plugin v26.8 - https:\/\/yoast.com\/product\/yoast-seo-wordpress\/ -->\n<title>Fresh Prijanjaju\u0107a folija 50m+5m GRATIS - Omega d.o.o.<\/title>\n<meta name=\"robots\" content=\"index, follow, max-snippet:-1, max-image-preview:large, max-video-preview:-1\" \/>\n<link rel=\"canonical\" href=\"https:\/\/omega.ba\/en\/product\/fresh-prijanjajuca-folija-50m5m-gratis\/\" \/>\n<meta property=\"og:locale\" content=\"en_US\" \/>\n<meta property=\"og:type\" content=\"article\" \/>\n<meta property=\"og:title\" content=\"Fresh Prijanjaju\u0107a folija 50m+5m GRATIS - Omega d.o.o.\" \/>\n<meta property=\"og:description\" content=\"Fresh prijanjaju\u0107a folija je savr\u0161ena za odr\u017eavanje svje\u017eine namirnica u fri\u017eideru. Sir, meso, vo\u0107e i povr\u0107e oblo\u017eene Fresh prijanjaju\u0107om folijom...\" \/>\n<meta property=\"og:url\" content=\"https:\/\/omega.ba\/en\/product\/fresh-prijanjajuca-folija-50m5m-gratis\/\" \/>\n<meta property=\"og:site_name\" content=\"Omega d.o.o.\" \/>\n<meta property=\"article:publisher\" content=\"https:\/\/www.facebook.com\/Omega-doo-100267234814814\/\" \/>\n<meta property=\"article:modified_time\" content=\"2022-10-10T16:16:41+00:00\" \/>\n<meta property=\"og:image\" content=\"https:\/\/omega.ba\/business\/wp-content\/uploads\/2022\/10\/888203.jpg\" \/>\n\t<meta property=\"og:image:width\" content=\"900\" \/>\n\t<meta property=\"og:image:height\" content=\"900\" \/>\n\t<meta property=\"og:image:type\" content=\"image\/jpeg\" \/>\n<meta name=\"twitter:card\" content=\"summary_large_image\" \/>\n<script type=\"application\/ld+json\" class=\"yoast-schema-graph\">{\"@context\":\"https:\/\/schema.org\",\"@graph\":[{\"@type\":\"WebPage\",\"@id\":\"https:\/\/omega.ba\/product\/fresh-prijanjajuca-folija-50m5m-gratis\/\",\"url\":\"https:\/\/omega.ba\/product\/fresh-prijanjajuca-folija-50m5m-gratis\/\",\"name\":\"Fresh Prijanjaju\u0107a folija 50m+5m GRATIS - Omega d.o.o.\",\"isPartOf\":{\"@id\":\"https:\/\/omega.ba\/#website\"},\"primaryImageOfPage\":{\"@id\":\"https:\/\/omega.ba\/product\/fresh-prijanjajuca-folija-50m5m-gratis\/#primaryimage\"},\"image\":{\"@id\":\"https:\/\/omega.ba\/product\/fresh-prijanjajuca-folija-50m5m-gratis\/#primaryimage\"},\"thumbnailUrl\":\"https:\/\/omega.ba\/business\/wp-content\/uploads\/2022\/10\/888203.jpg\",\"datePublished\":\"2022-01-04T11:50:53+00:00\",\"dateModified\":\"2022-10-10T16:16:41+00:00\",\"breadcrumb\":{\"@id\":\"https:\/\/omega.ba\/product\/fresh-prijanjajuca-folija-50m5m-gratis\/#breadcrumb\"},\"inLanguage\":\"en-US\",\"potentialAction\":[{\"@type\":\"ReadAction\",\"target\":[\"https:\/\/omega.ba\/product\/fresh-prijanjajuca-folija-50m5m-gratis\/\"]}]},{\"@type\":\"ImageObject\",\"inLanguage\":\"en-US\",\"@id\":\"https:\/\/omega.ba\/product\/fresh-prijanjajuca-folija-50m5m-gratis\/#primaryimage\",\"url\":\"https:\/\/omega.ba\/business\/wp-content\/uploads\/2022\/10\/888203.jpg\",\"contentUrl\":\"https:\/\/omega.ba\/business\/wp-content\/uploads\/2022\/10\/888203.jpg\",\"width\":900,\"height\":900},{\"@type\":\"BreadcrumbList\",\"@id\":\"https:\/\/omega.ba\/product\/fresh-prijanjajuca-folija-50m5m-gratis\/#breadcrumb\",\"itemListElement\":[{\"@type\":\"ListItem\",\"position\":1,\"name\":\"Naslovna\",\"item\":\"https:\/\/omega.ba\/\"},{\"@type\":\"ListItem\",\"position\":2,\"name\":\"Shop\",\"item\":\"https:\/\/omega.ba\/shop\/\"},{\"@type\":\"ListItem\",\"position\":3,\"name\":\"Fresh Prijanjaju\u0107a folija 50m+5m GRATIS\"}]},{\"@type\":\"WebSite\",\"@id\":\"https:\/\/omega.ba\/#website\",\"url\":\"https:\/\/omega.ba\/\",\"name\":\"Omega d.o.o.\",\"description\":\"Omega d.o.o. je porodi\u010dna firma osnovana 1990. godine u \u017divinicama. Kao jedna od prvih malih privatnih firmi u BiH ispo\u010detka se bavila prodajom robe \u0161iroke potro\u0161nje, a zatim i namje\u0161taja, te bijele tehnike i potro\u0161a\u010dke elektronike. Dru\u0161tvo je primarno registrovano za trgovinu, a sporedne djelatnosti kojima se bavi su servisiranje ure\u0111aja i iznajmljivanje nekretnina.\",\"publisher\":{\"@id\":\"https:\/\/omega.ba\/#organization\"},\"potentialAction\":[{\"@type\":\"SearchAction\",\"target\":{\"@type\":\"EntryPoint\",\"urlTemplate\":\"https:\/\/omega.ba\/?s={search_term_string}\"},\"query-input\":{\"@type\":\"PropertyValueSpecification\",\"valueRequired\":true,\"valueName\":\"search_term_string\"}}],\"inLanguage\":\"en-US\"},{\"@type\":\"Organization\",\"@id\":\"https:\/\/omega.ba\/#organization\",\"name\":\"Omega d.o.o.\",\"url\":\"https:\/\/omega.ba\/\",\"logo\":{\"@type\":\"ImageObject\",\"inLanguage\":\"en-US\",\"@id\":\"https:\/\/omega.ba\/#\/schema\/logo\/image\/\",\"url\":\"https:\/\/omega.ba\/business\/wp-content\/uploads\/2022\/08\/cropped-omega_old_logo.png\",\"contentUrl\":\"https:\/\/omega.ba\/business\/wp-content\/uploads\/2022\/08\/cropped-omega_old_logo.png\",\"width\":512,\"height\":512,\"caption\":\"Omega d.o.o.\"},\"image\":{\"@id\":\"https:\/\/omega.ba\/#\/schema\/logo\/image\/\"},\"sameAs\":[\"https:\/\/www.facebook.com\/Omega-doo-100267234814814\/\"]}]}<\/script>\n<!-- \/ Yoast SEO plugin. -->","yoast_head_json":{"title":"Fresh Prijanjaju\u0107a folija 50m+5m GRATIS - Omega d.o.o.","robots":{"index":"index","follow":"follow","max-snippet":"max-snippet:-1","max-image-preview":"max-image-preview:large","max-video-preview":"max-video-preview:-1"},"canonical":"https:\/\/omega.ba\/en\/product\/fresh-prijanjajuca-folija-50m5m-gratis\/","og_locale":"en_US","og_type":"article","og_title":"Fresh Prijanjaju\u0107a folija 50m+5m GRATIS - Omega d.o.o.","og_description":"Fresh prijanjaju\u0107a folija je savr\u0161ena za odr\u017eavanje svje\u017eine namirnica u fri\u017eideru. Sir, meso, vo\u0107e i povr\u0107e oblo\u017eene Fresh prijanjaju\u0107om folijom...","og_url":"https:\/\/omega.ba\/en\/product\/fresh-prijanjajuca-folija-50m5m-gratis\/","og_site_name":"Omega d.o.o.","article_publisher":"https:\/\/www.facebook.com\/Omega-doo-100267234814814\/","article_modified_time":"2022-10-10T16:16:41+00:00","og_image":[{"width":900,"height":900,"url":"https:\/\/omega.ba\/business\/wp-content\/uploads\/2022\/10\/888203.jpg","type":"image\/jpeg"}],"twitter_card":"summary_large_image","schema":{"@context":"https:\/\/schema.org","@graph":[{"@type":"WebPage","@id":"https:\/\/omega.ba\/product\/fresh-prijanjajuca-folija-50m5m-gratis\/","url":"https:\/\/omega.ba\/product\/fresh-prijanjajuca-folija-50m5m-gratis\/","name":"Fresh Prijanjaju\u0107a folija 50m+5m GRATIS - Omega d.o.o.","isPartOf":{"@id":"https:\/\/omega.ba\/#website"},"primaryImageOfPage":{"@id":"https:\/\/omega.ba\/product\/fresh-prijanjajuca-folija-50m5m-gratis\/#primaryimage"},"image":{"@id":"https:\/\/omega.ba\/product\/fresh-prijanjajuca-folija-50m5m-gratis\/#primaryimage"},"thumbnailUrl":"https:\/\/omega.ba\/business\/wp-content\/uploads\/2022\/10\/888203.jpg","datePublished":"2022-01-04T11:50:53+00:00","dateModified":"2022-10-10T16:16:41+00:00","breadcrumb":{"@id":"https:\/\/omega.ba\/product\/fresh-prijanjajuca-folija-50m5m-gratis\/#breadcrumb"},"inLanguage":"en-US","potentialAction":[{"@type":"ReadAction","target":["https:\/\/omega.ba\/product\/fresh-prijanjajuca-folija-50m5m-gratis\/"]}]},{"@type":"ImageObject","inLanguage":"en-US","@id":"https:\/\/omega.ba\/product\/fresh-prijanjajuca-folija-50m5m-gratis\/#primaryimage","url":"https:\/\/omega.ba\/business\/wp-content\/uploads\/2022\/10\/888203.jpg","contentUrl":"https:\/\/omega.ba\/business\/wp-content\/uploads\/2022\/10\/888203.jpg","width":900,"height":900},{"@type":"BreadcrumbList","@id":"https:\/\/omega.ba\/product\/fresh-prijanjajuca-folija-50m5m-gratis\/#breadcrumb","itemListElement":[{"@type":"ListItem","position":1,"name":"Naslovna","item":"https:\/\/omega.ba\/"},{"@type":"ListItem","position":2,"name":"Shop","item":"https:\/\/omega.ba\/shop\/"},{"@type":"ListItem","position":3,"name":"Fresh Prijanjaju\u0107a folija 50m+5m GRATIS"}]},{"@type":"WebSite","@id":"https:\/\/omega.ba\/#website","url":"https:\/\/omega.ba\/","name":"Omega doo","description":"Omega doo is a family company founded in 1990 in \u017divinice. As one of the first small private companies in BiH, from the beginning it was engaged in the sale of consumer goods, and then also furniture, white goods and consumer electronics. The company is primarily registered for trade, and its secondary activities are device servicing and real estate rental.","publisher":{"@id":"https:\/\/omega.ba\/#organization"},"potentialAction":[{"@type":"SearchAction","target":{"@type":"EntryPoint","urlTemplate":"https:\/\/omega.ba\/?s={search_term_string}"},"query-input":{"@type":"PropertyValueSpecification","valueRequired":true,"valueName":"search_term_string"}}],"inLanguage":"en-US"},{"@type":"Organization","@id":"https:\/\/omega.ba\/#organization","name":"Omega doo","url":"https:\/\/omega.ba\/","logo":{"@type":"ImageObject","inLanguage":"en-US","@id":"https:\/\/omega.ba\/#\/schema\/logo\/image\/","url":"https:\/\/omega.ba\/business\/wp-content\/uploads\/2022\/08\/cropped-omega_old_logo.png","contentUrl":"https:\/\/omega.ba\/business\/wp-content\/uploads\/2022\/08\/cropped-omega_old_logo.png","width":512,"height":512,"caption":"Omega d.o.o."},"image":{"@id":"https:\/\/omega.ba\/#\/schema\/logo\/image\/"},"sameAs":["https:\/\/www.facebook.com\/Omega-doo-100267234814814\/"]}]}},"_links":{"self":[{"href":"https:\/\/omega.ba\/en\/wp-json\/wp\/v2\/product\/1132","targetHints":{"allow":["GET"]}}],"collection":[{"href":"https:\/\/omega.ba\/en\/wp-json\/wp\/v2\/product"}],"about":[{"href":"https:\/\/omega.ba\/en\/wp-json\/wp\/v2\/types\/product"}],"version-history":[{"count":0,"href":"https:\/\/omega.ba\/en\/wp-json\/wp\/v2\/product\/1132\/revisions"}],"wp:featuredmedia":[{"embeddable":true,"href":"https:\/\/omega.ba\/en\/wp-json\/wp\/v2\/media\/3477"}],"wp:attachment":[{"href":"https:\/\/omega.ba\/en\/wp-json\/wp\/v2\/media?parent=1132"}],"wp:term":[{"taxonomy":"product_brand","embeddable":true,"href":"https:\/\/omega.ba\/en\/wp-json\/wp\/v2\/product_brand?post=1132"},{"taxonomy":"product_cat","embeddable":true,"href":"https:\/\/omega.ba\/en\/wp-json\/wp\/v2\/product_cat?post=1132"},{"taxonomy":"product_tag","embeddable":true,"href":"https:\/\/omega.ba\/en\/wp-json\/wp\/v2\/product_tag?post=1132"}],"curies":[{"name":"wp","href":"https:\/\/api.w.org\/{rel}","templated":true}]}}