{"id":1172,"date":"2022-01-04T15:30:06","date_gmt":"2022-01-04T14:30:06","guid":{"rendered":"https:\/\/robesirokepotrosnje.omega.ba\/?post_type=product&#038;p=1172"},"modified":"2022-10-10T18:16:56","modified_gmt":"2022-10-10T16:16:56","slug":"rubio-maslina-zelena-sa-paprikom-560g","status":"publish","type":"product","link":"https:\/\/omega.ba\/en\/product\/rubio-maslina-zelena-sa-paprikom-560g\/","title":{"rendered":"Rubio Green olive with paprika 560g"},"content":{"rendered":"<p>This delicious addition to dishes is created by selecting the fruits of green olives, which are then pitted and filled with paprika paste. Paprika is added to the olive to soften and enrich the bitter taste of the olive. Ready in this way, we can use them as an addition to salads and ready meals or eat them alone as a quick snack.<\/p>\n<h3>Nutritional value per 100 g of product<\/h3>\n<table>\n<tbody>\n<tr>\n<td>Energetic value<\/td>\n<td>617 kJ \/ 149 kcal<\/td>\n<\/tr>\n<tr>\n<td>Fats<\/td>\n<td>14 years<\/td>\n<\/tr>\n<tr>\n<td>of which saturated fatty acids<\/td>\n<td>0 g<\/td>\n<\/tr>\n<tr>\n<td>Carbohydrates<\/td>\n<td>4.5 g<\/td>\n<\/tr>\n<tr>\n<td>of which sugars<\/td>\n<td>0 g<\/td>\n<\/tr>\n<tr>\n<td>Fibers<\/td>\n<td>0.7 g<\/td>\n<\/tr>\n<tr>\n<td>Proteins<\/td>\n<td>1 year<\/td>\n<\/tr>\n<tr>\n<td>Sol<\/td>\n<td>2.5 g<\/td>\n<\/tr>\n<\/tbody>\n<\/table>\n<p>&nbsp;<\/p>","protected":false},"excerpt":{"rendered":"<p>This delicious addition to dishes is created by selecting the fruits of green olives from which the stones are then removed and their insides are filled with paste...<\/p>","protected":false},"featured_media":3493,"template":"","meta":{"cybocfi_hide_featured_image":""},"product_brand":[],"product_cat":[77],"product_tag":[76,78],"class_list":{"0":"post-1172","1":"product","2":"type-product","3":"status-publish","4":"has-post-thumbnail","6":"product_cat-rubio","7":"product_tag-masline","8":"product_tag-rubio","10":"first","11":"instock","12":"shipping-taxable","13":"product-type-simple"},"yoast_head":"<!-- This site is optimized with the Yoast SEO plugin v26.8 - https:\/\/yoast.com\/product\/yoast-seo-wordpress\/ -->\n<title>Rubio Maslina zelena sa paprikom 560g - Omega d.o.o.<\/title>\n<meta name=\"robots\" content=\"index, follow, max-snippet:-1, max-image-preview:large, max-video-preview:-1\" \/>\n<link rel=\"canonical\" href=\"https:\/\/omega.ba\/en\/product\/rubio-maslina-zelena-sa-paprikom-560g\/\" \/>\n<meta property=\"og:locale\" content=\"en_US\" \/>\n<meta property=\"og:type\" content=\"article\" \/>\n<meta property=\"og:title\" content=\"Rubio Maslina zelena sa paprikom 560g - Omega d.o.o.\" \/>\n<meta property=\"og:description\" content=\"Ovaj ukusan dodatak jelima nastaje odabirom plodova zelenih maslina kojima se potom uklanjaju ko\u0161tice te se njihova unutra\u0161njost puni pastom...\" \/>\n<meta property=\"og:url\" content=\"https:\/\/omega.ba\/en\/product\/rubio-maslina-zelena-sa-paprikom-560g\/\" \/>\n<meta property=\"og:site_name\" content=\"Omega d.o.o.\" \/>\n<meta property=\"article:publisher\" content=\"https:\/\/www.facebook.com\/Omega-doo-100267234814814\/\" \/>\n<meta property=\"article:modified_time\" content=\"2022-10-10T16:16:56+00:00\" \/>\n<meta property=\"og:image\" content=\"https:\/\/omega.ba\/business\/wp-content\/uploads\/2022\/10\/18241.jpg\" \/>\n\t<meta property=\"og:image:width\" content=\"900\" \/>\n\t<meta property=\"og:image:height\" content=\"900\" \/>\n\t<meta property=\"og:image:type\" content=\"image\/jpeg\" \/>\n<meta name=\"twitter:card\" content=\"summary_large_image\" \/>\n<meta name=\"twitter:label1\" content=\"Est. reading time\" \/>\n\t<meta name=\"twitter:data1\" content=\"1 minute\" \/>\n<script type=\"application\/ld+json\" class=\"yoast-schema-graph\">{\"@context\":\"https:\/\/schema.org\",\"@graph\":[{\"@type\":\"WebPage\",\"@id\":\"https:\/\/omega.ba\/product\/rubio-maslina-zelena-sa-paprikom-560g\/\",\"url\":\"https:\/\/omega.ba\/product\/rubio-maslina-zelena-sa-paprikom-560g\/\",\"name\":\"Rubio Maslina zelena sa paprikom 560g - Omega d.o.o.\",\"isPartOf\":{\"@id\":\"https:\/\/omega.ba\/#website\"},\"primaryImageOfPage\":{\"@id\":\"https:\/\/omega.ba\/product\/rubio-maslina-zelena-sa-paprikom-560g\/#primaryimage\"},\"image\":{\"@id\":\"https:\/\/omega.ba\/product\/rubio-maslina-zelena-sa-paprikom-560g\/#primaryimage\"},\"thumbnailUrl\":\"https:\/\/omega.ba\/business\/wp-content\/uploads\/2022\/10\/18241.jpg\",\"datePublished\":\"2022-01-04T14:30:06+00:00\",\"dateModified\":\"2022-10-10T16:16:56+00:00\",\"breadcrumb\":{\"@id\":\"https:\/\/omega.ba\/product\/rubio-maslina-zelena-sa-paprikom-560g\/#breadcrumb\"},\"inLanguage\":\"en-US\",\"potentialAction\":[{\"@type\":\"ReadAction\",\"target\":[\"https:\/\/omega.ba\/product\/rubio-maslina-zelena-sa-paprikom-560g\/\"]}]},{\"@type\":\"ImageObject\",\"inLanguage\":\"en-US\",\"@id\":\"https:\/\/omega.ba\/product\/rubio-maslina-zelena-sa-paprikom-560g\/#primaryimage\",\"url\":\"https:\/\/omega.ba\/business\/wp-content\/uploads\/2022\/10\/18241.jpg\",\"contentUrl\":\"https:\/\/omega.ba\/business\/wp-content\/uploads\/2022\/10\/18241.jpg\",\"width\":900,\"height\":900},{\"@type\":\"BreadcrumbList\",\"@id\":\"https:\/\/omega.ba\/product\/rubio-maslina-zelena-sa-paprikom-560g\/#breadcrumb\",\"itemListElement\":[{\"@type\":\"ListItem\",\"position\":1,\"name\":\"Naslovna\",\"item\":\"https:\/\/omega.ba\/\"},{\"@type\":\"ListItem\",\"position\":2,\"name\":\"Shop\",\"item\":\"https:\/\/omega.ba\/shop\/\"},{\"@type\":\"ListItem\",\"position\":3,\"name\":\"Rubio Maslina zelena sa paprikom 560g\"}]},{\"@type\":\"WebSite\",\"@id\":\"https:\/\/omega.ba\/#website\",\"url\":\"https:\/\/omega.ba\/\",\"name\":\"Omega d.o.o.\",\"description\":\"Omega d.o.o. je porodi\u010dna firma osnovana 1990. godine u \u017divinicama. Kao jedna od prvih malih privatnih firmi u BiH ispo\u010detka se bavila prodajom robe \u0161iroke potro\u0161nje, a zatim i namje\u0161taja, te bijele tehnike i potro\u0161a\u010dke elektronike. Dru\u0161tvo je primarno registrovano za trgovinu, a sporedne djelatnosti kojima se bavi su servisiranje ure\u0111aja i iznajmljivanje nekretnina.\",\"publisher\":{\"@id\":\"https:\/\/omega.ba\/#organization\"},\"potentialAction\":[{\"@type\":\"SearchAction\",\"target\":{\"@type\":\"EntryPoint\",\"urlTemplate\":\"https:\/\/omega.ba\/?s={search_term_string}\"},\"query-input\":{\"@type\":\"PropertyValueSpecification\",\"valueRequired\":true,\"valueName\":\"search_term_string\"}}],\"inLanguage\":\"en-US\"},{\"@type\":\"Organization\",\"@id\":\"https:\/\/omega.ba\/#organization\",\"name\":\"Omega d.o.o.\",\"url\":\"https:\/\/omega.ba\/\",\"logo\":{\"@type\":\"ImageObject\",\"inLanguage\":\"en-US\",\"@id\":\"https:\/\/omega.ba\/#\/schema\/logo\/image\/\",\"url\":\"https:\/\/omega.ba\/business\/wp-content\/uploads\/2022\/08\/cropped-omega_old_logo.png\",\"contentUrl\":\"https:\/\/omega.ba\/business\/wp-content\/uploads\/2022\/08\/cropped-omega_old_logo.png\",\"width\":512,\"height\":512,\"caption\":\"Omega d.o.o.\"},\"image\":{\"@id\":\"https:\/\/omega.ba\/#\/schema\/logo\/image\/\"},\"sameAs\":[\"https:\/\/www.facebook.com\/Omega-doo-100267234814814\/\"]}]}<\/script>\n<!-- \/ Yoast SEO plugin. -->","yoast_head_json":{"title":"Rubio Maslina zelena sa paprikom 560g - Omega d.o.o.","robots":{"index":"index","follow":"follow","max-snippet":"max-snippet:-1","max-image-preview":"max-image-preview:large","max-video-preview":"max-video-preview:-1"},"canonical":"https:\/\/omega.ba\/en\/product\/rubio-maslina-zelena-sa-paprikom-560g\/","og_locale":"en_US","og_type":"article","og_title":"Rubio Maslina zelena sa paprikom 560g - Omega d.o.o.","og_description":"Ovaj ukusan dodatak jelima nastaje odabirom plodova zelenih maslina kojima se potom uklanjaju ko\u0161tice te se njihova unutra\u0161njost puni pastom...","og_url":"https:\/\/omega.ba\/en\/product\/rubio-maslina-zelena-sa-paprikom-560g\/","og_site_name":"Omega d.o.o.","article_publisher":"https:\/\/www.facebook.com\/Omega-doo-100267234814814\/","article_modified_time":"2022-10-10T16:16:56+00:00","og_image":[{"width":900,"height":900,"url":"https:\/\/omega.ba\/business\/wp-content\/uploads\/2022\/10\/18241.jpg","type":"image\/jpeg"}],"twitter_card":"summary_large_image","twitter_misc":{"Est. reading time":"1 minute"},"schema":{"@context":"https:\/\/schema.org","@graph":[{"@type":"WebPage","@id":"https:\/\/omega.ba\/product\/rubio-maslina-zelena-sa-paprikom-560g\/","url":"https:\/\/omega.ba\/product\/rubio-maslina-zelena-sa-paprikom-560g\/","name":"Rubio Maslina zelena sa paprikom 560g - Omega d.o.o.","isPartOf":{"@id":"https:\/\/omega.ba\/#website"},"primaryImageOfPage":{"@id":"https:\/\/omega.ba\/product\/rubio-maslina-zelena-sa-paprikom-560g\/#primaryimage"},"image":{"@id":"https:\/\/omega.ba\/product\/rubio-maslina-zelena-sa-paprikom-560g\/#primaryimage"},"thumbnailUrl":"https:\/\/omega.ba\/business\/wp-content\/uploads\/2022\/10\/18241.jpg","datePublished":"2022-01-04T14:30:06+00:00","dateModified":"2022-10-10T16:16:56+00:00","breadcrumb":{"@id":"https:\/\/omega.ba\/product\/rubio-maslina-zelena-sa-paprikom-560g\/#breadcrumb"},"inLanguage":"en-US","potentialAction":[{"@type":"ReadAction","target":["https:\/\/omega.ba\/product\/rubio-maslina-zelena-sa-paprikom-560g\/"]}]},{"@type":"ImageObject","inLanguage":"en-US","@id":"https:\/\/omega.ba\/product\/rubio-maslina-zelena-sa-paprikom-560g\/#primaryimage","url":"https:\/\/omega.ba\/business\/wp-content\/uploads\/2022\/10\/18241.jpg","contentUrl":"https:\/\/omega.ba\/business\/wp-content\/uploads\/2022\/10\/18241.jpg","width":900,"height":900},{"@type":"BreadcrumbList","@id":"https:\/\/omega.ba\/product\/rubio-maslina-zelena-sa-paprikom-560g\/#breadcrumb","itemListElement":[{"@type":"ListItem","position":1,"name":"Naslovna","item":"https:\/\/omega.ba\/"},{"@type":"ListItem","position":2,"name":"Shop","item":"https:\/\/omega.ba\/shop\/"},{"@type":"ListItem","position":3,"name":"Rubio Maslina zelena sa paprikom 560g"}]},{"@type":"WebSite","@id":"https:\/\/omega.ba\/#website","url":"https:\/\/omega.ba\/","name":"Omega doo","description":"Omega doo is a family company founded in 1990 in \u017divinice. As one of the first small private companies in BiH, from the beginning it was engaged in the sale of consumer goods, and then also furniture, white goods and consumer electronics. The company is primarily registered for trade, and its secondary activities are device servicing and real estate rental.","publisher":{"@id":"https:\/\/omega.ba\/#organization"},"potentialAction":[{"@type":"SearchAction","target":{"@type":"EntryPoint","urlTemplate":"https:\/\/omega.ba\/?s={search_term_string}"},"query-input":{"@type":"PropertyValueSpecification","valueRequired":true,"valueName":"search_term_string"}}],"inLanguage":"en-US"},{"@type":"Organization","@id":"https:\/\/omega.ba\/#organization","name":"Omega doo","url":"https:\/\/omega.ba\/","logo":{"@type":"ImageObject","inLanguage":"en-US","@id":"https:\/\/omega.ba\/#\/schema\/logo\/image\/","url":"https:\/\/omega.ba\/business\/wp-content\/uploads\/2022\/08\/cropped-omega_old_logo.png","contentUrl":"https:\/\/omega.ba\/business\/wp-content\/uploads\/2022\/08\/cropped-omega_old_logo.png","width":512,"height":512,"caption":"Omega d.o.o."},"image":{"@id":"https:\/\/omega.ba\/#\/schema\/logo\/image\/"},"sameAs":["https:\/\/www.facebook.com\/Omega-doo-100267234814814\/"]}]}},"_links":{"self":[{"href":"https:\/\/omega.ba\/en\/wp-json\/wp\/v2\/product\/1172","targetHints":{"allow":["GET"]}}],"collection":[{"href":"https:\/\/omega.ba\/en\/wp-json\/wp\/v2\/product"}],"about":[{"href":"https:\/\/omega.ba\/en\/wp-json\/wp\/v2\/types\/product"}],"version-history":[{"count":0,"href":"https:\/\/omega.ba\/en\/wp-json\/wp\/v2\/product\/1172\/revisions"}],"wp:featuredmedia":[{"embeddable":true,"href":"https:\/\/omega.ba\/en\/wp-json\/wp\/v2\/media\/3493"}],"wp:attachment":[{"href":"https:\/\/omega.ba\/en\/wp-json\/wp\/v2\/media?parent=1172"}],"wp:term":[{"taxonomy":"product_brand","embeddable":true,"href":"https:\/\/omega.ba\/en\/wp-json\/wp\/v2\/product_brand?post=1172"},{"taxonomy":"product_cat","embeddable":true,"href":"https:\/\/omega.ba\/en\/wp-json\/wp\/v2\/product_cat?post=1172"},{"taxonomy":"product_tag","embeddable":true,"href":"https:\/\/omega.ba\/en\/wp-json\/wp\/v2\/product_tag?post=1172"}],"curies":[{"name":"wp","href":"https:\/\/api.w.org\/{rel}","templated":true}]}}