{"id":1201,"date":"2022-01-06T08:39:46","date_gmt":"2022-01-06T07:39:46","guid":{"rendered":"https:\/\/robesirokepotrosnje.omega.ba\/?post_type=product&#038;p=1201"},"modified":"2022-10-10T18:17:01","modified_gmt":"2022-10-10T16:17:01","slug":"orasi-soja-napitak-1l","status":"publish","type":"product","link":"https:\/\/omega.ba\/en\/product\/orasi-soja-napitak-1l\/","title":{"rendered":"OraSi Soya drink 1l"},"content":{"rendered":"<p>Light and original, OraSi soy drink is a goodness that comes from Emilia Romagna: the result of a controlled and certified supply chain. Thanks to its pleasant and refreshing taste, it is ideal for the whole family and perfect at any time of the day.<\/p>\n<table>\n<tbody>\n<tr>\n<td>Energetic value<\/td>\n<td>186 kJ \/ 44 kcal<\/td>\n<\/tr>\n<tr>\n<td>Fats<\/td>\n<td>2 years<\/td>\n<\/tr>\n<tr>\n<td>of which saturated fatty acids<\/td>\n<td>0.3 g<\/td>\n<\/tr>\n<tr>\n<td>Carbohydrates<\/td>\n<td>3.2 g<\/td>\n<\/tr>\n<tr>\n<td>of which sugars<\/td>\n<td>3.1 g<\/td>\n<\/tr>\n<tr>\n<td>Fibers<\/td>\n<td>0.2 g<\/td>\n<\/tr>\n<tr>\n<td>Proteins<\/td>\n<td>3.3 g<\/td>\n<\/tr>\n<tr>\n<td>Sol<\/td>\n<td>0.13 g<\/td>\n<\/tr>\n<tr>\n<td>Vitamin D<\/td>\n<td>0.75 g (15% NRV**)<\/td>\n<\/tr>\n<tr>\n<td>Vitamin B12<\/td>\n<td>0.38 g (15% NRV**)<\/td>\n<\/tr>\n<tr>\n<td>Calcium<\/td>\n<td>120 mg (15% NRV**)<\/td>\n<\/tr>\n<\/tbody>\n<\/table>","protected":false},"excerpt":{"rendered":"<ul>\n<li>Naturally gluten-free, lactose-free and without any hydrogenated fat<\/li>\n<li>Source of calcium and vitamins D and B12<\/li>\n<li>Non-GMO<\/li>\n<\/ul>","protected":false},"featured_media":3499,"template":"","meta":{"cybocfi_hide_featured_image":""},"product_brand":[],"product_cat":[123,82],"product_tag":[79,81,83,84],"class_list":{"0":"post-1201","1":"product","2":"type-product","3":"status-publish","4":"has-post-thumbnail","6":"product_cat-bez-glutena-orasi","7":"product_cat-orasi","8":"product_tag-bez-glutena","9":"product_tag-napitak","10":"product_tag-orasi","11":"product_tag-soja","13":"first","14":"instock","15":"shipping-taxable","16":"product-type-simple"},"yoast_head":"<!-- This site is optimized with the Yoast SEO plugin v26.8 - https:\/\/yoast.com\/product\/yoast-seo-wordpress\/ -->\n<title>OraSi Soja napitak 1l - Omega d.o.o.<\/title>\n<meta name=\"description\" content=\"Lagan i originalan, OraSi soja napitak koji dolazi iz Emilije Romanje. Zahvaljuju\u0107i ugodnom i osvje\u017eavaju\u0107em okusu, idealan je za cijelu porodicu i savr\u0161en u svako doba dana.\" \/>\n<meta name=\"robots\" content=\"index, follow, max-snippet:-1, max-image-preview:large, max-video-preview:-1\" \/>\n<link rel=\"canonical\" href=\"https:\/\/omega.ba\/en\/product\/orasi-soja-napitak-1l\/\" \/>\n<meta property=\"og:locale\" content=\"en_US\" \/>\n<meta property=\"og:type\" content=\"article\" \/>\n<meta property=\"og:title\" content=\"OraSi Soja napitak 1l - Omega d.o.o.\" \/>\n<meta property=\"og:description\" content=\"Lagan i originalan, OraSi soja napitak koji dolazi iz Emilije Romanje. Zahvaljuju\u0107i ugodnom i osvje\u017eavaju\u0107em okusu, idealan je za cijelu porodicu i savr\u0161en u svako doba dana.\" \/>\n<meta property=\"og:url\" content=\"https:\/\/omega.ba\/en\/product\/orasi-soja-napitak-1l\/\" \/>\n<meta property=\"og:site_name\" content=\"Omega d.o.o.\" \/>\n<meta property=\"article:publisher\" content=\"https:\/\/www.facebook.com\/Omega-doo-100267234814814\/\" \/>\n<meta property=\"article:modified_time\" content=\"2022-10-10T16:17:01+00:00\" \/>\n<meta property=\"og:image\" content=\"https:\/\/omega.ba\/business\/wp-content\/uploads\/2022\/10\/889212.jpg\" \/>\n\t<meta property=\"og:image:width\" content=\"900\" \/>\n\t<meta property=\"og:image:height\" content=\"900\" \/>\n\t<meta property=\"og:image:type\" content=\"image\/jpeg\" \/>\n<meta name=\"twitter:card\" content=\"summary_large_image\" \/>\n<meta name=\"twitter:label1\" content=\"Est. reading time\" \/>\n\t<meta name=\"twitter:data1\" content=\"1 minute\" \/>\n<script type=\"application\/ld+json\" class=\"yoast-schema-graph\">{\"@context\":\"https:\/\/schema.org\",\"@graph\":[{\"@type\":\"WebPage\",\"@id\":\"https:\/\/omega.ba\/product\/orasi-soja-napitak-1l\/\",\"url\":\"https:\/\/omega.ba\/product\/orasi-soja-napitak-1l\/\",\"name\":\"OraSi Soja napitak 1l - Omega d.o.o.\",\"isPartOf\":{\"@id\":\"https:\/\/omega.ba\/#website\"},\"primaryImageOfPage\":{\"@id\":\"https:\/\/omega.ba\/product\/orasi-soja-napitak-1l\/#primaryimage\"},\"image\":{\"@id\":\"https:\/\/omega.ba\/product\/orasi-soja-napitak-1l\/#primaryimage\"},\"thumbnailUrl\":\"https:\/\/omega.ba\/business\/wp-content\/uploads\/2022\/10\/889212.jpg\",\"datePublished\":\"2022-01-06T07:39:46+00:00\",\"dateModified\":\"2022-10-10T16:17:01+00:00\",\"description\":\"Lagan i originalan, OraSi soja napitak koji dolazi iz Emilije Romanje. Zahvaljuju\u0107i ugodnom i osvje\u017eavaju\u0107em okusu, idealan je za cijelu porodicu i savr\u0161en u svako doba dana.\",\"breadcrumb\":{\"@id\":\"https:\/\/omega.ba\/product\/orasi-soja-napitak-1l\/#breadcrumb\"},\"inLanguage\":\"en-US\",\"potentialAction\":[{\"@type\":\"ReadAction\",\"target\":[\"https:\/\/omega.ba\/product\/orasi-soja-napitak-1l\/\"]}]},{\"@type\":\"ImageObject\",\"inLanguage\":\"en-US\",\"@id\":\"https:\/\/omega.ba\/product\/orasi-soja-napitak-1l\/#primaryimage\",\"url\":\"https:\/\/omega.ba\/business\/wp-content\/uploads\/2022\/10\/889212.jpg\",\"contentUrl\":\"https:\/\/omega.ba\/business\/wp-content\/uploads\/2022\/10\/889212.jpg\",\"width\":900,\"height\":900},{\"@type\":\"BreadcrumbList\",\"@id\":\"https:\/\/omega.ba\/product\/orasi-soja-napitak-1l\/#breadcrumb\",\"itemListElement\":[{\"@type\":\"ListItem\",\"position\":1,\"name\":\"Naslovna\",\"item\":\"https:\/\/omega.ba\/\"},{\"@type\":\"ListItem\",\"position\":2,\"name\":\"Shop\",\"item\":\"https:\/\/omega.ba\/shop\/\"},{\"@type\":\"ListItem\",\"position\":3,\"name\":\"OraSi Soja napitak 1l\"}]},{\"@type\":\"WebSite\",\"@id\":\"https:\/\/omega.ba\/#website\",\"url\":\"https:\/\/omega.ba\/\",\"name\":\"Omega d.o.o.\",\"description\":\"Omega d.o.o. je porodi\u010dna firma osnovana 1990. godine u \u017divinicama. Kao jedna od prvih malih privatnih firmi u BiH ispo\u010detka se bavila prodajom robe \u0161iroke potro\u0161nje, a zatim i namje\u0161taja, te bijele tehnike i potro\u0161a\u010dke elektronike. Dru\u0161tvo je primarno registrovano za trgovinu, a sporedne djelatnosti kojima se bavi su servisiranje ure\u0111aja i iznajmljivanje nekretnina.\",\"publisher\":{\"@id\":\"https:\/\/omega.ba\/#organization\"},\"potentialAction\":[{\"@type\":\"SearchAction\",\"target\":{\"@type\":\"EntryPoint\",\"urlTemplate\":\"https:\/\/omega.ba\/?s={search_term_string}\"},\"query-input\":{\"@type\":\"PropertyValueSpecification\",\"valueRequired\":true,\"valueName\":\"search_term_string\"}}],\"inLanguage\":\"en-US\"},{\"@type\":\"Organization\",\"@id\":\"https:\/\/omega.ba\/#organization\",\"name\":\"Omega d.o.o.\",\"url\":\"https:\/\/omega.ba\/\",\"logo\":{\"@type\":\"ImageObject\",\"inLanguage\":\"en-US\",\"@id\":\"https:\/\/omega.ba\/#\/schema\/logo\/image\/\",\"url\":\"https:\/\/omega.ba\/business\/wp-content\/uploads\/2022\/08\/cropped-omega_old_logo.png\",\"contentUrl\":\"https:\/\/omega.ba\/business\/wp-content\/uploads\/2022\/08\/cropped-omega_old_logo.png\",\"width\":512,\"height\":512,\"caption\":\"Omega d.o.o.\"},\"image\":{\"@id\":\"https:\/\/omega.ba\/#\/schema\/logo\/image\/\"},\"sameAs\":[\"https:\/\/www.facebook.com\/Omega-doo-100267234814814\/\"]}]}<\/script>\n<!-- \/ Yoast SEO plugin. -->","yoast_head_json":{"title":"OraSi Soja napitak 1l - Omega d.o.o.","description":"Light and original, OraSi soy drink comes from Emilia Romagna. Thanks to its pleasant and refreshing taste, it is ideal for the whole family and perfect at any time of the day.","robots":{"index":"index","follow":"follow","max-snippet":"max-snippet:-1","max-image-preview":"max-image-preview:large","max-video-preview":"max-video-preview:-1"},"canonical":"https:\/\/omega.ba\/en\/product\/orasi-soja-napitak-1l\/","og_locale":"en_US","og_type":"article","og_title":"OraSi Soja napitak 1l - Omega d.o.o.","og_description":"Lagan i originalan, OraSi soja napitak koji dolazi iz Emilije Romanje. Zahvaljuju\u0107i ugodnom i osvje\u017eavaju\u0107em okusu, idealan je za cijelu porodicu i savr\u0161en u svako doba dana.","og_url":"https:\/\/omega.ba\/en\/product\/orasi-soja-napitak-1l\/","og_site_name":"Omega d.o.o.","article_publisher":"https:\/\/www.facebook.com\/Omega-doo-100267234814814\/","article_modified_time":"2022-10-10T16:17:01+00:00","og_image":[{"width":900,"height":900,"url":"https:\/\/omega.ba\/business\/wp-content\/uploads\/2022\/10\/889212.jpg","type":"image\/jpeg"}],"twitter_card":"summary_large_image","twitter_misc":{"Est. reading time":"1 minute"},"schema":{"@context":"https:\/\/schema.org","@graph":[{"@type":"WebPage","@id":"https:\/\/omega.ba\/product\/orasi-soja-napitak-1l\/","url":"https:\/\/omega.ba\/product\/orasi-soja-napitak-1l\/","name":"OraSi Soja napitak 1l - Omega d.o.o.","isPartOf":{"@id":"https:\/\/omega.ba\/#website"},"primaryImageOfPage":{"@id":"https:\/\/omega.ba\/product\/orasi-soja-napitak-1l\/#primaryimage"},"image":{"@id":"https:\/\/omega.ba\/product\/orasi-soja-napitak-1l\/#primaryimage"},"thumbnailUrl":"https:\/\/omega.ba\/business\/wp-content\/uploads\/2022\/10\/889212.jpg","datePublished":"2022-01-06T07:39:46+00:00","dateModified":"2022-10-10T16:17:01+00:00","description":"Light and original, OraSi soy drink comes from Emilia Romagna. Thanks to its pleasant and refreshing taste, it is ideal for the whole family and perfect at any time of the day.","breadcrumb":{"@id":"https:\/\/omega.ba\/product\/orasi-soja-napitak-1l\/#breadcrumb"},"inLanguage":"en-US","potentialAction":[{"@type":"ReadAction","target":["https:\/\/omega.ba\/product\/orasi-soja-napitak-1l\/"]}]},{"@type":"ImageObject","inLanguage":"en-US","@id":"https:\/\/omega.ba\/product\/orasi-soja-napitak-1l\/#primaryimage","url":"https:\/\/omega.ba\/business\/wp-content\/uploads\/2022\/10\/889212.jpg","contentUrl":"https:\/\/omega.ba\/business\/wp-content\/uploads\/2022\/10\/889212.jpg","width":900,"height":900},{"@type":"BreadcrumbList","@id":"https:\/\/omega.ba\/product\/orasi-soja-napitak-1l\/#breadcrumb","itemListElement":[{"@type":"ListItem","position":1,"name":"Naslovna","item":"https:\/\/omega.ba\/"},{"@type":"ListItem","position":2,"name":"Shop","item":"https:\/\/omega.ba\/shop\/"},{"@type":"ListItem","position":3,"name":"OraSi Soja napitak 1l"}]},{"@type":"WebSite","@id":"https:\/\/omega.ba\/#website","url":"https:\/\/omega.ba\/","name":"Omega doo","description":"Omega doo is a family company founded in 1990 in \u017divinice. As one of the first small private companies in BiH, from the beginning it was engaged in the sale of consumer goods, and then also furniture, white goods and consumer electronics. The company is primarily registered for trade, and its secondary activities are device servicing and real estate rental.","publisher":{"@id":"https:\/\/omega.ba\/#organization"},"potentialAction":[{"@type":"SearchAction","target":{"@type":"EntryPoint","urlTemplate":"https:\/\/omega.ba\/?s={search_term_string}"},"query-input":{"@type":"PropertyValueSpecification","valueRequired":true,"valueName":"search_term_string"}}],"inLanguage":"en-US"},{"@type":"Organization","@id":"https:\/\/omega.ba\/#organization","name":"Omega doo","url":"https:\/\/omega.ba\/","logo":{"@type":"ImageObject","inLanguage":"en-US","@id":"https:\/\/omega.ba\/#\/schema\/logo\/image\/","url":"https:\/\/omega.ba\/business\/wp-content\/uploads\/2022\/08\/cropped-omega_old_logo.png","contentUrl":"https:\/\/omega.ba\/business\/wp-content\/uploads\/2022\/08\/cropped-omega_old_logo.png","width":512,"height":512,"caption":"Omega d.o.o."},"image":{"@id":"https:\/\/omega.ba\/#\/schema\/logo\/image\/"},"sameAs":["https:\/\/www.facebook.com\/Omega-doo-100267234814814\/"]}]}},"_links":{"self":[{"href":"https:\/\/omega.ba\/en\/wp-json\/wp\/v2\/product\/1201","targetHints":{"allow":["GET"]}}],"collection":[{"href":"https:\/\/omega.ba\/en\/wp-json\/wp\/v2\/product"}],"about":[{"href":"https:\/\/omega.ba\/en\/wp-json\/wp\/v2\/types\/product"}],"version-history":[{"count":0,"href":"https:\/\/omega.ba\/en\/wp-json\/wp\/v2\/product\/1201\/revisions"}],"wp:featuredmedia":[{"embeddable":true,"href":"https:\/\/omega.ba\/en\/wp-json\/wp\/v2\/media\/3499"}],"wp:attachment":[{"href":"https:\/\/omega.ba\/en\/wp-json\/wp\/v2\/media?parent=1201"}],"wp:term":[{"taxonomy":"product_brand","embeddable":true,"href":"https:\/\/omega.ba\/en\/wp-json\/wp\/v2\/product_brand?post=1201"},{"taxonomy":"product_cat","embeddable":true,"href":"https:\/\/omega.ba\/en\/wp-json\/wp\/v2\/product_cat?post=1201"},{"taxonomy":"product_tag","embeddable":true,"href":"https:\/\/omega.ba\/en\/wp-json\/wp\/v2\/product_tag?post=1201"}],"curies":[{"name":"wp","href":"https:\/\/api.w.org\/{rel}","templated":true}]}}