{"id":1209,"date":"2022-01-06T09:25:44","date_gmt":"2022-01-06T08:25:44","guid":{"rendered":"https:\/\/robesirokepotrosnje.omega.ba\/?post_type=product&#038;p=1209"},"modified":"2022-10-10T18:17:04","modified_gmt":"2022-10-10T16:17:04","slug":"orasi-slag-slatki-200ml","status":"publish","type":"product","link":"https:\/\/omega.ba\/en\/product\/orasi-slag-slatki-200ml\/","title":{"rendered":"OraSi Whipped cream sweet 200ml"},"content":{"rendered":"<p>OraSi sweet whipped cream is a herbal alternative to classic pastry cream: it is a real guarantee of the success of your desserts and foams, because it always sets stably and permanently, even with the addition of acidic ingredients such as e.g. alcohol or lemon juice. Last but not least, it&#039;s delicious: try it now!<\/p>\n<table>\n<tbody>\n<tr>\n<td>Energetic value<\/td>\n<td>1195 kJ \/ 289 kcal<\/td>\n<\/tr>\n<tr>\n<td>Fats<\/td>\n<td>27 years old<\/td>\n<\/tr>\n<tr>\n<td>of which saturated fatty acids<\/td>\n<td>23 years old<\/td>\n<\/tr>\n<tr>\n<td>Carbohydrates<\/td>\n<td>12 years<\/td>\n<\/tr>\n<tr>\n<td>of which sugars<\/td>\n<td>12 years<\/td>\n<\/tr>\n<tr>\n<td>Fibers<\/td>\n<td>0 g<\/td>\n<\/tr>\n<tr>\n<td>Proteins<\/td>\n<td>0.3 g<\/td>\n<\/tr>\n<tr>\n<td>Sol<\/td>\n<td>0.14 g<\/td>\n<\/tr>\n<\/tbody>\n<\/table>","protected":false},"excerpt":{"rendered":"<ul>\n<li>Without gluten and hydrogenated fats<\/li>\n<li>Naturally lactose free<\/li>\n<\/ul>","protected":false},"featured_media":3502,"template":"","meta":{"cybocfi_hide_featured_image":""},"product_brand":[],"product_cat":[123,82],"product_tag":[83,86,88],"class_list":{"0":"post-1209","1":"product","2":"type-product","3":"status-publish","4":"has-post-thumbnail","6":"product_cat-bez-glutena-orasi","7":"product_cat-orasi","8":"product_tag-orasi","9":"product_tag-posno","10":"product_tag-slag-slatki","12":"first","13":"instock","14":"shipping-taxable","15":"product-type-simple"},"yoast_head":"<!-- This site is optimized with the Yoast SEO plugin v26.8 - https:\/\/yoast.com\/product\/yoast-seo-wordpress\/ -->\n<title>OraSi \u0160lag slatki 200ml - Omega d.o.o.<\/title>\n<meta name=\"description\" content=\"OraSi slatki \u0161lag je biljna alternativa klasi\u010dnoj slasti\u010darskoj kremi. Garancija uspjeha va\u0161ih deserta i pjena, jer se uvijek stabilno i trajno postavlja, \u010dak i uz dodatak kiselih sastojaka.\" \/>\n<meta name=\"robots\" content=\"index, follow, max-snippet:-1, max-image-preview:large, max-video-preview:-1\" \/>\n<link rel=\"canonical\" href=\"https:\/\/omega.ba\/en\/product\/orasi-slag-slatki-200ml\/\" \/>\n<meta property=\"og:locale\" content=\"en_US\" \/>\n<meta property=\"og:type\" content=\"article\" \/>\n<meta property=\"og:title\" content=\"OraSi \u0160lag slatki 200ml - Omega d.o.o.\" \/>\n<meta property=\"og:description\" content=\"OraSi slatki \u0161lag je biljna alternativa klasi\u010dnoj slasti\u010darskoj kremi. Garancija uspjeha va\u0161ih deserta i pjena, jer se uvijek stabilno i trajno postavlja, \u010dak i uz dodatak kiselih sastojaka.\" \/>\n<meta property=\"og:url\" content=\"https:\/\/omega.ba\/en\/product\/orasi-slag-slatki-200ml\/\" \/>\n<meta property=\"og:site_name\" content=\"Omega d.o.o.\" \/>\n<meta property=\"article:publisher\" content=\"https:\/\/www.facebook.com\/Omega-doo-100267234814814\/\" \/>\n<meta property=\"article:modified_time\" content=\"2022-10-10T16:17:04+00:00\" \/>\n<meta property=\"og:image\" content=\"https:\/\/omega.ba\/business\/wp-content\/uploads\/2022\/10\/889227.jpg\" \/>\n\t<meta property=\"og:image:width\" content=\"900\" \/>\n\t<meta property=\"og:image:height\" content=\"900\" \/>\n\t<meta property=\"og:image:type\" content=\"image\/jpeg\" \/>\n<meta name=\"twitter:card\" content=\"summary_large_image\" \/>\n<script type=\"application\/ld+json\" class=\"yoast-schema-graph\">{\"@context\":\"https:\/\/schema.org\",\"@graph\":[{\"@type\":\"WebPage\",\"@id\":\"https:\/\/omega.ba\/product\/orasi-slag-slatki-200ml\/\",\"url\":\"https:\/\/omega.ba\/product\/orasi-slag-slatki-200ml\/\",\"name\":\"OraSi \u0160lag slatki 200ml - Omega d.o.o.\",\"isPartOf\":{\"@id\":\"https:\/\/omega.ba\/#website\"},\"primaryImageOfPage\":{\"@id\":\"https:\/\/omega.ba\/product\/orasi-slag-slatki-200ml\/#primaryimage\"},\"image\":{\"@id\":\"https:\/\/omega.ba\/product\/orasi-slag-slatki-200ml\/#primaryimage\"},\"thumbnailUrl\":\"https:\/\/omega.ba\/business\/wp-content\/uploads\/2022\/10\/889227.jpg\",\"datePublished\":\"2022-01-06T08:25:44+00:00\",\"dateModified\":\"2022-10-10T16:17:04+00:00\",\"description\":\"OraSi slatki \u0161lag je biljna alternativa klasi\u010dnoj slasti\u010darskoj kremi. Garancija uspjeha va\u0161ih deserta i pjena, jer se uvijek stabilno i trajno postavlja, \u010dak i uz dodatak kiselih sastojaka.\",\"breadcrumb\":{\"@id\":\"https:\/\/omega.ba\/product\/orasi-slag-slatki-200ml\/#breadcrumb\"},\"inLanguage\":\"en-US\",\"potentialAction\":[{\"@type\":\"ReadAction\",\"target\":[\"https:\/\/omega.ba\/product\/orasi-slag-slatki-200ml\/\"]}]},{\"@type\":\"ImageObject\",\"inLanguage\":\"en-US\",\"@id\":\"https:\/\/omega.ba\/product\/orasi-slag-slatki-200ml\/#primaryimage\",\"url\":\"https:\/\/omega.ba\/business\/wp-content\/uploads\/2022\/10\/889227.jpg\",\"contentUrl\":\"https:\/\/omega.ba\/business\/wp-content\/uploads\/2022\/10\/889227.jpg\",\"width\":900,\"height\":900},{\"@type\":\"BreadcrumbList\",\"@id\":\"https:\/\/omega.ba\/product\/orasi-slag-slatki-200ml\/#breadcrumb\",\"itemListElement\":[{\"@type\":\"ListItem\",\"position\":1,\"name\":\"Naslovna\",\"item\":\"https:\/\/omega.ba\/\"},{\"@type\":\"ListItem\",\"position\":2,\"name\":\"Shop\",\"item\":\"https:\/\/omega.ba\/shop\/\"},{\"@type\":\"ListItem\",\"position\":3,\"name\":\"OraSi \u0160lag slatki 200ml\"}]},{\"@type\":\"WebSite\",\"@id\":\"https:\/\/omega.ba\/#website\",\"url\":\"https:\/\/omega.ba\/\",\"name\":\"Omega d.o.o.\",\"description\":\"Omega d.o.o. je porodi\u010dna firma osnovana 1990. godine u \u017divinicama. Kao jedna od prvih malih privatnih firmi u BiH ispo\u010detka se bavila prodajom robe \u0161iroke potro\u0161nje, a zatim i namje\u0161taja, te bijele tehnike i potro\u0161a\u010dke elektronike. Dru\u0161tvo je primarno registrovano za trgovinu, a sporedne djelatnosti kojima se bavi su servisiranje ure\u0111aja i iznajmljivanje nekretnina.\",\"publisher\":{\"@id\":\"https:\/\/omega.ba\/#organization\"},\"potentialAction\":[{\"@type\":\"SearchAction\",\"target\":{\"@type\":\"EntryPoint\",\"urlTemplate\":\"https:\/\/omega.ba\/?s={search_term_string}\"},\"query-input\":{\"@type\":\"PropertyValueSpecification\",\"valueRequired\":true,\"valueName\":\"search_term_string\"}}],\"inLanguage\":\"en-US\"},{\"@type\":\"Organization\",\"@id\":\"https:\/\/omega.ba\/#organization\",\"name\":\"Omega d.o.o.\",\"url\":\"https:\/\/omega.ba\/\",\"logo\":{\"@type\":\"ImageObject\",\"inLanguage\":\"en-US\",\"@id\":\"https:\/\/omega.ba\/#\/schema\/logo\/image\/\",\"url\":\"https:\/\/omega.ba\/business\/wp-content\/uploads\/2022\/08\/cropped-omega_old_logo.png\",\"contentUrl\":\"https:\/\/omega.ba\/business\/wp-content\/uploads\/2022\/08\/cropped-omega_old_logo.png\",\"width\":512,\"height\":512,\"caption\":\"Omega d.o.o.\"},\"image\":{\"@id\":\"https:\/\/omega.ba\/#\/schema\/logo\/image\/\"},\"sameAs\":[\"https:\/\/www.facebook.com\/Omega-doo-100267234814814\/\"]}]}<\/script>\n<!-- \/ Yoast SEO plugin. -->","yoast_head_json":{"title":"OraSi \u0160lag slatki 200ml - Omega d.o.o.","description":"OraSi sweet whipped cream is a plant-based alternative to classic pastry cream. A guarantee of the success of your desserts and foams, because it always sets stably and permanently, even with the addition of acidic ingredients.","robots":{"index":"index","follow":"follow","max-snippet":"max-snippet:-1","max-image-preview":"max-image-preview:large","max-video-preview":"max-video-preview:-1"},"canonical":"https:\/\/omega.ba\/en\/product\/orasi-slag-slatki-200ml\/","og_locale":"en_US","og_type":"article","og_title":"OraSi \u0160lag slatki 200ml - Omega d.o.o.","og_description":"OraSi slatki \u0161lag je biljna alternativa klasi\u010dnoj slasti\u010darskoj kremi. Garancija uspjeha va\u0161ih deserta i pjena, jer se uvijek stabilno i trajno postavlja, \u010dak i uz dodatak kiselih sastojaka.","og_url":"https:\/\/omega.ba\/en\/product\/orasi-slag-slatki-200ml\/","og_site_name":"Omega d.o.o.","article_publisher":"https:\/\/www.facebook.com\/Omega-doo-100267234814814\/","article_modified_time":"2022-10-10T16:17:04+00:00","og_image":[{"width":900,"height":900,"url":"https:\/\/omega.ba\/business\/wp-content\/uploads\/2022\/10\/889227.jpg","type":"image\/jpeg"}],"twitter_card":"summary_large_image","schema":{"@context":"https:\/\/schema.org","@graph":[{"@type":"WebPage","@id":"https:\/\/omega.ba\/product\/orasi-slag-slatki-200ml\/","url":"https:\/\/omega.ba\/product\/orasi-slag-slatki-200ml\/","name":"OraSi \u0160lag slatki 200ml - Omega d.o.o.","isPartOf":{"@id":"https:\/\/omega.ba\/#website"},"primaryImageOfPage":{"@id":"https:\/\/omega.ba\/product\/orasi-slag-slatki-200ml\/#primaryimage"},"image":{"@id":"https:\/\/omega.ba\/product\/orasi-slag-slatki-200ml\/#primaryimage"},"thumbnailUrl":"https:\/\/omega.ba\/business\/wp-content\/uploads\/2022\/10\/889227.jpg","datePublished":"2022-01-06T08:25:44+00:00","dateModified":"2022-10-10T16:17:04+00:00","description":"OraSi sweet whipped cream is a plant-based alternative to classic pastry cream. A guarantee of the success of your desserts and foams, because it always sets stably and permanently, even with the addition of acidic ingredients.","breadcrumb":{"@id":"https:\/\/omega.ba\/product\/orasi-slag-slatki-200ml\/#breadcrumb"},"inLanguage":"en-US","potentialAction":[{"@type":"ReadAction","target":["https:\/\/omega.ba\/product\/orasi-slag-slatki-200ml\/"]}]},{"@type":"ImageObject","inLanguage":"en-US","@id":"https:\/\/omega.ba\/product\/orasi-slag-slatki-200ml\/#primaryimage","url":"https:\/\/omega.ba\/business\/wp-content\/uploads\/2022\/10\/889227.jpg","contentUrl":"https:\/\/omega.ba\/business\/wp-content\/uploads\/2022\/10\/889227.jpg","width":900,"height":900},{"@type":"BreadcrumbList","@id":"https:\/\/omega.ba\/product\/orasi-slag-slatki-200ml\/#breadcrumb","itemListElement":[{"@type":"ListItem","position":1,"name":"Naslovna","item":"https:\/\/omega.ba\/"},{"@type":"ListItem","position":2,"name":"Shop","item":"https:\/\/omega.ba\/shop\/"},{"@type":"ListItem","position":3,"name":"OraSi \u0160lag slatki 200ml"}]},{"@type":"WebSite","@id":"https:\/\/omega.ba\/#website","url":"https:\/\/omega.ba\/","name":"Omega doo","description":"Omega doo is a family company founded in 1990 in \u017divinice. As one of the first small private companies in BiH, from the beginning it was engaged in the sale of consumer goods, and then also furniture, white goods and consumer electronics. The company is primarily registered for trade, and its secondary activities are device servicing and real estate rental.","publisher":{"@id":"https:\/\/omega.ba\/#organization"},"potentialAction":[{"@type":"SearchAction","target":{"@type":"EntryPoint","urlTemplate":"https:\/\/omega.ba\/?s={search_term_string}"},"query-input":{"@type":"PropertyValueSpecification","valueRequired":true,"valueName":"search_term_string"}}],"inLanguage":"en-US"},{"@type":"Organization","@id":"https:\/\/omega.ba\/#organization","name":"Omega doo","url":"https:\/\/omega.ba\/","logo":{"@type":"ImageObject","inLanguage":"en-US","@id":"https:\/\/omega.ba\/#\/schema\/logo\/image\/","url":"https:\/\/omega.ba\/business\/wp-content\/uploads\/2022\/08\/cropped-omega_old_logo.png","contentUrl":"https:\/\/omega.ba\/business\/wp-content\/uploads\/2022\/08\/cropped-omega_old_logo.png","width":512,"height":512,"caption":"Omega d.o.o."},"image":{"@id":"https:\/\/omega.ba\/#\/schema\/logo\/image\/"},"sameAs":["https:\/\/www.facebook.com\/Omega-doo-100267234814814\/"]}]}},"_links":{"self":[{"href":"https:\/\/omega.ba\/en\/wp-json\/wp\/v2\/product\/1209","targetHints":{"allow":["GET"]}}],"collection":[{"href":"https:\/\/omega.ba\/en\/wp-json\/wp\/v2\/product"}],"about":[{"href":"https:\/\/omega.ba\/en\/wp-json\/wp\/v2\/types\/product"}],"version-history":[{"count":0,"href":"https:\/\/omega.ba\/en\/wp-json\/wp\/v2\/product\/1209\/revisions"}],"wp:featuredmedia":[{"embeddable":true,"href":"https:\/\/omega.ba\/en\/wp-json\/wp\/v2\/media\/3502"}],"wp:attachment":[{"href":"https:\/\/omega.ba\/en\/wp-json\/wp\/v2\/media?parent=1209"}],"wp:term":[{"taxonomy":"product_brand","embeddable":true,"href":"https:\/\/omega.ba\/en\/wp-json\/wp\/v2\/product_brand?post=1209"},{"taxonomy":"product_cat","embeddable":true,"href":"https:\/\/omega.ba\/en\/wp-json\/wp\/v2\/product_cat?post=1209"},{"taxonomy":"product_tag","embeddable":true,"href":"https:\/\/omega.ba\/en\/wp-json\/wp\/v2\/product_tag?post=1209"}],"curies":[{"name":"wp","href":"https:\/\/api.w.org\/{rel}","templated":true}]}}