{"id":1222,"date":"2022-01-11T09:30:33","date_gmt":"2022-01-11T08:30:33","guid":{"rendered":"https:\/\/robesirokepotrosnje.omega.ba\/?post_type=product&#038;p=1222"},"modified":"2022-10-10T18:17:08","modified_gmt":"2022-10-10T16:17:08","slug":"premio-pelene-za-odrasle-do-75kg","status":"publish","type":"product","link":"https:\/\/omega.ba\/en\/product\/premio-pelene-za-odrasle-do-75kg\/","title":{"rendered":"Premio Diapers for adults up to 75 kg"},"content":{"rendered":"<p>Everyone <strong>Pharma Premio<\/strong> the products are designed to perfectly fit the wearer&#039;s body and ensure a pleasant feeling of dryness on the skin at all times. They are made of soft, super absorbent inner materials and outer linings that allow the skin to breathe.<\/p>\n<p>Line <strong>Pharma Premio<\/strong> has always strived to satisfy even the most demanding customers and try to improve the quality of life of end users.<\/p>","protected":false},"excerpt":{"rendered":"<p>All Pharma Premio products are designed to perfectly fit the wearer&#039;s body and ensure a pleasant feeling of dryness on the skin in\u2026<\/p>","protected":false},"featured_media":3507,"template":"","meta":{"cybocfi_hide_featured_image":""},"product_brand":[],"product_cat":[91],"product_tag":[90,93,92],"class_list":{"0":"post-1222","1":"product","2":"type-product","3":"status-publish","4":"has-post-thumbnail","6":"product_cat-premio","7":"product_tag-pelene","8":"product_tag-pelene-za-odrasle","9":"product_tag-premio","11":"first","12":"instock","13":"shipping-taxable","14":"product-type-simple"},"yoast_head":"<!-- This site is optimized with the Yoast SEO plugin v26.8 - https:\/\/yoast.com\/product\/yoast-seo-wordpress\/ -->\n<title>Premio Pelene za odrasle do 75kg - Omega d.o.o.<\/title>\n<meta name=\"description\" content=\"Premio pelene za odrasle dizajnirane su kako bi savr\u0161eno pristajale tijelu nositelja i osigurale ugodan osje\u0107aj suho\u0107e na ko\u017ei u svakom trenutku. Izra\u0111ene od mekanih, super upijaju\u0107ih materijala i vanjskih obloga koje omogu\u0107uju ko\u017ei da di\u0161e.\" \/>\n<meta name=\"robots\" content=\"index, follow, max-snippet:-1, max-image-preview:large, max-video-preview:-1\" \/>\n<link rel=\"canonical\" href=\"https:\/\/omega.ba\/en\/product\/premio-pelene-za-odrasle-do-75kg\/\" \/>\n<meta property=\"og:locale\" content=\"en_US\" \/>\n<meta property=\"og:type\" content=\"article\" \/>\n<meta property=\"og:title\" content=\"Premio Pelene za odrasle do 75kg - Omega d.o.o.\" \/>\n<meta property=\"og:description\" content=\"Premio pelene za odrasle dizajnirane su kako bi savr\u0161eno pristajale tijelu nositelja i osigurale ugodan osje\u0107aj suho\u0107e na ko\u017ei u svakom trenutku. Izra\u0111ene od mekanih, super upijaju\u0107ih materijala i vanjskih obloga koje omogu\u0107uju ko\u017ei da di\u0161e.\" \/>\n<meta property=\"og:url\" content=\"https:\/\/omega.ba\/en\/product\/premio-pelene-za-odrasle-do-75kg\/\" \/>\n<meta property=\"og:site_name\" content=\"Omega d.o.o.\" \/>\n<meta property=\"article:publisher\" content=\"https:\/\/www.facebook.com\/Omega-doo-100267234814814\/\" \/>\n<meta property=\"article:modified_time\" content=\"2022-10-10T16:17:08+00:00\" \/>\n<meta property=\"og:image\" content=\"https:\/\/omega.ba\/business\/wp-content\/uploads\/2022\/10\/22654.jpg\" \/>\n\t<meta property=\"og:image:width\" content=\"900\" \/>\n\t<meta property=\"og:image:height\" content=\"900\" \/>\n\t<meta property=\"og:image:type\" content=\"image\/jpeg\" \/>\n<meta name=\"twitter:card\" content=\"summary_large_image\" \/>\n<meta name=\"twitter:label1\" content=\"Est. reading time\" \/>\n\t<meta name=\"twitter:data1\" content=\"1 minute\" \/>\n<script type=\"application\/ld+json\" class=\"yoast-schema-graph\">{\"@context\":\"https:\/\/schema.org\",\"@graph\":[{\"@type\":\"WebPage\",\"@id\":\"https:\/\/omega.ba\/product\/premio-pelene-za-odrasle-do-75kg\/\",\"url\":\"https:\/\/omega.ba\/product\/premio-pelene-za-odrasle-do-75kg\/\",\"name\":\"Premio Pelene za odrasle do 75kg - Omega d.o.o.\",\"isPartOf\":{\"@id\":\"https:\/\/omega.ba\/#website\"},\"primaryImageOfPage\":{\"@id\":\"https:\/\/omega.ba\/product\/premio-pelene-za-odrasle-do-75kg\/#primaryimage\"},\"image\":{\"@id\":\"https:\/\/omega.ba\/product\/premio-pelene-za-odrasle-do-75kg\/#primaryimage\"},\"thumbnailUrl\":\"https:\/\/omega.ba\/business\/wp-content\/uploads\/2022\/10\/22654.jpg\",\"datePublished\":\"2022-01-11T08:30:33+00:00\",\"dateModified\":\"2022-10-10T16:17:08+00:00\",\"description\":\"Premio pelene za odrasle dizajnirane su kako bi savr\u0161eno pristajale tijelu nositelja i osigurale ugodan osje\u0107aj suho\u0107e na ko\u017ei u svakom trenutku. Izra\u0111ene od mekanih, super upijaju\u0107ih materijala i vanjskih obloga koje omogu\u0107uju ko\u017ei da di\u0161e.\",\"breadcrumb\":{\"@id\":\"https:\/\/omega.ba\/product\/premio-pelene-za-odrasle-do-75kg\/#breadcrumb\"},\"inLanguage\":\"en-US\",\"potentialAction\":[{\"@type\":\"ReadAction\",\"target\":[\"https:\/\/omega.ba\/product\/premio-pelene-za-odrasle-do-75kg\/\"]}]},{\"@type\":\"ImageObject\",\"inLanguage\":\"en-US\",\"@id\":\"https:\/\/omega.ba\/product\/premio-pelene-za-odrasle-do-75kg\/#primaryimage\",\"url\":\"https:\/\/omega.ba\/business\/wp-content\/uploads\/2022\/10\/22654.jpg\",\"contentUrl\":\"https:\/\/omega.ba\/business\/wp-content\/uploads\/2022\/10\/22654.jpg\",\"width\":900,\"height\":900},{\"@type\":\"BreadcrumbList\",\"@id\":\"https:\/\/omega.ba\/product\/premio-pelene-za-odrasle-do-75kg\/#breadcrumb\",\"itemListElement\":[{\"@type\":\"ListItem\",\"position\":1,\"name\":\"Naslovna\",\"item\":\"https:\/\/omega.ba\/\"},{\"@type\":\"ListItem\",\"position\":2,\"name\":\"Shop\",\"item\":\"https:\/\/omega.ba\/shop\/\"},{\"@type\":\"ListItem\",\"position\":3,\"name\":\"Premio Pelene za odrasle do 75kg\"}]},{\"@type\":\"WebSite\",\"@id\":\"https:\/\/omega.ba\/#website\",\"url\":\"https:\/\/omega.ba\/\",\"name\":\"Omega d.o.o.\",\"description\":\"Omega d.o.o. je porodi\u010dna firma osnovana 1990. godine u \u017divinicama. Kao jedna od prvih malih privatnih firmi u BiH ispo\u010detka se bavila prodajom robe \u0161iroke potro\u0161nje, a zatim i namje\u0161taja, te bijele tehnike i potro\u0161a\u010dke elektronike. Dru\u0161tvo je primarno registrovano za trgovinu, a sporedne djelatnosti kojima se bavi su servisiranje ure\u0111aja i iznajmljivanje nekretnina.\",\"publisher\":{\"@id\":\"https:\/\/omega.ba\/#organization\"},\"potentialAction\":[{\"@type\":\"SearchAction\",\"target\":{\"@type\":\"EntryPoint\",\"urlTemplate\":\"https:\/\/omega.ba\/?s={search_term_string}\"},\"query-input\":{\"@type\":\"PropertyValueSpecification\",\"valueRequired\":true,\"valueName\":\"search_term_string\"}}],\"inLanguage\":\"en-US\"},{\"@type\":\"Organization\",\"@id\":\"https:\/\/omega.ba\/#organization\",\"name\":\"Omega d.o.o.\",\"url\":\"https:\/\/omega.ba\/\",\"logo\":{\"@type\":\"ImageObject\",\"inLanguage\":\"en-US\",\"@id\":\"https:\/\/omega.ba\/#\/schema\/logo\/image\/\",\"url\":\"https:\/\/omega.ba\/business\/wp-content\/uploads\/2022\/08\/cropped-omega_old_logo.png\",\"contentUrl\":\"https:\/\/omega.ba\/business\/wp-content\/uploads\/2022\/08\/cropped-omega_old_logo.png\",\"width\":512,\"height\":512,\"caption\":\"Omega d.o.o.\"},\"image\":{\"@id\":\"https:\/\/omega.ba\/#\/schema\/logo\/image\/\"},\"sameAs\":[\"https:\/\/www.facebook.com\/Omega-doo-100267234814814\/\"]}]}<\/script>\n<!-- \/ Yoast SEO plugin. -->","yoast_head_json":{"title":"Premio Pelene za odrasle do 75kg - Omega d.o.o.","description":"Premio diapers for adults are designed to perfectly fit the wearer&#039;s body and ensure a pleasant feeling of dryness on the skin at all times. Made of soft, super absorbent materials and outer coverings that allow the skin to breathe.","robots":{"index":"index","follow":"follow","max-snippet":"max-snippet:-1","max-image-preview":"max-image-preview:large","max-video-preview":"max-video-preview:-1"},"canonical":"https:\/\/omega.ba\/en\/product\/premio-pelene-za-odrasle-do-75kg\/","og_locale":"en_US","og_type":"article","og_title":"Premio Pelene za odrasle do 75kg - Omega d.o.o.","og_description":"Premio pelene za odrasle dizajnirane su kako bi savr\u0161eno pristajale tijelu nositelja i osigurale ugodan osje\u0107aj suho\u0107e na ko\u017ei u svakom trenutku. Izra\u0111ene od mekanih, super upijaju\u0107ih materijala i vanjskih obloga koje omogu\u0107uju ko\u017ei da di\u0161e.","og_url":"https:\/\/omega.ba\/en\/product\/premio-pelene-za-odrasle-do-75kg\/","og_site_name":"Omega d.o.o.","article_publisher":"https:\/\/www.facebook.com\/Omega-doo-100267234814814\/","article_modified_time":"2022-10-10T16:17:08+00:00","og_image":[{"width":900,"height":900,"url":"https:\/\/omega.ba\/business\/wp-content\/uploads\/2022\/10\/22654.jpg","type":"image\/jpeg"}],"twitter_card":"summary_large_image","twitter_misc":{"Est. reading time":"1 minute"},"schema":{"@context":"https:\/\/schema.org","@graph":[{"@type":"WebPage","@id":"https:\/\/omega.ba\/product\/premio-pelene-za-odrasle-do-75kg\/","url":"https:\/\/omega.ba\/product\/premio-pelene-za-odrasle-do-75kg\/","name":"Premio Pelene za odrasle do 75kg - Omega d.o.o.","isPartOf":{"@id":"https:\/\/omega.ba\/#website"},"primaryImageOfPage":{"@id":"https:\/\/omega.ba\/product\/premio-pelene-za-odrasle-do-75kg\/#primaryimage"},"image":{"@id":"https:\/\/omega.ba\/product\/premio-pelene-za-odrasle-do-75kg\/#primaryimage"},"thumbnailUrl":"https:\/\/omega.ba\/business\/wp-content\/uploads\/2022\/10\/22654.jpg","datePublished":"2022-01-11T08:30:33+00:00","dateModified":"2022-10-10T16:17:08+00:00","description":"Premio diapers for adults are designed to perfectly fit the wearer&#039;s body and ensure a pleasant feeling of dryness on the skin at all times. Made of soft, super absorbent materials and outer coverings that allow the skin to breathe.","breadcrumb":{"@id":"https:\/\/omega.ba\/product\/premio-pelene-za-odrasle-do-75kg\/#breadcrumb"},"inLanguage":"en-US","potentialAction":[{"@type":"ReadAction","target":["https:\/\/omega.ba\/product\/premio-pelene-za-odrasle-do-75kg\/"]}]},{"@type":"ImageObject","inLanguage":"en-US","@id":"https:\/\/omega.ba\/product\/premio-pelene-za-odrasle-do-75kg\/#primaryimage","url":"https:\/\/omega.ba\/business\/wp-content\/uploads\/2022\/10\/22654.jpg","contentUrl":"https:\/\/omega.ba\/business\/wp-content\/uploads\/2022\/10\/22654.jpg","width":900,"height":900},{"@type":"BreadcrumbList","@id":"https:\/\/omega.ba\/product\/premio-pelene-za-odrasle-do-75kg\/#breadcrumb","itemListElement":[{"@type":"ListItem","position":1,"name":"Naslovna","item":"https:\/\/omega.ba\/"},{"@type":"ListItem","position":2,"name":"Shop","item":"https:\/\/omega.ba\/shop\/"},{"@type":"ListItem","position":3,"name":"Premio Pelene za odrasle do 75kg"}]},{"@type":"WebSite","@id":"https:\/\/omega.ba\/#website","url":"https:\/\/omega.ba\/","name":"Omega doo","description":"Omega doo is a family company founded in 1990 in \u017divinice. As one of the first small private companies in BiH, from the beginning it was engaged in the sale of consumer goods, and then also furniture, white goods and consumer electronics. The company is primarily registered for trade, and its secondary activities are device servicing and real estate rental.","publisher":{"@id":"https:\/\/omega.ba\/#organization"},"potentialAction":[{"@type":"SearchAction","target":{"@type":"EntryPoint","urlTemplate":"https:\/\/omega.ba\/?s={search_term_string}"},"query-input":{"@type":"PropertyValueSpecification","valueRequired":true,"valueName":"search_term_string"}}],"inLanguage":"en-US"},{"@type":"Organization","@id":"https:\/\/omega.ba\/#organization","name":"Omega doo","url":"https:\/\/omega.ba\/","logo":{"@type":"ImageObject","inLanguage":"en-US","@id":"https:\/\/omega.ba\/#\/schema\/logo\/image\/","url":"https:\/\/omega.ba\/business\/wp-content\/uploads\/2022\/08\/cropped-omega_old_logo.png","contentUrl":"https:\/\/omega.ba\/business\/wp-content\/uploads\/2022\/08\/cropped-omega_old_logo.png","width":512,"height":512,"caption":"Omega d.o.o."},"image":{"@id":"https:\/\/omega.ba\/#\/schema\/logo\/image\/"},"sameAs":["https:\/\/www.facebook.com\/Omega-doo-100267234814814\/"]}]}},"_links":{"self":[{"href":"https:\/\/omega.ba\/en\/wp-json\/wp\/v2\/product\/1222","targetHints":{"allow":["GET"]}}],"collection":[{"href":"https:\/\/omega.ba\/en\/wp-json\/wp\/v2\/product"}],"about":[{"href":"https:\/\/omega.ba\/en\/wp-json\/wp\/v2\/types\/product"}],"version-history":[{"count":0,"href":"https:\/\/omega.ba\/en\/wp-json\/wp\/v2\/product\/1222\/revisions"}],"wp:featuredmedia":[{"embeddable":true,"href":"https:\/\/omega.ba\/en\/wp-json\/wp\/v2\/media\/3507"}],"wp:attachment":[{"href":"https:\/\/omega.ba\/en\/wp-json\/wp\/v2\/media?parent=1222"}],"wp:term":[{"taxonomy":"product_brand","embeddable":true,"href":"https:\/\/omega.ba\/en\/wp-json\/wp\/v2\/product_brand?post=1222"},{"taxonomy":"product_cat","embeddable":true,"href":"https:\/\/omega.ba\/en\/wp-json\/wp\/v2\/product_cat?post=1222"},{"taxonomy":"product_tag","embeddable":true,"href":"https:\/\/omega.ba\/en\/wp-json\/wp\/v2\/product_tag?post=1222"}],"curies":[{"name":"wp","href":"https:\/\/api.w.org\/{rel}","templated":true}]}}