{"id":1228,"date":"2022-01-11T10:27:36","date_gmt":"2022-01-11T09:27:36","guid":{"rendered":"https:\/\/robesirokepotrosnje.omega.ba\/?post_type=product&#038;p=1228"},"modified":"2022-10-10T18:17:11","modified_gmt":"2022-10-10T16:17:11","slug":"oljvia-maslinovo-ulje-1l","status":"publish","type":"product","link":"https:\/\/omega.ba\/en\/product\/oljvia-maslinovo-ulje-1l\/","title":{"rendered":"Olvia Olive oil 1l"},"content":{"rendered":"<p><strong>Olvia<\/strong> Olive oil is easily digestible and helps fight cancer, as well as the growth of children and slows down aging due to the high content of antioxidants that block free radicals. It is good for bones and joints, skin, liver and intestines. It also helps with diabetes and stomach ulcers. The greatest feature of this oil is its beneficial effect on the heart and blood vessels.<\/p>","protected":false},"excerpt":{"rendered":"<p>Olvia Olive oil is easily digestible and helps in the fight against cancer, as well as the growth of children and slows down aging due to...<\/p>","protected":false},"featured_media":3510,"template":"","meta":{"cybocfi_hide_featured_image":""},"product_brand":[],"product_cat":[98],"product_tag":[97,99],"class_list":{"0":"post-1228","1":"product","2":"type-product","3":"status-publish","4":"has-post-thumbnail","6":"product_cat-olivia","7":"product_tag-maslinovo-ulje","8":"product_tag-olvia","10":"first","11":"instock","12":"shipping-taxable","13":"product-type-simple"},"yoast_head":"<!-- This site is optimized with the Yoast SEO plugin v26.8 - https:\/\/yoast.com\/product\/yoast-seo-wordpress\/ -->\n<title>Olvia Maslinovo ulje 1l - Omega d.o.o.<\/title>\n<meta name=\"description\" content=\"Oljvia Maslinovo ulje je lako probavljivo, a poma\u017ee u borbi protiv raka. Dobro je za kosti i zglobove, ko\u017eu, jetra i crijeva. Poma\u017ee i kod dijabetesa i \u010dira na \u017eelucu.\" \/>\n<meta name=\"robots\" content=\"index, follow, max-snippet:-1, max-image-preview:large, max-video-preview:-1\" \/>\n<link rel=\"canonical\" href=\"https:\/\/omega.ba\/en\/product\/oljvia-maslinovo-ulje-1l\/\" \/>\n<meta property=\"og:locale\" content=\"en_US\" \/>\n<meta property=\"og:type\" content=\"article\" \/>\n<meta property=\"og:title\" content=\"Olvia Maslinovo ulje 1l - Omega d.o.o.\" \/>\n<meta property=\"og:description\" content=\"Oljvia Maslinovo ulje je lako probavljivo, a poma\u017ee u borbi protiv raka. Dobro je za kosti i zglobove, ko\u017eu, jetra i crijeva. Poma\u017ee i kod dijabetesa i \u010dira na \u017eelucu.\" \/>\n<meta property=\"og:url\" content=\"https:\/\/omega.ba\/en\/product\/oljvia-maslinovo-ulje-1l\/\" \/>\n<meta property=\"og:site_name\" content=\"Omega d.o.o.\" \/>\n<meta property=\"article:publisher\" content=\"https:\/\/www.facebook.com\/Omega-doo-100267234814814\/\" \/>\n<meta property=\"article:modified_time\" content=\"2022-10-10T16:17:11+00:00\" \/>\n<meta property=\"og:image\" content=\"https:\/\/omega.ba\/business\/wp-content\/uploads\/2022\/10\/885954.jpg\" \/>\n\t<meta property=\"og:image:width\" content=\"900\" \/>\n\t<meta property=\"og:image:height\" content=\"900\" \/>\n\t<meta property=\"og:image:type\" content=\"image\/jpeg\" \/>\n<meta name=\"twitter:card\" content=\"summary_large_image\" \/>\n<meta name=\"twitter:label1\" content=\"Est. reading time\" \/>\n\t<meta name=\"twitter:data1\" content=\"1 minute\" \/>\n<script type=\"application\/ld+json\" class=\"yoast-schema-graph\">{\"@context\":\"https:\/\/schema.org\",\"@graph\":[{\"@type\":\"WebPage\",\"@id\":\"https:\/\/omega.ba\/product\/oljvia-maslinovo-ulje-1l\/\",\"url\":\"https:\/\/omega.ba\/product\/oljvia-maslinovo-ulje-1l\/\",\"name\":\"Olvia Maslinovo ulje 1l - Omega d.o.o.\",\"isPartOf\":{\"@id\":\"https:\/\/omega.ba\/#website\"},\"primaryImageOfPage\":{\"@id\":\"https:\/\/omega.ba\/product\/oljvia-maslinovo-ulje-1l\/#primaryimage\"},\"image\":{\"@id\":\"https:\/\/omega.ba\/product\/oljvia-maslinovo-ulje-1l\/#primaryimage\"},\"thumbnailUrl\":\"https:\/\/omega.ba\/business\/wp-content\/uploads\/2022\/10\/885954.jpg\",\"datePublished\":\"2022-01-11T09:27:36+00:00\",\"dateModified\":\"2022-10-10T16:17:11+00:00\",\"description\":\"Oljvia Maslinovo ulje je lako probavljivo, a poma\u017ee u borbi protiv raka. Dobro je za kosti i zglobove, ko\u017eu, jetra i crijeva. Poma\u017ee i kod dijabetesa i \u010dira na \u017eelucu.\",\"breadcrumb\":{\"@id\":\"https:\/\/omega.ba\/product\/oljvia-maslinovo-ulje-1l\/#breadcrumb\"},\"inLanguage\":\"en-US\",\"potentialAction\":[{\"@type\":\"ReadAction\",\"target\":[\"https:\/\/omega.ba\/product\/oljvia-maslinovo-ulje-1l\/\"]}]},{\"@type\":\"ImageObject\",\"inLanguage\":\"en-US\",\"@id\":\"https:\/\/omega.ba\/product\/oljvia-maslinovo-ulje-1l\/#primaryimage\",\"url\":\"https:\/\/omega.ba\/business\/wp-content\/uploads\/2022\/10\/885954.jpg\",\"contentUrl\":\"https:\/\/omega.ba\/business\/wp-content\/uploads\/2022\/10\/885954.jpg\",\"width\":900,\"height\":900},{\"@type\":\"BreadcrumbList\",\"@id\":\"https:\/\/omega.ba\/product\/oljvia-maslinovo-ulje-1l\/#breadcrumb\",\"itemListElement\":[{\"@type\":\"ListItem\",\"position\":1,\"name\":\"Naslovna\",\"item\":\"https:\/\/omega.ba\/\"},{\"@type\":\"ListItem\",\"position\":2,\"name\":\"Shop\",\"item\":\"https:\/\/omega.ba\/shop\/\"},{\"@type\":\"ListItem\",\"position\":3,\"name\":\"Olvia Maslinovo ulje 1l\"}]},{\"@type\":\"WebSite\",\"@id\":\"https:\/\/omega.ba\/#website\",\"url\":\"https:\/\/omega.ba\/\",\"name\":\"Omega d.o.o.\",\"description\":\"Omega d.o.o. je porodi\u010dna firma osnovana 1990. godine u \u017divinicama. Kao jedna od prvih malih privatnih firmi u BiH ispo\u010detka se bavila prodajom robe \u0161iroke potro\u0161nje, a zatim i namje\u0161taja, te bijele tehnike i potro\u0161a\u010dke elektronike. Dru\u0161tvo je primarno registrovano za trgovinu, a sporedne djelatnosti kojima se bavi su servisiranje ure\u0111aja i iznajmljivanje nekretnina.\",\"publisher\":{\"@id\":\"https:\/\/omega.ba\/#organization\"},\"potentialAction\":[{\"@type\":\"SearchAction\",\"target\":{\"@type\":\"EntryPoint\",\"urlTemplate\":\"https:\/\/omega.ba\/?s={search_term_string}\"},\"query-input\":{\"@type\":\"PropertyValueSpecification\",\"valueRequired\":true,\"valueName\":\"search_term_string\"}}],\"inLanguage\":\"en-US\"},{\"@type\":\"Organization\",\"@id\":\"https:\/\/omega.ba\/#organization\",\"name\":\"Omega d.o.o.\",\"url\":\"https:\/\/omega.ba\/\",\"logo\":{\"@type\":\"ImageObject\",\"inLanguage\":\"en-US\",\"@id\":\"https:\/\/omega.ba\/#\/schema\/logo\/image\/\",\"url\":\"https:\/\/omega.ba\/business\/wp-content\/uploads\/2022\/08\/cropped-omega_old_logo.png\",\"contentUrl\":\"https:\/\/omega.ba\/business\/wp-content\/uploads\/2022\/08\/cropped-omega_old_logo.png\",\"width\":512,\"height\":512,\"caption\":\"Omega d.o.o.\"},\"image\":{\"@id\":\"https:\/\/omega.ba\/#\/schema\/logo\/image\/\"},\"sameAs\":[\"https:\/\/www.facebook.com\/Omega-doo-100267234814814\/\"]}]}<\/script>\n<!-- \/ Yoast SEO plugin. -->","yoast_head_json":{"title":"Olvia Maslinovo ulje 1l - Omega d.o.o.","description":"Oljvia Olive oil is easily digestible and helps fight cancer. It is good for bones and joints, skin, liver and intestines. It also helps with diabetes and stomach ulcers.","robots":{"index":"index","follow":"follow","max-snippet":"max-snippet:-1","max-image-preview":"max-image-preview:large","max-video-preview":"max-video-preview:-1"},"canonical":"https:\/\/omega.ba\/en\/product\/oljvia-maslinovo-ulje-1l\/","og_locale":"en_US","og_type":"article","og_title":"Olvia Maslinovo ulje 1l - Omega d.o.o.","og_description":"Oljvia Maslinovo ulje je lako probavljivo, a poma\u017ee u borbi protiv raka. Dobro je za kosti i zglobove, ko\u017eu, jetra i crijeva. Poma\u017ee i kod dijabetesa i \u010dira na \u017eelucu.","og_url":"https:\/\/omega.ba\/en\/product\/oljvia-maslinovo-ulje-1l\/","og_site_name":"Omega d.o.o.","article_publisher":"https:\/\/www.facebook.com\/Omega-doo-100267234814814\/","article_modified_time":"2022-10-10T16:17:11+00:00","og_image":[{"width":900,"height":900,"url":"https:\/\/omega.ba\/business\/wp-content\/uploads\/2022\/10\/885954.jpg","type":"image\/jpeg"}],"twitter_card":"summary_large_image","twitter_misc":{"Est. reading time":"1 minute"},"schema":{"@context":"https:\/\/schema.org","@graph":[{"@type":"WebPage","@id":"https:\/\/omega.ba\/product\/oljvia-maslinovo-ulje-1l\/","url":"https:\/\/omega.ba\/product\/oljvia-maslinovo-ulje-1l\/","name":"Olvia Maslinovo ulje 1l - Omega d.o.o.","isPartOf":{"@id":"https:\/\/omega.ba\/#website"},"primaryImageOfPage":{"@id":"https:\/\/omega.ba\/product\/oljvia-maslinovo-ulje-1l\/#primaryimage"},"image":{"@id":"https:\/\/omega.ba\/product\/oljvia-maslinovo-ulje-1l\/#primaryimage"},"thumbnailUrl":"https:\/\/omega.ba\/business\/wp-content\/uploads\/2022\/10\/885954.jpg","datePublished":"2022-01-11T09:27:36+00:00","dateModified":"2022-10-10T16:17:11+00:00","description":"Oljvia Olive oil is easily digestible and helps fight cancer. It is good for bones and joints, skin, liver and intestines. It also helps with diabetes and stomach ulcers.","breadcrumb":{"@id":"https:\/\/omega.ba\/product\/oljvia-maslinovo-ulje-1l\/#breadcrumb"},"inLanguage":"en-US","potentialAction":[{"@type":"ReadAction","target":["https:\/\/omega.ba\/product\/oljvia-maslinovo-ulje-1l\/"]}]},{"@type":"ImageObject","inLanguage":"en-US","@id":"https:\/\/omega.ba\/product\/oljvia-maslinovo-ulje-1l\/#primaryimage","url":"https:\/\/omega.ba\/business\/wp-content\/uploads\/2022\/10\/885954.jpg","contentUrl":"https:\/\/omega.ba\/business\/wp-content\/uploads\/2022\/10\/885954.jpg","width":900,"height":900},{"@type":"BreadcrumbList","@id":"https:\/\/omega.ba\/product\/oljvia-maslinovo-ulje-1l\/#breadcrumb","itemListElement":[{"@type":"ListItem","position":1,"name":"Naslovna","item":"https:\/\/omega.ba\/"},{"@type":"ListItem","position":2,"name":"Shop","item":"https:\/\/omega.ba\/shop\/"},{"@type":"ListItem","position":3,"name":"Olvia Maslinovo ulje 1l"}]},{"@type":"WebSite","@id":"https:\/\/omega.ba\/#website","url":"https:\/\/omega.ba\/","name":"Omega doo","description":"Omega doo is a family company founded in 1990 in \u017divinice. As one of the first small private companies in BiH, from the beginning it was engaged in the sale of consumer goods, and then also furniture, white goods and consumer electronics. The company is primarily registered for trade, and its secondary activities are device servicing and real estate rental.","publisher":{"@id":"https:\/\/omega.ba\/#organization"},"potentialAction":[{"@type":"SearchAction","target":{"@type":"EntryPoint","urlTemplate":"https:\/\/omega.ba\/?s={search_term_string}"},"query-input":{"@type":"PropertyValueSpecification","valueRequired":true,"valueName":"search_term_string"}}],"inLanguage":"en-US"},{"@type":"Organization","@id":"https:\/\/omega.ba\/#organization","name":"Omega doo","url":"https:\/\/omega.ba\/","logo":{"@type":"ImageObject","inLanguage":"en-US","@id":"https:\/\/omega.ba\/#\/schema\/logo\/image\/","url":"https:\/\/omega.ba\/business\/wp-content\/uploads\/2022\/08\/cropped-omega_old_logo.png","contentUrl":"https:\/\/omega.ba\/business\/wp-content\/uploads\/2022\/08\/cropped-omega_old_logo.png","width":512,"height":512,"caption":"Omega d.o.o."},"image":{"@id":"https:\/\/omega.ba\/#\/schema\/logo\/image\/"},"sameAs":["https:\/\/www.facebook.com\/Omega-doo-100267234814814\/"]}]}},"_links":{"self":[{"href":"https:\/\/omega.ba\/en\/wp-json\/wp\/v2\/product\/1228","targetHints":{"allow":["GET"]}}],"collection":[{"href":"https:\/\/omega.ba\/en\/wp-json\/wp\/v2\/product"}],"about":[{"href":"https:\/\/omega.ba\/en\/wp-json\/wp\/v2\/types\/product"}],"version-history":[{"count":0,"href":"https:\/\/omega.ba\/en\/wp-json\/wp\/v2\/product\/1228\/revisions"}],"wp:featuredmedia":[{"embeddable":true,"href":"https:\/\/omega.ba\/en\/wp-json\/wp\/v2\/media\/3510"}],"wp:attachment":[{"href":"https:\/\/omega.ba\/en\/wp-json\/wp\/v2\/media?parent=1228"}],"wp:term":[{"taxonomy":"product_brand","embeddable":true,"href":"https:\/\/omega.ba\/en\/wp-json\/wp\/v2\/product_brand?post=1228"},{"taxonomy":"product_cat","embeddable":true,"href":"https:\/\/omega.ba\/en\/wp-json\/wp\/v2\/product_cat?post=1228"},{"taxonomy":"product_tag","embeddable":true,"href":"https:\/\/omega.ba\/en\/wp-json\/wp\/v2\/product_tag?post=1228"}],"curies":[{"name":"wp","href":"https:\/\/api.w.org\/{rel}","templated":true}]}}