{"id":1232,"date":"2022-01-11T10:52:57","date_gmt":"2022-01-11T09:52:57","guid":{"rendered":"https:\/\/robesirokepotrosnje.omega.ba\/?post_type=product&#038;p=1232"},"modified":"2022-10-10T18:17:13","modified_gmt":"2022-10-10T16:17:13","slug":"zelene-doline-sir-ribani-300g","status":"publish","type":"product","link":"https:\/\/omega.ba\/en\/product\/zelene-doline-sir-ribani-300g\/","title":{"rendered":"Zelene Doline grated cheese 300g"},"content":{"rendered":"<h3>Average nutritional value per 100 g of product<\/h3>\n<table>\n<tbody>\n<tr>\n<td>Energetic value<\/td>\n<td>1335 kJ \/ 321 kcal<\/td>\n<\/tr>\n<tr>\n<td>Fats<\/td>\n<td>22.1 years<\/td>\n<\/tr>\n<tr>\n<td>of which saturated fatty acids<\/td>\n<td>14.6 g<\/td>\n<\/tr>\n<tr>\n<td>Carbohydrates<\/td>\n<td>4.8 g<\/td>\n<\/tr>\n<tr>\n<td>of which sugars<\/td>\n<td>1.4 g<\/td>\n<\/tr>\n<tr>\n<td>Fibers<\/td>\n<td>\u2013<\/td>\n<\/tr>\n<tr>\n<td>Proteins<\/td>\n<td>25.6 g<\/td>\n<\/tr>\n<tr>\n<td>Sol<\/td>\n<td>1.35 g<\/td>\n<\/tr>\n<tr>\n<td>Calcium<\/td>\n<td>\u2013<\/td>\n<\/tr>\n<\/tbody>\n<\/table>","protected":false},"excerpt":{"rendered":"<p>Packaging:<img class=\"alignnone  wp-image-1233\" src=\"https:\/\/robesirokepotrosnje.omega.ba\/wp-content\/uploads\/2022\/01\/Riban-sir-300-g-v2.png\" alt=\"\" width=\"75\" height=\"137\" \/><\/p>\n<ul>\n<li><span>source of calcium<\/span><\/li>\n<li><span>a natural source of protein<\/span><\/li>\n<li><span>lactose-free (lactose content &lt;0.1 g per 100 g of product)<\/span><\/li>\n<li><span>without preservatives<\/span><\/li>\n<li><span>produced exclusively from Slovenian milk<\/span><\/li>\n<li><span>without genetically modified organisms<\/span><\/li>\n<li><span>has the trademark &quot;selected Slovenian quality&quot;<\/span><\/li>\n<\/ul>","protected":false},"featured_media":3512,"template":"","meta":{"cybocfi_hide_featured_image":""},"product_brand":[],"product_cat":[122,54],"product_tag":[101,102,55],"class_list":{"0":"post-1232","1":"product","2":"type-product","3":"status-publish","4":"has-post-thumbnail","6":"product_cat-sirevi-zelene-doline","7":"product_cat-zelene-doline","8":"product_tag-ribani-sir","9":"product_tag-sir","10":"product_tag-zelene-doline","12":"first","13":"instock","14":"shipping-taxable","15":"product-type-simple"},"yoast_head":"<!-- This site is optimized with the Yoast SEO plugin v26.8 - https:\/\/yoast.com\/product\/yoast-seo-wordpress\/ -->\n<title>Zelene Doline Sir ribani 300g - Omega d.o.o.<\/title>\n<meta name=\"description\" content=\"Sirevi Zelene Doline predstavljeni su izuzetnog ukusa i vrhunskog kvaliteta. Prednost im je da nemaju laktozu. Ljubitelji svje\u017eih sireva ne bi trebali zanemariti izvrsnost bijelog sira koji zadovoljava i najzahtjevnije gurmane.\" \/>\n<meta name=\"robots\" content=\"index, follow, max-snippet:-1, max-image-preview:large, max-video-preview:-1\" \/>\n<link rel=\"canonical\" href=\"https:\/\/omega.ba\/en\/product\/zelene-doline-sir-ribani-300g\/\" \/>\n<meta property=\"og:locale\" content=\"en_US\" \/>\n<meta property=\"og:type\" content=\"article\" \/>\n<meta property=\"og:title\" content=\"Zelene Doline Sir ribani 300g - Omega d.o.o.\" \/>\n<meta property=\"og:description\" content=\"Sirevi Zelene Doline predstavljeni su izuzetnog ukusa i vrhunskog kvaliteta. Prednost im je da nemaju laktozu. Ljubitelji svje\u017eih sireva ne bi trebali zanemariti izvrsnost bijelog sira koji zadovoljava i najzahtjevnije gurmane.\" \/>\n<meta property=\"og:url\" content=\"https:\/\/omega.ba\/en\/product\/zelene-doline-sir-ribani-300g\/\" \/>\n<meta property=\"og:site_name\" content=\"Omega d.o.o.\" \/>\n<meta property=\"article:publisher\" content=\"https:\/\/www.facebook.com\/Omega-doo-100267234814814\/\" \/>\n<meta property=\"article:modified_time\" content=\"2022-10-10T16:17:13+00:00\" \/>\n<meta property=\"og:image\" content=\"https:\/\/omega.ba\/business\/wp-content\/uploads\/2022\/10\/ribani-sir_zd.jpg\" \/>\n\t<meta property=\"og:image:width\" content=\"900\" \/>\n\t<meta property=\"og:image:height\" content=\"900\" \/>\n\t<meta property=\"og:image:type\" content=\"image\/jpeg\" \/>\n<meta name=\"twitter:card\" content=\"summary_large_image\" \/>\n<script type=\"application\/ld+json\" class=\"yoast-schema-graph\">{\"@context\":\"https:\/\/schema.org\",\"@graph\":[{\"@type\":\"WebPage\",\"@id\":\"https:\/\/omega.ba\/product\/zelene-doline-sir-ribani-300g\/\",\"url\":\"https:\/\/omega.ba\/product\/zelene-doline-sir-ribani-300g\/\",\"name\":\"Zelene Doline Sir ribani 300g - Omega d.o.o.\",\"isPartOf\":{\"@id\":\"https:\/\/omega.ba\/#website\"},\"primaryImageOfPage\":{\"@id\":\"https:\/\/omega.ba\/product\/zelene-doline-sir-ribani-300g\/#primaryimage\"},\"image\":{\"@id\":\"https:\/\/omega.ba\/product\/zelene-doline-sir-ribani-300g\/#primaryimage\"},\"thumbnailUrl\":\"https:\/\/omega.ba\/business\/wp-content\/uploads\/2022\/10\/ribani-sir_zd.jpg\",\"datePublished\":\"2022-01-11T09:52:57+00:00\",\"dateModified\":\"2022-10-10T16:17:13+00:00\",\"description\":\"Sirevi Zelene Doline predstavljeni su izuzetnog ukusa i vrhunskog kvaliteta. Prednost im je da nemaju laktozu. Ljubitelji svje\u017eih sireva ne bi trebali zanemariti izvrsnost bijelog sira koji zadovoljava i najzahtjevnije gurmane.\",\"breadcrumb\":{\"@id\":\"https:\/\/omega.ba\/product\/zelene-doline-sir-ribani-300g\/#breadcrumb\"},\"inLanguage\":\"en-US\",\"potentialAction\":[{\"@type\":\"ReadAction\",\"target\":[\"https:\/\/omega.ba\/product\/zelene-doline-sir-ribani-300g\/\"]}]},{\"@type\":\"ImageObject\",\"inLanguage\":\"en-US\",\"@id\":\"https:\/\/omega.ba\/product\/zelene-doline-sir-ribani-300g\/#primaryimage\",\"url\":\"https:\/\/omega.ba\/business\/wp-content\/uploads\/2022\/10\/ribani-sir_zd.jpg\",\"contentUrl\":\"https:\/\/omega.ba\/business\/wp-content\/uploads\/2022\/10\/ribani-sir_zd.jpg\",\"width\":900,\"height\":900},{\"@type\":\"BreadcrumbList\",\"@id\":\"https:\/\/omega.ba\/product\/zelene-doline-sir-ribani-300g\/#breadcrumb\",\"itemListElement\":[{\"@type\":\"ListItem\",\"position\":1,\"name\":\"Naslovna\",\"item\":\"https:\/\/omega.ba\/\"},{\"@type\":\"ListItem\",\"position\":2,\"name\":\"Shop\",\"item\":\"https:\/\/omega.ba\/shop\/\"},{\"@type\":\"ListItem\",\"position\":3,\"name\":\"Zelene Doline Sir ribani 300g\"}]},{\"@type\":\"WebSite\",\"@id\":\"https:\/\/omega.ba\/#website\",\"url\":\"https:\/\/omega.ba\/\",\"name\":\"Omega d.o.o.\",\"description\":\"Omega d.o.o. je porodi\u010dna firma osnovana 1990. godine u \u017divinicama. Kao jedna od prvih malih privatnih firmi u BiH ispo\u010detka se bavila prodajom robe \u0161iroke potro\u0161nje, a zatim i namje\u0161taja, te bijele tehnike i potro\u0161a\u010dke elektronike. Dru\u0161tvo je primarno registrovano za trgovinu, a sporedne djelatnosti kojima se bavi su servisiranje ure\u0111aja i iznajmljivanje nekretnina.\",\"publisher\":{\"@id\":\"https:\/\/omega.ba\/#organization\"},\"potentialAction\":[{\"@type\":\"SearchAction\",\"target\":{\"@type\":\"EntryPoint\",\"urlTemplate\":\"https:\/\/omega.ba\/?s={search_term_string}\"},\"query-input\":{\"@type\":\"PropertyValueSpecification\",\"valueRequired\":true,\"valueName\":\"search_term_string\"}}],\"inLanguage\":\"en-US\"},{\"@type\":\"Organization\",\"@id\":\"https:\/\/omega.ba\/#organization\",\"name\":\"Omega d.o.o.\",\"url\":\"https:\/\/omega.ba\/\",\"logo\":{\"@type\":\"ImageObject\",\"inLanguage\":\"en-US\",\"@id\":\"https:\/\/omega.ba\/#\/schema\/logo\/image\/\",\"url\":\"https:\/\/omega.ba\/business\/wp-content\/uploads\/2022\/08\/cropped-omega_old_logo.png\",\"contentUrl\":\"https:\/\/omega.ba\/business\/wp-content\/uploads\/2022\/08\/cropped-omega_old_logo.png\",\"width\":512,\"height\":512,\"caption\":\"Omega d.o.o.\"},\"image\":{\"@id\":\"https:\/\/omega.ba\/#\/schema\/logo\/image\/\"},\"sameAs\":[\"https:\/\/www.facebook.com\/Omega-doo-100267234814814\/\"]}]}<\/script>\n<!-- \/ Yoast SEO plugin. -->","yoast_head_json":{"title":"Zelene Doline Sir ribani 300g - Omega d.o.o.","description":"Zelena Dolina cheeses are presented with exceptional taste and top quality. Their advantage is that they do not contain lactose. Lovers of fresh cheeses should not ignore the excellence of white cheese that satisfies even the most demanding gourmets.","robots":{"index":"index","follow":"follow","max-snippet":"max-snippet:-1","max-image-preview":"max-image-preview:large","max-video-preview":"max-video-preview:-1"},"canonical":"https:\/\/omega.ba\/en\/product\/zelene-doline-sir-ribani-300g\/","og_locale":"en_US","og_type":"article","og_title":"Zelene Doline Sir ribani 300g - Omega d.o.o.","og_description":"Sirevi Zelene Doline predstavljeni su izuzetnog ukusa i vrhunskog kvaliteta. Prednost im je da nemaju laktozu. Ljubitelji svje\u017eih sireva ne bi trebali zanemariti izvrsnost bijelog sira koji zadovoljava i najzahtjevnije gurmane.","og_url":"https:\/\/omega.ba\/en\/product\/zelene-doline-sir-ribani-300g\/","og_site_name":"Omega d.o.o.","article_publisher":"https:\/\/www.facebook.com\/Omega-doo-100267234814814\/","article_modified_time":"2022-10-10T16:17:13+00:00","og_image":[{"width":900,"height":900,"url":"https:\/\/omega.ba\/business\/wp-content\/uploads\/2022\/10\/ribani-sir_zd.jpg","type":"image\/jpeg"}],"twitter_card":"summary_large_image","schema":{"@context":"https:\/\/schema.org","@graph":[{"@type":"WebPage","@id":"https:\/\/omega.ba\/product\/zelene-doline-sir-ribani-300g\/","url":"https:\/\/omega.ba\/product\/zelene-doline-sir-ribani-300g\/","name":"Zelene Doline Sir ribani 300g - Omega d.o.o.","isPartOf":{"@id":"https:\/\/omega.ba\/#website"},"primaryImageOfPage":{"@id":"https:\/\/omega.ba\/product\/zelene-doline-sir-ribani-300g\/#primaryimage"},"image":{"@id":"https:\/\/omega.ba\/product\/zelene-doline-sir-ribani-300g\/#primaryimage"},"thumbnailUrl":"https:\/\/omega.ba\/business\/wp-content\/uploads\/2022\/10\/ribani-sir_zd.jpg","datePublished":"2022-01-11T09:52:57+00:00","dateModified":"2022-10-10T16:17:13+00:00","description":"Zelena Dolina cheeses are presented with exceptional taste and top quality. Their advantage is that they do not contain lactose. Lovers of fresh cheeses should not ignore the excellence of white cheese that satisfies even the most demanding gourmets.","breadcrumb":{"@id":"https:\/\/omega.ba\/product\/zelene-doline-sir-ribani-300g\/#breadcrumb"},"inLanguage":"en-US","potentialAction":[{"@type":"ReadAction","target":["https:\/\/omega.ba\/product\/zelene-doline-sir-ribani-300g\/"]}]},{"@type":"ImageObject","inLanguage":"en-US","@id":"https:\/\/omega.ba\/product\/zelene-doline-sir-ribani-300g\/#primaryimage","url":"https:\/\/omega.ba\/business\/wp-content\/uploads\/2022\/10\/ribani-sir_zd.jpg","contentUrl":"https:\/\/omega.ba\/business\/wp-content\/uploads\/2022\/10\/ribani-sir_zd.jpg","width":900,"height":900},{"@type":"BreadcrumbList","@id":"https:\/\/omega.ba\/product\/zelene-doline-sir-ribani-300g\/#breadcrumb","itemListElement":[{"@type":"ListItem","position":1,"name":"Naslovna","item":"https:\/\/omega.ba\/"},{"@type":"ListItem","position":2,"name":"Shop","item":"https:\/\/omega.ba\/shop\/"},{"@type":"ListItem","position":3,"name":"Zelene Doline Sir ribani 300g"}]},{"@type":"WebSite","@id":"https:\/\/omega.ba\/#website","url":"https:\/\/omega.ba\/","name":"Omega doo","description":"Omega doo is a family company founded in 1990 in \u017divinice. As one of the first small private companies in BiH, from the beginning it was engaged in the sale of consumer goods, and then also furniture, white goods and consumer electronics. The company is primarily registered for trade, and its secondary activities are device servicing and real estate rental.","publisher":{"@id":"https:\/\/omega.ba\/#organization"},"potentialAction":[{"@type":"SearchAction","target":{"@type":"EntryPoint","urlTemplate":"https:\/\/omega.ba\/?s={search_term_string}"},"query-input":{"@type":"PropertyValueSpecification","valueRequired":true,"valueName":"search_term_string"}}],"inLanguage":"en-US"},{"@type":"Organization","@id":"https:\/\/omega.ba\/#organization","name":"Omega doo","url":"https:\/\/omega.ba\/","logo":{"@type":"ImageObject","inLanguage":"en-US","@id":"https:\/\/omega.ba\/#\/schema\/logo\/image\/","url":"https:\/\/omega.ba\/business\/wp-content\/uploads\/2022\/08\/cropped-omega_old_logo.png","contentUrl":"https:\/\/omega.ba\/business\/wp-content\/uploads\/2022\/08\/cropped-omega_old_logo.png","width":512,"height":512,"caption":"Omega d.o.o."},"image":{"@id":"https:\/\/omega.ba\/#\/schema\/logo\/image\/"},"sameAs":["https:\/\/www.facebook.com\/Omega-doo-100267234814814\/"]}]}},"_links":{"self":[{"href":"https:\/\/omega.ba\/en\/wp-json\/wp\/v2\/product\/1232","targetHints":{"allow":["GET"]}}],"collection":[{"href":"https:\/\/omega.ba\/en\/wp-json\/wp\/v2\/product"}],"about":[{"href":"https:\/\/omega.ba\/en\/wp-json\/wp\/v2\/types\/product"}],"version-history":[{"count":0,"href":"https:\/\/omega.ba\/en\/wp-json\/wp\/v2\/product\/1232\/revisions"}],"wp:featuredmedia":[{"embeddable":true,"href":"https:\/\/omega.ba\/en\/wp-json\/wp\/v2\/media\/3512"}],"wp:attachment":[{"href":"https:\/\/omega.ba\/en\/wp-json\/wp\/v2\/media?parent=1232"}],"wp:term":[{"taxonomy":"product_brand","embeddable":true,"href":"https:\/\/omega.ba\/en\/wp-json\/wp\/v2\/product_brand?post=1232"},{"taxonomy":"product_cat","embeddable":true,"href":"https:\/\/omega.ba\/en\/wp-json\/wp\/v2\/product_cat?post=1232"},{"taxonomy":"product_tag","embeddable":true,"href":"https:\/\/omega.ba\/en\/wp-json\/wp\/v2\/product_tag?post=1232"}],"curies":[{"name":"wp","href":"https:\/\/api.w.org\/{rel}","templated":true}]}}