{"id":1244,"date":"2022-01-11T12:06:26","date_gmt":"2022-01-11T11:06:26","guid":{"rendered":"https:\/\/robesirokepotrosnje.omega.ba\/?post_type=product&#038;p=1244"},"modified":"2022-10-10T18:17:16","modified_gmt":"2022-10-10T16:17:16","slug":"zelene-doline-mlijecni-namaz-sa-vrhnjem-150g","status":"publish","type":"product","link":"https:\/\/omega.ba\/en\/product\/zelene-doline-mlijecni-namaz-sa-vrhnjem-150g\/","title":{"rendered":"Zelene Doline Milk spread with cream 150g"},"content":{"rendered":"<p>Milk spreads <strong>Green Valleys<\/strong> are creamy and full of flavor, perfect in the company of fresh bread, toasted slices of toast or golden toast. They are the first Slovenian spreads without preservatives and additives and true ambassadors of the slogan\u00a0<strong>The best in our nature.\u00a0<\/strong>The unforgettable adventure of a culinary gathering is completed by Mladi kajmak, which plays the role of a gourmet specialty as a side dish to grilled dishes, as a spread in the sweet and salty company of pancakes, and is also excellent in the company of fresh vegetables.<\/p>\n<h3>Average nutritional value per 100 g of product<\/h3>\n<table>\n<tbody>\n<tr>\n<td>Energetic value<\/td>\n<td>716 kJ \/ 173 kcal<\/td>\n<\/tr>\n<tr>\n<td>Fats<\/td>\n<td>15.5 g<\/td>\n<\/tr>\n<tr>\n<td>of which saturated fatty acids<\/td>\n<td>9.7 g<\/td>\n<\/tr>\n<tr>\n<td>Carbohydrates<\/td>\n<td>6.2 g<\/td>\n<\/tr>\n<tr>\n<td>of which sugars<\/td>\n<td>2.9 g<\/td>\n<\/tr>\n<tr>\n<td>Fibers<\/td>\n<td>\u2013<\/td>\n<\/tr>\n<tr>\n<td>Proteins<\/td>\n<td>2.2 g<\/td>\n<\/tr>\n<tr>\n<td>Sol<\/td>\n<td>0.6 g<\/td>\n<\/tr>\n<tr>\n<td>Calcium<\/td>\n<td>\u2013<\/td>\n<\/tr>\n<\/tbody>\n<\/table>","protected":false},"excerpt":{"rendered":"<p>Zelena Dolina milk spreads are creamy and full of flavor, perfect in the company of fresh bread, toasted slices of toast or golden toast....<\/p>","protected":false},"featured_media":3515,"template":"","meta":{"cybocfi_hide_featured_image":""},"product_brand":[],"product_cat":[124,54],"product_tag":[103,55],"class_list":{"0":"post-1244","1":"product","2":"type-product","3":"status-publish","4":"has-post-thumbnail","6":"product_cat-namazi-zelene-doline","7":"product_cat-zelene-doline","8":"product_tag-mlijecni-namaz","9":"product_tag-zelene-doline","11":"first","12":"instock","13":"shipping-taxable","14":"product-type-simple"},"yoast_head":"<!-- This site is optimized with the Yoast SEO plugin v26.8 - https:\/\/yoast.com\/product\/yoast-seo-wordpress\/ -->\n<title>Zelene Doline Mlije\u010dni namaz sa vrhnjem 150g - Omega d.o.o.<\/title>\n<meta name=\"description\" content=\"Mlije\u010dni namazi Zelene Doline su kremastog i punog okusa, savr\u0161eni u dru\u0161tvu svje\u017eeg hljeba, tostiranih kri\u0161ki tosta. Bez konzervansa i aditiva i pravi ambasadori slogana\u00a0Najbolje u na\u0161oj prirodi.\" \/>\n<meta name=\"robots\" content=\"index, follow, max-snippet:-1, max-image-preview:large, max-video-preview:-1\" \/>\n<link rel=\"canonical\" href=\"https:\/\/omega.ba\/en\/product\/zelene-doline-mlijecni-namaz-sa-vrhnjem-150g\/\" \/>\n<meta property=\"og:locale\" content=\"en_US\" \/>\n<meta property=\"og:type\" content=\"article\" \/>\n<meta property=\"og:title\" content=\"Zelene Doline Mlije\u010dni namaz sa vrhnjem 150g - Omega d.o.o.\" \/>\n<meta property=\"og:description\" content=\"Mlije\u010dni namazi Zelene Doline su kremastog i punog okusa, savr\u0161eni u dru\u0161tvu svje\u017eeg hljeba, tostiranih kri\u0161ki tosta. Bez konzervansa i aditiva i pravi ambasadori slogana\u00a0Najbolje u na\u0161oj prirodi.\" \/>\n<meta property=\"og:url\" content=\"https:\/\/omega.ba\/en\/product\/zelene-doline-mlijecni-namaz-sa-vrhnjem-150g\/\" \/>\n<meta property=\"og:site_name\" content=\"Omega d.o.o.\" \/>\n<meta property=\"article:publisher\" content=\"https:\/\/www.facebook.com\/Omega-doo-100267234814814\/\" \/>\n<meta property=\"article:modified_time\" content=\"2022-10-10T16:17:16+00:00\" \/>\n<meta property=\"og:image\" content=\"https:\/\/omega.ba\/business\/wp-content\/uploads\/2022\/10\/855013.jpg\" \/>\n\t<meta property=\"og:image:width\" content=\"900\" \/>\n\t<meta property=\"og:image:height\" content=\"900\" \/>\n\t<meta property=\"og:image:type\" content=\"image\/jpeg\" \/>\n<meta name=\"twitter:card\" content=\"summary_large_image\" \/>\n<meta name=\"twitter:label1\" content=\"Est. reading time\" \/>\n\t<meta name=\"twitter:data1\" content=\"1 minute\" \/>\n<script type=\"application\/ld+json\" class=\"yoast-schema-graph\">{\"@context\":\"https:\/\/schema.org\",\"@graph\":[{\"@type\":\"WebPage\",\"@id\":\"https:\/\/omega.ba\/product\/zelene-doline-mlijecni-namaz-sa-vrhnjem-150g\/\",\"url\":\"https:\/\/omega.ba\/product\/zelene-doline-mlijecni-namaz-sa-vrhnjem-150g\/\",\"name\":\"Zelene Doline Mlije\u010dni namaz sa vrhnjem 150g - Omega d.o.o.\",\"isPartOf\":{\"@id\":\"https:\/\/omega.ba\/#website\"},\"primaryImageOfPage\":{\"@id\":\"https:\/\/omega.ba\/product\/zelene-doline-mlijecni-namaz-sa-vrhnjem-150g\/#primaryimage\"},\"image\":{\"@id\":\"https:\/\/omega.ba\/product\/zelene-doline-mlijecni-namaz-sa-vrhnjem-150g\/#primaryimage\"},\"thumbnailUrl\":\"https:\/\/omega.ba\/business\/wp-content\/uploads\/2022\/10\/855013.jpg\",\"datePublished\":\"2022-01-11T11:06:26+00:00\",\"dateModified\":\"2022-10-10T16:17:16+00:00\",\"description\":\"Mlije\u010dni namazi Zelene Doline su kremastog i punog okusa, savr\u0161eni u dru\u0161tvu svje\u017eeg hljeba, tostiranih kri\u0161ki tosta. Bez konzervansa i aditiva i pravi ambasadori slogana\u00a0Najbolje u na\u0161oj prirodi.\",\"breadcrumb\":{\"@id\":\"https:\/\/omega.ba\/product\/zelene-doline-mlijecni-namaz-sa-vrhnjem-150g\/#breadcrumb\"},\"inLanguage\":\"en-US\",\"potentialAction\":[{\"@type\":\"ReadAction\",\"target\":[\"https:\/\/omega.ba\/product\/zelene-doline-mlijecni-namaz-sa-vrhnjem-150g\/\"]}]},{\"@type\":\"ImageObject\",\"inLanguage\":\"en-US\",\"@id\":\"https:\/\/omega.ba\/product\/zelene-doline-mlijecni-namaz-sa-vrhnjem-150g\/#primaryimage\",\"url\":\"https:\/\/omega.ba\/business\/wp-content\/uploads\/2022\/10\/855013.jpg\",\"contentUrl\":\"https:\/\/omega.ba\/business\/wp-content\/uploads\/2022\/10\/855013.jpg\",\"width\":900,\"height\":900},{\"@type\":\"BreadcrumbList\",\"@id\":\"https:\/\/omega.ba\/product\/zelene-doline-mlijecni-namaz-sa-vrhnjem-150g\/#breadcrumb\",\"itemListElement\":[{\"@type\":\"ListItem\",\"position\":1,\"name\":\"Naslovna\",\"item\":\"https:\/\/omega.ba\/\"},{\"@type\":\"ListItem\",\"position\":2,\"name\":\"Shop\",\"item\":\"https:\/\/omega.ba\/shop\/\"},{\"@type\":\"ListItem\",\"position\":3,\"name\":\"Zelene Doline Mlije\u010dni namaz sa vrhnjem 150g\"}]},{\"@type\":\"WebSite\",\"@id\":\"https:\/\/omega.ba\/#website\",\"url\":\"https:\/\/omega.ba\/\",\"name\":\"Omega d.o.o.\",\"description\":\"Omega d.o.o. je porodi\u010dna firma osnovana 1990. godine u \u017divinicama. Kao jedna od prvih malih privatnih firmi u BiH ispo\u010detka se bavila prodajom robe \u0161iroke potro\u0161nje, a zatim i namje\u0161taja, te bijele tehnike i potro\u0161a\u010dke elektronike. Dru\u0161tvo je primarno registrovano za trgovinu, a sporedne djelatnosti kojima se bavi su servisiranje ure\u0111aja i iznajmljivanje nekretnina.\",\"publisher\":{\"@id\":\"https:\/\/omega.ba\/#organization\"},\"potentialAction\":[{\"@type\":\"SearchAction\",\"target\":{\"@type\":\"EntryPoint\",\"urlTemplate\":\"https:\/\/omega.ba\/?s={search_term_string}\"},\"query-input\":{\"@type\":\"PropertyValueSpecification\",\"valueRequired\":true,\"valueName\":\"search_term_string\"}}],\"inLanguage\":\"en-US\"},{\"@type\":\"Organization\",\"@id\":\"https:\/\/omega.ba\/#organization\",\"name\":\"Omega d.o.o.\",\"url\":\"https:\/\/omega.ba\/\",\"logo\":{\"@type\":\"ImageObject\",\"inLanguage\":\"en-US\",\"@id\":\"https:\/\/omega.ba\/#\/schema\/logo\/image\/\",\"url\":\"https:\/\/omega.ba\/business\/wp-content\/uploads\/2022\/08\/cropped-omega_old_logo.png\",\"contentUrl\":\"https:\/\/omega.ba\/business\/wp-content\/uploads\/2022\/08\/cropped-omega_old_logo.png\",\"width\":512,\"height\":512,\"caption\":\"Omega d.o.o.\"},\"image\":{\"@id\":\"https:\/\/omega.ba\/#\/schema\/logo\/image\/\"},\"sameAs\":[\"https:\/\/www.facebook.com\/Omega-doo-100267234814814\/\"]}]}<\/script>\n<!-- \/ Yoast SEO plugin. -->","yoast_head_json":{"title":"Zelene Doline Mlije\u010dni namaz sa vrhnjem 150g - Omega d.o.o.","description":"Zelena Dolina&#039;s milk spreads are creamy and full of flavor, perfect in the company of fresh bread, toasted slices of toast. Without preservatives and additives and true ambassadors of the slogan The best in our nature.","robots":{"index":"index","follow":"follow","max-snippet":"max-snippet:-1","max-image-preview":"max-image-preview:large","max-video-preview":"max-video-preview:-1"},"canonical":"https:\/\/omega.ba\/en\/product\/zelene-doline-mlijecni-namaz-sa-vrhnjem-150g\/","og_locale":"en_US","og_type":"article","og_title":"Zelene Doline Mlije\u010dni namaz sa vrhnjem 150g - Omega d.o.o.","og_description":"Mlije\u010dni namazi Zelene Doline su kremastog i punog okusa, savr\u0161eni u dru\u0161tvu svje\u017eeg hljeba, tostiranih kri\u0161ki tosta. Bez konzervansa i aditiva i pravi ambasadori slogana\u00a0Najbolje u na\u0161oj prirodi.","og_url":"https:\/\/omega.ba\/en\/product\/zelene-doline-mlijecni-namaz-sa-vrhnjem-150g\/","og_site_name":"Omega d.o.o.","article_publisher":"https:\/\/www.facebook.com\/Omega-doo-100267234814814\/","article_modified_time":"2022-10-10T16:17:16+00:00","og_image":[{"width":900,"height":900,"url":"https:\/\/omega.ba\/business\/wp-content\/uploads\/2022\/10\/855013.jpg","type":"image\/jpeg"}],"twitter_card":"summary_large_image","twitter_misc":{"Est. reading time":"1 minute"},"schema":{"@context":"https:\/\/schema.org","@graph":[{"@type":"WebPage","@id":"https:\/\/omega.ba\/product\/zelene-doline-mlijecni-namaz-sa-vrhnjem-150g\/","url":"https:\/\/omega.ba\/product\/zelene-doline-mlijecni-namaz-sa-vrhnjem-150g\/","name":"Zelene Doline Mlije\u010dni namaz sa vrhnjem 150g - Omega d.o.o.","isPartOf":{"@id":"https:\/\/omega.ba\/#website"},"primaryImageOfPage":{"@id":"https:\/\/omega.ba\/product\/zelene-doline-mlijecni-namaz-sa-vrhnjem-150g\/#primaryimage"},"image":{"@id":"https:\/\/omega.ba\/product\/zelene-doline-mlijecni-namaz-sa-vrhnjem-150g\/#primaryimage"},"thumbnailUrl":"https:\/\/omega.ba\/business\/wp-content\/uploads\/2022\/10\/855013.jpg","datePublished":"2022-01-11T11:06:26+00:00","dateModified":"2022-10-10T16:17:16+00:00","description":"Zelena Dolina&#039;s milk spreads are creamy and full of flavor, perfect in the company of fresh bread, toasted slices of toast. Without preservatives and additives and true ambassadors of the slogan The best in our nature.","breadcrumb":{"@id":"https:\/\/omega.ba\/product\/zelene-doline-mlijecni-namaz-sa-vrhnjem-150g\/#breadcrumb"},"inLanguage":"en-US","potentialAction":[{"@type":"ReadAction","target":["https:\/\/omega.ba\/product\/zelene-doline-mlijecni-namaz-sa-vrhnjem-150g\/"]}]},{"@type":"ImageObject","inLanguage":"en-US","@id":"https:\/\/omega.ba\/product\/zelene-doline-mlijecni-namaz-sa-vrhnjem-150g\/#primaryimage","url":"https:\/\/omega.ba\/business\/wp-content\/uploads\/2022\/10\/855013.jpg","contentUrl":"https:\/\/omega.ba\/business\/wp-content\/uploads\/2022\/10\/855013.jpg","width":900,"height":900},{"@type":"BreadcrumbList","@id":"https:\/\/omega.ba\/product\/zelene-doline-mlijecni-namaz-sa-vrhnjem-150g\/#breadcrumb","itemListElement":[{"@type":"ListItem","position":1,"name":"Naslovna","item":"https:\/\/omega.ba\/"},{"@type":"ListItem","position":2,"name":"Shop","item":"https:\/\/omega.ba\/shop\/"},{"@type":"ListItem","position":3,"name":"Zelene Doline Mlije\u010dni namaz sa vrhnjem 150g"}]},{"@type":"WebSite","@id":"https:\/\/omega.ba\/#website","url":"https:\/\/omega.ba\/","name":"Omega doo","description":"Omega doo is a family company founded in 1990 in \u017divinice. As one of the first small private companies in BiH, from the beginning it was engaged in the sale of consumer goods, and then also furniture, white goods and consumer electronics. The company is primarily registered for trade, and its secondary activities are device servicing and real estate rental.","publisher":{"@id":"https:\/\/omega.ba\/#organization"},"potentialAction":[{"@type":"SearchAction","target":{"@type":"EntryPoint","urlTemplate":"https:\/\/omega.ba\/?s={search_term_string}"},"query-input":{"@type":"PropertyValueSpecification","valueRequired":true,"valueName":"search_term_string"}}],"inLanguage":"en-US"},{"@type":"Organization","@id":"https:\/\/omega.ba\/#organization","name":"Omega doo","url":"https:\/\/omega.ba\/","logo":{"@type":"ImageObject","inLanguage":"en-US","@id":"https:\/\/omega.ba\/#\/schema\/logo\/image\/","url":"https:\/\/omega.ba\/business\/wp-content\/uploads\/2022\/08\/cropped-omega_old_logo.png","contentUrl":"https:\/\/omega.ba\/business\/wp-content\/uploads\/2022\/08\/cropped-omega_old_logo.png","width":512,"height":512,"caption":"Omega d.o.o."},"image":{"@id":"https:\/\/omega.ba\/#\/schema\/logo\/image\/"},"sameAs":["https:\/\/www.facebook.com\/Omega-doo-100267234814814\/"]}]}},"_links":{"self":[{"href":"https:\/\/omega.ba\/en\/wp-json\/wp\/v2\/product\/1244","targetHints":{"allow":["GET"]}}],"collection":[{"href":"https:\/\/omega.ba\/en\/wp-json\/wp\/v2\/product"}],"about":[{"href":"https:\/\/omega.ba\/en\/wp-json\/wp\/v2\/types\/product"}],"version-history":[{"count":0,"href":"https:\/\/omega.ba\/en\/wp-json\/wp\/v2\/product\/1244\/revisions"}],"wp:featuredmedia":[{"embeddable":true,"href":"https:\/\/omega.ba\/en\/wp-json\/wp\/v2\/media\/3515"}],"wp:attachment":[{"href":"https:\/\/omega.ba\/en\/wp-json\/wp\/v2\/media?parent=1244"}],"wp:term":[{"taxonomy":"product_brand","embeddable":true,"href":"https:\/\/omega.ba\/en\/wp-json\/wp\/v2\/product_brand?post=1244"},{"taxonomy":"product_cat","embeddable":true,"href":"https:\/\/omega.ba\/en\/wp-json\/wp\/v2\/product_cat?post=1244"},{"taxonomy":"product_tag","embeddable":true,"href":"https:\/\/omega.ba\/en\/wp-json\/wp\/v2\/product_tag?post=1244"}],"curies":[{"name":"wp","href":"https:\/\/api.w.org\/{rel}","templated":true}]}}