{"id":1256,"date":"2022-01-11T12:47:37","date_gmt":"2022-01-11T11:47:37","guid":{"rendered":"https:\/\/robesirokepotrosnje.omega.ba\/?post_type=product&#038;p=1256"},"modified":"2022-10-10T18:17:21","modified_gmt":"2022-10-10T16:17:21","slug":"zelene-doline-maslac-250g","status":"publish","type":"product","link":"https:\/\/omega.ba\/en\/product\/zelene-doline-maslac-250g\/","title":{"rendered":"Zelene Doline Butter 250g"},"content":{"rendered":"<p>A perfectly prepared meal is an increasingly important part of our daily lives. Socializing while preparing different dishes creates a noble mixture of flavors, where new inspiring stories are written in the circle of family or friends. Let Zelena Dolina products be the inspiration for your story.<\/p>\n<h3>Average nutritional value per 100 g of product<\/h3>\n<table>\n<tbody>\n<tr>\n<td>Energetic value<\/td>\n<td>3134 kJ \/ 762 kcal<\/td>\n<\/tr>\n<tr>\n<td>Fats<\/td>\n<td>83.6 g<\/td>\n<\/tr>\n<tr>\n<td>of which saturated fatty acids<\/td>\n<td>53.2 g<\/td>\n<\/tr>\n<tr>\n<td>Carbohydrates<\/td>\n<td>2.0 g<\/td>\n<\/tr>\n<tr>\n<td>of which sugars<\/td>\n<td>2.0 g<\/td>\n<\/tr>\n<tr>\n<td>Fibers<\/td>\n<td>\u2013<\/td>\n<\/tr>\n<tr>\n<td>Proteins<\/td>\n<td>0.4 g<\/td>\n<\/tr>\n<tr>\n<td>Sol<\/td>\n<td>0.03 g<\/td>\n<\/tr>\n<tr>\n<td>Calcium<\/td>\n<td>\u2013<\/td>\n<\/tr>\n<\/tbody>\n<\/table>","protected":false},"excerpt":{"rendered":"<p>A perfectly prepared meal is an increasingly important part of our daily lives. Socializing while preparing different dishes creates a noble mixture of flavors, where...<\/p>","protected":false},"featured_media":3521,"template":"","meta":{"cybocfi_hide_featured_image":""},"product_brand":[],"product_cat":[121,54],"product_tag":[110,55],"class_list":{"0":"post-1256","1":"product","2":"type-product","3":"status-publish","4":"has-post-thumbnail","6":"product_cat-za-kuhanje-zelene-doline","7":"product_cat-zelene-doline","8":"product_tag-maslac","9":"product_tag-zelene-doline","11":"first","12":"instock","13":"shipping-taxable","14":"product-type-simple"},"yoast_head":"<!-- This site is optimized with the Yoast SEO plugin v26.8 - https:\/\/yoast.com\/product\/yoast-seo-wordpress\/ -->\n<title>Zelene Doline Maslac 250g - Omega d.o.o.<\/title>\n<meta name=\"description\" content=\"Savr\u0161eno pripremljen obrok sve je va\u017eniji dio na\u0161eg svakodnevnog \u017eivota.\u00a0Dru\u017eenje uz pripremu razli\u010ditih jela stvara plemenitu mje\u0161avinu okusa, gdje se u krugu porodice ili prijatelja pi\u0161u nove pri\u010de koje inspiriraju.\u00a0Neka proizvodi Zelene Doline budu inspiracija za va\u0161u pri\u010du.\" \/>\n<meta name=\"robots\" content=\"index, follow, max-snippet:-1, max-image-preview:large, max-video-preview:-1\" \/>\n<link rel=\"canonical\" href=\"https:\/\/omega.ba\/en\/product\/zelene-doline-maslac-250g\/\" \/>\n<meta property=\"og:locale\" content=\"en_US\" \/>\n<meta property=\"og:type\" content=\"article\" \/>\n<meta property=\"og:title\" content=\"Zelene Doline Maslac 250g - Omega d.o.o.\" \/>\n<meta property=\"og:description\" content=\"Savr\u0161eno pripremljen obrok sve je va\u017eniji dio na\u0161eg svakodnevnog \u017eivota.\u00a0Dru\u017eenje uz pripremu razli\u010ditih jela stvara plemenitu mje\u0161avinu okusa, gdje se u krugu porodice ili prijatelja pi\u0161u nove pri\u010de koje inspiriraju.\u00a0Neka proizvodi Zelene Doline budu inspiracija za va\u0161u pri\u010du.\" \/>\n<meta property=\"og:url\" content=\"https:\/\/omega.ba\/en\/product\/zelene-doline-maslac-250g\/\" \/>\n<meta property=\"og:site_name\" content=\"Omega d.o.o.\" \/>\n<meta property=\"article:publisher\" content=\"https:\/\/www.facebook.com\/Omega-doo-100267234814814\/\" \/>\n<meta property=\"article:modified_time\" content=\"2022-10-10T16:17:21+00:00\" \/>\n<meta property=\"og:image\" content=\"https:\/\/omega.ba\/business\/wp-content\/uploads\/2022\/10\/850355.jpg\" \/>\n\t<meta property=\"og:image:width\" content=\"900\" \/>\n\t<meta property=\"og:image:height\" content=\"900\" \/>\n\t<meta property=\"og:image:type\" content=\"image\/jpeg\" \/>\n<meta name=\"twitter:card\" content=\"summary_large_image\" \/>\n<meta name=\"twitter:label1\" content=\"Est. reading time\" \/>\n\t<meta name=\"twitter:data1\" content=\"1 minute\" \/>\n<script type=\"application\/ld+json\" class=\"yoast-schema-graph\">{\"@context\":\"https:\/\/schema.org\",\"@graph\":[{\"@type\":\"WebPage\",\"@id\":\"https:\/\/omega.ba\/product\/zelene-doline-maslac-250g\/\",\"url\":\"https:\/\/omega.ba\/product\/zelene-doline-maslac-250g\/\",\"name\":\"Zelene Doline Maslac 250g - Omega d.o.o.\",\"isPartOf\":{\"@id\":\"https:\/\/omega.ba\/#website\"},\"primaryImageOfPage\":{\"@id\":\"https:\/\/omega.ba\/product\/zelene-doline-maslac-250g\/#primaryimage\"},\"image\":{\"@id\":\"https:\/\/omega.ba\/product\/zelene-doline-maslac-250g\/#primaryimage\"},\"thumbnailUrl\":\"https:\/\/omega.ba\/business\/wp-content\/uploads\/2022\/10\/850355.jpg\",\"datePublished\":\"2022-01-11T11:47:37+00:00\",\"dateModified\":\"2022-10-10T16:17:21+00:00\",\"description\":\"Savr\u0161eno pripremljen obrok sve je va\u017eniji dio na\u0161eg svakodnevnog \u017eivota.\u00a0Dru\u017eenje uz pripremu razli\u010ditih jela stvara plemenitu mje\u0161avinu okusa, gdje se u krugu porodice ili prijatelja pi\u0161u nove pri\u010de koje inspiriraju.\u00a0Neka proizvodi Zelene Doline budu inspiracija za va\u0161u pri\u010du.\",\"breadcrumb\":{\"@id\":\"https:\/\/omega.ba\/product\/zelene-doline-maslac-250g\/#breadcrumb\"},\"inLanguage\":\"en-US\",\"potentialAction\":[{\"@type\":\"ReadAction\",\"target\":[\"https:\/\/omega.ba\/product\/zelene-doline-maslac-250g\/\"]}]},{\"@type\":\"ImageObject\",\"inLanguage\":\"en-US\",\"@id\":\"https:\/\/omega.ba\/product\/zelene-doline-maslac-250g\/#primaryimage\",\"url\":\"https:\/\/omega.ba\/business\/wp-content\/uploads\/2022\/10\/850355.jpg\",\"contentUrl\":\"https:\/\/omega.ba\/business\/wp-content\/uploads\/2022\/10\/850355.jpg\",\"width\":900,\"height\":900},{\"@type\":\"BreadcrumbList\",\"@id\":\"https:\/\/omega.ba\/product\/zelene-doline-maslac-250g\/#breadcrumb\",\"itemListElement\":[{\"@type\":\"ListItem\",\"position\":1,\"name\":\"Naslovna\",\"item\":\"https:\/\/omega.ba\/\"},{\"@type\":\"ListItem\",\"position\":2,\"name\":\"Shop\",\"item\":\"https:\/\/omega.ba\/shop\/\"},{\"@type\":\"ListItem\",\"position\":3,\"name\":\"Zelene Doline Maslac 250g\"}]},{\"@type\":\"WebSite\",\"@id\":\"https:\/\/omega.ba\/#website\",\"url\":\"https:\/\/omega.ba\/\",\"name\":\"Omega d.o.o.\",\"description\":\"Omega d.o.o. je porodi\u010dna firma osnovana 1990. godine u \u017divinicama. Kao jedna od prvih malih privatnih firmi u BiH ispo\u010detka se bavila prodajom robe \u0161iroke potro\u0161nje, a zatim i namje\u0161taja, te bijele tehnike i potro\u0161a\u010dke elektronike. Dru\u0161tvo je primarno registrovano za trgovinu, a sporedne djelatnosti kojima se bavi su servisiranje ure\u0111aja i iznajmljivanje nekretnina.\",\"publisher\":{\"@id\":\"https:\/\/omega.ba\/#organization\"},\"potentialAction\":[{\"@type\":\"SearchAction\",\"target\":{\"@type\":\"EntryPoint\",\"urlTemplate\":\"https:\/\/omega.ba\/?s={search_term_string}\"},\"query-input\":{\"@type\":\"PropertyValueSpecification\",\"valueRequired\":true,\"valueName\":\"search_term_string\"}}],\"inLanguage\":\"en-US\"},{\"@type\":\"Organization\",\"@id\":\"https:\/\/omega.ba\/#organization\",\"name\":\"Omega d.o.o.\",\"url\":\"https:\/\/omega.ba\/\",\"logo\":{\"@type\":\"ImageObject\",\"inLanguage\":\"en-US\",\"@id\":\"https:\/\/omega.ba\/#\/schema\/logo\/image\/\",\"url\":\"https:\/\/omega.ba\/business\/wp-content\/uploads\/2022\/08\/cropped-omega_old_logo.png\",\"contentUrl\":\"https:\/\/omega.ba\/business\/wp-content\/uploads\/2022\/08\/cropped-omega_old_logo.png\",\"width\":512,\"height\":512,\"caption\":\"Omega d.o.o.\"},\"image\":{\"@id\":\"https:\/\/omega.ba\/#\/schema\/logo\/image\/\"},\"sameAs\":[\"https:\/\/www.facebook.com\/Omega-doo-100267234814814\/\"]}]}<\/script>\n<!-- \/ Yoast SEO plugin. -->","yoast_head_json":{"title":"Zelene Doline Maslac 250g - Omega d.o.o.","description":"A perfectly prepared meal is an increasingly important part of our daily lives. Socializing while preparing different dishes creates a noble mixture of flavors, where new inspiring stories are written in the circle of family or friends. Let Zelena Dolina products be the inspiration for your story.","robots":{"index":"index","follow":"follow","max-snippet":"max-snippet:-1","max-image-preview":"max-image-preview:large","max-video-preview":"max-video-preview:-1"},"canonical":"https:\/\/omega.ba\/en\/product\/zelene-doline-maslac-250g\/","og_locale":"en_US","og_type":"article","og_title":"Zelene Doline Maslac 250g - Omega d.o.o.","og_description":"Savr\u0161eno pripremljen obrok sve je va\u017eniji dio na\u0161eg svakodnevnog \u017eivota.\u00a0Dru\u017eenje uz pripremu razli\u010ditih jela stvara plemenitu mje\u0161avinu okusa, gdje se u krugu porodice ili prijatelja pi\u0161u nove pri\u010de koje inspiriraju.\u00a0Neka proizvodi Zelene Doline budu inspiracija za va\u0161u pri\u010du.","og_url":"https:\/\/omega.ba\/en\/product\/zelene-doline-maslac-250g\/","og_site_name":"Omega d.o.o.","article_publisher":"https:\/\/www.facebook.com\/Omega-doo-100267234814814\/","article_modified_time":"2022-10-10T16:17:21+00:00","og_image":[{"width":900,"height":900,"url":"https:\/\/omega.ba\/business\/wp-content\/uploads\/2022\/10\/850355.jpg","type":"image\/jpeg"}],"twitter_card":"summary_large_image","twitter_misc":{"Est. reading time":"1 minute"},"schema":{"@context":"https:\/\/schema.org","@graph":[{"@type":"WebPage","@id":"https:\/\/omega.ba\/product\/zelene-doline-maslac-250g\/","url":"https:\/\/omega.ba\/product\/zelene-doline-maslac-250g\/","name":"Zelene Doline Maslac 250g - Omega d.o.o.","isPartOf":{"@id":"https:\/\/omega.ba\/#website"},"primaryImageOfPage":{"@id":"https:\/\/omega.ba\/product\/zelene-doline-maslac-250g\/#primaryimage"},"image":{"@id":"https:\/\/omega.ba\/product\/zelene-doline-maslac-250g\/#primaryimage"},"thumbnailUrl":"https:\/\/omega.ba\/business\/wp-content\/uploads\/2022\/10\/850355.jpg","datePublished":"2022-01-11T11:47:37+00:00","dateModified":"2022-10-10T16:17:21+00:00","description":"A perfectly prepared meal is an increasingly important part of our daily lives. Socializing while preparing different dishes creates a noble mixture of flavors, where new inspiring stories are written in the circle of family or friends. Let Zelena Dolina products be the inspiration for your story.","breadcrumb":{"@id":"https:\/\/omega.ba\/product\/zelene-doline-maslac-250g\/#breadcrumb"},"inLanguage":"en-US","potentialAction":[{"@type":"ReadAction","target":["https:\/\/omega.ba\/product\/zelene-doline-maslac-250g\/"]}]},{"@type":"ImageObject","inLanguage":"en-US","@id":"https:\/\/omega.ba\/product\/zelene-doline-maslac-250g\/#primaryimage","url":"https:\/\/omega.ba\/business\/wp-content\/uploads\/2022\/10\/850355.jpg","contentUrl":"https:\/\/omega.ba\/business\/wp-content\/uploads\/2022\/10\/850355.jpg","width":900,"height":900},{"@type":"BreadcrumbList","@id":"https:\/\/omega.ba\/product\/zelene-doline-maslac-250g\/#breadcrumb","itemListElement":[{"@type":"ListItem","position":1,"name":"Naslovna","item":"https:\/\/omega.ba\/"},{"@type":"ListItem","position":2,"name":"Shop","item":"https:\/\/omega.ba\/shop\/"},{"@type":"ListItem","position":3,"name":"Zelene Doline Maslac 250g"}]},{"@type":"WebSite","@id":"https:\/\/omega.ba\/#website","url":"https:\/\/omega.ba\/","name":"Omega doo","description":"Omega doo is a family company founded in 1990 in \u017divinice. As one of the first small private companies in BiH, from the beginning it was engaged in the sale of consumer goods, and then also furniture, white goods and consumer electronics. The company is primarily registered for trade, and its secondary activities are device servicing and real estate rental.","publisher":{"@id":"https:\/\/omega.ba\/#organization"},"potentialAction":[{"@type":"SearchAction","target":{"@type":"EntryPoint","urlTemplate":"https:\/\/omega.ba\/?s={search_term_string}"},"query-input":{"@type":"PropertyValueSpecification","valueRequired":true,"valueName":"search_term_string"}}],"inLanguage":"en-US"},{"@type":"Organization","@id":"https:\/\/omega.ba\/#organization","name":"Omega doo","url":"https:\/\/omega.ba\/","logo":{"@type":"ImageObject","inLanguage":"en-US","@id":"https:\/\/omega.ba\/#\/schema\/logo\/image\/","url":"https:\/\/omega.ba\/business\/wp-content\/uploads\/2022\/08\/cropped-omega_old_logo.png","contentUrl":"https:\/\/omega.ba\/business\/wp-content\/uploads\/2022\/08\/cropped-omega_old_logo.png","width":512,"height":512,"caption":"Omega d.o.o."},"image":{"@id":"https:\/\/omega.ba\/#\/schema\/logo\/image\/"},"sameAs":["https:\/\/www.facebook.com\/Omega-doo-100267234814814\/"]}]}},"_links":{"self":[{"href":"https:\/\/omega.ba\/en\/wp-json\/wp\/v2\/product\/1256","targetHints":{"allow":["GET"]}}],"collection":[{"href":"https:\/\/omega.ba\/en\/wp-json\/wp\/v2\/product"}],"about":[{"href":"https:\/\/omega.ba\/en\/wp-json\/wp\/v2\/types\/product"}],"version-history":[{"count":0,"href":"https:\/\/omega.ba\/en\/wp-json\/wp\/v2\/product\/1256\/revisions"}],"wp:featuredmedia":[{"embeddable":true,"href":"https:\/\/omega.ba\/en\/wp-json\/wp\/v2\/media\/3521"}],"wp:attachment":[{"href":"https:\/\/omega.ba\/en\/wp-json\/wp\/v2\/media?parent=1256"}],"wp:term":[{"taxonomy":"product_brand","embeddable":true,"href":"https:\/\/omega.ba\/en\/wp-json\/wp\/v2\/product_brand?post=1256"},{"taxonomy":"product_cat","embeddable":true,"href":"https:\/\/omega.ba\/en\/wp-json\/wp\/v2\/product_cat?post=1256"},{"taxonomy":"product_tag","embeddable":true,"href":"https:\/\/omega.ba\/en\/wp-json\/wp\/v2\/product_tag?post=1256"}],"curies":[{"name":"wp","href":"https:\/\/api.w.org\/{rel}","templated":true}]}}