{"id":1277,"date":"2022-01-11T14:14:13","date_gmt":"2022-01-11T13:14:13","guid":{"rendered":"https:\/\/robesirokepotrosnje.omega.ba\/?post_type=product&#038;p=1277"},"modified":"2022-10-10T18:17:29","modified_gmt":"2022-10-10T16:17:29","slug":"zelene-doline-desert-jagoda-150g-2","status":"publish","type":"product","link":"https:\/\/omega.ba\/en\/product\/zelene-doline-desert-jagoda-150g-2\/","title":{"rendered":"Zelene Doline Dessert Strawberry 150g"},"content":{"rendered":"<p>We captured the diversity of nature in yogurts <strong>Green Valleys<\/strong>. They are characterized by a refreshing and pleasant taste. They are made exclusively from fresh Slovenian milk. Their quality is enhanced by the labels &quot;GMO-free - produced without genetically modified organisms&quot; and &quot;Selected quality of Slovenia&quot;. That is why they are proud ambassadors of the slogan\u00a0<strong>The best in our nature<\/strong>.<\/p>\n<h3>Average nutritional value per 100 g of product<\/h3>\n<table>\n<tbody>\n<tr>\n<td>Energetic value<\/td>\n<td>533 kJ \/ 128 kcal<\/td>\n<\/tr>\n<tr>\n<td>Fats<\/td>\n<td>6.2 g<\/td>\n<\/tr>\n<tr>\n<td>of which saturated fatty acids<\/td>\n<td>4.2 g<\/td>\n<\/tr>\n<tr>\n<td>Carbohydrates<\/td>\n<td>15.6 g<\/td>\n<\/tr>\n<tr>\n<td>of which sugars<\/td>\n<td>13.2 years<\/td>\n<\/tr>\n<tr>\n<td>Fibers<\/td>\n<td>\u2013<\/td>\n<\/tr>\n<tr>\n<td>Proteins<\/td>\n<td>2.1 years<\/td>\n<\/tr>\n<tr>\n<td>Sol<\/td>\n<td>0.1 g<\/td>\n<\/tr>\n<tr>\n<td>Calcium<\/td>\n<td>\u2013<\/td>\n<\/tr>\n<\/tbody>\n<\/table>","protected":false},"excerpt":{"rendered":"<p>We captured the diversity of nature in Zelena Dolina yogurts. They are characterized by a refreshing and pleasant taste. They are made exclusively from fresh Slovenian milk. Their\u2026<\/p>","protected":false},"featured_media":3530,"template":"","meta":{"cybocfi_hide_featured_image":""},"product_brand":[],"product_cat":[125,54],"product_tag":[113,55],"class_list":{"0":"post-1277","1":"product","2":"type-product","3":"status-publish","4":"has-post-thumbnail","6":"product_cat-desert-zelene-doline","7":"product_cat-zelene-doline","8":"product_tag-desert","9":"product_tag-zelene-doline","11":"first","12":"instock","13":"shipping-taxable","14":"product-type-simple"},"yoast_head":"<!-- This site is optimized with the Yoast SEO plugin v26.8 - https:\/\/yoast.com\/product\/yoast-seo-wordpress\/ -->\n<title>Zelene Doline Desert Jagoda 150g - Omega d.o.o.<\/title>\n<meta name=\"description\" content=\"Zelene Doline jogurti sa \u0161irokim izborom ukusa \u010dine svaki dan ne\u010dim posebnim. Osvje\u017eavaju\u0107i okus, pa\u017eljivo odabrani sastojci. Zbog svojih kvaliteta spadaju me\u0111u iskrene ambasadore slogana Najbolji u na\u0161oj prirodi.\" \/>\n<meta name=\"robots\" content=\"index, follow, max-snippet:-1, max-image-preview:large, max-video-preview:-1\" \/>\n<link rel=\"canonical\" href=\"https:\/\/omega.ba\/en\/product\/zelene-doline-desert-jagoda-150g-2\/\" \/>\n<meta property=\"og:locale\" content=\"en_US\" \/>\n<meta property=\"og:type\" content=\"article\" \/>\n<meta property=\"og:title\" content=\"Zelene Doline Desert Jagoda 150g - Omega d.o.o.\" \/>\n<meta property=\"og:description\" content=\"Zelene Doline jogurti sa \u0161irokim izborom ukusa \u010dine svaki dan ne\u010dim posebnim. Osvje\u017eavaju\u0107i okus, pa\u017eljivo odabrani sastojci. Zbog svojih kvaliteta spadaju me\u0111u iskrene ambasadore slogana Najbolji u na\u0161oj prirodi.\" \/>\n<meta property=\"og:url\" content=\"https:\/\/omega.ba\/en\/product\/zelene-doline-desert-jagoda-150g-2\/\" \/>\n<meta property=\"og:site_name\" content=\"Omega d.o.o.\" \/>\n<meta property=\"article:publisher\" content=\"https:\/\/www.facebook.com\/Omega-doo-100267234814814\/\" \/>\n<meta property=\"article:modified_time\" content=\"2022-10-10T16:17:29+00:00\" \/>\n<meta property=\"og:image\" content=\"https:\/\/omega.ba\/business\/wp-content\/uploads\/2022\/10\/850138.jpg\" \/>\n\t<meta property=\"og:image:width\" content=\"900\" \/>\n\t<meta property=\"og:image:height\" content=\"900\" \/>\n\t<meta property=\"og:image:type\" content=\"image\/jpeg\" \/>\n<meta name=\"twitter:card\" content=\"summary_large_image\" \/>\n<script type=\"application\/ld+json\" class=\"yoast-schema-graph\">{\"@context\":\"https:\/\/schema.org\",\"@graph\":[{\"@type\":\"WebPage\",\"@id\":\"https:\/\/omega.ba\/product\/zelene-doline-desert-jagoda-150g-2\/\",\"url\":\"https:\/\/omega.ba\/product\/zelene-doline-desert-jagoda-150g-2\/\",\"name\":\"Zelene Doline Desert Jagoda 150g - Omega d.o.o.\",\"isPartOf\":{\"@id\":\"https:\/\/omega.ba\/#website\"},\"primaryImageOfPage\":{\"@id\":\"https:\/\/omega.ba\/product\/zelene-doline-desert-jagoda-150g-2\/#primaryimage\"},\"image\":{\"@id\":\"https:\/\/omega.ba\/product\/zelene-doline-desert-jagoda-150g-2\/#primaryimage\"},\"thumbnailUrl\":\"https:\/\/omega.ba\/business\/wp-content\/uploads\/2022\/10\/850138.jpg\",\"datePublished\":\"2022-01-11T13:14:13+00:00\",\"dateModified\":\"2022-10-10T16:17:29+00:00\",\"description\":\"Zelene Doline jogurti sa \u0161irokim izborom ukusa \u010dine svaki dan ne\u010dim posebnim. Osvje\u017eavaju\u0107i okus, pa\u017eljivo odabrani sastojci. Zbog svojih kvaliteta spadaju me\u0111u iskrene ambasadore slogana Najbolji u na\u0161oj prirodi.\",\"breadcrumb\":{\"@id\":\"https:\/\/omega.ba\/product\/zelene-doline-desert-jagoda-150g-2\/#breadcrumb\"},\"inLanguage\":\"en-US\",\"potentialAction\":[{\"@type\":\"ReadAction\",\"target\":[\"https:\/\/omega.ba\/product\/zelene-doline-desert-jagoda-150g-2\/\"]}]},{\"@type\":\"ImageObject\",\"inLanguage\":\"en-US\",\"@id\":\"https:\/\/omega.ba\/product\/zelene-doline-desert-jagoda-150g-2\/#primaryimage\",\"url\":\"https:\/\/omega.ba\/business\/wp-content\/uploads\/2022\/10\/850138.jpg\",\"contentUrl\":\"https:\/\/omega.ba\/business\/wp-content\/uploads\/2022\/10\/850138.jpg\",\"width\":900,\"height\":900},{\"@type\":\"BreadcrumbList\",\"@id\":\"https:\/\/omega.ba\/product\/zelene-doline-desert-jagoda-150g-2\/#breadcrumb\",\"itemListElement\":[{\"@type\":\"ListItem\",\"position\":1,\"name\":\"Naslovna\",\"item\":\"https:\/\/omega.ba\/\"},{\"@type\":\"ListItem\",\"position\":2,\"name\":\"Shop\",\"item\":\"https:\/\/omega.ba\/shop\/\"},{\"@type\":\"ListItem\",\"position\":3,\"name\":\"Zelene Doline Desert Jagoda 150g\"}]},{\"@type\":\"WebSite\",\"@id\":\"https:\/\/omega.ba\/#website\",\"url\":\"https:\/\/omega.ba\/\",\"name\":\"Omega d.o.o.\",\"description\":\"Omega d.o.o. je porodi\u010dna firma osnovana 1990. godine u \u017divinicama. Kao jedna od prvih malih privatnih firmi u BiH ispo\u010detka se bavila prodajom robe \u0161iroke potro\u0161nje, a zatim i namje\u0161taja, te bijele tehnike i potro\u0161a\u010dke elektronike. Dru\u0161tvo je primarno registrovano za trgovinu, a sporedne djelatnosti kojima se bavi su servisiranje ure\u0111aja i iznajmljivanje nekretnina.\",\"publisher\":{\"@id\":\"https:\/\/omega.ba\/#organization\"},\"potentialAction\":[{\"@type\":\"SearchAction\",\"target\":{\"@type\":\"EntryPoint\",\"urlTemplate\":\"https:\/\/omega.ba\/?s={search_term_string}\"},\"query-input\":{\"@type\":\"PropertyValueSpecification\",\"valueRequired\":true,\"valueName\":\"search_term_string\"}}],\"inLanguage\":\"en-US\"},{\"@type\":\"Organization\",\"@id\":\"https:\/\/omega.ba\/#organization\",\"name\":\"Omega d.o.o.\",\"url\":\"https:\/\/omega.ba\/\",\"logo\":{\"@type\":\"ImageObject\",\"inLanguage\":\"en-US\",\"@id\":\"https:\/\/omega.ba\/#\/schema\/logo\/image\/\",\"url\":\"https:\/\/omega.ba\/business\/wp-content\/uploads\/2022\/08\/cropped-omega_old_logo.png\",\"contentUrl\":\"https:\/\/omega.ba\/business\/wp-content\/uploads\/2022\/08\/cropped-omega_old_logo.png\",\"width\":512,\"height\":512,\"caption\":\"Omega d.o.o.\"},\"image\":{\"@id\":\"https:\/\/omega.ba\/#\/schema\/logo\/image\/\"},\"sameAs\":[\"https:\/\/www.facebook.com\/Omega-doo-100267234814814\/\"]}]}<\/script>\n<!-- \/ Yoast SEO plugin. -->","yoast_head_json":{"title":"Zelene Doline Desert Jagoda 150g - Omega d.o.o.","description":"Zelene Doline yogurts with a wide selection of flavors make every day something special. Refreshing taste, carefully selected ingredients. Due to their qualities, they are among the sincere ambassadors of the slogan The best in our nature.","robots":{"index":"index","follow":"follow","max-snippet":"max-snippet:-1","max-image-preview":"max-image-preview:large","max-video-preview":"max-video-preview:-1"},"canonical":"https:\/\/omega.ba\/en\/product\/zelene-doline-desert-jagoda-150g-2\/","og_locale":"en_US","og_type":"article","og_title":"Zelene Doline Desert Jagoda 150g - Omega d.o.o.","og_description":"Zelene Doline jogurti sa \u0161irokim izborom ukusa \u010dine svaki dan ne\u010dim posebnim. Osvje\u017eavaju\u0107i okus, pa\u017eljivo odabrani sastojci. Zbog svojih kvaliteta spadaju me\u0111u iskrene ambasadore slogana Najbolji u na\u0161oj prirodi.","og_url":"https:\/\/omega.ba\/en\/product\/zelene-doline-desert-jagoda-150g-2\/","og_site_name":"Omega d.o.o.","article_publisher":"https:\/\/www.facebook.com\/Omega-doo-100267234814814\/","article_modified_time":"2022-10-10T16:17:29+00:00","og_image":[{"width":900,"height":900,"url":"https:\/\/omega.ba\/business\/wp-content\/uploads\/2022\/10\/850138.jpg","type":"image\/jpeg"}],"twitter_card":"summary_large_image","schema":{"@context":"https:\/\/schema.org","@graph":[{"@type":"WebPage","@id":"https:\/\/omega.ba\/product\/zelene-doline-desert-jagoda-150g-2\/","url":"https:\/\/omega.ba\/product\/zelene-doline-desert-jagoda-150g-2\/","name":"Zelene Doline Desert Jagoda 150g - Omega d.o.o.","isPartOf":{"@id":"https:\/\/omega.ba\/#website"},"primaryImageOfPage":{"@id":"https:\/\/omega.ba\/product\/zelene-doline-desert-jagoda-150g-2\/#primaryimage"},"image":{"@id":"https:\/\/omega.ba\/product\/zelene-doline-desert-jagoda-150g-2\/#primaryimage"},"thumbnailUrl":"https:\/\/omega.ba\/business\/wp-content\/uploads\/2022\/10\/850138.jpg","datePublished":"2022-01-11T13:14:13+00:00","dateModified":"2022-10-10T16:17:29+00:00","description":"Zelene Doline yogurts with a wide selection of flavors make every day something special. Refreshing taste, carefully selected ingredients. Due to their qualities, they are among the sincere ambassadors of the slogan The best in our nature.","breadcrumb":{"@id":"https:\/\/omega.ba\/product\/zelene-doline-desert-jagoda-150g-2\/#breadcrumb"},"inLanguage":"en-US","potentialAction":[{"@type":"ReadAction","target":["https:\/\/omega.ba\/product\/zelene-doline-desert-jagoda-150g-2\/"]}]},{"@type":"ImageObject","inLanguage":"en-US","@id":"https:\/\/omega.ba\/product\/zelene-doline-desert-jagoda-150g-2\/#primaryimage","url":"https:\/\/omega.ba\/business\/wp-content\/uploads\/2022\/10\/850138.jpg","contentUrl":"https:\/\/omega.ba\/business\/wp-content\/uploads\/2022\/10\/850138.jpg","width":900,"height":900},{"@type":"BreadcrumbList","@id":"https:\/\/omega.ba\/product\/zelene-doline-desert-jagoda-150g-2\/#breadcrumb","itemListElement":[{"@type":"ListItem","position":1,"name":"Naslovna","item":"https:\/\/omega.ba\/"},{"@type":"ListItem","position":2,"name":"Shop","item":"https:\/\/omega.ba\/shop\/"},{"@type":"ListItem","position":3,"name":"Zelene Doline Desert Jagoda 150g"}]},{"@type":"WebSite","@id":"https:\/\/omega.ba\/#website","url":"https:\/\/omega.ba\/","name":"Omega doo","description":"Omega doo is a family company founded in 1990 in \u017divinice. As one of the first small private companies in BiH, from the beginning it was engaged in the sale of consumer goods, and then also furniture, white goods and consumer electronics. The company is primarily registered for trade, and its secondary activities are device servicing and real estate rental.","publisher":{"@id":"https:\/\/omega.ba\/#organization"},"potentialAction":[{"@type":"SearchAction","target":{"@type":"EntryPoint","urlTemplate":"https:\/\/omega.ba\/?s={search_term_string}"},"query-input":{"@type":"PropertyValueSpecification","valueRequired":true,"valueName":"search_term_string"}}],"inLanguage":"en-US"},{"@type":"Organization","@id":"https:\/\/omega.ba\/#organization","name":"Omega doo","url":"https:\/\/omega.ba\/","logo":{"@type":"ImageObject","inLanguage":"en-US","@id":"https:\/\/omega.ba\/#\/schema\/logo\/image\/","url":"https:\/\/omega.ba\/business\/wp-content\/uploads\/2022\/08\/cropped-omega_old_logo.png","contentUrl":"https:\/\/omega.ba\/business\/wp-content\/uploads\/2022\/08\/cropped-omega_old_logo.png","width":512,"height":512,"caption":"Omega d.o.o."},"image":{"@id":"https:\/\/omega.ba\/#\/schema\/logo\/image\/"},"sameAs":["https:\/\/www.facebook.com\/Omega-doo-100267234814814\/"]}]}},"_links":{"self":[{"href":"https:\/\/omega.ba\/en\/wp-json\/wp\/v2\/product\/1277","targetHints":{"allow":["GET"]}}],"collection":[{"href":"https:\/\/omega.ba\/en\/wp-json\/wp\/v2\/product"}],"about":[{"href":"https:\/\/omega.ba\/en\/wp-json\/wp\/v2\/types\/product"}],"version-history":[{"count":0,"href":"https:\/\/omega.ba\/en\/wp-json\/wp\/v2\/product\/1277\/revisions"}],"wp:featuredmedia":[{"embeddable":true,"href":"https:\/\/omega.ba\/en\/wp-json\/wp\/v2\/media\/3530"}],"wp:attachment":[{"href":"https:\/\/omega.ba\/en\/wp-json\/wp\/v2\/media?parent=1277"}],"wp:term":[{"taxonomy":"product_brand","embeddable":true,"href":"https:\/\/omega.ba\/en\/wp-json\/wp\/v2\/product_brand?post=1277"},{"taxonomy":"product_cat","embeddable":true,"href":"https:\/\/omega.ba\/en\/wp-json\/wp\/v2\/product_cat?post=1277"},{"taxonomy":"product_tag","embeddable":true,"href":"https:\/\/omega.ba\/en\/wp-json\/wp\/v2\/product_tag?post=1277"}],"curies":[{"name":"wp","href":"https:\/\/api.w.org\/{rel}","templated":true}]}}