{"id":1350,"date":"2022-06-15T12:21:55","date_gmt":"2022-06-15T10:21:55","guid":{"rendered":"https:\/\/robesirokepotrosnje.omega.ba\/?post_type=product&#038;p=1350"},"modified":"2022-10-10T18:17:35","modified_gmt":"2022-10-10T16:17:35","slug":"olvia-maslinovo-ulje-025l-ekstra-djevicansko","status":"publish","type":"product","link":"https:\/\/omega.ba\/en\/product\/olvia-maslinovo-ulje-025l-ekstra-djevicansko\/","title":{"rendered":"Olvia Olive oil 0.25l Extra virgin"},"content":{"rendered":"<p><strong>Olvia<\/strong> Extra virgin olive oil (olio di oliva extravergine) is obtained after the first pressing of a healthy olive fruit, and its acidity (free fatty acids) does not exceed 0.8 percent. In addition to meeting the chemical parameters, the oil must also pass an organoleptic test and must not have any smell that is not characteristic of oil. Therefore, for example, &quot;extra virgin olive oil enriched with a sprig of rosemary&quot; is not actually extra virgin olive oil.<\/p>\n<p>The healthiest of all types of olive oil is extra virgin oil due to the simple pressing and filtering of fatty acids during production.<\/p>\n<p>The low content of polyunsaturated fatty acids makes olive oil much more resistant to high temperatures than other oils, so it is better for cooking and frying.<\/p>\n<p>Origin: Italy<\/p>","protected":false},"excerpt":{"rendered":"<p>Olvia extra virgin olive oil (olio di oliva extravergine) is obtained after the first pressing of healthy olive fruit, and the acidity (free...<\/p>","protected":false},"featured_media":3536,"template":"","meta":{"cybocfi_hide_featured_image":""},"product_brand":[],"product_cat":[98],"product_tag":[76,97,99,100],"class_list":{"0":"post-1350","1":"product","2":"type-product","3":"status-publish","4":"has-post-thumbnail","6":"product_cat-olivia","7":"product_tag-masline","8":"product_tag-maslinovo-ulje","9":"product_tag-olvia","10":"product_tag-ulje","12":"first","13":"instock","14":"shipping-taxable","15":"product-type-simple"},"yoast_head":"<!-- This site is optimized with the Yoast SEO plugin v26.8 - https:\/\/yoast.com\/product\/yoast-seo-wordpress\/ -->\n<title>Olvia Maslinovo ulje 0,25l Ekstra djevi\u010dansko - Omega d.o.o.<\/title>\n<meta name=\"description\" content=\"Oljvia Ekstra djevi\u010dansko maslinovo ulje najzdravije od svih vrsta maslinovog ulja zbog jednostavnog tije\u0161tenja i filtriranja masnih kiselina prilikom proizvodnje.\" \/>\n<meta name=\"robots\" content=\"index, follow, max-snippet:-1, max-image-preview:large, max-video-preview:-1\" \/>\n<link rel=\"canonical\" href=\"https:\/\/omega.ba\/en\/product\/olvia-maslinovo-ulje-025l-ekstra-djevicansko\/\" \/>\n<meta property=\"og:locale\" content=\"en_US\" \/>\n<meta property=\"og:type\" content=\"article\" \/>\n<meta property=\"og:title\" content=\"Olvia Maslinovo ulje 0,25l Ekstra djevi\u010dansko - Omega d.o.o.\" \/>\n<meta property=\"og:description\" content=\"Oljvia Ekstra djevi\u010dansko maslinovo ulje najzdravije od svih vrsta maslinovog ulja zbog jednostavnog tije\u0161tenja i filtriranja masnih kiselina prilikom proizvodnje.\" \/>\n<meta property=\"og:url\" content=\"https:\/\/omega.ba\/en\/product\/olvia-maslinovo-ulje-025l-ekstra-djevicansko\/\" \/>\n<meta property=\"og:site_name\" content=\"Omega d.o.o.\" \/>\n<meta property=\"article:publisher\" content=\"https:\/\/www.facebook.com\/Omega-doo-100267234814814\/\" \/>\n<meta property=\"article:modified_time\" content=\"2022-10-10T16:17:35+00:00\" \/>\n<meta property=\"og:image\" content=\"https:\/\/omega.ba\/business\/wp-content\/uploads\/2022\/10\/885953.jpg\" \/>\n\t<meta property=\"og:image:width\" content=\"900\" \/>\n\t<meta property=\"og:image:height\" content=\"900\" \/>\n\t<meta property=\"og:image:type\" content=\"image\/jpeg\" \/>\n<meta name=\"twitter:card\" content=\"summary_large_image\" \/>\n<meta name=\"twitter:label1\" content=\"Est. reading time\" \/>\n\t<meta name=\"twitter:data1\" content=\"1 minute\" \/>\n<script type=\"application\/ld+json\" class=\"yoast-schema-graph\">{\"@context\":\"https:\/\/schema.org\",\"@graph\":[{\"@type\":\"WebPage\",\"@id\":\"https:\/\/omega.ba\/product\/olvia-maslinovo-ulje-025l-ekstra-djevicansko\/\",\"url\":\"https:\/\/omega.ba\/product\/olvia-maslinovo-ulje-025l-ekstra-djevicansko\/\",\"name\":\"Olvia Maslinovo ulje 0,25l Ekstra djevi\u010dansko - Omega d.o.o.\",\"isPartOf\":{\"@id\":\"https:\/\/omega.ba\/#website\"},\"primaryImageOfPage\":{\"@id\":\"https:\/\/omega.ba\/product\/olvia-maslinovo-ulje-025l-ekstra-djevicansko\/#primaryimage\"},\"image\":{\"@id\":\"https:\/\/omega.ba\/product\/olvia-maslinovo-ulje-025l-ekstra-djevicansko\/#primaryimage\"},\"thumbnailUrl\":\"https:\/\/omega.ba\/business\/wp-content\/uploads\/2022\/10\/885953.jpg\",\"datePublished\":\"2022-06-15T10:21:55+00:00\",\"dateModified\":\"2022-10-10T16:17:35+00:00\",\"description\":\"Oljvia Ekstra djevi\u010dansko maslinovo ulje najzdravije od svih vrsta maslinovog ulja zbog jednostavnog tije\u0161tenja i filtriranja masnih kiselina prilikom proizvodnje.\",\"breadcrumb\":{\"@id\":\"https:\/\/omega.ba\/product\/olvia-maslinovo-ulje-025l-ekstra-djevicansko\/#breadcrumb\"},\"inLanguage\":\"en-US\",\"potentialAction\":[{\"@type\":\"ReadAction\",\"target\":[\"https:\/\/omega.ba\/product\/olvia-maslinovo-ulje-025l-ekstra-djevicansko\/\"]}]},{\"@type\":\"ImageObject\",\"inLanguage\":\"en-US\",\"@id\":\"https:\/\/omega.ba\/product\/olvia-maslinovo-ulje-025l-ekstra-djevicansko\/#primaryimage\",\"url\":\"https:\/\/omega.ba\/business\/wp-content\/uploads\/2022\/10\/885953.jpg\",\"contentUrl\":\"https:\/\/omega.ba\/business\/wp-content\/uploads\/2022\/10\/885953.jpg\",\"width\":900,\"height\":900},{\"@type\":\"BreadcrumbList\",\"@id\":\"https:\/\/omega.ba\/product\/olvia-maslinovo-ulje-025l-ekstra-djevicansko\/#breadcrumb\",\"itemListElement\":[{\"@type\":\"ListItem\",\"position\":1,\"name\":\"Naslovna\",\"item\":\"https:\/\/omega.ba\/\"},{\"@type\":\"ListItem\",\"position\":2,\"name\":\"Shop\",\"item\":\"https:\/\/omega.ba\/shop\/\"},{\"@type\":\"ListItem\",\"position\":3,\"name\":\"Olvia Maslinovo ulje 0,25l Ekstra djevi\u010dansko\"}]},{\"@type\":\"WebSite\",\"@id\":\"https:\/\/omega.ba\/#website\",\"url\":\"https:\/\/omega.ba\/\",\"name\":\"Omega d.o.o.\",\"description\":\"Omega d.o.o. je porodi\u010dna firma osnovana 1990. godine u \u017divinicama. Kao jedna od prvih malih privatnih firmi u BiH ispo\u010detka se bavila prodajom robe \u0161iroke potro\u0161nje, a zatim i namje\u0161taja, te bijele tehnike i potro\u0161a\u010dke elektronike. Dru\u0161tvo je primarno registrovano za trgovinu, a sporedne djelatnosti kojima se bavi su servisiranje ure\u0111aja i iznajmljivanje nekretnina.\",\"publisher\":{\"@id\":\"https:\/\/omega.ba\/#organization\"},\"potentialAction\":[{\"@type\":\"SearchAction\",\"target\":{\"@type\":\"EntryPoint\",\"urlTemplate\":\"https:\/\/omega.ba\/?s={search_term_string}\"},\"query-input\":{\"@type\":\"PropertyValueSpecification\",\"valueRequired\":true,\"valueName\":\"search_term_string\"}}],\"inLanguage\":\"en-US\"},{\"@type\":\"Organization\",\"@id\":\"https:\/\/omega.ba\/#organization\",\"name\":\"Omega d.o.o.\",\"url\":\"https:\/\/omega.ba\/\",\"logo\":{\"@type\":\"ImageObject\",\"inLanguage\":\"en-US\",\"@id\":\"https:\/\/omega.ba\/#\/schema\/logo\/image\/\",\"url\":\"https:\/\/omega.ba\/business\/wp-content\/uploads\/2022\/08\/cropped-omega_old_logo.png\",\"contentUrl\":\"https:\/\/omega.ba\/business\/wp-content\/uploads\/2022\/08\/cropped-omega_old_logo.png\",\"width\":512,\"height\":512,\"caption\":\"Omega d.o.o.\"},\"image\":{\"@id\":\"https:\/\/omega.ba\/#\/schema\/logo\/image\/\"},\"sameAs\":[\"https:\/\/www.facebook.com\/Omega-doo-100267234814814\/\"]}]}<\/script>\n<!-- \/ Yoast SEO plugin. -->","yoast_head_json":{"title":"Olvia Maslinovo ulje 0,25l Ekstra djevi\u010dansko - Omega d.o.o.","description":"Oljvia Extra virgin olive oil, the healthiest of all types of olive oil due to simple pressing and filtering of fatty acids during production.","robots":{"index":"index","follow":"follow","max-snippet":"max-snippet:-1","max-image-preview":"max-image-preview:large","max-video-preview":"max-video-preview:-1"},"canonical":"https:\/\/omega.ba\/en\/product\/olvia-maslinovo-ulje-025l-ekstra-djevicansko\/","og_locale":"en_US","og_type":"article","og_title":"Olvia Maslinovo ulje 0,25l Ekstra djevi\u010dansko - Omega d.o.o.","og_description":"Oljvia Ekstra djevi\u010dansko maslinovo ulje najzdravije od svih vrsta maslinovog ulja zbog jednostavnog tije\u0161tenja i filtriranja masnih kiselina prilikom proizvodnje.","og_url":"https:\/\/omega.ba\/en\/product\/olvia-maslinovo-ulje-025l-ekstra-djevicansko\/","og_site_name":"Omega d.o.o.","article_publisher":"https:\/\/www.facebook.com\/Omega-doo-100267234814814\/","article_modified_time":"2022-10-10T16:17:35+00:00","og_image":[{"width":900,"height":900,"url":"https:\/\/omega.ba\/business\/wp-content\/uploads\/2022\/10\/885953.jpg","type":"image\/jpeg"}],"twitter_card":"summary_large_image","twitter_misc":{"Est. reading time":"1 minute"},"schema":{"@context":"https:\/\/schema.org","@graph":[{"@type":"WebPage","@id":"https:\/\/omega.ba\/product\/olvia-maslinovo-ulje-025l-ekstra-djevicansko\/","url":"https:\/\/omega.ba\/product\/olvia-maslinovo-ulje-025l-ekstra-djevicansko\/","name":"Olvia Maslinovo ulje 0,25l Ekstra djevi\u010dansko - Omega d.o.o.","isPartOf":{"@id":"https:\/\/omega.ba\/#website"},"primaryImageOfPage":{"@id":"https:\/\/omega.ba\/product\/olvia-maslinovo-ulje-025l-ekstra-djevicansko\/#primaryimage"},"image":{"@id":"https:\/\/omega.ba\/product\/olvia-maslinovo-ulje-025l-ekstra-djevicansko\/#primaryimage"},"thumbnailUrl":"https:\/\/omega.ba\/business\/wp-content\/uploads\/2022\/10\/885953.jpg","datePublished":"2022-06-15T10:21:55+00:00","dateModified":"2022-10-10T16:17:35+00:00","description":"Oljvia Extra virgin olive oil, the healthiest of all types of olive oil due to simple pressing and filtering of fatty acids during production.","breadcrumb":{"@id":"https:\/\/omega.ba\/product\/olvia-maslinovo-ulje-025l-ekstra-djevicansko\/#breadcrumb"},"inLanguage":"en-US","potentialAction":[{"@type":"ReadAction","target":["https:\/\/omega.ba\/product\/olvia-maslinovo-ulje-025l-ekstra-djevicansko\/"]}]},{"@type":"ImageObject","inLanguage":"en-US","@id":"https:\/\/omega.ba\/product\/olvia-maslinovo-ulje-025l-ekstra-djevicansko\/#primaryimage","url":"https:\/\/omega.ba\/business\/wp-content\/uploads\/2022\/10\/885953.jpg","contentUrl":"https:\/\/omega.ba\/business\/wp-content\/uploads\/2022\/10\/885953.jpg","width":900,"height":900},{"@type":"BreadcrumbList","@id":"https:\/\/omega.ba\/product\/olvia-maslinovo-ulje-025l-ekstra-djevicansko\/#breadcrumb","itemListElement":[{"@type":"ListItem","position":1,"name":"Naslovna","item":"https:\/\/omega.ba\/"},{"@type":"ListItem","position":2,"name":"Shop","item":"https:\/\/omega.ba\/shop\/"},{"@type":"ListItem","position":3,"name":"Olvia Maslinovo ulje 0,25l Ekstra djevi\u010dansko"}]},{"@type":"WebSite","@id":"https:\/\/omega.ba\/#website","url":"https:\/\/omega.ba\/","name":"Omega doo","description":"Omega doo is a family company founded in 1990 in \u017divinice. As one of the first small private companies in BiH, from the beginning it was engaged in the sale of consumer goods, and then also furniture, white goods and consumer electronics. The company is primarily registered for trade, and its secondary activities are device servicing and real estate rental.","publisher":{"@id":"https:\/\/omega.ba\/#organization"},"potentialAction":[{"@type":"SearchAction","target":{"@type":"EntryPoint","urlTemplate":"https:\/\/omega.ba\/?s={search_term_string}"},"query-input":{"@type":"PropertyValueSpecification","valueRequired":true,"valueName":"search_term_string"}}],"inLanguage":"en-US"},{"@type":"Organization","@id":"https:\/\/omega.ba\/#organization","name":"Omega doo","url":"https:\/\/omega.ba\/","logo":{"@type":"ImageObject","inLanguage":"en-US","@id":"https:\/\/omega.ba\/#\/schema\/logo\/image\/","url":"https:\/\/omega.ba\/business\/wp-content\/uploads\/2022\/08\/cropped-omega_old_logo.png","contentUrl":"https:\/\/omega.ba\/business\/wp-content\/uploads\/2022\/08\/cropped-omega_old_logo.png","width":512,"height":512,"caption":"Omega d.o.o."},"image":{"@id":"https:\/\/omega.ba\/#\/schema\/logo\/image\/"},"sameAs":["https:\/\/www.facebook.com\/Omega-doo-100267234814814\/"]}]}},"_links":{"self":[{"href":"https:\/\/omega.ba\/en\/wp-json\/wp\/v2\/product\/1350","targetHints":{"allow":["GET"]}}],"collection":[{"href":"https:\/\/omega.ba\/en\/wp-json\/wp\/v2\/product"}],"about":[{"href":"https:\/\/omega.ba\/en\/wp-json\/wp\/v2\/types\/product"}],"version-history":[{"count":0,"href":"https:\/\/omega.ba\/en\/wp-json\/wp\/v2\/product\/1350\/revisions"}],"wp:featuredmedia":[{"embeddable":true,"href":"https:\/\/omega.ba\/en\/wp-json\/wp\/v2\/media\/3536"}],"wp:attachment":[{"href":"https:\/\/omega.ba\/en\/wp-json\/wp\/v2\/media?parent=1350"}],"wp:term":[{"taxonomy":"product_brand","embeddable":true,"href":"https:\/\/omega.ba\/en\/wp-json\/wp\/v2\/product_brand?post=1350"},{"taxonomy":"product_cat","embeddable":true,"href":"https:\/\/omega.ba\/en\/wp-json\/wp\/v2\/product_cat?post=1350"},{"taxonomy":"product_tag","embeddable":true,"href":"https:\/\/omega.ba\/en\/wp-json\/wp\/v2\/product_tag?post=1350"}],"curies":[{"name":"wp","href":"https:\/\/api.w.org\/{rel}","templated":true}]}}