{"id":5464,"date":"2024-08-22T09:45:55","date_gmt":"2024-08-22T07:45:55","guid":{"rendered":"https:\/\/omega.ba\/?post_type=product&#038;p=5464"},"modified":"2024-09-11T10:04:36","modified_gmt":"2024-09-11T08:04:36","slug":"biljana-caj-od-brusnice","status":"publish","type":"product","link":"https:\/\/omega.ba\/en\/product\/biljana-caj-od-brusnice\/","title":{"rendered":"Cranberry herbal tea"},"content":{"rendered":"<p>Enjoy the rich taste and refreshing properties of Biljana cranberry tea. A perfectly balanced mixture of dried cranberries and carefully selected herbal ingredients brings you a healthy and tasty drink that is ideal for any time of the day.<\/p>\n<p><strong>Naturally rich in antioxidants<\/strong> - Cranberries are known for their powerful antioxidants that help fight free radicals and support your overall body.<\/p>\n<p><strong>Mild taste and natural sweetness<\/strong> - A perfectly balanced taste with mild fruity tones makes this tea perfect for relaxing and enjoying at any time.<\/p>","protected":false},"excerpt":{"rendered":"<p>Enjoy the rich taste and refreshing properties of Biljana cranberry tea. A perfectly balanced mixture of dried cranberries and carefully selected herbal\u2026<\/p>","protected":false},"featured_media":5571,"template":"","meta":{"cybocfi_hide_featured_image":""},"product_brand":[],"product_cat":[164,162],"product_tag":[169,171,170],"class_list":{"0":"post-5464","1":"product","2":"type-product","3":"status-publish","4":"has-post-thumbnail","6":"product_cat-biljana","7":"product_cat-cajevi","8":"product_tag-biljana","9":"product_tag-brusnica","10":"product_tag-caj","12":"first","13":"instock","14":"shipping-taxable","15":"product-type-simple"},"yoast_head":"<!-- This site is optimized with the Yoast SEO plugin v26.8 - https:\/\/yoast.com\/product\/yoast-seo-wordpress\/ -->\n<title>Biljana \u010daj od brusnice - Omega d.o.o.<\/title>\n<meta name=\"description\" content=\"U\u017eivajte u bogatom ukusu i osvje\u017eavaju\u0107im svojstvima Biljana \u010daja od brusnice. Savr\u0161eno izbalansirana mje\u0161avina su\u0161enih brusnica i pa\u017eljivo odabranih biljnih sastojaka donosi vam zdrav i ukusan napitak koja je idealan za svako doba dana.\" \/>\n<meta name=\"robots\" content=\"index, follow, max-snippet:-1, max-image-preview:large, max-video-preview:-1\" \/>\n<link rel=\"canonical\" href=\"https:\/\/omega.ba\/en\/proizvod\/biljana-caj-od-brusnice\/\" \/>\n<meta property=\"og:locale\" content=\"en_US\" \/>\n<meta property=\"og:type\" content=\"article\" \/>\n<meta property=\"og:title\" content=\"Biljana \u010daj od brusnice - Omega d.o.o.\" \/>\n<meta property=\"og:description\" content=\"U\u017eivajte u bogatom ukusu i osvje\u017eavaju\u0107im svojstvima Biljana \u010daja od brusnice. Savr\u0161eno izbalansirana mje\u0161avina su\u0161enih brusnica i pa\u017eljivo odabranih biljnih sastojaka donosi vam zdrav i ukusan napitak koja je idealan za svako doba dana.\" \/>\n<meta property=\"og:url\" content=\"https:\/\/omega.ba\/en\/proizvod\/biljana-caj-od-brusnice\/\" \/>\n<meta property=\"og:site_name\" content=\"Omega d.o.o.\" \/>\n<meta property=\"article:publisher\" content=\"https:\/\/www.facebook.com\/Omega-doo-100267234814814\/\" \/>\n<meta property=\"article:modified_time\" content=\"2024-09-11T08:04:36+00:00\" \/>\n<meta property=\"og:image\" content=\"https:\/\/omega.ba\/business\/wp-content\/uploads\/2024\/08\/brusnica.png\" \/>\n\t<meta property=\"og:image:width\" content=\"600\" \/>\n\t<meta property=\"og:image:height\" content=\"400\" \/>\n\t<meta property=\"og:image:type\" content=\"image\/png\" \/>\n<meta name=\"twitter:card\" content=\"summary_large_image\" \/>\n<meta name=\"twitter:label1\" content=\"Est. reading time\" \/>\n\t<meta name=\"twitter:data1\" content=\"1 minute\" \/>\n<script type=\"application\/ld+json\" class=\"yoast-schema-graph\">{\"@context\":\"https:\/\/schema.org\",\"@graph\":[{\"@type\":\"WebPage\",\"@id\":\"https:\/\/omega.ba\/proizvod\/biljana-caj-od-brusnice\/\",\"url\":\"https:\/\/omega.ba\/proizvod\/biljana-caj-od-brusnice\/\",\"name\":\"Biljana \u010daj od brusnice - Omega d.o.o.\",\"isPartOf\":{\"@id\":\"https:\/\/omega.ba\/#website\"},\"primaryImageOfPage\":{\"@id\":\"https:\/\/omega.ba\/proizvod\/biljana-caj-od-brusnice\/#primaryimage\"},\"image\":{\"@id\":\"https:\/\/omega.ba\/proizvod\/biljana-caj-od-brusnice\/#primaryimage\"},\"thumbnailUrl\":\"https:\/\/omega.ba\/business\/wp-content\/uploads\/2024\/08\/brusnica.png\",\"datePublished\":\"2024-08-22T07:45:55+00:00\",\"dateModified\":\"2024-09-11T08:04:36+00:00\",\"description\":\"U\u017eivajte u bogatom ukusu i osvje\u017eavaju\u0107im svojstvima Biljana \u010daja od brusnice. Savr\u0161eno izbalansirana mje\u0161avina su\u0161enih brusnica i pa\u017eljivo odabranih biljnih sastojaka donosi vam zdrav i ukusan napitak koja je idealan za svako doba dana.\",\"breadcrumb\":{\"@id\":\"https:\/\/omega.ba\/proizvod\/biljana-caj-od-brusnice\/#breadcrumb\"},\"inLanguage\":\"en-US\",\"potentialAction\":[{\"@type\":\"ReadAction\",\"target\":[\"https:\/\/omega.ba\/proizvod\/biljana-caj-od-brusnice\/\"]}]},{\"@type\":\"ImageObject\",\"inLanguage\":\"en-US\",\"@id\":\"https:\/\/omega.ba\/proizvod\/biljana-caj-od-brusnice\/#primaryimage\",\"url\":\"https:\/\/omega.ba\/business\/wp-content\/uploads\/2024\/08\/brusnica.png\",\"contentUrl\":\"https:\/\/omega.ba\/business\/wp-content\/uploads\/2024\/08\/brusnica.png\",\"width\":600,\"height\":400},{\"@type\":\"BreadcrumbList\",\"@id\":\"https:\/\/omega.ba\/proizvod\/biljana-caj-od-brusnice\/#breadcrumb\",\"itemListElement\":[{\"@type\":\"ListItem\",\"position\":1,\"name\":\"Naslovna\",\"item\":\"https:\/\/omega.ba\/\"},{\"@type\":\"ListItem\",\"position\":2,\"name\":\"Shop\",\"item\":\"https:\/\/omega.ba\/shop\/\"},{\"@type\":\"ListItem\",\"position\":3,\"name\":\"Biljana \u010daj od brusnice\"}]},{\"@type\":\"WebSite\",\"@id\":\"https:\/\/omega.ba\/#website\",\"url\":\"https:\/\/omega.ba\/\",\"name\":\"Omega d.o.o.\",\"description\":\"Omega d.o.o. je porodi\u010dna firma osnovana 1990. godine u \u017divinicama. Kao jedna od prvih malih privatnih firmi u BiH ispo\u010detka se bavila prodajom robe \u0161iroke potro\u0161nje, a zatim i namje\u0161taja, te bijele tehnike i potro\u0161a\u010dke elektronike. Dru\u0161tvo je primarno registrovano za trgovinu, a sporedne djelatnosti kojima se bavi su servisiranje ure\u0111aja i iznajmljivanje nekretnina.\",\"publisher\":{\"@id\":\"https:\/\/omega.ba\/#organization\"},\"potentialAction\":[{\"@type\":\"SearchAction\",\"target\":{\"@type\":\"EntryPoint\",\"urlTemplate\":\"https:\/\/omega.ba\/?s={search_term_string}\"},\"query-input\":{\"@type\":\"PropertyValueSpecification\",\"valueRequired\":true,\"valueName\":\"search_term_string\"}}],\"inLanguage\":\"en-US\"},{\"@type\":\"Organization\",\"@id\":\"https:\/\/omega.ba\/#organization\",\"name\":\"Omega d.o.o.\",\"url\":\"https:\/\/omega.ba\/\",\"logo\":{\"@type\":\"ImageObject\",\"inLanguage\":\"en-US\",\"@id\":\"https:\/\/omega.ba\/#\/schema\/logo\/image\/\",\"url\":\"https:\/\/omega.ba\/business\/wp-content\/uploads\/2022\/08\/cropped-omega_old_logo.png\",\"contentUrl\":\"https:\/\/omega.ba\/business\/wp-content\/uploads\/2022\/08\/cropped-omega_old_logo.png\",\"width\":512,\"height\":512,\"caption\":\"Omega d.o.o.\"},\"image\":{\"@id\":\"https:\/\/omega.ba\/#\/schema\/logo\/image\/\"},\"sameAs\":[\"https:\/\/www.facebook.com\/Omega-doo-100267234814814\/\"]}]}<\/script>\n<!-- \/ Yoast SEO plugin. -->","yoast_head_json":{"title":"Biljana \u010daj od brusnice - Omega d.o.o.","description":"Enjoy the rich taste and refreshing properties of Biljana cranberry tea. A perfectly balanced mixture of dried cranberries and carefully selected herbal ingredients brings you a healthy and tasty drink that is ideal for any time of the day.","robots":{"index":"index","follow":"follow","max-snippet":"max-snippet:-1","max-image-preview":"max-image-preview:large","max-video-preview":"max-video-preview:-1"},"canonical":"https:\/\/omega.ba\/en\/proizvod\/biljana-caj-od-brusnice\/","og_locale":"en_US","og_type":"article","og_title":"Biljana \u010daj od brusnice - Omega d.o.o.","og_description":"U\u017eivajte u bogatom ukusu i osvje\u017eavaju\u0107im svojstvima Biljana \u010daja od brusnice. Savr\u0161eno izbalansirana mje\u0161avina su\u0161enih brusnica i pa\u017eljivo odabranih biljnih sastojaka donosi vam zdrav i ukusan napitak koja je idealan za svako doba dana.","og_url":"https:\/\/omega.ba\/en\/proizvod\/biljana-caj-od-brusnice\/","og_site_name":"Omega d.o.o.","article_publisher":"https:\/\/www.facebook.com\/Omega-doo-100267234814814\/","article_modified_time":"2024-09-11T08:04:36+00:00","og_image":[{"width":600,"height":400,"url":"https:\/\/omega.ba\/business\/wp-content\/uploads\/2024\/08\/brusnica.png","type":"image\/png"}],"twitter_card":"summary_large_image","twitter_misc":{"Est. reading time":"1 minute"},"schema":{"@context":"https:\/\/schema.org","@graph":[{"@type":"WebPage","@id":"https:\/\/omega.ba\/proizvod\/biljana-caj-od-brusnice\/","url":"https:\/\/omega.ba\/proizvod\/biljana-caj-od-brusnice\/","name":"Biljana \u010daj od brusnice - Omega d.o.o.","isPartOf":{"@id":"https:\/\/omega.ba\/#website"},"primaryImageOfPage":{"@id":"https:\/\/omega.ba\/proizvod\/biljana-caj-od-brusnice\/#primaryimage"},"image":{"@id":"https:\/\/omega.ba\/proizvod\/biljana-caj-od-brusnice\/#primaryimage"},"thumbnailUrl":"https:\/\/omega.ba\/business\/wp-content\/uploads\/2024\/08\/brusnica.png","datePublished":"2024-08-22T07:45:55+00:00","dateModified":"2024-09-11T08:04:36+00:00","description":"Enjoy the rich taste and refreshing properties of Biljana cranberry tea. A perfectly balanced mixture of dried cranberries and carefully selected herbal ingredients brings you a healthy and tasty drink that is ideal for any time of the day.","breadcrumb":{"@id":"https:\/\/omega.ba\/proizvod\/biljana-caj-od-brusnice\/#breadcrumb"},"inLanguage":"en-US","potentialAction":[{"@type":"ReadAction","target":["https:\/\/omega.ba\/proizvod\/biljana-caj-od-brusnice\/"]}]},{"@type":"ImageObject","inLanguage":"en-US","@id":"https:\/\/omega.ba\/proizvod\/biljana-caj-od-brusnice\/#primaryimage","url":"https:\/\/omega.ba\/business\/wp-content\/uploads\/2024\/08\/brusnica.png","contentUrl":"https:\/\/omega.ba\/business\/wp-content\/uploads\/2024\/08\/brusnica.png","width":600,"height":400},{"@type":"BreadcrumbList","@id":"https:\/\/omega.ba\/proizvod\/biljana-caj-od-brusnice\/#breadcrumb","itemListElement":[{"@type":"ListItem","position":1,"name":"Naslovna","item":"https:\/\/omega.ba\/"},{"@type":"ListItem","position":2,"name":"Shop","item":"https:\/\/omega.ba\/shop\/"},{"@type":"ListItem","position":3,"name":"Biljana \u010daj od brusnice"}]},{"@type":"WebSite","@id":"https:\/\/omega.ba\/#website","url":"https:\/\/omega.ba\/","name":"Omega doo","description":"Omega doo is a family company founded in 1990 in \u017divinice. As one of the first small private companies in BiH, from the beginning it was engaged in the sale of consumer goods, and then also furniture, white goods and consumer electronics. The company is primarily registered for trade, and its secondary activities are device servicing and real estate rental.","publisher":{"@id":"https:\/\/omega.ba\/#organization"},"potentialAction":[{"@type":"SearchAction","target":{"@type":"EntryPoint","urlTemplate":"https:\/\/omega.ba\/?s={search_term_string}"},"query-input":{"@type":"PropertyValueSpecification","valueRequired":true,"valueName":"search_term_string"}}],"inLanguage":"en-US"},{"@type":"Organization","@id":"https:\/\/omega.ba\/#organization","name":"Omega doo","url":"https:\/\/omega.ba\/","logo":{"@type":"ImageObject","inLanguage":"en-US","@id":"https:\/\/omega.ba\/#\/schema\/logo\/image\/","url":"https:\/\/omega.ba\/business\/wp-content\/uploads\/2022\/08\/cropped-omega_old_logo.png","contentUrl":"https:\/\/omega.ba\/business\/wp-content\/uploads\/2022\/08\/cropped-omega_old_logo.png","width":512,"height":512,"caption":"Omega d.o.o."},"image":{"@id":"https:\/\/omega.ba\/#\/schema\/logo\/image\/"},"sameAs":["https:\/\/www.facebook.com\/Omega-doo-100267234814814\/"]}]}},"_links":{"self":[{"href":"https:\/\/omega.ba\/en\/wp-json\/wp\/v2\/product\/5464","targetHints":{"allow":["GET"]}}],"collection":[{"href":"https:\/\/omega.ba\/en\/wp-json\/wp\/v2\/product"}],"about":[{"href":"https:\/\/omega.ba\/en\/wp-json\/wp\/v2\/types\/product"}],"version-history":[{"count":0,"href":"https:\/\/omega.ba\/en\/wp-json\/wp\/v2\/product\/5464\/revisions"}],"wp:featuredmedia":[{"embeddable":true,"href":"https:\/\/omega.ba\/en\/wp-json\/wp\/v2\/media\/5571"}],"wp:attachment":[{"href":"https:\/\/omega.ba\/en\/wp-json\/wp\/v2\/media?parent=5464"}],"wp:term":[{"taxonomy":"product_brand","embeddable":true,"href":"https:\/\/omega.ba\/en\/wp-json\/wp\/v2\/product_brand?post=5464"},{"taxonomy":"product_cat","embeddable":true,"href":"https:\/\/omega.ba\/en\/wp-json\/wp\/v2\/product_cat?post=5464"},{"taxonomy":"product_tag","embeddable":true,"href":"https:\/\/omega.ba\/en\/wp-json\/wp\/v2\/product_tag?post=5464"}],"curies":[{"name":"wp","href":"https:\/\/api.w.org\/{rel}","templated":true}]}}