{"id":5472,"date":"2024-08-22T10:08:41","date_gmt":"2024-08-22T08:08:41","guid":{"rendered":"https:\/\/omega.ba\/?post_type=product&#038;p=5472"},"modified":"2024-09-11T10:09:57","modified_gmt":"2024-09-11T08:09:57","slug":"biljana-caj-od-sumskog-voca","status":"publish","type":"product","link":"https:\/\/omega.ba\/en\/product\/biljana-caj-od-sumskog-voca\/","title":{"rendered":"Herbal tea from forest fruits"},"content":{"rendered":"<p>Herbal tea made from forest fruits, perfectly balanced for the perfect fruity pleasure in every cup. This tea brings a wealth of taste and useful nutrients, bringing you refreshment from a natural source.<\/p>\n<p><strong>Fruit heaven in every cup<\/strong> - With a combination of strawberries, blueberries, raspberries and other forest fruits, every sip is a real explosion of taste and aroma that will delight you.<\/p>\n<p><strong>Mild sweetness and natural taste<\/strong> - Perfectly balanced with natural sweetness and fruity notes, this tea provides moments of enjoyment and relaxation.<\/p>\n<p><strong>Health and energy support<\/strong> - Forest fruits are rich in antioxidants and vitamins, helping to maintain your health and vitality.<\/p>","protected":false},"excerpt":{"rendered":"<p>Herbal tea made from forest fruits, perfectly balanced for the perfect fruity pleasure in every cup. This tea brings a wealth of flavor and\u2026<\/p>","protected":false},"featured_media":5574,"template":"","meta":{"cybocfi_hide_featured_image":""},"product_brand":[],"product_cat":[164,162],"product_tag":[169,170,175,176],"class_list":{"0":"post-5472","1":"product","2":"type-product","3":"status-publish","4":"has-post-thumbnail","6":"product_cat-biljana","7":"product_cat-cajevi","8":"product_tag-biljana","9":"product_tag-caj","10":"product_tag-sumsko","11":"product_tag-voce","13":"first","14":"instock","15":"shipping-taxable","16":"product-type-simple"},"yoast_head":"<!-- This site is optimized with the Yoast SEO plugin v26.8 - https:\/\/yoast.com\/product\/yoast-seo-wordpress\/ -->\n<title>Biljana \u010daj od \u0161umskog vo\u0107a - Omega d.o.o.<\/title>\n<meta name=\"description\" content=\"Biljana \u010daj od \u0161umskog vo\u0107a, savr\u0161eno izbalansiran za savr\u0161en vo\u0107ni u\u017eitak u svakoj \u0161olji. Ovaj \u010daj donosi bogatstvo ukusa i korisnih nutrijenata, donose\u0107i vam osvje\u017eenje iz prirodnog izvora.\" \/>\n<meta name=\"robots\" content=\"index, follow, max-snippet:-1, max-image-preview:large, max-video-preview:-1\" \/>\n<link rel=\"canonical\" href=\"https:\/\/omega.ba\/en\/proizvod\/biljana-caj-od-sumskog-voca\/\" \/>\n<meta property=\"og:locale\" content=\"en_US\" \/>\n<meta property=\"og:type\" content=\"article\" \/>\n<meta property=\"og:title\" content=\"Biljana \u010daj od \u0161umskog vo\u0107a - Omega d.o.o.\" \/>\n<meta property=\"og:description\" content=\"Biljana \u010daj od \u0161umskog vo\u0107a, savr\u0161eno izbalansiran za savr\u0161en vo\u0107ni u\u017eitak u svakoj \u0161olji. Ovaj \u010daj donosi bogatstvo ukusa i korisnih nutrijenata, donose\u0107i vam osvje\u017eenje iz prirodnog izvora.\" \/>\n<meta property=\"og:url\" content=\"https:\/\/omega.ba\/en\/proizvod\/biljana-caj-od-sumskog-voca\/\" \/>\n<meta property=\"og:site_name\" content=\"Omega d.o.o.\" \/>\n<meta property=\"article:publisher\" content=\"https:\/\/www.facebook.com\/Omega-doo-100267234814814\/\" \/>\n<meta property=\"article:modified_time\" content=\"2024-09-11T08:09:57+00:00\" \/>\n<meta property=\"og:image\" content=\"https:\/\/omega.ba\/business\/wp-content\/uploads\/2024\/08\/sumsko-voce.png\" \/>\n\t<meta property=\"og:image:width\" content=\"600\" \/>\n\t<meta property=\"og:image:height\" content=\"400\" \/>\n\t<meta property=\"og:image:type\" content=\"image\/png\" \/>\n<meta name=\"twitter:card\" content=\"summary_large_image\" \/>\n<meta name=\"twitter:label1\" content=\"Est. reading time\" \/>\n\t<meta name=\"twitter:data1\" content=\"1 minute\" \/>\n<script type=\"application\/ld+json\" class=\"yoast-schema-graph\">{\"@context\":\"https:\/\/schema.org\",\"@graph\":[{\"@type\":\"WebPage\",\"@id\":\"https:\/\/omega.ba\/proizvod\/biljana-caj-od-sumskog-voca\/\",\"url\":\"https:\/\/omega.ba\/proizvod\/biljana-caj-od-sumskog-voca\/\",\"name\":\"Biljana \u010daj od \u0161umskog vo\u0107a - Omega d.o.o.\",\"isPartOf\":{\"@id\":\"https:\/\/omega.ba\/#website\"},\"primaryImageOfPage\":{\"@id\":\"https:\/\/omega.ba\/proizvod\/biljana-caj-od-sumskog-voca\/#primaryimage\"},\"image\":{\"@id\":\"https:\/\/omega.ba\/proizvod\/biljana-caj-od-sumskog-voca\/#primaryimage\"},\"thumbnailUrl\":\"https:\/\/omega.ba\/business\/wp-content\/uploads\/2024\/08\/sumsko-voce.png\",\"datePublished\":\"2024-08-22T08:08:41+00:00\",\"dateModified\":\"2024-09-11T08:09:57+00:00\",\"description\":\"Biljana \u010daj od \u0161umskog vo\u0107a, savr\u0161eno izbalansiran za savr\u0161en vo\u0107ni u\u017eitak u svakoj \u0161olji. Ovaj \u010daj donosi bogatstvo ukusa i korisnih nutrijenata, donose\u0107i vam osvje\u017eenje iz prirodnog izvora.\",\"breadcrumb\":{\"@id\":\"https:\/\/omega.ba\/proizvod\/biljana-caj-od-sumskog-voca\/#breadcrumb\"},\"inLanguage\":\"en-US\",\"potentialAction\":[{\"@type\":\"ReadAction\",\"target\":[\"https:\/\/omega.ba\/proizvod\/biljana-caj-od-sumskog-voca\/\"]}]},{\"@type\":\"ImageObject\",\"inLanguage\":\"en-US\",\"@id\":\"https:\/\/omega.ba\/proizvod\/biljana-caj-od-sumskog-voca\/#primaryimage\",\"url\":\"https:\/\/omega.ba\/business\/wp-content\/uploads\/2024\/08\/sumsko-voce.png\",\"contentUrl\":\"https:\/\/omega.ba\/business\/wp-content\/uploads\/2024\/08\/sumsko-voce.png\",\"width\":600,\"height\":400},{\"@type\":\"BreadcrumbList\",\"@id\":\"https:\/\/omega.ba\/proizvod\/biljana-caj-od-sumskog-voca\/#breadcrumb\",\"itemListElement\":[{\"@type\":\"ListItem\",\"position\":1,\"name\":\"Naslovna\",\"item\":\"https:\/\/omega.ba\/\"},{\"@type\":\"ListItem\",\"position\":2,\"name\":\"Shop\",\"item\":\"https:\/\/omega.ba\/shop\/\"},{\"@type\":\"ListItem\",\"position\":3,\"name\":\"Biljana \u010daj od \u0161umskog vo\u0107a\"}]},{\"@type\":\"WebSite\",\"@id\":\"https:\/\/omega.ba\/#website\",\"url\":\"https:\/\/omega.ba\/\",\"name\":\"Omega d.o.o.\",\"description\":\"Omega d.o.o. je porodi\u010dna firma osnovana 1990. godine u \u017divinicama. Kao jedna od prvih malih privatnih firmi u BiH ispo\u010detka se bavila prodajom robe \u0161iroke potro\u0161nje, a zatim i namje\u0161taja, te bijele tehnike i potro\u0161a\u010dke elektronike. Dru\u0161tvo je primarno registrovano za trgovinu, a sporedne djelatnosti kojima se bavi su servisiranje ure\u0111aja i iznajmljivanje nekretnina.\",\"publisher\":{\"@id\":\"https:\/\/omega.ba\/#organization\"},\"potentialAction\":[{\"@type\":\"SearchAction\",\"target\":{\"@type\":\"EntryPoint\",\"urlTemplate\":\"https:\/\/omega.ba\/?s={search_term_string}\"},\"query-input\":{\"@type\":\"PropertyValueSpecification\",\"valueRequired\":true,\"valueName\":\"search_term_string\"}}],\"inLanguage\":\"en-US\"},{\"@type\":\"Organization\",\"@id\":\"https:\/\/omega.ba\/#organization\",\"name\":\"Omega d.o.o.\",\"url\":\"https:\/\/omega.ba\/\",\"logo\":{\"@type\":\"ImageObject\",\"inLanguage\":\"en-US\",\"@id\":\"https:\/\/omega.ba\/#\/schema\/logo\/image\/\",\"url\":\"https:\/\/omega.ba\/business\/wp-content\/uploads\/2022\/08\/cropped-omega_old_logo.png\",\"contentUrl\":\"https:\/\/omega.ba\/business\/wp-content\/uploads\/2022\/08\/cropped-omega_old_logo.png\",\"width\":512,\"height\":512,\"caption\":\"Omega d.o.o.\"},\"image\":{\"@id\":\"https:\/\/omega.ba\/#\/schema\/logo\/image\/\"},\"sameAs\":[\"https:\/\/www.facebook.com\/Omega-doo-100267234814814\/\"]}]}<\/script>\n<!-- \/ Yoast SEO plugin. -->","yoast_head_json":{"title":"Biljana \u010daj od \u0161umskog vo\u0107a - Omega d.o.o.","description":"Herbal tea made from forest fruits, perfectly balanced for the perfect fruity pleasure in every cup. This tea brings a wealth of taste and useful nutrients, bringing you refreshment from a natural source.","robots":{"index":"index","follow":"follow","max-snippet":"max-snippet:-1","max-image-preview":"max-image-preview:large","max-video-preview":"max-video-preview:-1"},"canonical":"https:\/\/omega.ba\/en\/proizvod\/biljana-caj-od-sumskog-voca\/","og_locale":"en_US","og_type":"article","og_title":"Biljana \u010daj od \u0161umskog vo\u0107a - Omega d.o.o.","og_description":"Biljana \u010daj od \u0161umskog vo\u0107a, savr\u0161eno izbalansiran za savr\u0161en vo\u0107ni u\u017eitak u svakoj \u0161olji. Ovaj \u010daj donosi bogatstvo ukusa i korisnih nutrijenata, donose\u0107i vam osvje\u017eenje iz prirodnog izvora.","og_url":"https:\/\/omega.ba\/en\/proizvod\/biljana-caj-od-sumskog-voca\/","og_site_name":"Omega d.o.o.","article_publisher":"https:\/\/www.facebook.com\/Omega-doo-100267234814814\/","article_modified_time":"2024-09-11T08:09:57+00:00","og_image":[{"width":600,"height":400,"url":"https:\/\/omega.ba\/business\/wp-content\/uploads\/2024\/08\/sumsko-voce.png","type":"image\/png"}],"twitter_card":"summary_large_image","twitter_misc":{"Est. reading time":"1 minute"},"schema":{"@context":"https:\/\/schema.org","@graph":[{"@type":"WebPage","@id":"https:\/\/omega.ba\/proizvod\/biljana-caj-od-sumskog-voca\/","url":"https:\/\/omega.ba\/proizvod\/biljana-caj-od-sumskog-voca\/","name":"Biljana \u010daj od \u0161umskog vo\u0107a - Omega d.o.o.","isPartOf":{"@id":"https:\/\/omega.ba\/#website"},"primaryImageOfPage":{"@id":"https:\/\/omega.ba\/proizvod\/biljana-caj-od-sumskog-voca\/#primaryimage"},"image":{"@id":"https:\/\/omega.ba\/proizvod\/biljana-caj-od-sumskog-voca\/#primaryimage"},"thumbnailUrl":"https:\/\/omega.ba\/business\/wp-content\/uploads\/2024\/08\/sumsko-voce.png","datePublished":"2024-08-22T08:08:41+00:00","dateModified":"2024-09-11T08:09:57+00:00","description":"Herbal tea made from forest fruits, perfectly balanced for the perfect fruity pleasure in every cup. This tea brings a wealth of taste and useful nutrients, bringing you refreshment from a natural source.","breadcrumb":{"@id":"https:\/\/omega.ba\/proizvod\/biljana-caj-od-sumskog-voca\/#breadcrumb"},"inLanguage":"en-US","potentialAction":[{"@type":"ReadAction","target":["https:\/\/omega.ba\/proizvod\/biljana-caj-od-sumskog-voca\/"]}]},{"@type":"ImageObject","inLanguage":"en-US","@id":"https:\/\/omega.ba\/proizvod\/biljana-caj-od-sumskog-voca\/#primaryimage","url":"https:\/\/omega.ba\/business\/wp-content\/uploads\/2024\/08\/sumsko-voce.png","contentUrl":"https:\/\/omega.ba\/business\/wp-content\/uploads\/2024\/08\/sumsko-voce.png","width":600,"height":400},{"@type":"BreadcrumbList","@id":"https:\/\/omega.ba\/proizvod\/biljana-caj-od-sumskog-voca\/#breadcrumb","itemListElement":[{"@type":"ListItem","position":1,"name":"Naslovna","item":"https:\/\/omega.ba\/"},{"@type":"ListItem","position":2,"name":"Shop","item":"https:\/\/omega.ba\/shop\/"},{"@type":"ListItem","position":3,"name":"Biljana \u010daj od \u0161umskog vo\u0107a"}]},{"@type":"WebSite","@id":"https:\/\/omega.ba\/#website","url":"https:\/\/omega.ba\/","name":"Omega doo","description":"Omega doo is a family company founded in 1990 in \u017divinice. As one of the first small private companies in BiH, from the beginning it was engaged in the sale of consumer goods, and then also furniture, white goods and consumer electronics. The company is primarily registered for trade, and its secondary activities are device servicing and real estate rental.","publisher":{"@id":"https:\/\/omega.ba\/#organization"},"potentialAction":[{"@type":"SearchAction","target":{"@type":"EntryPoint","urlTemplate":"https:\/\/omega.ba\/?s={search_term_string}"},"query-input":{"@type":"PropertyValueSpecification","valueRequired":true,"valueName":"search_term_string"}}],"inLanguage":"en-US"},{"@type":"Organization","@id":"https:\/\/omega.ba\/#organization","name":"Omega doo","url":"https:\/\/omega.ba\/","logo":{"@type":"ImageObject","inLanguage":"en-US","@id":"https:\/\/omega.ba\/#\/schema\/logo\/image\/","url":"https:\/\/omega.ba\/business\/wp-content\/uploads\/2022\/08\/cropped-omega_old_logo.png","contentUrl":"https:\/\/omega.ba\/business\/wp-content\/uploads\/2022\/08\/cropped-omega_old_logo.png","width":512,"height":512,"caption":"Omega d.o.o."},"image":{"@id":"https:\/\/omega.ba\/#\/schema\/logo\/image\/"},"sameAs":["https:\/\/www.facebook.com\/Omega-doo-100267234814814\/"]}]}},"_links":{"self":[{"href":"https:\/\/omega.ba\/en\/wp-json\/wp\/v2\/product\/5472","targetHints":{"allow":["GET"]}}],"collection":[{"href":"https:\/\/omega.ba\/en\/wp-json\/wp\/v2\/product"}],"about":[{"href":"https:\/\/omega.ba\/en\/wp-json\/wp\/v2\/types\/product"}],"version-history":[{"count":0,"href":"https:\/\/omega.ba\/en\/wp-json\/wp\/v2\/product\/5472\/revisions"}],"wp:featuredmedia":[{"embeddable":true,"href":"https:\/\/omega.ba\/en\/wp-json\/wp\/v2\/media\/5574"}],"wp:attachment":[{"href":"https:\/\/omega.ba\/en\/wp-json\/wp\/v2\/media?parent=5472"}],"wp:term":[{"taxonomy":"product_brand","embeddable":true,"href":"https:\/\/omega.ba\/en\/wp-json\/wp\/v2\/product_brand?post=5472"},{"taxonomy":"product_cat","embeddable":true,"href":"https:\/\/omega.ba\/en\/wp-json\/wp\/v2\/product_cat?post=5472"},{"taxonomy":"product_tag","embeddable":true,"href":"https:\/\/omega.ba\/en\/wp-json\/wp\/v2\/product_tag?post=5472"}],"curies":[{"name":"wp","href":"https:\/\/api.w.org\/{rel}","templated":true}]}}