{"id":5474,"date":"2024-08-22T10:19:16","date_gmt":"2024-08-22T08:19:16","guid":{"rendered":"https:\/\/omega.ba\/?post_type=product&#038;p=5474"},"modified":"2024-09-11T10:11:09","modified_gmt":"2024-09-11T08:11:09","slug":"biljana-prsni-caj","status":"publish","type":"product","link":"https:\/\/omega.ba\/en\/product\/biljana-prsni-caj\/","title":{"rendered":"Herbal chest tea"},"content":{"rendered":"<p>Discover the power of nature in every cup of Biljana chest tea, specially created to support the health of your respiratory tract. This tea combines carefully selected herbal ingredients to give you relief and a feeling of freshness.<\/p>\n<p><strong>Natural aid for the respiratory system<\/strong> \u2013 With a mixture of carefully selected herbs, Biljana chest tea helps to reduce cough and ease breathing.<\/p>\n<p><strong>Mild taste and soothing properties<\/strong> \u2013 With mild, herbal notes and natural soothing properties, this tea provides a pleasant and relaxing experience.<\/p>\n<p><strong>Support for health and comfort<\/strong> \u2013 This tea helps maintain respiratory health and provides relief when you need it most.<\/p>","protected":false},"excerpt":{"rendered":"<p>Discover the power of nature in every cup of Biljana chest tea, specially created to support the health of your respiratory tract. This tea combines\u2026<\/p>","protected":false},"featured_media":5575,"template":"","meta":{"cybocfi_hide_featured_image":""},"product_brand":[],"product_cat":[164,162],"product_tag":[169,170,177],"class_list":{"0":"post-5474","1":"product","2":"type-product","3":"status-publish","4":"has-post-thumbnail","6":"product_cat-biljana","7":"product_cat-cajevi","8":"product_tag-biljana","9":"product_tag-caj","10":"product_tag-prsni","12":"first","13":"instock","14":"shipping-taxable","15":"product-type-simple"},"yoast_head":"<!-- This site is optimized with the Yoast SEO plugin v26.8 - https:\/\/yoast.com\/product\/yoast-seo-wordpress\/ -->\n<title>Biljana prsni \u010daj - Omega d.o.o.<\/title>\n<meta name=\"description\" content=\"Otkrijte snagu prirode u svakoj \u0161olji Biljana prsnog \u010daja, posebno kreiranog za podr\u0161ku zdravlja va\u0161ih di\u0161nih puteva. Ovaj \u010daj kombinuje pa\u017eljivo odabrane biljne sastojke kako bi vam pru\u017eio olak\u0161anje i osje\u0107aj svje\u017eine.\" \/>\n<meta name=\"robots\" content=\"index, follow, max-snippet:-1, max-image-preview:large, max-video-preview:-1\" \/>\n<link rel=\"canonical\" href=\"https:\/\/omega.ba\/en\/proizvod\/biljana-prsni-caj\/\" \/>\n<meta property=\"og:locale\" content=\"en_US\" \/>\n<meta property=\"og:type\" content=\"article\" \/>\n<meta property=\"og:title\" content=\"Biljana prsni \u010daj - Omega d.o.o.\" \/>\n<meta property=\"og:description\" content=\"Otkrijte snagu prirode u svakoj \u0161olji Biljana prsnog \u010daja, posebno kreiranog za podr\u0161ku zdravlja va\u0161ih di\u0161nih puteva. Ovaj \u010daj kombinuje pa\u017eljivo odabrane biljne sastojke kako bi vam pru\u017eio olak\u0161anje i osje\u0107aj svje\u017eine.\" \/>\n<meta property=\"og:url\" content=\"https:\/\/omega.ba\/en\/proizvod\/biljana-prsni-caj\/\" \/>\n<meta property=\"og:site_name\" content=\"Omega d.o.o.\" \/>\n<meta property=\"article:publisher\" content=\"https:\/\/www.facebook.com\/Omega-doo-100267234814814\/\" \/>\n<meta property=\"article:modified_time\" content=\"2024-09-11T08:11:09+00:00\" \/>\n<meta property=\"og:image\" content=\"https:\/\/omega.ba\/business\/wp-content\/uploads\/2024\/08\/prsni.png\" \/>\n\t<meta property=\"og:image:width\" content=\"600\" \/>\n\t<meta property=\"og:image:height\" content=\"400\" \/>\n\t<meta property=\"og:image:type\" content=\"image\/png\" \/>\n<meta name=\"twitter:card\" content=\"summary_large_image\" \/>\n<meta name=\"twitter:label1\" content=\"Est. reading time\" \/>\n\t<meta name=\"twitter:data1\" content=\"1 minute\" \/>\n<script type=\"application\/ld+json\" class=\"yoast-schema-graph\">{\"@context\":\"https:\/\/schema.org\",\"@graph\":[{\"@type\":\"WebPage\",\"@id\":\"https:\/\/omega.ba\/proizvod\/biljana-prsni-caj\/\",\"url\":\"https:\/\/omega.ba\/proizvod\/biljana-prsni-caj\/\",\"name\":\"Biljana prsni \u010daj - Omega d.o.o.\",\"isPartOf\":{\"@id\":\"https:\/\/omega.ba\/#website\"},\"primaryImageOfPage\":{\"@id\":\"https:\/\/omega.ba\/proizvod\/biljana-prsni-caj\/#primaryimage\"},\"image\":{\"@id\":\"https:\/\/omega.ba\/proizvod\/biljana-prsni-caj\/#primaryimage\"},\"thumbnailUrl\":\"https:\/\/omega.ba\/business\/wp-content\/uploads\/2024\/08\/prsni.png\",\"datePublished\":\"2024-08-22T08:19:16+00:00\",\"dateModified\":\"2024-09-11T08:11:09+00:00\",\"description\":\"Otkrijte snagu prirode u svakoj \u0161olji Biljana prsnog \u010daja, posebno kreiranog za podr\u0161ku zdravlja va\u0161ih di\u0161nih puteva. Ovaj \u010daj kombinuje pa\u017eljivo odabrane biljne sastojke kako bi vam pru\u017eio olak\u0161anje i osje\u0107aj svje\u017eine.\",\"breadcrumb\":{\"@id\":\"https:\/\/omega.ba\/proizvod\/biljana-prsni-caj\/#breadcrumb\"},\"inLanguage\":\"en-US\",\"potentialAction\":[{\"@type\":\"ReadAction\",\"target\":[\"https:\/\/omega.ba\/proizvod\/biljana-prsni-caj\/\"]}]},{\"@type\":\"ImageObject\",\"inLanguage\":\"en-US\",\"@id\":\"https:\/\/omega.ba\/proizvod\/biljana-prsni-caj\/#primaryimage\",\"url\":\"https:\/\/omega.ba\/business\/wp-content\/uploads\/2024\/08\/prsni.png\",\"contentUrl\":\"https:\/\/omega.ba\/business\/wp-content\/uploads\/2024\/08\/prsni.png\",\"width\":600,\"height\":400},{\"@type\":\"BreadcrumbList\",\"@id\":\"https:\/\/omega.ba\/proizvod\/biljana-prsni-caj\/#breadcrumb\",\"itemListElement\":[{\"@type\":\"ListItem\",\"position\":1,\"name\":\"Naslovna\",\"item\":\"https:\/\/omega.ba\/\"},{\"@type\":\"ListItem\",\"position\":2,\"name\":\"Shop\",\"item\":\"https:\/\/omega.ba\/shop\/\"},{\"@type\":\"ListItem\",\"position\":3,\"name\":\"Biljana prsni \u010daj\"}]},{\"@type\":\"WebSite\",\"@id\":\"https:\/\/omega.ba\/#website\",\"url\":\"https:\/\/omega.ba\/\",\"name\":\"Omega d.o.o.\",\"description\":\"Omega d.o.o. je porodi\u010dna firma osnovana 1990. godine u \u017divinicama. Kao jedna od prvih malih privatnih firmi u BiH ispo\u010detka se bavila prodajom robe \u0161iroke potro\u0161nje, a zatim i namje\u0161taja, te bijele tehnike i potro\u0161a\u010dke elektronike. Dru\u0161tvo je primarno registrovano za trgovinu, a sporedne djelatnosti kojima se bavi su servisiranje ure\u0111aja i iznajmljivanje nekretnina.\",\"publisher\":{\"@id\":\"https:\/\/omega.ba\/#organization\"},\"potentialAction\":[{\"@type\":\"SearchAction\",\"target\":{\"@type\":\"EntryPoint\",\"urlTemplate\":\"https:\/\/omega.ba\/?s={search_term_string}\"},\"query-input\":{\"@type\":\"PropertyValueSpecification\",\"valueRequired\":true,\"valueName\":\"search_term_string\"}}],\"inLanguage\":\"en-US\"},{\"@type\":\"Organization\",\"@id\":\"https:\/\/omega.ba\/#organization\",\"name\":\"Omega d.o.o.\",\"url\":\"https:\/\/omega.ba\/\",\"logo\":{\"@type\":\"ImageObject\",\"inLanguage\":\"en-US\",\"@id\":\"https:\/\/omega.ba\/#\/schema\/logo\/image\/\",\"url\":\"https:\/\/omega.ba\/business\/wp-content\/uploads\/2022\/08\/cropped-omega_old_logo.png\",\"contentUrl\":\"https:\/\/omega.ba\/business\/wp-content\/uploads\/2022\/08\/cropped-omega_old_logo.png\",\"width\":512,\"height\":512,\"caption\":\"Omega d.o.o.\"},\"image\":{\"@id\":\"https:\/\/omega.ba\/#\/schema\/logo\/image\/\"},\"sameAs\":[\"https:\/\/www.facebook.com\/Omega-doo-100267234814814\/\"]}]}<\/script>\n<!-- \/ Yoast SEO plugin. -->","yoast_head_json":{"title":"Biljana prsni \u010daj - Omega d.o.o.","description":"Discover the power of nature in every cup of Biljana chest tea, specially created to support the health of your respiratory tract. This tea combines carefully selected herbal ingredients to give you relief and a feeling of freshness.","robots":{"index":"index","follow":"follow","max-snippet":"max-snippet:-1","max-image-preview":"max-image-preview:large","max-video-preview":"max-video-preview:-1"},"canonical":"https:\/\/omega.ba\/en\/proizvod\/biljana-prsni-caj\/","og_locale":"en_US","og_type":"article","og_title":"Biljana prsni \u010daj - Omega d.o.o.","og_description":"Otkrijte snagu prirode u svakoj \u0161olji Biljana prsnog \u010daja, posebno kreiranog za podr\u0161ku zdravlja va\u0161ih di\u0161nih puteva. Ovaj \u010daj kombinuje pa\u017eljivo odabrane biljne sastojke kako bi vam pru\u017eio olak\u0161anje i osje\u0107aj svje\u017eine.","og_url":"https:\/\/omega.ba\/en\/proizvod\/biljana-prsni-caj\/","og_site_name":"Omega d.o.o.","article_publisher":"https:\/\/www.facebook.com\/Omega-doo-100267234814814\/","article_modified_time":"2024-09-11T08:11:09+00:00","og_image":[{"width":600,"height":400,"url":"https:\/\/omega.ba\/business\/wp-content\/uploads\/2024\/08\/prsni.png","type":"image\/png"}],"twitter_card":"summary_large_image","twitter_misc":{"Est. reading time":"1 minute"},"schema":{"@context":"https:\/\/schema.org","@graph":[{"@type":"WebPage","@id":"https:\/\/omega.ba\/proizvod\/biljana-prsni-caj\/","url":"https:\/\/omega.ba\/proizvod\/biljana-prsni-caj\/","name":"Biljana prsni \u010daj - Omega d.o.o.","isPartOf":{"@id":"https:\/\/omega.ba\/#website"},"primaryImageOfPage":{"@id":"https:\/\/omega.ba\/proizvod\/biljana-prsni-caj\/#primaryimage"},"image":{"@id":"https:\/\/omega.ba\/proizvod\/biljana-prsni-caj\/#primaryimage"},"thumbnailUrl":"https:\/\/omega.ba\/business\/wp-content\/uploads\/2024\/08\/prsni.png","datePublished":"2024-08-22T08:19:16+00:00","dateModified":"2024-09-11T08:11:09+00:00","description":"Discover the power of nature in every cup of Biljana chest tea, specially created to support the health of your respiratory tract. This tea combines carefully selected herbal ingredients to give you relief and a feeling of freshness.","breadcrumb":{"@id":"https:\/\/omega.ba\/proizvod\/biljana-prsni-caj\/#breadcrumb"},"inLanguage":"en-US","potentialAction":[{"@type":"ReadAction","target":["https:\/\/omega.ba\/proizvod\/biljana-prsni-caj\/"]}]},{"@type":"ImageObject","inLanguage":"en-US","@id":"https:\/\/omega.ba\/proizvod\/biljana-prsni-caj\/#primaryimage","url":"https:\/\/omega.ba\/business\/wp-content\/uploads\/2024\/08\/prsni.png","contentUrl":"https:\/\/omega.ba\/business\/wp-content\/uploads\/2024\/08\/prsni.png","width":600,"height":400},{"@type":"BreadcrumbList","@id":"https:\/\/omega.ba\/proizvod\/biljana-prsni-caj\/#breadcrumb","itemListElement":[{"@type":"ListItem","position":1,"name":"Naslovna","item":"https:\/\/omega.ba\/"},{"@type":"ListItem","position":2,"name":"Shop","item":"https:\/\/omega.ba\/shop\/"},{"@type":"ListItem","position":3,"name":"Biljana prsni \u010daj"}]},{"@type":"WebSite","@id":"https:\/\/omega.ba\/#website","url":"https:\/\/omega.ba\/","name":"Omega doo","description":"Omega doo is a family company founded in 1990 in \u017divinice. As one of the first small private companies in BiH, from the beginning it was engaged in the sale of consumer goods, and then also furniture, white goods and consumer electronics. The company is primarily registered for trade, and its secondary activities are device servicing and real estate rental.","publisher":{"@id":"https:\/\/omega.ba\/#organization"},"potentialAction":[{"@type":"SearchAction","target":{"@type":"EntryPoint","urlTemplate":"https:\/\/omega.ba\/?s={search_term_string}"},"query-input":{"@type":"PropertyValueSpecification","valueRequired":true,"valueName":"search_term_string"}}],"inLanguage":"en-US"},{"@type":"Organization","@id":"https:\/\/omega.ba\/#organization","name":"Omega doo","url":"https:\/\/omega.ba\/","logo":{"@type":"ImageObject","inLanguage":"en-US","@id":"https:\/\/omega.ba\/#\/schema\/logo\/image\/","url":"https:\/\/omega.ba\/business\/wp-content\/uploads\/2022\/08\/cropped-omega_old_logo.png","contentUrl":"https:\/\/omega.ba\/business\/wp-content\/uploads\/2022\/08\/cropped-omega_old_logo.png","width":512,"height":512,"caption":"Omega d.o.o."},"image":{"@id":"https:\/\/omega.ba\/#\/schema\/logo\/image\/"},"sameAs":["https:\/\/www.facebook.com\/Omega-doo-100267234814814\/"]}]}},"_links":{"self":[{"href":"https:\/\/omega.ba\/en\/wp-json\/wp\/v2\/product\/5474","targetHints":{"allow":["GET"]}}],"collection":[{"href":"https:\/\/omega.ba\/en\/wp-json\/wp\/v2\/product"}],"about":[{"href":"https:\/\/omega.ba\/en\/wp-json\/wp\/v2\/types\/product"}],"version-history":[{"count":0,"href":"https:\/\/omega.ba\/en\/wp-json\/wp\/v2\/product\/5474\/revisions"}],"wp:featuredmedia":[{"embeddable":true,"href":"https:\/\/omega.ba\/en\/wp-json\/wp\/v2\/media\/5575"}],"wp:attachment":[{"href":"https:\/\/omega.ba\/en\/wp-json\/wp\/v2\/media?parent=5474"}],"wp:term":[{"taxonomy":"product_brand","embeddable":true,"href":"https:\/\/omega.ba\/en\/wp-json\/wp\/v2\/product_brand?post=5474"},{"taxonomy":"product_cat","embeddable":true,"href":"https:\/\/omega.ba\/en\/wp-json\/wp\/v2\/product_cat?post=5474"},{"taxonomy":"product_tag","embeddable":true,"href":"https:\/\/omega.ba\/en\/wp-json\/wp\/v2\/product_tag?post=5474"}],"curies":[{"name":"wp","href":"https:\/\/api.w.org\/{rel}","templated":true}]}}