{"id":5478,"date":"2024-08-22T10:33:21","date_gmt":"2024-08-22T08:33:21","guid":{"rendered":"https:\/\/omega.ba\/?post_type=product&#038;p=5478"},"modified":"2024-09-11T10:13:45","modified_gmt":"2024-09-11T08:13:45","slug":"biljana-caj-za-ciscenje","status":"publish","type":"product","link":"https:\/\/omega.ba\/en\/product\/biljana-caj-za-ciscenje\/","title":{"rendered":"Herbal tea for cleansing"},"content":{"rendered":"<p>Discover the power of nature with Biljana Cleansing Tea, specially formulated to support the detoxification process and improve your health. This tea combines carefully selected herbal ingredients that help purify the body and restore balance.<\/p>\n<p><strong>Supporting the natural detoxification process<\/strong> - With a special blend of herbs, this tea helps remove toxins from the body and supports liver and kidney function.<\/p>\n<p><strong>Improves energy and vitality<\/strong> \u2013 Regular consumption of cleansing tea can help revitalize your body, improve digestion and support skin health.<\/p>","protected":false},"excerpt":{"rendered":"<p>Discover the power of nature with Biljana Cleansing Tea, specially formulated to support the detoxification process and improve your health. This tea\u2026<\/p>","protected":false},"featured_media":5577,"template":"","meta":{"cybocfi_hide_featured_image":""},"product_brand":[],"product_cat":[164,162],"product_tag":[179],"class_list":{"0":"post-5478","1":"product","2":"type-product","3":"status-publish","4":"has-post-thumbnail","6":"product_cat-biljana","7":"product_cat-cajevi","8":"product_tag-biljana-ciscenje-caj","10":"first","11":"instock","12":"shipping-taxable","13":"product-type-simple"},"yoast_head":"<!-- This site is optimized with the Yoast SEO plugin v26.8 - https:\/\/yoast.com\/product\/yoast-seo-wordpress\/ -->\n<title>Biljana \u010daj za \u010di\u0161\u0107enje - Omega d.o.o.<\/title>\n<meta name=\"robots\" content=\"index, follow, max-snippet:-1, max-image-preview:large, max-video-preview:-1\" \/>\n<link rel=\"canonical\" href=\"https:\/\/omega.ba\/en\/proizvod\/biljana-caj-za-ciscenje\/\" \/>\n<meta property=\"og:locale\" content=\"en_US\" \/>\n<meta property=\"og:type\" content=\"article\" \/>\n<meta property=\"og:title\" content=\"Biljana \u010daj za \u010di\u0161\u0107enje - Omega d.o.o.\" \/>\n<meta property=\"og:description\" content=\"Otkrijte snagu prirode s Biljana \u010dajem za \u010di\u0161\u0107enje, posebno formuliranim za podr\u0161ku procesu detoksikacije i unaprje\u0111enje va\u0161eg zdravlja. Ovaj \u010daj...\" \/>\n<meta property=\"og:url\" content=\"https:\/\/omega.ba\/en\/proizvod\/biljana-caj-za-ciscenje\/\" \/>\n<meta property=\"og:site_name\" content=\"Omega d.o.o.\" \/>\n<meta property=\"article:publisher\" content=\"https:\/\/www.facebook.com\/Omega-doo-100267234814814\/\" \/>\n<meta property=\"article:modified_time\" content=\"2024-09-11T08:13:45+00:00\" \/>\n<meta property=\"og:image\" content=\"https:\/\/omega.ba\/business\/wp-content\/uploads\/2024\/08\/ciscenje.png\" \/>\n\t<meta property=\"og:image:width\" content=\"600\" \/>\n\t<meta property=\"og:image:height\" content=\"400\" \/>\n\t<meta property=\"og:image:type\" content=\"image\/png\" \/>\n<meta name=\"twitter:card\" content=\"summary_large_image\" \/>\n<meta name=\"twitter:label1\" content=\"Est. reading time\" \/>\n\t<meta name=\"twitter:data1\" content=\"1 minute\" \/>\n<script type=\"application\/ld+json\" class=\"yoast-schema-graph\">{\"@context\":\"https:\/\/schema.org\",\"@graph\":[{\"@type\":\"WebPage\",\"@id\":\"https:\/\/omega.ba\/proizvod\/biljana-caj-za-ciscenje\/\",\"url\":\"https:\/\/omega.ba\/proizvod\/biljana-caj-za-ciscenje\/\",\"name\":\"Biljana \u010daj za \u010di\u0161\u0107enje - Omega d.o.o.\",\"isPartOf\":{\"@id\":\"https:\/\/omega.ba\/#website\"},\"primaryImageOfPage\":{\"@id\":\"https:\/\/omega.ba\/proizvod\/biljana-caj-za-ciscenje\/#primaryimage\"},\"image\":{\"@id\":\"https:\/\/omega.ba\/proizvod\/biljana-caj-za-ciscenje\/#primaryimage\"},\"thumbnailUrl\":\"https:\/\/omega.ba\/business\/wp-content\/uploads\/2024\/08\/ciscenje.png\",\"datePublished\":\"2024-08-22T08:33:21+00:00\",\"dateModified\":\"2024-09-11T08:13:45+00:00\",\"breadcrumb\":{\"@id\":\"https:\/\/omega.ba\/proizvod\/biljana-caj-za-ciscenje\/#breadcrumb\"},\"inLanguage\":\"en-US\",\"potentialAction\":[{\"@type\":\"ReadAction\",\"target\":[\"https:\/\/omega.ba\/proizvod\/biljana-caj-za-ciscenje\/\"]}]},{\"@type\":\"ImageObject\",\"inLanguage\":\"en-US\",\"@id\":\"https:\/\/omega.ba\/proizvod\/biljana-caj-za-ciscenje\/#primaryimage\",\"url\":\"https:\/\/omega.ba\/business\/wp-content\/uploads\/2024\/08\/ciscenje.png\",\"contentUrl\":\"https:\/\/omega.ba\/business\/wp-content\/uploads\/2024\/08\/ciscenje.png\",\"width\":600,\"height\":400},{\"@type\":\"BreadcrumbList\",\"@id\":\"https:\/\/omega.ba\/proizvod\/biljana-caj-za-ciscenje\/#breadcrumb\",\"itemListElement\":[{\"@type\":\"ListItem\",\"position\":1,\"name\":\"Naslovna\",\"item\":\"https:\/\/omega.ba\/\"},{\"@type\":\"ListItem\",\"position\":2,\"name\":\"Shop\",\"item\":\"https:\/\/omega.ba\/shop\/\"},{\"@type\":\"ListItem\",\"position\":3,\"name\":\"Biljana \u010daj za \u010di\u0161\u0107enje\"}]},{\"@type\":\"WebSite\",\"@id\":\"https:\/\/omega.ba\/#website\",\"url\":\"https:\/\/omega.ba\/\",\"name\":\"Omega d.o.o.\",\"description\":\"Omega d.o.o. je porodi\u010dna firma osnovana 1990. godine u \u017divinicama. Kao jedna od prvih malih privatnih firmi u BiH ispo\u010detka se bavila prodajom robe \u0161iroke potro\u0161nje, a zatim i namje\u0161taja, te bijele tehnike i potro\u0161a\u010dke elektronike. Dru\u0161tvo je primarno registrovano za trgovinu, a sporedne djelatnosti kojima se bavi su servisiranje ure\u0111aja i iznajmljivanje nekretnina.\",\"publisher\":{\"@id\":\"https:\/\/omega.ba\/#organization\"},\"potentialAction\":[{\"@type\":\"SearchAction\",\"target\":{\"@type\":\"EntryPoint\",\"urlTemplate\":\"https:\/\/omega.ba\/?s={search_term_string}\"},\"query-input\":{\"@type\":\"PropertyValueSpecification\",\"valueRequired\":true,\"valueName\":\"search_term_string\"}}],\"inLanguage\":\"en-US\"},{\"@type\":\"Organization\",\"@id\":\"https:\/\/omega.ba\/#organization\",\"name\":\"Omega d.o.o.\",\"url\":\"https:\/\/omega.ba\/\",\"logo\":{\"@type\":\"ImageObject\",\"inLanguage\":\"en-US\",\"@id\":\"https:\/\/omega.ba\/#\/schema\/logo\/image\/\",\"url\":\"https:\/\/omega.ba\/business\/wp-content\/uploads\/2022\/08\/cropped-omega_old_logo.png\",\"contentUrl\":\"https:\/\/omega.ba\/business\/wp-content\/uploads\/2022\/08\/cropped-omega_old_logo.png\",\"width\":512,\"height\":512,\"caption\":\"Omega d.o.o.\"},\"image\":{\"@id\":\"https:\/\/omega.ba\/#\/schema\/logo\/image\/\"},\"sameAs\":[\"https:\/\/www.facebook.com\/Omega-doo-100267234814814\/\"]}]}<\/script>\n<!-- \/ Yoast SEO plugin. -->","yoast_head_json":{"title":"Biljana \u010daj za \u010di\u0161\u0107enje - Omega d.o.o.","robots":{"index":"index","follow":"follow","max-snippet":"max-snippet:-1","max-image-preview":"max-image-preview:large","max-video-preview":"max-video-preview:-1"},"canonical":"https:\/\/omega.ba\/en\/proizvod\/biljana-caj-za-ciscenje\/","og_locale":"en_US","og_type":"article","og_title":"Biljana \u010daj za \u010di\u0161\u0107enje - Omega d.o.o.","og_description":"Otkrijte snagu prirode s Biljana \u010dajem za \u010di\u0161\u0107enje, posebno formuliranim za podr\u0161ku procesu detoksikacije i unaprje\u0111enje va\u0161eg zdravlja. Ovaj \u010daj...","og_url":"https:\/\/omega.ba\/en\/proizvod\/biljana-caj-za-ciscenje\/","og_site_name":"Omega d.o.o.","article_publisher":"https:\/\/www.facebook.com\/Omega-doo-100267234814814\/","article_modified_time":"2024-09-11T08:13:45+00:00","og_image":[{"width":600,"height":400,"url":"https:\/\/omega.ba\/business\/wp-content\/uploads\/2024\/08\/ciscenje.png","type":"image\/png"}],"twitter_card":"summary_large_image","twitter_misc":{"Est. reading time":"1 minute"},"schema":{"@context":"https:\/\/schema.org","@graph":[{"@type":"WebPage","@id":"https:\/\/omega.ba\/proizvod\/biljana-caj-za-ciscenje\/","url":"https:\/\/omega.ba\/proizvod\/biljana-caj-za-ciscenje\/","name":"Biljana \u010daj za \u010di\u0161\u0107enje - Omega d.o.o.","isPartOf":{"@id":"https:\/\/omega.ba\/#website"},"primaryImageOfPage":{"@id":"https:\/\/omega.ba\/proizvod\/biljana-caj-za-ciscenje\/#primaryimage"},"image":{"@id":"https:\/\/omega.ba\/proizvod\/biljana-caj-za-ciscenje\/#primaryimage"},"thumbnailUrl":"https:\/\/omega.ba\/business\/wp-content\/uploads\/2024\/08\/ciscenje.png","datePublished":"2024-08-22T08:33:21+00:00","dateModified":"2024-09-11T08:13:45+00:00","breadcrumb":{"@id":"https:\/\/omega.ba\/proizvod\/biljana-caj-za-ciscenje\/#breadcrumb"},"inLanguage":"en-US","potentialAction":[{"@type":"ReadAction","target":["https:\/\/omega.ba\/proizvod\/biljana-caj-za-ciscenje\/"]}]},{"@type":"ImageObject","inLanguage":"en-US","@id":"https:\/\/omega.ba\/proizvod\/biljana-caj-za-ciscenje\/#primaryimage","url":"https:\/\/omega.ba\/business\/wp-content\/uploads\/2024\/08\/ciscenje.png","contentUrl":"https:\/\/omega.ba\/business\/wp-content\/uploads\/2024\/08\/ciscenje.png","width":600,"height":400},{"@type":"BreadcrumbList","@id":"https:\/\/omega.ba\/proizvod\/biljana-caj-za-ciscenje\/#breadcrumb","itemListElement":[{"@type":"ListItem","position":1,"name":"Naslovna","item":"https:\/\/omega.ba\/"},{"@type":"ListItem","position":2,"name":"Shop","item":"https:\/\/omega.ba\/shop\/"},{"@type":"ListItem","position":3,"name":"Biljana \u010daj za \u010di\u0161\u0107enje"}]},{"@type":"WebSite","@id":"https:\/\/omega.ba\/#website","url":"https:\/\/omega.ba\/","name":"Omega doo","description":"Omega doo is a family company founded in 1990 in \u017divinice. As one of the first small private companies in BiH, from the beginning it was engaged in the sale of consumer goods, and then also furniture, white goods and consumer electronics. The company is primarily registered for trade, and its secondary activities are device servicing and real estate rental.","publisher":{"@id":"https:\/\/omega.ba\/#organization"},"potentialAction":[{"@type":"SearchAction","target":{"@type":"EntryPoint","urlTemplate":"https:\/\/omega.ba\/?s={search_term_string}"},"query-input":{"@type":"PropertyValueSpecification","valueRequired":true,"valueName":"search_term_string"}}],"inLanguage":"en-US"},{"@type":"Organization","@id":"https:\/\/omega.ba\/#organization","name":"Omega doo","url":"https:\/\/omega.ba\/","logo":{"@type":"ImageObject","inLanguage":"en-US","@id":"https:\/\/omega.ba\/#\/schema\/logo\/image\/","url":"https:\/\/omega.ba\/business\/wp-content\/uploads\/2022\/08\/cropped-omega_old_logo.png","contentUrl":"https:\/\/omega.ba\/business\/wp-content\/uploads\/2022\/08\/cropped-omega_old_logo.png","width":512,"height":512,"caption":"Omega d.o.o."},"image":{"@id":"https:\/\/omega.ba\/#\/schema\/logo\/image\/"},"sameAs":["https:\/\/www.facebook.com\/Omega-doo-100267234814814\/"]}]}},"_links":{"self":[{"href":"https:\/\/omega.ba\/en\/wp-json\/wp\/v2\/product\/5478","targetHints":{"allow":["GET"]}}],"collection":[{"href":"https:\/\/omega.ba\/en\/wp-json\/wp\/v2\/product"}],"about":[{"href":"https:\/\/omega.ba\/en\/wp-json\/wp\/v2\/types\/product"}],"version-history":[{"count":0,"href":"https:\/\/omega.ba\/en\/wp-json\/wp\/v2\/product\/5478\/revisions"}],"wp:featuredmedia":[{"embeddable":true,"href":"https:\/\/omega.ba\/en\/wp-json\/wp\/v2\/media\/5577"}],"wp:attachment":[{"href":"https:\/\/omega.ba\/en\/wp-json\/wp\/v2\/media?parent=5478"}],"wp:term":[{"taxonomy":"product_brand","embeddable":true,"href":"https:\/\/omega.ba\/en\/wp-json\/wp\/v2\/product_brand?post=5478"},{"taxonomy":"product_cat","embeddable":true,"href":"https:\/\/omega.ba\/en\/wp-json\/wp\/v2\/product_cat?post=5478"},{"taxonomy":"product_tag","embeddable":true,"href":"https:\/\/omega.ba\/en\/wp-json\/wp\/v2\/product_tag?post=5478"}],"curies":[{"name":"wp","href":"https:\/\/api.w.org\/{rel}","templated":true}]}}