{"id":5481,"date":"2024-08-22T10:42:34","date_gmt":"2024-08-22T08:42:34","guid":{"rendered":"https:\/\/omega.ba\/?post_type=product&#038;p=5481"},"modified":"2024-09-11T10:00:02","modified_gmt":"2024-09-11T08:00:02","slug":"biljana-slim-x-caj","status":"publish","type":"product","link":"https:\/\/omega.ba\/en\/product\/biljana-slim-x-caj\/","title":{"rendered":"Biljana Slim X tea"},"content":{"rendered":"<p>Discover what your journey to a slimmer body can look like with Biljana Tea Slim X, specially formulated to support your weight loss and health goals. This tea combines natural ingredients that help boost metabolism, reduce appetite and improve digestion.<\/p>\n<p><strong>Boosting metabolism and fat burning<\/strong> \u2013 With a specially selected blend of herbs, Slim X helps speed up metabolism and promote fat burning, supporting your weight loss efforts.<\/p>\n<p><strong>Pleasant and refreshing taste<\/strong> \u2013 This tea offers a rich, herbal taste with mild spice notes, giving you pleasure in every sip as you work towards your goals.<\/p>\n<p><strong>Digestion support and appetite reduction<\/strong> \u2013 Slim X contributes to your success in achieving healthier habits.<\/p>","protected":false},"excerpt":{"rendered":"<p>Discover what your journey to a slimmer body can look like with Biljana Tea Slim X, specially formulated to support your goals\u2026<\/p>","protected":false},"featured_media":5569,"template":"","meta":{"cybocfi_hide_featured_image":""},"product_brand":[],"product_cat":[164,162],"product_tag":[169,170,180],"class_list":{"0":"post-5481","1":"product","2":"type-product","3":"status-publish","4":"has-post-thumbnail","6":"product_cat-biljana","7":"product_cat-cajevi","8":"product_tag-biljana","9":"product_tag-caj","10":"product_tag-slim-x","12":"first","13":"instock","14":"shipping-taxable","15":"product-type-simple"},"yoast_head":"<!-- This site is optimized with the Yoast SEO plugin v26.8 - https:\/\/yoast.com\/product\/yoast-seo-wordpress\/ -->\n<title>Biljana Slim X \u010daj - Omega d.o.o.<\/title>\n<meta name=\"description\" content=\"Otkrijte kako mo\u017ee izgledati va\u0161 put prema vitkijem tijelu uz Biljana \u010daj Slim X, posebno formuliran za podr\u0161ku va\u0161im ciljevima mr\u0161avljenja i zdravlju. Ovaj \u010daj kombinuje prirodne sastojke koji poma\u017eu u poticanju metabolizma, smanjenju apetita i pobolj\u0161anju probave.\" \/>\n<meta name=\"robots\" content=\"index, follow, max-snippet:-1, max-image-preview:large, max-video-preview:-1\" \/>\n<link rel=\"canonical\" href=\"https:\/\/omega.ba\/en\/proizvod\/biljana-slim-x-caj\/\" \/>\n<meta property=\"og:locale\" content=\"en_US\" \/>\n<meta property=\"og:type\" content=\"article\" \/>\n<meta property=\"og:title\" content=\"Biljana Slim X \u010daj - Omega d.o.o.\" \/>\n<meta property=\"og:description\" content=\"Otkrijte kako mo\u017ee izgledati va\u0161 put prema vitkijem tijelu uz Biljana \u010daj Slim X, posebno formuliran za podr\u0161ku va\u0161im ciljevima mr\u0161avljenja i zdravlju. Ovaj \u010daj kombinuje prirodne sastojke koji poma\u017eu u poticanju metabolizma, smanjenju apetita i pobolj\u0161anju probave.\" \/>\n<meta property=\"og:url\" content=\"https:\/\/omega.ba\/en\/proizvod\/biljana-slim-x-caj\/\" \/>\n<meta property=\"og:site_name\" content=\"Omega d.o.o.\" \/>\n<meta property=\"article:publisher\" content=\"https:\/\/www.facebook.com\/Omega-doo-100267234814814\/\" \/>\n<meta property=\"article:modified_time\" content=\"2024-09-11T08:00:02+00:00\" \/>\n<meta property=\"og:image\" content=\"https:\/\/omega.ba\/business\/wp-content\/uploads\/2024\/08\/slim-x.png\" \/>\n\t<meta property=\"og:image:width\" content=\"600\" \/>\n\t<meta property=\"og:image:height\" content=\"400\" \/>\n\t<meta property=\"og:image:type\" content=\"image\/png\" \/>\n<meta name=\"twitter:card\" content=\"summary_large_image\" \/>\n<meta name=\"twitter:label1\" content=\"Est. reading time\" \/>\n\t<meta name=\"twitter:data1\" content=\"1 minute\" \/>\n<script type=\"application\/ld+json\" class=\"yoast-schema-graph\">{\"@context\":\"https:\/\/schema.org\",\"@graph\":[{\"@type\":\"WebPage\",\"@id\":\"https:\/\/omega.ba\/proizvod\/biljana-slim-x-caj\/\",\"url\":\"https:\/\/omega.ba\/proizvod\/biljana-slim-x-caj\/\",\"name\":\"Biljana Slim X \u010daj - Omega d.o.o.\",\"isPartOf\":{\"@id\":\"https:\/\/omega.ba\/#website\"},\"primaryImageOfPage\":{\"@id\":\"https:\/\/omega.ba\/proizvod\/biljana-slim-x-caj\/#primaryimage\"},\"image\":{\"@id\":\"https:\/\/omega.ba\/proizvod\/biljana-slim-x-caj\/#primaryimage\"},\"thumbnailUrl\":\"https:\/\/omega.ba\/business\/wp-content\/uploads\/2024\/08\/slim-x.png\",\"datePublished\":\"2024-08-22T08:42:34+00:00\",\"dateModified\":\"2024-09-11T08:00:02+00:00\",\"description\":\"Otkrijte kako mo\u017ee izgledati va\u0161 put prema vitkijem tijelu uz Biljana \u010daj Slim X, posebno formuliran za podr\u0161ku va\u0161im ciljevima mr\u0161avljenja i zdravlju. Ovaj \u010daj kombinuje prirodne sastojke koji poma\u017eu u poticanju metabolizma, smanjenju apetita i pobolj\u0161anju probave.\",\"breadcrumb\":{\"@id\":\"https:\/\/omega.ba\/proizvod\/biljana-slim-x-caj\/#breadcrumb\"},\"inLanguage\":\"en-US\",\"potentialAction\":[{\"@type\":\"ReadAction\",\"target\":[\"https:\/\/omega.ba\/proizvod\/biljana-slim-x-caj\/\"]}]},{\"@type\":\"ImageObject\",\"inLanguage\":\"en-US\",\"@id\":\"https:\/\/omega.ba\/proizvod\/biljana-slim-x-caj\/#primaryimage\",\"url\":\"https:\/\/omega.ba\/business\/wp-content\/uploads\/2024\/08\/slim-x.png\",\"contentUrl\":\"https:\/\/omega.ba\/business\/wp-content\/uploads\/2024\/08\/slim-x.png\",\"width\":600,\"height\":400},{\"@type\":\"BreadcrumbList\",\"@id\":\"https:\/\/omega.ba\/proizvod\/biljana-slim-x-caj\/#breadcrumb\",\"itemListElement\":[{\"@type\":\"ListItem\",\"position\":1,\"name\":\"Naslovna\",\"item\":\"https:\/\/omega.ba\/\"},{\"@type\":\"ListItem\",\"position\":2,\"name\":\"Shop\",\"item\":\"https:\/\/omega.ba\/shop\/\"},{\"@type\":\"ListItem\",\"position\":3,\"name\":\"Biljana Slim X \u010daj\"}]},{\"@type\":\"WebSite\",\"@id\":\"https:\/\/omega.ba\/#website\",\"url\":\"https:\/\/omega.ba\/\",\"name\":\"Omega d.o.o.\",\"description\":\"Omega d.o.o. je porodi\u010dna firma osnovana 1990. godine u \u017divinicama. Kao jedna od prvih malih privatnih firmi u BiH ispo\u010detka se bavila prodajom robe \u0161iroke potro\u0161nje, a zatim i namje\u0161taja, te bijele tehnike i potro\u0161a\u010dke elektronike. Dru\u0161tvo je primarno registrovano za trgovinu, a sporedne djelatnosti kojima se bavi su servisiranje ure\u0111aja i iznajmljivanje nekretnina.\",\"publisher\":{\"@id\":\"https:\/\/omega.ba\/#organization\"},\"potentialAction\":[{\"@type\":\"SearchAction\",\"target\":{\"@type\":\"EntryPoint\",\"urlTemplate\":\"https:\/\/omega.ba\/?s={search_term_string}\"},\"query-input\":{\"@type\":\"PropertyValueSpecification\",\"valueRequired\":true,\"valueName\":\"search_term_string\"}}],\"inLanguage\":\"en-US\"},{\"@type\":\"Organization\",\"@id\":\"https:\/\/omega.ba\/#organization\",\"name\":\"Omega d.o.o.\",\"url\":\"https:\/\/omega.ba\/\",\"logo\":{\"@type\":\"ImageObject\",\"inLanguage\":\"en-US\",\"@id\":\"https:\/\/omega.ba\/#\/schema\/logo\/image\/\",\"url\":\"https:\/\/omega.ba\/business\/wp-content\/uploads\/2022\/08\/cropped-omega_old_logo.png\",\"contentUrl\":\"https:\/\/omega.ba\/business\/wp-content\/uploads\/2022\/08\/cropped-omega_old_logo.png\",\"width\":512,\"height\":512,\"caption\":\"Omega d.o.o.\"},\"image\":{\"@id\":\"https:\/\/omega.ba\/#\/schema\/logo\/image\/\"},\"sameAs\":[\"https:\/\/www.facebook.com\/Omega-doo-100267234814814\/\"]}]}<\/script>\n<!-- \/ Yoast SEO plugin. -->","yoast_head_json":{"title":"Biljana Slim X \u010daj - Omega d.o.o.","description":"Discover what your journey to a slimmer body can look like with Biljana Tea Slim X, specially formulated to support your weight loss and health goals. This tea combines natural ingredients that help boost metabolism, reduce appetite and improve digestion.","robots":{"index":"index","follow":"follow","max-snippet":"max-snippet:-1","max-image-preview":"max-image-preview:large","max-video-preview":"max-video-preview:-1"},"canonical":"https:\/\/omega.ba\/en\/proizvod\/biljana-slim-x-caj\/","og_locale":"en_US","og_type":"article","og_title":"Biljana Slim X \u010daj - Omega d.o.o.","og_description":"Otkrijte kako mo\u017ee izgledati va\u0161 put prema vitkijem tijelu uz Biljana \u010daj Slim X, posebno formuliran za podr\u0161ku va\u0161im ciljevima mr\u0161avljenja i zdravlju. Ovaj \u010daj kombinuje prirodne sastojke koji poma\u017eu u poticanju metabolizma, smanjenju apetita i pobolj\u0161anju probave.","og_url":"https:\/\/omega.ba\/en\/proizvod\/biljana-slim-x-caj\/","og_site_name":"Omega d.o.o.","article_publisher":"https:\/\/www.facebook.com\/Omega-doo-100267234814814\/","article_modified_time":"2024-09-11T08:00:02+00:00","og_image":[{"width":600,"height":400,"url":"https:\/\/omega.ba\/business\/wp-content\/uploads\/2024\/08\/slim-x.png","type":"image\/png"}],"twitter_card":"summary_large_image","twitter_misc":{"Est. reading time":"1 minute"},"schema":{"@context":"https:\/\/schema.org","@graph":[{"@type":"WebPage","@id":"https:\/\/omega.ba\/proizvod\/biljana-slim-x-caj\/","url":"https:\/\/omega.ba\/proizvod\/biljana-slim-x-caj\/","name":"Biljana Slim X \u010daj - Omega d.o.o.","isPartOf":{"@id":"https:\/\/omega.ba\/#website"},"primaryImageOfPage":{"@id":"https:\/\/omega.ba\/proizvod\/biljana-slim-x-caj\/#primaryimage"},"image":{"@id":"https:\/\/omega.ba\/proizvod\/biljana-slim-x-caj\/#primaryimage"},"thumbnailUrl":"https:\/\/omega.ba\/business\/wp-content\/uploads\/2024\/08\/slim-x.png","datePublished":"2024-08-22T08:42:34+00:00","dateModified":"2024-09-11T08:00:02+00:00","description":"Discover what your journey to a slimmer body can look like with Biljana Tea Slim X, specially formulated to support your weight loss and health goals. This tea combines natural ingredients that help boost metabolism, reduce appetite and improve digestion.","breadcrumb":{"@id":"https:\/\/omega.ba\/proizvod\/biljana-slim-x-caj\/#breadcrumb"},"inLanguage":"en-US","potentialAction":[{"@type":"ReadAction","target":["https:\/\/omega.ba\/proizvod\/biljana-slim-x-caj\/"]}]},{"@type":"ImageObject","inLanguage":"en-US","@id":"https:\/\/omega.ba\/proizvod\/biljana-slim-x-caj\/#primaryimage","url":"https:\/\/omega.ba\/business\/wp-content\/uploads\/2024\/08\/slim-x.png","contentUrl":"https:\/\/omega.ba\/business\/wp-content\/uploads\/2024\/08\/slim-x.png","width":600,"height":400},{"@type":"BreadcrumbList","@id":"https:\/\/omega.ba\/proizvod\/biljana-slim-x-caj\/#breadcrumb","itemListElement":[{"@type":"ListItem","position":1,"name":"Naslovna","item":"https:\/\/omega.ba\/"},{"@type":"ListItem","position":2,"name":"Shop","item":"https:\/\/omega.ba\/shop\/"},{"@type":"ListItem","position":3,"name":"Biljana Slim X \u010daj"}]},{"@type":"WebSite","@id":"https:\/\/omega.ba\/#website","url":"https:\/\/omega.ba\/","name":"Omega doo","description":"Omega doo is a family company founded in 1990 in \u017divinice. As one of the first small private companies in BiH, from the beginning it was engaged in the sale of consumer goods, and then also furniture, white goods and consumer electronics. The company is primarily registered for trade, and its secondary activities are device servicing and real estate rental.","publisher":{"@id":"https:\/\/omega.ba\/#organization"},"potentialAction":[{"@type":"SearchAction","target":{"@type":"EntryPoint","urlTemplate":"https:\/\/omega.ba\/?s={search_term_string}"},"query-input":{"@type":"PropertyValueSpecification","valueRequired":true,"valueName":"search_term_string"}}],"inLanguage":"en-US"},{"@type":"Organization","@id":"https:\/\/omega.ba\/#organization","name":"Omega doo","url":"https:\/\/omega.ba\/","logo":{"@type":"ImageObject","inLanguage":"en-US","@id":"https:\/\/omega.ba\/#\/schema\/logo\/image\/","url":"https:\/\/omega.ba\/business\/wp-content\/uploads\/2022\/08\/cropped-omega_old_logo.png","contentUrl":"https:\/\/omega.ba\/business\/wp-content\/uploads\/2022\/08\/cropped-omega_old_logo.png","width":512,"height":512,"caption":"Omega d.o.o."},"image":{"@id":"https:\/\/omega.ba\/#\/schema\/logo\/image\/"},"sameAs":["https:\/\/www.facebook.com\/Omega-doo-100267234814814\/"]}]}},"_links":{"self":[{"href":"https:\/\/omega.ba\/en\/wp-json\/wp\/v2\/product\/5481","targetHints":{"allow":["GET"]}}],"collection":[{"href":"https:\/\/omega.ba\/en\/wp-json\/wp\/v2\/product"}],"about":[{"href":"https:\/\/omega.ba\/en\/wp-json\/wp\/v2\/types\/product"}],"version-history":[{"count":0,"href":"https:\/\/omega.ba\/en\/wp-json\/wp\/v2\/product\/5481\/revisions"}],"wp:featuredmedia":[{"embeddable":true,"href":"https:\/\/omega.ba\/en\/wp-json\/wp\/v2\/media\/5569"}],"wp:attachment":[{"href":"https:\/\/omega.ba\/en\/wp-json\/wp\/v2\/media?parent=5481"}],"wp:term":[{"taxonomy":"product_brand","embeddable":true,"href":"https:\/\/omega.ba\/en\/wp-json\/wp\/v2\/product_brand?post=5481"},{"taxonomy":"product_cat","embeddable":true,"href":"https:\/\/omega.ba\/en\/wp-json\/wp\/v2\/product_cat?post=5481"},{"taxonomy":"product_tag","embeddable":true,"href":"https:\/\/omega.ba\/en\/wp-json\/wp\/v2\/product_tag?post=5481"}],"curies":[{"name":"wp","href":"https:\/\/api.w.org\/{rel}","templated":true}]}}