{"id":5487,"date":"2024-08-22T11:29:30","date_gmt":"2024-08-22T09:29:30","guid":{"rendered":"https:\/\/omega.ba\/?post_type=product&#038;p=5487"},"modified":"2024-09-11T10:33:05","modified_gmt":"2024-09-11T08:33:05","slug":"mammut-american-pale-ale-033-limenka-50-alk","status":"publish","type":"product","link":"https:\/\/omega.ba\/en\/product\/mammut-american-pale-ale-033-limenka-50-alk\/","title":{"rendered":"Mammut American Pale Ale 0.33 can 5.0% alk"},"content":{"rendered":"<p>American Pale Ale is a style of beer that will enchant you with its taste and convince you that perfection does exist. When you combine carefully selected three types of barley malt with 4 aromatic American types of hops, the only thing left is to enjoy every sip of this beer. With an extremely balanced taste, not excessive bitterness, with dominant citrus-tropical aromatic notes, its aroma will nourish all your senses long after consumption, and we are sure it will also broaden your horizons.<\/p>\n<p>Alcohol - 5.0%<\/p>\n<p>Color \u2013 11.6 EBC<\/p>\n<p>Extract \u2013 12.2% M\/M<\/p>\n<p>Bitterness \u2013 30.5 IBU<\/p>\n<p>&nbsp;<\/p>\n<p>&nbsp;<\/p>","protected":false},"excerpt":{"rendered":"<p>American Pale Ale is a style of beer that will enchant you with its taste and convince you that perfection does exist. When carefully selected\u2026<\/p>","protected":false},"featured_media":5585,"template":"","meta":{"cybocfi_hide_featured_image":""},"product_brand":[],"product_cat":[163,161],"product_tag":[185,183,165,184,167],"class_list":{"0":"post-5487","1":"product","2":"type-product","3":"status-publish","4":"has-post-thumbnail","6":"product_cat-mammut","7":"product_cat-pivo","8":"product_tag-ale","9":"product_tag-american","10":"product_tag-mammut","11":"product_tag-pale","12":"product_tag-pivo","14":"first","15":"instock","16":"shipping-taxable","17":"product-type-simple"},"yoast_head":"<!-- This site is optimized with the Yoast SEO plugin v26.8 - https:\/\/yoast.com\/product\/yoast-seo-wordpress\/ -->\n<title>Mammut American Pale Ale 0,33 limenka 5,0% alk - Omega d.o.o.<\/title>\n<meta name=\"description\" content=\"American Pale Ale je stil piva koje \u0107e vas op\u010diniti ukusom i ubijediti da savr\u0161enstva ipak postoje. Kada pa\u017eljivo odabrane tri vrste je\u010dmenog slada ukombinujete sa 4 aromati\u010dne ameri\u010dke vrste hmelja, jedino \u0161to vam preostaje jeste da u\u017eivate u svakom gutljaju ovog piva. Izuzetno izbalansiranog ukusa, ne pretjerane gor\u010dine, sa dominantno citrusno - tropskim mirisnim notama, njegova aroma \u0107e jo\u0161 dugo nakon konzumacije hraniti sva va\u0161a \u010dula, a sigurni smo i pro\u0161iriti va\u0161e vidike.\" \/>\n<meta name=\"robots\" content=\"index, follow, max-snippet:-1, max-image-preview:large, max-video-preview:-1\" \/>\n<link rel=\"canonical\" href=\"https:\/\/omega.ba\/en\/proizvod\/mammut-american-pale-ale-033-limenka-50-alk\/\" \/>\n<meta property=\"og:locale\" content=\"en_US\" \/>\n<meta property=\"og:type\" content=\"article\" \/>\n<meta property=\"og:title\" content=\"Mammut American Pale Ale 0,33 limenka 5,0% alk - Omega d.o.o.\" \/>\n<meta property=\"og:description\" content=\"American Pale Ale je stil piva koje \u0107e vas op\u010diniti ukusom i ubijediti da savr\u0161enstva ipak postoje. Kada pa\u017eljivo odabrane tri vrste je\u010dmenog slada ukombinujete sa 4 aromati\u010dne ameri\u010dke vrste hmelja, jedino \u0161to vam preostaje jeste da u\u017eivate u svakom gutljaju ovog piva. Izuzetno izbalansiranog ukusa, ne pretjerane gor\u010dine, sa dominantno citrusno - tropskim mirisnim notama, njegova aroma \u0107e jo\u0161 dugo nakon konzumacije hraniti sva va\u0161a \u010dula, a sigurni smo i pro\u0161iriti va\u0161e vidike.\" \/>\n<meta property=\"og:url\" content=\"https:\/\/omega.ba\/en\/proizvod\/mammut-american-pale-ale-033-limenka-50-alk\/\" \/>\n<meta property=\"og:site_name\" content=\"Omega d.o.o.\" \/>\n<meta property=\"article:publisher\" content=\"https:\/\/www.facebook.com\/Omega-doo-100267234814814\/\" \/>\n<meta property=\"article:modified_time\" content=\"2024-09-11T08:33:05+00:00\" \/>\n<meta property=\"og:image\" content=\"https:\/\/omega.ba\/business\/wp-content\/uploads\/2024\/08\/american-pale-ale.png\" \/>\n\t<meta property=\"og:image:width\" content=\"600\" \/>\n\t<meta property=\"og:image:height\" content=\"400\" \/>\n\t<meta property=\"og:image:type\" content=\"image\/png\" \/>\n<meta name=\"twitter:card\" content=\"summary_large_image\" \/>\n<meta name=\"twitter:label1\" content=\"Est. reading time\" \/>\n\t<meta name=\"twitter:data1\" content=\"1 minute\" \/>\n<script type=\"application\/ld+json\" class=\"yoast-schema-graph\">{\"@context\":\"https:\/\/schema.org\",\"@graph\":[{\"@type\":\"WebPage\",\"@id\":\"https:\/\/omega.ba\/proizvod\/mammut-american-pale-ale-033-limenka-50-alk\/\",\"url\":\"https:\/\/omega.ba\/proizvod\/mammut-american-pale-ale-033-limenka-50-alk\/\",\"name\":\"Mammut American Pale Ale 0,33 limenka 5,0% alk - Omega d.o.o.\",\"isPartOf\":{\"@id\":\"https:\/\/omega.ba\/#website\"},\"primaryImageOfPage\":{\"@id\":\"https:\/\/omega.ba\/proizvod\/mammut-american-pale-ale-033-limenka-50-alk\/#primaryimage\"},\"image\":{\"@id\":\"https:\/\/omega.ba\/proizvod\/mammut-american-pale-ale-033-limenka-50-alk\/#primaryimage\"},\"thumbnailUrl\":\"https:\/\/omega.ba\/business\/wp-content\/uploads\/2024\/08\/american-pale-ale.png\",\"datePublished\":\"2024-08-22T09:29:30+00:00\",\"dateModified\":\"2024-09-11T08:33:05+00:00\",\"description\":\"American Pale Ale je stil piva koje \u0107e vas op\u010diniti ukusom i ubijediti da savr\u0161enstva ipak postoje. Kada pa\u017eljivo odabrane tri vrste je\u010dmenog slada ukombinujete sa 4 aromati\u010dne ameri\u010dke vrste hmelja, jedino \u0161to vam preostaje jeste da u\u017eivate u svakom gutljaju ovog piva. Izuzetno izbalansiranog ukusa, ne pretjerane gor\u010dine, sa dominantno citrusno - tropskim mirisnim notama, njegova aroma \u0107e jo\u0161 dugo nakon konzumacije hraniti sva va\u0161a \u010dula, a sigurni smo i pro\u0161iriti va\u0161e vidike.\",\"breadcrumb\":{\"@id\":\"https:\/\/omega.ba\/proizvod\/mammut-american-pale-ale-033-limenka-50-alk\/#breadcrumb\"},\"inLanguage\":\"en-US\",\"potentialAction\":[{\"@type\":\"ReadAction\",\"target\":[\"https:\/\/omega.ba\/proizvod\/mammut-american-pale-ale-033-limenka-50-alk\/\"]}]},{\"@type\":\"ImageObject\",\"inLanguage\":\"en-US\",\"@id\":\"https:\/\/omega.ba\/proizvod\/mammut-american-pale-ale-033-limenka-50-alk\/#primaryimage\",\"url\":\"https:\/\/omega.ba\/business\/wp-content\/uploads\/2024\/08\/american-pale-ale.png\",\"contentUrl\":\"https:\/\/omega.ba\/business\/wp-content\/uploads\/2024\/08\/american-pale-ale.png\",\"width\":600,\"height\":400},{\"@type\":\"BreadcrumbList\",\"@id\":\"https:\/\/omega.ba\/proizvod\/mammut-american-pale-ale-033-limenka-50-alk\/#breadcrumb\",\"itemListElement\":[{\"@type\":\"ListItem\",\"position\":1,\"name\":\"Naslovna\",\"item\":\"https:\/\/omega.ba\/\"},{\"@type\":\"ListItem\",\"position\":2,\"name\":\"Shop\",\"item\":\"https:\/\/omega.ba\/shop\/\"},{\"@type\":\"ListItem\",\"position\":3,\"name\":\"Mammut American Pale Ale 0,33 limenka 5,0% alk\"}]},{\"@type\":\"WebSite\",\"@id\":\"https:\/\/omega.ba\/#website\",\"url\":\"https:\/\/omega.ba\/\",\"name\":\"Omega d.o.o.\",\"description\":\"Omega d.o.o. je porodi\u010dna firma osnovana 1990. godine u \u017divinicama. Kao jedna od prvih malih privatnih firmi u BiH ispo\u010detka se bavila prodajom robe \u0161iroke potro\u0161nje, a zatim i namje\u0161taja, te bijele tehnike i potro\u0161a\u010dke elektronike. Dru\u0161tvo je primarno registrovano za trgovinu, a sporedne djelatnosti kojima se bavi su servisiranje ure\u0111aja i iznajmljivanje nekretnina.\",\"publisher\":{\"@id\":\"https:\/\/omega.ba\/#organization\"},\"potentialAction\":[{\"@type\":\"SearchAction\",\"target\":{\"@type\":\"EntryPoint\",\"urlTemplate\":\"https:\/\/omega.ba\/?s={search_term_string}\"},\"query-input\":{\"@type\":\"PropertyValueSpecification\",\"valueRequired\":true,\"valueName\":\"search_term_string\"}}],\"inLanguage\":\"en-US\"},{\"@type\":\"Organization\",\"@id\":\"https:\/\/omega.ba\/#organization\",\"name\":\"Omega d.o.o.\",\"url\":\"https:\/\/omega.ba\/\",\"logo\":{\"@type\":\"ImageObject\",\"inLanguage\":\"en-US\",\"@id\":\"https:\/\/omega.ba\/#\/schema\/logo\/image\/\",\"url\":\"https:\/\/omega.ba\/business\/wp-content\/uploads\/2022\/08\/cropped-omega_old_logo.png\",\"contentUrl\":\"https:\/\/omega.ba\/business\/wp-content\/uploads\/2022\/08\/cropped-omega_old_logo.png\",\"width\":512,\"height\":512,\"caption\":\"Omega d.o.o.\"},\"image\":{\"@id\":\"https:\/\/omega.ba\/#\/schema\/logo\/image\/\"},\"sameAs\":[\"https:\/\/www.facebook.com\/Omega-doo-100267234814814\/\"]}]}<\/script>\n<!-- \/ Yoast SEO plugin. -->","yoast_head_json":{"title":"Mammut American Pale Ale 0,33 limenka 5,0% alk - Omega d.o.o.","description":"American Pale Ale is a style of beer that will captivate you with its taste and convince you that perfection does exist. When you combine three carefully selected types of barley malt with four aromatic American hops, all that&#039;s left for you to do is enjoy every sip of this beer. With an exceptionally balanced taste, not too bitter, and with dominant citrus-tropical fragrant notes, its aroma will nourish all your senses long after consumption, and we are sure it will broaden your horizons.","robots":{"index":"index","follow":"follow","max-snippet":"max-snippet:-1","max-image-preview":"max-image-preview:large","max-video-preview":"max-video-preview:-1"},"canonical":"https:\/\/omega.ba\/en\/proizvod\/mammut-american-pale-ale-033-limenka-50-alk\/","og_locale":"en_US","og_type":"article","og_title":"Mammut American Pale Ale 0,33 limenka 5,0% alk - Omega d.o.o.","og_description":"American Pale Ale je stil piva koje \u0107e vas op\u010diniti ukusom i ubijediti da savr\u0161enstva ipak postoje. Kada pa\u017eljivo odabrane tri vrste je\u010dmenog slada ukombinujete sa 4 aromati\u010dne ameri\u010dke vrste hmelja, jedino \u0161to vam preostaje jeste da u\u017eivate u svakom gutljaju ovog piva. Izuzetno izbalansiranog ukusa, ne pretjerane gor\u010dine, sa dominantno citrusno - tropskim mirisnim notama, njegova aroma \u0107e jo\u0161 dugo nakon konzumacije hraniti sva va\u0161a \u010dula, a sigurni smo i pro\u0161iriti va\u0161e vidike.","og_url":"https:\/\/omega.ba\/en\/proizvod\/mammut-american-pale-ale-033-limenka-50-alk\/","og_site_name":"Omega d.o.o.","article_publisher":"https:\/\/www.facebook.com\/Omega-doo-100267234814814\/","article_modified_time":"2024-09-11T08:33:05+00:00","og_image":[{"width":600,"height":400,"url":"https:\/\/omega.ba\/business\/wp-content\/uploads\/2024\/08\/american-pale-ale.png","type":"image\/png"}],"twitter_card":"summary_large_image","twitter_misc":{"Est. reading time":"1 minute"},"schema":{"@context":"https:\/\/schema.org","@graph":[{"@type":"WebPage","@id":"https:\/\/omega.ba\/proizvod\/mammut-american-pale-ale-033-limenka-50-alk\/","url":"https:\/\/omega.ba\/proizvod\/mammut-american-pale-ale-033-limenka-50-alk\/","name":"Mammut American Pale Ale 0,33 limenka 5,0% alk - Omega d.o.o.","isPartOf":{"@id":"https:\/\/omega.ba\/#website"},"primaryImageOfPage":{"@id":"https:\/\/omega.ba\/proizvod\/mammut-american-pale-ale-033-limenka-50-alk\/#primaryimage"},"image":{"@id":"https:\/\/omega.ba\/proizvod\/mammut-american-pale-ale-033-limenka-50-alk\/#primaryimage"},"thumbnailUrl":"https:\/\/omega.ba\/business\/wp-content\/uploads\/2024\/08\/american-pale-ale.png","datePublished":"2024-08-22T09:29:30+00:00","dateModified":"2024-09-11T08:33:05+00:00","description":"American Pale Ale is a style of beer that will captivate you with its taste and convince you that perfection does exist. When you combine three carefully selected types of barley malt with four aromatic American hops, all that&#039;s left for you to do is enjoy every sip of this beer. With an exceptionally balanced taste, not too bitter, and with dominant citrus-tropical fragrant notes, its aroma will nourish all your senses long after consumption, and we are sure it will broaden your horizons.","breadcrumb":{"@id":"https:\/\/omega.ba\/proizvod\/mammut-american-pale-ale-033-limenka-50-alk\/#breadcrumb"},"inLanguage":"en-US","potentialAction":[{"@type":"ReadAction","target":["https:\/\/omega.ba\/proizvod\/mammut-american-pale-ale-033-limenka-50-alk\/"]}]},{"@type":"ImageObject","inLanguage":"en-US","@id":"https:\/\/omega.ba\/proizvod\/mammut-american-pale-ale-033-limenka-50-alk\/#primaryimage","url":"https:\/\/omega.ba\/business\/wp-content\/uploads\/2024\/08\/american-pale-ale.png","contentUrl":"https:\/\/omega.ba\/business\/wp-content\/uploads\/2024\/08\/american-pale-ale.png","width":600,"height":400},{"@type":"BreadcrumbList","@id":"https:\/\/omega.ba\/proizvod\/mammut-american-pale-ale-033-limenka-50-alk\/#breadcrumb","itemListElement":[{"@type":"ListItem","position":1,"name":"Naslovna","item":"https:\/\/omega.ba\/"},{"@type":"ListItem","position":2,"name":"Shop","item":"https:\/\/omega.ba\/shop\/"},{"@type":"ListItem","position":3,"name":"Mammut American Pale Ale 0,33 limenka 5,0% alk"}]},{"@type":"WebSite","@id":"https:\/\/omega.ba\/#website","url":"https:\/\/omega.ba\/","name":"Omega doo","description":"Omega doo is a family company founded in 1990 in \u017divinice. As one of the first small private companies in BiH, from the beginning it was engaged in the sale of consumer goods, and then also furniture, white goods and consumer electronics. The company is primarily registered for trade, and its secondary activities are device servicing and real estate rental.","publisher":{"@id":"https:\/\/omega.ba\/#organization"},"potentialAction":[{"@type":"SearchAction","target":{"@type":"EntryPoint","urlTemplate":"https:\/\/omega.ba\/?s={search_term_string}"},"query-input":{"@type":"PropertyValueSpecification","valueRequired":true,"valueName":"search_term_string"}}],"inLanguage":"en-US"},{"@type":"Organization","@id":"https:\/\/omega.ba\/#organization","name":"Omega doo","url":"https:\/\/omega.ba\/","logo":{"@type":"ImageObject","inLanguage":"en-US","@id":"https:\/\/omega.ba\/#\/schema\/logo\/image\/","url":"https:\/\/omega.ba\/business\/wp-content\/uploads\/2022\/08\/cropped-omega_old_logo.png","contentUrl":"https:\/\/omega.ba\/business\/wp-content\/uploads\/2022\/08\/cropped-omega_old_logo.png","width":512,"height":512,"caption":"Omega d.o.o."},"image":{"@id":"https:\/\/omega.ba\/#\/schema\/logo\/image\/"},"sameAs":["https:\/\/www.facebook.com\/Omega-doo-100267234814814\/"]}]}},"_links":{"self":[{"href":"https:\/\/omega.ba\/en\/wp-json\/wp\/v2\/product\/5487","targetHints":{"allow":["GET"]}}],"collection":[{"href":"https:\/\/omega.ba\/en\/wp-json\/wp\/v2\/product"}],"about":[{"href":"https:\/\/omega.ba\/en\/wp-json\/wp\/v2\/types\/product"}],"version-history":[{"count":0,"href":"https:\/\/omega.ba\/en\/wp-json\/wp\/v2\/product\/5487\/revisions"}],"wp:featuredmedia":[{"embeddable":true,"href":"https:\/\/omega.ba\/en\/wp-json\/wp\/v2\/media\/5585"}],"wp:attachment":[{"href":"https:\/\/omega.ba\/en\/wp-json\/wp\/v2\/media?parent=5487"}],"wp:term":[{"taxonomy":"product_brand","embeddable":true,"href":"https:\/\/omega.ba\/en\/wp-json\/wp\/v2\/product_brand?post=5487"},{"taxonomy":"product_cat","embeddable":true,"href":"https:\/\/omega.ba\/en\/wp-json\/wp\/v2\/product_cat?post=5487"},{"taxonomy":"product_tag","embeddable":true,"href":"https:\/\/omega.ba\/en\/wp-json\/wp\/v2\/product_tag?post=5487"}],"curies":[{"name":"wp","href":"https:\/\/api.w.org\/{rel}","templated":true}]}}