{"id":5490,"date":"2024-08-22T11:45:22","date_gmt":"2024-08-22T09:45:22","guid":{"rendered":"https:\/\/omega.ba\/?post_type=product&#038;p=5490"},"modified":"2024-09-11T10:21:10","modified_gmt":"2024-09-11T08:21:10","slug":"mammut-mosaic-033-limenka-47-alk","status":"publish","type":"product","link":"https:\/\/omega.ba\/en\/product\/mammut-mosaic-033-limenka-47-alk\/","title":{"rendered":"Mammut Mosaic 0.33 can 4.7% alk"},"content":{"rendered":"<p>Mosaic \u2013 Hoppy Pilsner is by definition a hoppy Pilsner, but in reality it is a beer that will awaken all your senses. Aromatized American hops, with a special &quot;Dry Hopping&quot; process of cold hopping, are responsible for the irresistible aroma of this beer. Mosaic offers a unique and complex blend of floral, tropical and fruity characteristics, so this beer will be a safe choice for all lovers of new and unexplored flavors of their favorite drink.<\/p>\n<p>Alcohol \u2013 4.7%<\/p>\n<p>Color \u2013 9.3 EBC<\/p>\n<p>Extract \u2013 11.8% M\/M<\/p>\n<p>Bitterness \u2013 27.2 IBU<\/p>","protected":false},"excerpt":{"rendered":"<p>Mosaic \u2013 Hoppy Pilsner is by definition a hoppy Pilsner, but in reality a beer that will awaken all your senses...<\/p>","protected":false},"featured_media":5580,"template":"","meta":{"cybocfi_hide_featured_image":""},"product_brand":[],"product_cat":[163,161],"product_tag":[166,165,186,167],"class_list":{"0":"post-5490","1":"product","2":"type-product","3":"status-publish","4":"has-post-thumbnail","6":"product_cat-mammut","7":"product_cat-pivo","8":"product_tag-craft","9":"product_tag-mammut","10":"product_tag-mosaic","11":"product_tag-pivo","13":"first","14":"instock","15":"shipping-taxable","16":"product-type-simple"},"yoast_head":"<!-- This site is optimized with the Yoast SEO plugin v26.8 - https:\/\/yoast.com\/product\/yoast-seo-wordpress\/ -->\n<title>Mammut Mosaic 0,33 limenka 4,7% alk - Omega d.o.o.<\/title>\n<meta name=\"description\" content=\"Mosaic - Hoppy Pilsner je po definiciji zahmeljeni Pilsner, a u stvarnosti pivo koje \u0107e u vama probuditi sva \u010dula. Aromatizovani ameri\u010dki hmelj, uz poseban postupak &quot;Dry Hopping&quot; zahmeljavanja na hladno, odgovoran je za neodoljivu aromu ovog piva. Mosaic nudi jedinstvenu i slo\u017eenu mje\u0161avinu cvjetnih, tropskih i vo\u0107nih karakteristika, tako da \u0107e ovo pivo biti siguran izbor svih zaljubljenika u nove i neistra\u017eene ukuse njihovog omiljenog pi\u0107a.\" \/>\n<meta name=\"robots\" content=\"index, follow, max-snippet:-1, max-image-preview:large, max-video-preview:-1\" \/>\n<link rel=\"canonical\" href=\"https:\/\/omega.ba\/en\/proizvod\/mammut-mosaic-033-limenka-47-alk\/\" \/>\n<meta property=\"og:locale\" content=\"en_US\" \/>\n<meta property=\"og:type\" content=\"article\" \/>\n<meta property=\"og:title\" content=\"Mammut Mosaic 0,33 limenka 4,7% alk - Omega d.o.o.\" \/>\n<meta property=\"og:description\" content=\"Mosaic - Hoppy Pilsner je po definiciji zahmeljeni Pilsner, a u stvarnosti pivo koje \u0107e u vama probuditi sva \u010dula. Aromatizovani ameri\u010dki hmelj, uz poseban postupak &quot;Dry Hopping&quot; zahmeljavanja na hladno, odgovoran je za neodoljivu aromu ovog piva. Mosaic nudi jedinstvenu i slo\u017eenu mje\u0161avinu cvjetnih, tropskih i vo\u0107nih karakteristika, tako da \u0107e ovo pivo biti siguran izbor svih zaljubljenika u nove i neistra\u017eene ukuse njihovog omiljenog pi\u0107a.\" \/>\n<meta property=\"og:url\" content=\"https:\/\/omega.ba\/en\/proizvod\/mammut-mosaic-033-limenka-47-alk\/\" \/>\n<meta property=\"og:site_name\" content=\"Omega d.o.o.\" \/>\n<meta property=\"article:publisher\" content=\"https:\/\/www.facebook.com\/Omega-doo-100267234814814\/\" \/>\n<meta property=\"article:modified_time\" content=\"2024-09-11T08:21:10+00:00\" \/>\n<meta property=\"og:image\" content=\"https:\/\/omega.ba\/business\/wp-content\/uploads\/2024\/08\/mosaic-limenka-1.png\" \/>\n\t<meta property=\"og:image:width\" content=\"600\" \/>\n\t<meta property=\"og:image:height\" content=\"400\" \/>\n\t<meta property=\"og:image:type\" content=\"image\/png\" \/>\n<meta name=\"twitter:card\" content=\"summary_large_image\" \/>\n<meta name=\"twitter:label1\" content=\"Est. reading time\" \/>\n\t<meta name=\"twitter:data1\" content=\"1 minute\" \/>\n<script type=\"application\/ld+json\" class=\"yoast-schema-graph\">{\"@context\":\"https:\/\/schema.org\",\"@graph\":[{\"@type\":\"WebPage\",\"@id\":\"https:\/\/omega.ba\/proizvod\/mammut-mosaic-033-limenka-47-alk\/\",\"url\":\"https:\/\/omega.ba\/proizvod\/mammut-mosaic-033-limenka-47-alk\/\",\"name\":\"Mammut Mosaic 0,33 limenka 4,7% alk - Omega d.o.o.\",\"isPartOf\":{\"@id\":\"https:\/\/omega.ba\/#website\"},\"primaryImageOfPage\":{\"@id\":\"https:\/\/omega.ba\/proizvod\/mammut-mosaic-033-limenka-47-alk\/#primaryimage\"},\"image\":{\"@id\":\"https:\/\/omega.ba\/proizvod\/mammut-mosaic-033-limenka-47-alk\/#primaryimage\"},\"thumbnailUrl\":\"https:\/\/omega.ba\/business\/wp-content\/uploads\/2024\/08\/mosaic-limenka-1.png\",\"datePublished\":\"2024-08-22T09:45:22+00:00\",\"dateModified\":\"2024-09-11T08:21:10+00:00\",\"description\":\"Mosaic - Hoppy Pilsner je po definiciji zahmeljeni Pilsner, a u stvarnosti pivo koje \u0107e u vama probuditi sva \u010dula. Aromatizovani ameri\u010dki hmelj, uz poseban postupak \\\"Dry Hopping\\\" zahmeljavanja na hladno, odgovoran je za neodoljivu aromu ovog piva. Mosaic nudi jedinstvenu i slo\u017eenu mje\u0161avinu cvjetnih, tropskih i vo\u0107nih karakteristika, tako da \u0107e ovo pivo biti siguran izbor svih zaljubljenika u nove i neistra\u017eene ukuse njihovog omiljenog pi\u0107a.\",\"breadcrumb\":{\"@id\":\"https:\/\/omega.ba\/proizvod\/mammut-mosaic-033-limenka-47-alk\/#breadcrumb\"},\"inLanguage\":\"en-US\",\"potentialAction\":[{\"@type\":\"ReadAction\",\"target\":[\"https:\/\/omega.ba\/proizvod\/mammut-mosaic-033-limenka-47-alk\/\"]}]},{\"@type\":\"ImageObject\",\"inLanguage\":\"en-US\",\"@id\":\"https:\/\/omega.ba\/proizvod\/mammut-mosaic-033-limenka-47-alk\/#primaryimage\",\"url\":\"https:\/\/omega.ba\/business\/wp-content\/uploads\/2024\/08\/mosaic-limenka-1.png\",\"contentUrl\":\"https:\/\/omega.ba\/business\/wp-content\/uploads\/2024\/08\/mosaic-limenka-1.png\",\"width\":600,\"height\":400},{\"@type\":\"BreadcrumbList\",\"@id\":\"https:\/\/omega.ba\/proizvod\/mammut-mosaic-033-limenka-47-alk\/#breadcrumb\",\"itemListElement\":[{\"@type\":\"ListItem\",\"position\":1,\"name\":\"Naslovna\",\"item\":\"https:\/\/omega.ba\/\"},{\"@type\":\"ListItem\",\"position\":2,\"name\":\"Shop\",\"item\":\"https:\/\/omega.ba\/shop\/\"},{\"@type\":\"ListItem\",\"position\":3,\"name\":\"Mammut Mosaic 0,33 limenka 4,7% alk\"}]},{\"@type\":\"WebSite\",\"@id\":\"https:\/\/omega.ba\/#website\",\"url\":\"https:\/\/omega.ba\/\",\"name\":\"Omega d.o.o.\",\"description\":\"Omega d.o.o. je porodi\u010dna firma osnovana 1990. godine u \u017divinicama. Kao jedna od prvih malih privatnih firmi u BiH ispo\u010detka se bavila prodajom robe \u0161iroke potro\u0161nje, a zatim i namje\u0161taja, te bijele tehnike i potro\u0161a\u010dke elektronike. Dru\u0161tvo je primarno registrovano za trgovinu, a sporedne djelatnosti kojima se bavi su servisiranje ure\u0111aja i iznajmljivanje nekretnina.\",\"publisher\":{\"@id\":\"https:\/\/omega.ba\/#organization\"},\"potentialAction\":[{\"@type\":\"SearchAction\",\"target\":{\"@type\":\"EntryPoint\",\"urlTemplate\":\"https:\/\/omega.ba\/?s={search_term_string}\"},\"query-input\":{\"@type\":\"PropertyValueSpecification\",\"valueRequired\":true,\"valueName\":\"search_term_string\"}}],\"inLanguage\":\"en-US\"},{\"@type\":\"Organization\",\"@id\":\"https:\/\/omega.ba\/#organization\",\"name\":\"Omega d.o.o.\",\"url\":\"https:\/\/omega.ba\/\",\"logo\":{\"@type\":\"ImageObject\",\"inLanguage\":\"en-US\",\"@id\":\"https:\/\/omega.ba\/#\/schema\/logo\/image\/\",\"url\":\"https:\/\/omega.ba\/business\/wp-content\/uploads\/2022\/08\/cropped-omega_old_logo.png\",\"contentUrl\":\"https:\/\/omega.ba\/business\/wp-content\/uploads\/2022\/08\/cropped-omega_old_logo.png\",\"width\":512,\"height\":512,\"caption\":\"Omega d.o.o.\"},\"image\":{\"@id\":\"https:\/\/omega.ba\/#\/schema\/logo\/image\/\"},\"sameAs\":[\"https:\/\/www.facebook.com\/Omega-doo-100267234814814\/\"]}]}<\/script>\n<!-- \/ Yoast SEO plugin. -->","yoast_head_json":{"title":"Mammut Mosaic 0,33 limenka 4,7% alk - Omega d.o.o.","description":"Mosaic - Hoppy Pilsner is by definition a hoppy Pilsner, but in reality a beer that will awaken all your senses. Aromatized American hops, with a special &quot;Dry Hopping&quot; process of cold hopping, are responsible for the irresistible aroma of this beer. Mosaic offers a unique and complex blend of floral, tropical and fruity characteristics, so this beer will be a safe choice for all lovers of new and unexplored flavors of their favorite drink.","robots":{"index":"index","follow":"follow","max-snippet":"max-snippet:-1","max-image-preview":"max-image-preview:large","max-video-preview":"max-video-preview:-1"},"canonical":"https:\/\/omega.ba\/en\/proizvod\/mammut-mosaic-033-limenka-47-alk\/","og_locale":"en_US","og_type":"article","og_title":"Mammut Mosaic 0,33 limenka 4,7% alk - Omega d.o.o.","og_description":"Mosaic - Hoppy Pilsner je po definiciji zahmeljeni Pilsner, a u stvarnosti pivo koje \u0107e u vama probuditi sva \u010dula. Aromatizovani ameri\u010dki hmelj, uz poseban postupak \"Dry Hopping\" zahmeljavanja na hladno, odgovoran je za neodoljivu aromu ovog piva. Mosaic nudi jedinstvenu i slo\u017eenu mje\u0161avinu cvjetnih, tropskih i vo\u0107nih karakteristika, tako da \u0107e ovo pivo biti siguran izbor svih zaljubljenika u nove i neistra\u017eene ukuse njihovog omiljenog pi\u0107a.","og_url":"https:\/\/omega.ba\/en\/proizvod\/mammut-mosaic-033-limenka-47-alk\/","og_site_name":"Omega d.o.o.","article_publisher":"https:\/\/www.facebook.com\/Omega-doo-100267234814814\/","article_modified_time":"2024-09-11T08:21:10+00:00","og_image":[{"width":600,"height":400,"url":"https:\/\/omega.ba\/business\/wp-content\/uploads\/2024\/08\/mosaic-limenka-1.png","type":"image\/png"}],"twitter_card":"summary_large_image","twitter_misc":{"Est. reading time":"1 minute"},"schema":{"@context":"https:\/\/schema.org","@graph":[{"@type":"WebPage","@id":"https:\/\/omega.ba\/proizvod\/mammut-mosaic-033-limenka-47-alk\/","url":"https:\/\/omega.ba\/proizvod\/mammut-mosaic-033-limenka-47-alk\/","name":"Mammut Mosaic 0,33 limenka 4,7% alk - Omega d.o.o.","isPartOf":{"@id":"https:\/\/omega.ba\/#website"},"primaryImageOfPage":{"@id":"https:\/\/omega.ba\/proizvod\/mammut-mosaic-033-limenka-47-alk\/#primaryimage"},"image":{"@id":"https:\/\/omega.ba\/proizvod\/mammut-mosaic-033-limenka-47-alk\/#primaryimage"},"thumbnailUrl":"https:\/\/omega.ba\/business\/wp-content\/uploads\/2024\/08\/mosaic-limenka-1.png","datePublished":"2024-08-22T09:45:22+00:00","dateModified":"2024-09-11T08:21:10+00:00","description":"Mosaic - Hoppy Pilsner is by definition a hoppy Pilsner, but in reality a beer that will awaken all your senses. Aromatized American hops, with a special &quot;Dry Hopping&quot; process of cold hopping, are responsible for the irresistible aroma of this beer. Mosaic offers a unique and complex blend of floral, tropical and fruity characteristics, so this beer will be a safe choice for all lovers of new and unexplored flavors of their favorite drink.","breadcrumb":{"@id":"https:\/\/omega.ba\/proizvod\/mammut-mosaic-033-limenka-47-alk\/#breadcrumb"},"inLanguage":"en-US","potentialAction":[{"@type":"ReadAction","target":["https:\/\/omega.ba\/proizvod\/mammut-mosaic-033-limenka-47-alk\/"]}]},{"@type":"ImageObject","inLanguage":"en-US","@id":"https:\/\/omega.ba\/proizvod\/mammut-mosaic-033-limenka-47-alk\/#primaryimage","url":"https:\/\/omega.ba\/business\/wp-content\/uploads\/2024\/08\/mosaic-limenka-1.png","contentUrl":"https:\/\/omega.ba\/business\/wp-content\/uploads\/2024\/08\/mosaic-limenka-1.png","width":600,"height":400},{"@type":"BreadcrumbList","@id":"https:\/\/omega.ba\/proizvod\/mammut-mosaic-033-limenka-47-alk\/#breadcrumb","itemListElement":[{"@type":"ListItem","position":1,"name":"Naslovna","item":"https:\/\/omega.ba\/"},{"@type":"ListItem","position":2,"name":"Shop","item":"https:\/\/omega.ba\/shop\/"},{"@type":"ListItem","position":3,"name":"Mammut Mosaic 0,33 limenka 4,7% alk"}]},{"@type":"WebSite","@id":"https:\/\/omega.ba\/#website","url":"https:\/\/omega.ba\/","name":"Omega doo","description":"Omega doo is a family company founded in 1990 in \u017divinice. As one of the first small private companies in BiH, from the beginning it was engaged in the sale of consumer goods, and then also furniture, white goods and consumer electronics. The company is primarily registered for trade, and its secondary activities are device servicing and real estate rental.","publisher":{"@id":"https:\/\/omega.ba\/#organization"},"potentialAction":[{"@type":"SearchAction","target":{"@type":"EntryPoint","urlTemplate":"https:\/\/omega.ba\/?s={search_term_string}"},"query-input":{"@type":"PropertyValueSpecification","valueRequired":true,"valueName":"search_term_string"}}],"inLanguage":"en-US"},{"@type":"Organization","@id":"https:\/\/omega.ba\/#organization","name":"Omega doo","url":"https:\/\/omega.ba\/","logo":{"@type":"ImageObject","inLanguage":"en-US","@id":"https:\/\/omega.ba\/#\/schema\/logo\/image\/","url":"https:\/\/omega.ba\/business\/wp-content\/uploads\/2022\/08\/cropped-omega_old_logo.png","contentUrl":"https:\/\/omega.ba\/business\/wp-content\/uploads\/2022\/08\/cropped-omega_old_logo.png","width":512,"height":512,"caption":"Omega d.o.o."},"image":{"@id":"https:\/\/omega.ba\/#\/schema\/logo\/image\/"},"sameAs":["https:\/\/www.facebook.com\/Omega-doo-100267234814814\/"]}]}},"_links":{"self":[{"href":"https:\/\/omega.ba\/en\/wp-json\/wp\/v2\/product\/5490","targetHints":{"allow":["GET"]}}],"collection":[{"href":"https:\/\/omega.ba\/en\/wp-json\/wp\/v2\/product"}],"about":[{"href":"https:\/\/omega.ba\/en\/wp-json\/wp\/v2\/types\/product"}],"version-history":[{"count":0,"href":"https:\/\/omega.ba\/en\/wp-json\/wp\/v2\/product\/5490\/revisions"}],"wp:featuredmedia":[{"embeddable":true,"href":"https:\/\/omega.ba\/en\/wp-json\/wp\/v2\/media\/5580"}],"wp:attachment":[{"href":"https:\/\/omega.ba\/en\/wp-json\/wp\/v2\/media?parent=5490"}],"wp:term":[{"taxonomy":"product_brand","embeddable":true,"href":"https:\/\/omega.ba\/en\/wp-json\/wp\/v2\/product_brand?post=5490"},{"taxonomy":"product_cat","embeddable":true,"href":"https:\/\/omega.ba\/en\/wp-json\/wp\/v2\/product_cat?post=5490"},{"taxonomy":"product_tag","embeddable":true,"href":"https:\/\/omega.ba\/en\/wp-json\/wp\/v2\/product_tag?post=5490"}],"curies":[{"name":"wp","href":"https:\/\/api.w.org\/{rel}","templated":true}]}}