{"id":5492,"date":"2024-08-22T12:34:30","date_gmt":"2024-08-22T10:34:30","guid":{"rendered":"https:\/\/omega.ba\/?post_type=product&#038;p=5492"},"modified":"2024-09-11T10:26:55","modified_gmt":"2024-09-11T08:26:55","slug":"mammut-pilsner-033-limenka","status":"publish","type":"product","link":"https:\/\/omega.ba\/en\/product\/mammut-pilsner-033-limenka\/","title":{"rendered":"Mammut Pilsner 0.33 can 5.0% alk"},"content":{"rendered":"<p>Carefully selected and combined German hop varieties give this Lager medium intensity herbal and floral notes, with a slight hint of citrus tones. Simply put \u2013 a beer you have to fall in love with at the first glass.<\/p>\n<p>Alcohol \u2013 5.0%<\/p>\n<p>Color \u2013 6.0 EBC<\/p>\n<p>Extract \u2013 12.3% M\/M<\/p>\n<p>Bitter \u2013 25.0 IBU<\/p>","protected":false},"excerpt":{"rendered":"<p>Carefully selected and combined German hop varieties give this Lager medium intensity herbal and floral notes, with a slight hint of citrus...<\/p>","protected":false},"featured_media":5582,"template":"","meta":{"cybocfi_hide_featured_image":""},"product_brand":[],"product_cat":[163,161],"product_tag":[166,165,187,167],"class_list":{"0":"post-5492","1":"product","2":"type-product","3":"status-publish","4":"has-post-thumbnail","6":"product_cat-mammut","7":"product_cat-pivo","8":"product_tag-craft","9":"product_tag-mammut","10":"product_tag-pilsner","11":"product_tag-pivo","13":"first","14":"instock","15":"shipping-taxable","16":"product-type-simple"},"yoast_head":"<!-- This site is optimized with the Yoast SEO plugin v26.8 - https:\/\/yoast.com\/product\/yoast-seo-wordpress\/ -->\n<title>Mammut Pilsner 0,33 limenka 5,0% alk - Omega d.o.o.<\/title>\n<meta name=\"description\" content=\"Pa\u017eljivo birane i kombinovane njema\u010dke sorte hmelja daju ovom Lageru srednje intenzivne biljne i cvijetne note, uz blago provla\u010denje citrusnih tonova. Jednostavno re\u010deno - pivo koje morate zavoljeti na prvu \u010da\u0161u.\" \/>\n<meta name=\"robots\" content=\"index, follow, max-snippet:-1, max-image-preview:large, max-video-preview:-1\" \/>\n<link rel=\"canonical\" href=\"https:\/\/omega.ba\/en\/proizvod\/mammut-pilsner-033-limenka\/\" \/>\n<meta property=\"og:locale\" content=\"en_US\" \/>\n<meta property=\"og:type\" content=\"article\" \/>\n<meta property=\"og:title\" content=\"Mammut Pilsner 0,33 limenka 5,0% alk - Omega d.o.o.\" \/>\n<meta property=\"og:description\" content=\"Pa\u017eljivo birane i kombinovane njema\u010dke sorte hmelja daju ovom Lageru srednje intenzivne biljne i cvijetne note, uz blago provla\u010denje citrusnih tonova. Jednostavno re\u010deno - pivo koje morate zavoljeti na prvu \u010da\u0161u.\" \/>\n<meta property=\"og:url\" content=\"https:\/\/omega.ba\/en\/proizvod\/mammut-pilsner-033-limenka\/\" \/>\n<meta property=\"og:site_name\" content=\"Omega d.o.o.\" \/>\n<meta property=\"article:publisher\" content=\"https:\/\/www.facebook.com\/Omega-doo-100267234814814\/\" \/>\n<meta property=\"article:modified_time\" content=\"2024-09-11T08:26:55+00:00\" \/>\n<meta property=\"og:image\" content=\"https:\/\/omega.ba\/business\/wp-content\/uploads\/2024\/08\/pilsner-limenka.png\" \/>\n\t<meta property=\"og:image:width\" content=\"600\" \/>\n\t<meta property=\"og:image:height\" content=\"400\" \/>\n\t<meta property=\"og:image:type\" content=\"image\/png\" \/>\n<meta name=\"twitter:card\" content=\"summary_large_image\" \/>\n<meta name=\"twitter:label1\" content=\"Est. reading time\" \/>\n\t<meta name=\"twitter:data1\" content=\"1 minute\" \/>\n<script type=\"application\/ld+json\" class=\"yoast-schema-graph\">{\"@context\":\"https:\/\/schema.org\",\"@graph\":[{\"@type\":\"WebPage\",\"@id\":\"https:\/\/omega.ba\/proizvod\/mammut-pilsner-033-limenka\/\",\"url\":\"https:\/\/omega.ba\/proizvod\/mammut-pilsner-033-limenka\/\",\"name\":\"Mammut Pilsner 0,33 limenka 5,0% alk - Omega d.o.o.\",\"isPartOf\":{\"@id\":\"https:\/\/omega.ba\/#website\"},\"primaryImageOfPage\":{\"@id\":\"https:\/\/omega.ba\/proizvod\/mammut-pilsner-033-limenka\/#primaryimage\"},\"image\":{\"@id\":\"https:\/\/omega.ba\/proizvod\/mammut-pilsner-033-limenka\/#primaryimage\"},\"thumbnailUrl\":\"https:\/\/omega.ba\/business\/wp-content\/uploads\/2024\/08\/pilsner-limenka.png\",\"datePublished\":\"2024-08-22T10:34:30+00:00\",\"dateModified\":\"2024-09-11T08:26:55+00:00\",\"description\":\"Pa\u017eljivo birane i kombinovane njema\u010dke sorte hmelja daju ovom Lageru srednje intenzivne biljne i cvijetne note, uz blago provla\u010denje citrusnih tonova. Jednostavno re\u010deno - pivo koje morate zavoljeti na prvu \u010da\u0161u.\",\"breadcrumb\":{\"@id\":\"https:\/\/omega.ba\/proizvod\/mammut-pilsner-033-limenka\/#breadcrumb\"},\"inLanguage\":\"en-US\",\"potentialAction\":[{\"@type\":\"ReadAction\",\"target\":[\"https:\/\/omega.ba\/proizvod\/mammut-pilsner-033-limenka\/\"]}]},{\"@type\":\"ImageObject\",\"inLanguage\":\"en-US\",\"@id\":\"https:\/\/omega.ba\/proizvod\/mammut-pilsner-033-limenka\/#primaryimage\",\"url\":\"https:\/\/omega.ba\/business\/wp-content\/uploads\/2024\/08\/pilsner-limenka.png\",\"contentUrl\":\"https:\/\/omega.ba\/business\/wp-content\/uploads\/2024\/08\/pilsner-limenka.png\",\"width\":600,\"height\":400},{\"@type\":\"BreadcrumbList\",\"@id\":\"https:\/\/omega.ba\/proizvod\/mammut-pilsner-033-limenka\/#breadcrumb\",\"itemListElement\":[{\"@type\":\"ListItem\",\"position\":1,\"name\":\"Naslovna\",\"item\":\"https:\/\/omega.ba\/\"},{\"@type\":\"ListItem\",\"position\":2,\"name\":\"Shop\",\"item\":\"https:\/\/omega.ba\/shop\/\"},{\"@type\":\"ListItem\",\"position\":3,\"name\":\"Mammut Pilsner 0,33 limenka 5,0% alk\"}]},{\"@type\":\"WebSite\",\"@id\":\"https:\/\/omega.ba\/#website\",\"url\":\"https:\/\/omega.ba\/\",\"name\":\"Omega d.o.o.\",\"description\":\"Omega d.o.o. je porodi\u010dna firma osnovana 1990. godine u \u017divinicama. Kao jedna od prvih malih privatnih firmi u BiH ispo\u010detka se bavila prodajom robe \u0161iroke potro\u0161nje, a zatim i namje\u0161taja, te bijele tehnike i potro\u0161a\u010dke elektronike. Dru\u0161tvo je primarno registrovano za trgovinu, a sporedne djelatnosti kojima se bavi su servisiranje ure\u0111aja i iznajmljivanje nekretnina.\",\"publisher\":{\"@id\":\"https:\/\/omega.ba\/#organization\"},\"potentialAction\":[{\"@type\":\"SearchAction\",\"target\":{\"@type\":\"EntryPoint\",\"urlTemplate\":\"https:\/\/omega.ba\/?s={search_term_string}\"},\"query-input\":{\"@type\":\"PropertyValueSpecification\",\"valueRequired\":true,\"valueName\":\"search_term_string\"}}],\"inLanguage\":\"en-US\"},{\"@type\":\"Organization\",\"@id\":\"https:\/\/omega.ba\/#organization\",\"name\":\"Omega d.o.o.\",\"url\":\"https:\/\/omega.ba\/\",\"logo\":{\"@type\":\"ImageObject\",\"inLanguage\":\"en-US\",\"@id\":\"https:\/\/omega.ba\/#\/schema\/logo\/image\/\",\"url\":\"https:\/\/omega.ba\/business\/wp-content\/uploads\/2022\/08\/cropped-omega_old_logo.png\",\"contentUrl\":\"https:\/\/omega.ba\/business\/wp-content\/uploads\/2022\/08\/cropped-omega_old_logo.png\",\"width\":512,\"height\":512,\"caption\":\"Omega d.o.o.\"},\"image\":{\"@id\":\"https:\/\/omega.ba\/#\/schema\/logo\/image\/\"},\"sameAs\":[\"https:\/\/www.facebook.com\/Omega-doo-100267234814814\/\"]}]}<\/script>\n<!-- \/ Yoast SEO plugin. -->","yoast_head_json":{"title":"Mammut Pilsner 0,33 limenka 5,0% alk - Omega d.o.o.","description":"Carefully selected and combined German hop varieties give this Lager medium intensity herbal and floral notes, with a slight hint of citrus tones. Simply put - a beer you have to fall in love with at the first glass.","robots":{"index":"index","follow":"follow","max-snippet":"max-snippet:-1","max-image-preview":"max-image-preview:large","max-video-preview":"max-video-preview:-1"},"canonical":"https:\/\/omega.ba\/en\/proizvod\/mammut-pilsner-033-limenka\/","og_locale":"en_US","og_type":"article","og_title":"Mammut Pilsner 0,33 limenka 5,0% alk - Omega d.o.o.","og_description":"Pa\u017eljivo birane i kombinovane njema\u010dke sorte hmelja daju ovom Lageru srednje intenzivne biljne i cvijetne note, uz blago provla\u010denje citrusnih tonova. Jednostavno re\u010deno - pivo koje morate zavoljeti na prvu \u010da\u0161u.","og_url":"https:\/\/omega.ba\/en\/proizvod\/mammut-pilsner-033-limenka\/","og_site_name":"Omega d.o.o.","article_publisher":"https:\/\/www.facebook.com\/Omega-doo-100267234814814\/","article_modified_time":"2024-09-11T08:26:55+00:00","og_image":[{"width":600,"height":400,"url":"https:\/\/omega.ba\/business\/wp-content\/uploads\/2024\/08\/pilsner-limenka.png","type":"image\/png"}],"twitter_card":"summary_large_image","twitter_misc":{"Est. reading time":"1 minute"},"schema":{"@context":"https:\/\/schema.org","@graph":[{"@type":"WebPage","@id":"https:\/\/omega.ba\/proizvod\/mammut-pilsner-033-limenka\/","url":"https:\/\/omega.ba\/proizvod\/mammut-pilsner-033-limenka\/","name":"Mammut Pilsner 0,33 limenka 5,0% alk - Omega d.o.o.","isPartOf":{"@id":"https:\/\/omega.ba\/#website"},"primaryImageOfPage":{"@id":"https:\/\/omega.ba\/proizvod\/mammut-pilsner-033-limenka\/#primaryimage"},"image":{"@id":"https:\/\/omega.ba\/proizvod\/mammut-pilsner-033-limenka\/#primaryimage"},"thumbnailUrl":"https:\/\/omega.ba\/business\/wp-content\/uploads\/2024\/08\/pilsner-limenka.png","datePublished":"2024-08-22T10:34:30+00:00","dateModified":"2024-09-11T08:26:55+00:00","description":"Carefully selected and combined German hop varieties give this Lager medium intensity herbal and floral notes, with a slight hint of citrus tones. Simply put - a beer you have to fall in love with at the first glass.","breadcrumb":{"@id":"https:\/\/omega.ba\/proizvod\/mammut-pilsner-033-limenka\/#breadcrumb"},"inLanguage":"en-US","potentialAction":[{"@type":"ReadAction","target":["https:\/\/omega.ba\/proizvod\/mammut-pilsner-033-limenka\/"]}]},{"@type":"ImageObject","inLanguage":"en-US","@id":"https:\/\/omega.ba\/proizvod\/mammut-pilsner-033-limenka\/#primaryimage","url":"https:\/\/omega.ba\/business\/wp-content\/uploads\/2024\/08\/pilsner-limenka.png","contentUrl":"https:\/\/omega.ba\/business\/wp-content\/uploads\/2024\/08\/pilsner-limenka.png","width":600,"height":400},{"@type":"BreadcrumbList","@id":"https:\/\/omega.ba\/proizvod\/mammut-pilsner-033-limenka\/#breadcrumb","itemListElement":[{"@type":"ListItem","position":1,"name":"Naslovna","item":"https:\/\/omega.ba\/"},{"@type":"ListItem","position":2,"name":"Shop","item":"https:\/\/omega.ba\/shop\/"},{"@type":"ListItem","position":3,"name":"Mammut Pilsner 0,33 limenka 5,0% alk"}]},{"@type":"WebSite","@id":"https:\/\/omega.ba\/#website","url":"https:\/\/omega.ba\/","name":"Omega doo","description":"Omega doo is a family company founded in 1990 in \u017divinice. As one of the first small private companies in BiH, from the beginning it was engaged in the sale of consumer goods, and then also furniture, white goods and consumer electronics. The company is primarily registered for trade, and its secondary activities are device servicing and real estate rental.","publisher":{"@id":"https:\/\/omega.ba\/#organization"},"potentialAction":[{"@type":"SearchAction","target":{"@type":"EntryPoint","urlTemplate":"https:\/\/omega.ba\/?s={search_term_string}"},"query-input":{"@type":"PropertyValueSpecification","valueRequired":true,"valueName":"search_term_string"}}],"inLanguage":"en-US"},{"@type":"Organization","@id":"https:\/\/omega.ba\/#organization","name":"Omega doo","url":"https:\/\/omega.ba\/","logo":{"@type":"ImageObject","inLanguage":"en-US","@id":"https:\/\/omega.ba\/#\/schema\/logo\/image\/","url":"https:\/\/omega.ba\/business\/wp-content\/uploads\/2022\/08\/cropped-omega_old_logo.png","contentUrl":"https:\/\/omega.ba\/business\/wp-content\/uploads\/2022\/08\/cropped-omega_old_logo.png","width":512,"height":512,"caption":"Omega d.o.o."},"image":{"@id":"https:\/\/omega.ba\/#\/schema\/logo\/image\/"},"sameAs":["https:\/\/www.facebook.com\/Omega-doo-100267234814814\/"]}]}},"_links":{"self":[{"href":"https:\/\/omega.ba\/en\/wp-json\/wp\/v2\/product\/5492","targetHints":{"allow":["GET"]}}],"collection":[{"href":"https:\/\/omega.ba\/en\/wp-json\/wp\/v2\/product"}],"about":[{"href":"https:\/\/omega.ba\/en\/wp-json\/wp\/v2\/types\/product"}],"version-history":[{"count":0,"href":"https:\/\/omega.ba\/en\/wp-json\/wp\/v2\/product\/5492\/revisions"}],"wp:featuredmedia":[{"embeddable":true,"href":"https:\/\/omega.ba\/en\/wp-json\/wp\/v2\/media\/5582"}],"wp:attachment":[{"href":"https:\/\/omega.ba\/en\/wp-json\/wp\/v2\/media?parent=5492"}],"wp:term":[{"taxonomy":"product_brand","embeddable":true,"href":"https:\/\/omega.ba\/en\/wp-json\/wp\/v2\/product_brand?post=5492"},{"taxonomy":"product_cat","embeddable":true,"href":"https:\/\/omega.ba\/en\/wp-json\/wp\/v2\/product_cat?post=5492"},{"taxonomy":"product_tag","embeddable":true,"href":"https:\/\/omega.ba\/en\/wp-json\/wp\/v2\/product_tag?post=5492"}],"curies":[{"name":"wp","href":"https:\/\/api.w.org\/{rel}","templated":true}]}}