{"id":5495,"date":"2024-08-22T12:56:35","date_gmt":"2024-08-22T10:56:35","guid":{"rendered":"https:\/\/omega.ba\/?post_type=product&#038;p=5495"},"modified":"2024-09-11T10:29:03","modified_gmt":"2024-09-11T08:29:03","slug":"mammut-pivo-stout-033-boca-54-alk","status":"publish","type":"product","link":"https:\/\/omega.ba\/en\/product\/mammut-pivo-stout-033-boca-54-alk\/","title":{"rendered":"Mammut beer Stout 0.33 can 5.4% alk"},"content":{"rendered":"<p>For all lovers of dark beer, this is a real treat - Mammut Stout. The careful selection and combination of as many as five types of barley malt resulted in a beer with an intense aroma dominated by tones of coffee, dark chocolate, honey, caramel and dried fruit. An irresistible combination of flavors, with creamy foam, gives a complete experience with every sip.<\/p>\n<p>Alcohol \u2013 5.4%<\/p>\n<p>Color \u2013 70.0 EBC<\/p>\n<p>Extract \u2013 14.0% M\/M<\/p>\n<p>Bitter \u2013 31.0 IBU<\/p>","protected":false},"excerpt":{"rendered":"<p>For all lovers of dark beer, this is a real treat - Mammut Stout. By carefully selecting and combining as many as five types of barley...<\/p>","protected":false},"featured_media":5583,"template":"","meta":{"cybocfi_hide_featured_image":""},"product_brand":[],"product_cat":[163,161],"product_tag":[166,165,167,188],"class_list":{"0":"post-5495","1":"product","2":"type-product","3":"status-publish","4":"has-post-thumbnail","6":"product_cat-mammut","7":"product_cat-pivo","8":"product_tag-craft","9":"product_tag-mammut","10":"product_tag-pivo","11":"product_tag-stout","13":"first","14":"instock","15":"shipping-taxable","16":"product-type-simple"},"yoast_head":"<!-- This site is optimized with the Yoast SEO plugin v26.8 - https:\/\/yoast.com\/product\/yoast-seo-wordpress\/ -->\n<title>Mammut pivo Stout 0,33 limenka 5,4% alk - Omega d.o.o.<\/title>\n<meta name=\"description\" content=\"Za sve ljubitelje tamnog piva ovo je prava poslastica - Mammut Stout. Bri\u017eljivim odabirom i kombinacijom \u010dak pet vrsta je\u010dmenog slada, dobijeno je pivo intenzivne arome u kojoj dominiraju tonovi kafe, crne \u010dokolade, meda, karamela i suhog vo\u0107a. Neodoljiva kombinacija ukusa, uz kremastu pjenu, daje potpun do\u017eivljaj pri svakom gutljaju.\" \/>\n<meta name=\"robots\" content=\"index, follow, max-snippet:-1, max-image-preview:large, max-video-preview:-1\" \/>\n<link rel=\"canonical\" href=\"https:\/\/omega.ba\/en\/proizvod\/mammut-pivo-stout-033-boca-54-alk\/\" \/>\n<meta property=\"og:locale\" content=\"en_US\" \/>\n<meta property=\"og:type\" content=\"article\" \/>\n<meta property=\"og:title\" content=\"Mammut pivo Stout 0,33 limenka 5,4% alk - Omega d.o.o.\" \/>\n<meta property=\"og:description\" content=\"Za sve ljubitelje tamnog piva ovo je prava poslastica - Mammut Stout. Bri\u017eljivim odabirom i kombinacijom \u010dak pet vrsta je\u010dmenog slada, dobijeno je pivo intenzivne arome u kojoj dominiraju tonovi kafe, crne \u010dokolade, meda, karamela i suhog vo\u0107a. Neodoljiva kombinacija ukusa, uz kremastu pjenu, daje potpun do\u017eivljaj pri svakom gutljaju.\" \/>\n<meta property=\"og:url\" content=\"https:\/\/omega.ba\/en\/proizvod\/mammut-pivo-stout-033-boca-54-alk\/\" \/>\n<meta property=\"og:site_name\" content=\"Omega d.o.o.\" \/>\n<meta property=\"article:publisher\" content=\"https:\/\/www.facebook.com\/Omega-doo-100267234814814\/\" \/>\n<meta property=\"article:modified_time\" content=\"2024-09-11T08:29:03+00:00\" \/>\n<meta property=\"og:image\" content=\"https:\/\/omega.ba\/business\/wp-content\/uploads\/2024\/08\/stout-limenka.png\" \/>\n\t<meta property=\"og:image:width\" content=\"600\" \/>\n\t<meta property=\"og:image:height\" content=\"400\" \/>\n\t<meta property=\"og:image:type\" content=\"image\/png\" \/>\n<meta name=\"twitter:card\" content=\"summary_large_image\" \/>\n<meta name=\"twitter:label1\" content=\"Est. reading time\" \/>\n\t<meta name=\"twitter:data1\" content=\"1 minute\" \/>\n<script type=\"application\/ld+json\" class=\"yoast-schema-graph\">{\"@context\":\"https:\/\/schema.org\",\"@graph\":[{\"@type\":\"WebPage\",\"@id\":\"https:\/\/omega.ba\/proizvod\/mammut-pivo-stout-033-boca-54-alk\/\",\"url\":\"https:\/\/omega.ba\/proizvod\/mammut-pivo-stout-033-boca-54-alk\/\",\"name\":\"Mammut pivo Stout 0,33 limenka 5,4% alk - Omega d.o.o.\",\"isPartOf\":{\"@id\":\"https:\/\/omega.ba\/#website\"},\"primaryImageOfPage\":{\"@id\":\"https:\/\/omega.ba\/proizvod\/mammut-pivo-stout-033-boca-54-alk\/#primaryimage\"},\"image\":{\"@id\":\"https:\/\/omega.ba\/proizvod\/mammut-pivo-stout-033-boca-54-alk\/#primaryimage\"},\"thumbnailUrl\":\"https:\/\/omega.ba\/business\/wp-content\/uploads\/2024\/08\/stout-limenka.png\",\"datePublished\":\"2024-08-22T10:56:35+00:00\",\"dateModified\":\"2024-09-11T08:29:03+00:00\",\"description\":\"Za sve ljubitelje tamnog piva ovo je prava poslastica - Mammut Stout. Bri\u017eljivim odabirom i kombinacijom \u010dak pet vrsta je\u010dmenog slada, dobijeno je pivo intenzivne arome u kojoj dominiraju tonovi kafe, crne \u010dokolade, meda, karamela i suhog vo\u0107a. Neodoljiva kombinacija ukusa, uz kremastu pjenu, daje potpun do\u017eivljaj pri svakom gutljaju.\",\"breadcrumb\":{\"@id\":\"https:\/\/omega.ba\/proizvod\/mammut-pivo-stout-033-boca-54-alk\/#breadcrumb\"},\"inLanguage\":\"en-US\",\"potentialAction\":[{\"@type\":\"ReadAction\",\"target\":[\"https:\/\/omega.ba\/proizvod\/mammut-pivo-stout-033-boca-54-alk\/\"]}]},{\"@type\":\"ImageObject\",\"inLanguage\":\"en-US\",\"@id\":\"https:\/\/omega.ba\/proizvod\/mammut-pivo-stout-033-boca-54-alk\/#primaryimage\",\"url\":\"https:\/\/omega.ba\/business\/wp-content\/uploads\/2024\/08\/stout-limenka.png\",\"contentUrl\":\"https:\/\/omega.ba\/business\/wp-content\/uploads\/2024\/08\/stout-limenka.png\",\"width\":600,\"height\":400},{\"@type\":\"BreadcrumbList\",\"@id\":\"https:\/\/omega.ba\/proizvod\/mammut-pivo-stout-033-boca-54-alk\/#breadcrumb\",\"itemListElement\":[{\"@type\":\"ListItem\",\"position\":1,\"name\":\"Naslovna\",\"item\":\"https:\/\/omega.ba\/\"},{\"@type\":\"ListItem\",\"position\":2,\"name\":\"Shop\",\"item\":\"https:\/\/omega.ba\/shop\/\"},{\"@type\":\"ListItem\",\"position\":3,\"name\":\"Mammut pivo Stout 0,33 limenka 5,4% alk\"}]},{\"@type\":\"WebSite\",\"@id\":\"https:\/\/omega.ba\/#website\",\"url\":\"https:\/\/omega.ba\/\",\"name\":\"Omega d.o.o.\",\"description\":\"Omega d.o.o. je porodi\u010dna firma osnovana 1990. godine u \u017divinicama. Kao jedna od prvih malih privatnih firmi u BiH ispo\u010detka se bavila prodajom robe \u0161iroke potro\u0161nje, a zatim i namje\u0161taja, te bijele tehnike i potro\u0161a\u010dke elektronike. Dru\u0161tvo je primarno registrovano za trgovinu, a sporedne djelatnosti kojima se bavi su servisiranje ure\u0111aja i iznajmljivanje nekretnina.\",\"publisher\":{\"@id\":\"https:\/\/omega.ba\/#organization\"},\"potentialAction\":[{\"@type\":\"SearchAction\",\"target\":{\"@type\":\"EntryPoint\",\"urlTemplate\":\"https:\/\/omega.ba\/?s={search_term_string}\"},\"query-input\":{\"@type\":\"PropertyValueSpecification\",\"valueRequired\":true,\"valueName\":\"search_term_string\"}}],\"inLanguage\":\"en-US\"},{\"@type\":\"Organization\",\"@id\":\"https:\/\/omega.ba\/#organization\",\"name\":\"Omega d.o.o.\",\"url\":\"https:\/\/omega.ba\/\",\"logo\":{\"@type\":\"ImageObject\",\"inLanguage\":\"en-US\",\"@id\":\"https:\/\/omega.ba\/#\/schema\/logo\/image\/\",\"url\":\"https:\/\/omega.ba\/business\/wp-content\/uploads\/2022\/08\/cropped-omega_old_logo.png\",\"contentUrl\":\"https:\/\/omega.ba\/business\/wp-content\/uploads\/2022\/08\/cropped-omega_old_logo.png\",\"width\":512,\"height\":512,\"caption\":\"Omega d.o.o.\"},\"image\":{\"@id\":\"https:\/\/omega.ba\/#\/schema\/logo\/image\/\"},\"sameAs\":[\"https:\/\/www.facebook.com\/Omega-doo-100267234814814\/\"]}]}<\/script>\n<!-- \/ Yoast SEO plugin. -->","yoast_head_json":{"title":"Mammut pivo Stout 0,33 limenka 5,4% alk - Omega d.o.o.","description":"For all lovers of dark beer, this is a real treat - Mammut Stout. The careful selection and combination of as many as five types of barley malt resulted in a beer with an intense aroma dominated by tones of coffee, dark chocolate, honey, caramel and dried fruit. An irresistible combination of flavors, with creamy foam, gives a complete experience with every sip.","robots":{"index":"index","follow":"follow","max-snippet":"max-snippet:-1","max-image-preview":"max-image-preview:large","max-video-preview":"max-video-preview:-1"},"canonical":"https:\/\/omega.ba\/en\/proizvod\/mammut-pivo-stout-033-boca-54-alk\/","og_locale":"en_US","og_type":"article","og_title":"Mammut pivo Stout 0,33 limenka 5,4% alk - Omega d.o.o.","og_description":"Za sve ljubitelje tamnog piva ovo je prava poslastica - Mammut Stout. Bri\u017eljivim odabirom i kombinacijom \u010dak pet vrsta je\u010dmenog slada, dobijeno je pivo intenzivne arome u kojoj dominiraju tonovi kafe, crne \u010dokolade, meda, karamela i suhog vo\u0107a. Neodoljiva kombinacija ukusa, uz kremastu pjenu, daje potpun do\u017eivljaj pri svakom gutljaju.","og_url":"https:\/\/omega.ba\/en\/proizvod\/mammut-pivo-stout-033-boca-54-alk\/","og_site_name":"Omega d.o.o.","article_publisher":"https:\/\/www.facebook.com\/Omega-doo-100267234814814\/","article_modified_time":"2024-09-11T08:29:03+00:00","og_image":[{"width":600,"height":400,"url":"https:\/\/omega.ba\/business\/wp-content\/uploads\/2024\/08\/stout-limenka.png","type":"image\/png"}],"twitter_card":"summary_large_image","twitter_misc":{"Est. reading time":"1 minute"},"schema":{"@context":"https:\/\/schema.org","@graph":[{"@type":"WebPage","@id":"https:\/\/omega.ba\/proizvod\/mammut-pivo-stout-033-boca-54-alk\/","url":"https:\/\/omega.ba\/proizvod\/mammut-pivo-stout-033-boca-54-alk\/","name":"Mammut pivo Stout 0,33 limenka 5,4% alk - Omega d.o.o.","isPartOf":{"@id":"https:\/\/omega.ba\/#website"},"primaryImageOfPage":{"@id":"https:\/\/omega.ba\/proizvod\/mammut-pivo-stout-033-boca-54-alk\/#primaryimage"},"image":{"@id":"https:\/\/omega.ba\/proizvod\/mammut-pivo-stout-033-boca-54-alk\/#primaryimage"},"thumbnailUrl":"https:\/\/omega.ba\/business\/wp-content\/uploads\/2024\/08\/stout-limenka.png","datePublished":"2024-08-22T10:56:35+00:00","dateModified":"2024-09-11T08:29:03+00:00","description":"For all lovers of dark beer, this is a real treat - Mammut Stout. The careful selection and combination of as many as five types of barley malt resulted in a beer with an intense aroma dominated by tones of coffee, dark chocolate, honey, caramel and dried fruit. An irresistible combination of flavors, with creamy foam, gives a complete experience with every sip.","breadcrumb":{"@id":"https:\/\/omega.ba\/proizvod\/mammut-pivo-stout-033-boca-54-alk\/#breadcrumb"},"inLanguage":"en-US","potentialAction":[{"@type":"ReadAction","target":["https:\/\/omega.ba\/proizvod\/mammut-pivo-stout-033-boca-54-alk\/"]}]},{"@type":"ImageObject","inLanguage":"en-US","@id":"https:\/\/omega.ba\/proizvod\/mammut-pivo-stout-033-boca-54-alk\/#primaryimage","url":"https:\/\/omega.ba\/business\/wp-content\/uploads\/2024\/08\/stout-limenka.png","contentUrl":"https:\/\/omega.ba\/business\/wp-content\/uploads\/2024\/08\/stout-limenka.png","width":600,"height":400},{"@type":"BreadcrumbList","@id":"https:\/\/omega.ba\/proizvod\/mammut-pivo-stout-033-boca-54-alk\/#breadcrumb","itemListElement":[{"@type":"ListItem","position":1,"name":"Naslovna","item":"https:\/\/omega.ba\/"},{"@type":"ListItem","position":2,"name":"Shop","item":"https:\/\/omega.ba\/shop\/"},{"@type":"ListItem","position":3,"name":"Mammut pivo Stout 0,33 limenka 5,4% alk"}]},{"@type":"WebSite","@id":"https:\/\/omega.ba\/#website","url":"https:\/\/omega.ba\/","name":"Omega doo","description":"Omega doo is a family company founded in 1990 in \u017divinice. As one of the first small private companies in BiH, from the beginning it was engaged in the sale of consumer goods, and then also furniture, white goods and consumer electronics. The company is primarily registered for trade, and its secondary activities are device servicing and real estate rental.","publisher":{"@id":"https:\/\/omega.ba\/#organization"},"potentialAction":[{"@type":"SearchAction","target":{"@type":"EntryPoint","urlTemplate":"https:\/\/omega.ba\/?s={search_term_string}"},"query-input":{"@type":"PropertyValueSpecification","valueRequired":true,"valueName":"search_term_string"}}],"inLanguage":"en-US"},{"@type":"Organization","@id":"https:\/\/omega.ba\/#organization","name":"Omega doo","url":"https:\/\/omega.ba\/","logo":{"@type":"ImageObject","inLanguage":"en-US","@id":"https:\/\/omega.ba\/#\/schema\/logo\/image\/","url":"https:\/\/omega.ba\/business\/wp-content\/uploads\/2022\/08\/cropped-omega_old_logo.png","contentUrl":"https:\/\/omega.ba\/business\/wp-content\/uploads\/2022\/08\/cropped-omega_old_logo.png","width":512,"height":512,"caption":"Omega d.o.o."},"image":{"@id":"https:\/\/omega.ba\/#\/schema\/logo\/image\/"},"sameAs":["https:\/\/www.facebook.com\/Omega-doo-100267234814814\/"]}]}},"_links":{"self":[{"href":"https:\/\/omega.ba\/en\/wp-json\/wp\/v2\/product\/5495","targetHints":{"allow":["GET"]}}],"collection":[{"href":"https:\/\/omega.ba\/en\/wp-json\/wp\/v2\/product"}],"about":[{"href":"https:\/\/omega.ba\/en\/wp-json\/wp\/v2\/types\/product"}],"version-history":[{"count":0,"href":"https:\/\/omega.ba\/en\/wp-json\/wp\/v2\/product\/5495\/revisions"}],"wp:featuredmedia":[{"embeddable":true,"href":"https:\/\/omega.ba\/en\/wp-json\/wp\/v2\/media\/5583"}],"wp:attachment":[{"href":"https:\/\/omega.ba\/en\/wp-json\/wp\/v2\/media?parent=5495"}],"wp:term":[{"taxonomy":"product_brand","embeddable":true,"href":"https:\/\/omega.ba\/en\/wp-json\/wp\/v2\/product_brand?post=5495"},{"taxonomy":"product_cat","embeddable":true,"href":"https:\/\/omega.ba\/en\/wp-json\/wp\/v2\/product_cat?post=5495"},{"taxonomy":"product_tag","embeddable":true,"href":"https:\/\/omega.ba\/en\/wp-json\/wp\/v2\/product_tag?post=5495"}],"curies":[{"name":"wp","href":"https:\/\/api.w.org\/{rel}","templated":true}]}}