{"id":5498,"date":"2024-08-22T13:26:08","date_gmt":"2024-08-22T11:26:08","guid":{"rendered":"https:\/\/omega.ba\/?post_type=product&#038;p=5498"},"modified":"2024-09-11T10:23:13","modified_gmt":"2024-09-11T08:23:13","slug":"mammut-new-zealand-7-033-limenka-50-alk","status":"publish","type":"product","link":"https:\/\/omega.ba\/en\/product\/mammut-new-zealand-7-033-limenka-50-alk\/","title":{"rendered":"Mammut New Zealand 7 beer 0.33 can 5.0% alk"},"content":{"rendered":"<p>Mammut New Zealand 7 is a pilsner that is refined with great New Zealand hop varieties. The intense character of pineapple and passion fruit, which are characteristic of Nectaron hops, combined with the flavors and aromas of Sauvignon Blanc wine grapes, which have the characteristics of Nelson Sauvin hops, together give a perfect combination of flavors. A very refreshing beer, with pleasant bitterness and a long aftertaste of fruit.<\/p>\n<p>Alcohol \u2013 5.0%<\/p>\n<p>Color \u2013 6.0%<\/p>\n<p>Extract \u2013 11.8% M\/M<\/p>\n<p>Bitter \u2013 16.0% IBU<\/p>","protected":false},"excerpt":{"rendered":"<p>Mammut New Zealand 7 is a pilsner that is refined with great New Zealand hop varieties. The intense character of pineapple and passion fruit that are\u2026<\/p>","protected":false},"featured_media":5581,"template":"","meta":{"cybocfi_hide_featured_image":""},"product_brand":[],"product_cat":[163,161],"product_tag":[166,165,189,167],"class_list":{"0":"post-5498","1":"product","2":"type-product","3":"status-publish","4":"has-post-thumbnail","6":"product_cat-mammut","7":"product_cat-pivo","8":"product_tag-craft","9":"product_tag-mammut","10":"product_tag-new-zealand","11":"product_tag-pivo","13":"first","14":"instock","15":"shipping-taxable","16":"product-type-simple"},"yoast_head":"<!-- This site is optimized with the Yoast SEO plugin v26.8 - https:\/\/yoast.com\/product\/yoast-seo-wordpress\/ -->\n<title>Mammut New Zealand 7 pivo 0,33 limenka 5,0% alk - Omega d.o.o.<\/title>\n<meta name=\"description\" content=\"Mammut New Zealand 7 je pilsner koji je oplemenjen sjajnim novozelandskim sortama hmelja. Intenzivan karakter ananasa i marakuje koje su karakteristi\u010dne za Nectaron hmelj, spojene sa ukusima i aromama vinskog gro\u017e\u0111a Sauvignon Blanc \u010dije karakteristike ima Nelson Sauvin hmelj, zajedno daju savr\u0161enu kombinaciju ukusa. Veoma osvje\u017eavaju\u0107e pivo, prijatne gor\u010dine i produ\u017eenog zavr\u0161nog vo\u0107nog ukusa.\" \/>\n<meta name=\"robots\" content=\"index, follow, max-snippet:-1, max-image-preview:large, max-video-preview:-1\" \/>\n<link rel=\"canonical\" href=\"https:\/\/omega.ba\/en\/proizvod\/mammut-new-zealand-7-033-limenka-50-alk\/\" \/>\n<meta property=\"og:locale\" content=\"en_US\" \/>\n<meta property=\"og:type\" content=\"article\" \/>\n<meta property=\"og:title\" content=\"Mammut New Zealand 7 pivo 0,33 limenka 5,0% alk - Omega d.o.o.\" \/>\n<meta property=\"og:description\" content=\"Mammut New Zealand 7 je pilsner koji je oplemenjen sjajnim novozelandskim sortama hmelja. Intenzivan karakter ananasa i marakuje koje su karakteristi\u010dne za Nectaron hmelj, spojene sa ukusima i aromama vinskog gro\u017e\u0111a Sauvignon Blanc \u010dije karakteristike ima Nelson Sauvin hmelj, zajedno daju savr\u0161enu kombinaciju ukusa. Veoma osvje\u017eavaju\u0107e pivo, prijatne gor\u010dine i produ\u017eenog zavr\u0161nog vo\u0107nog ukusa.\" \/>\n<meta property=\"og:url\" content=\"https:\/\/omega.ba\/en\/proizvod\/mammut-new-zealand-7-033-limenka-50-alk\/\" \/>\n<meta property=\"og:site_name\" content=\"Omega d.o.o.\" \/>\n<meta property=\"article:publisher\" content=\"https:\/\/www.facebook.com\/Omega-doo-100267234814814\/\" \/>\n<meta property=\"article:modified_time\" content=\"2024-09-11T08:23:13+00:00\" \/>\n<meta property=\"og:image\" content=\"https:\/\/omega.ba\/business\/wp-content\/uploads\/2024\/08\/new-zeland-limenka.png\" \/>\n\t<meta property=\"og:image:width\" content=\"600\" \/>\n\t<meta property=\"og:image:height\" content=\"400\" \/>\n\t<meta property=\"og:image:type\" content=\"image\/png\" \/>\n<meta name=\"twitter:card\" content=\"summary_large_image\" \/>\n<meta name=\"twitter:label1\" content=\"Est. reading time\" \/>\n\t<meta name=\"twitter:data1\" content=\"1 minute\" \/>\n<script type=\"application\/ld+json\" class=\"yoast-schema-graph\">{\"@context\":\"https:\/\/schema.org\",\"@graph\":[{\"@type\":\"WebPage\",\"@id\":\"https:\/\/omega.ba\/proizvod\/mammut-new-zealand-7-033-limenka-50-alk\/\",\"url\":\"https:\/\/omega.ba\/proizvod\/mammut-new-zealand-7-033-limenka-50-alk\/\",\"name\":\"Mammut New Zealand 7 pivo 0,33 limenka 5,0% alk - Omega d.o.o.\",\"isPartOf\":{\"@id\":\"https:\/\/omega.ba\/#website\"},\"primaryImageOfPage\":{\"@id\":\"https:\/\/omega.ba\/proizvod\/mammut-new-zealand-7-033-limenka-50-alk\/#primaryimage\"},\"image\":{\"@id\":\"https:\/\/omega.ba\/proizvod\/mammut-new-zealand-7-033-limenka-50-alk\/#primaryimage\"},\"thumbnailUrl\":\"https:\/\/omega.ba\/business\/wp-content\/uploads\/2024\/08\/new-zeland-limenka.png\",\"datePublished\":\"2024-08-22T11:26:08+00:00\",\"dateModified\":\"2024-09-11T08:23:13+00:00\",\"description\":\"Mammut New Zealand 7 je pilsner koji je oplemenjen sjajnim novozelandskim sortama hmelja. Intenzivan karakter ananasa i marakuje koje su karakteristi\u010dne za Nectaron hmelj, spojene sa ukusima i aromama vinskog gro\u017e\u0111a Sauvignon Blanc \u010dije karakteristike ima Nelson Sauvin hmelj, zajedno daju savr\u0161enu kombinaciju ukusa. Veoma osvje\u017eavaju\u0107e pivo, prijatne gor\u010dine i produ\u017eenog zavr\u0161nog vo\u0107nog ukusa.\",\"breadcrumb\":{\"@id\":\"https:\/\/omega.ba\/proizvod\/mammut-new-zealand-7-033-limenka-50-alk\/#breadcrumb\"},\"inLanguage\":\"en-US\",\"potentialAction\":[{\"@type\":\"ReadAction\",\"target\":[\"https:\/\/omega.ba\/proizvod\/mammut-new-zealand-7-033-limenka-50-alk\/\"]}]},{\"@type\":\"ImageObject\",\"inLanguage\":\"en-US\",\"@id\":\"https:\/\/omega.ba\/proizvod\/mammut-new-zealand-7-033-limenka-50-alk\/#primaryimage\",\"url\":\"https:\/\/omega.ba\/business\/wp-content\/uploads\/2024\/08\/new-zeland-limenka.png\",\"contentUrl\":\"https:\/\/omega.ba\/business\/wp-content\/uploads\/2024\/08\/new-zeland-limenka.png\",\"width\":600,\"height\":400},{\"@type\":\"BreadcrumbList\",\"@id\":\"https:\/\/omega.ba\/proizvod\/mammut-new-zealand-7-033-limenka-50-alk\/#breadcrumb\",\"itemListElement\":[{\"@type\":\"ListItem\",\"position\":1,\"name\":\"Naslovna\",\"item\":\"https:\/\/omega.ba\/\"},{\"@type\":\"ListItem\",\"position\":2,\"name\":\"Shop\",\"item\":\"https:\/\/omega.ba\/shop\/\"},{\"@type\":\"ListItem\",\"position\":3,\"name\":\"Mammut New Zealand 7 pivo 0,33 limenka 5,0% alk\"}]},{\"@type\":\"WebSite\",\"@id\":\"https:\/\/omega.ba\/#website\",\"url\":\"https:\/\/omega.ba\/\",\"name\":\"Omega d.o.o.\",\"description\":\"Omega d.o.o. je porodi\u010dna firma osnovana 1990. godine u \u017divinicama. Kao jedna od prvih malih privatnih firmi u BiH ispo\u010detka se bavila prodajom robe \u0161iroke potro\u0161nje, a zatim i namje\u0161taja, te bijele tehnike i potro\u0161a\u010dke elektronike. Dru\u0161tvo je primarno registrovano za trgovinu, a sporedne djelatnosti kojima se bavi su servisiranje ure\u0111aja i iznajmljivanje nekretnina.\",\"publisher\":{\"@id\":\"https:\/\/omega.ba\/#organization\"},\"potentialAction\":[{\"@type\":\"SearchAction\",\"target\":{\"@type\":\"EntryPoint\",\"urlTemplate\":\"https:\/\/omega.ba\/?s={search_term_string}\"},\"query-input\":{\"@type\":\"PropertyValueSpecification\",\"valueRequired\":true,\"valueName\":\"search_term_string\"}}],\"inLanguage\":\"en-US\"},{\"@type\":\"Organization\",\"@id\":\"https:\/\/omega.ba\/#organization\",\"name\":\"Omega d.o.o.\",\"url\":\"https:\/\/omega.ba\/\",\"logo\":{\"@type\":\"ImageObject\",\"inLanguage\":\"en-US\",\"@id\":\"https:\/\/omega.ba\/#\/schema\/logo\/image\/\",\"url\":\"https:\/\/omega.ba\/business\/wp-content\/uploads\/2022\/08\/cropped-omega_old_logo.png\",\"contentUrl\":\"https:\/\/omega.ba\/business\/wp-content\/uploads\/2022\/08\/cropped-omega_old_logo.png\",\"width\":512,\"height\":512,\"caption\":\"Omega d.o.o.\"},\"image\":{\"@id\":\"https:\/\/omega.ba\/#\/schema\/logo\/image\/\"},\"sameAs\":[\"https:\/\/www.facebook.com\/Omega-doo-100267234814814\/\"]}]}<\/script>\n<!-- \/ Yoast SEO plugin. -->","yoast_head_json":{"title":"Mammut New Zealand 7 pivo 0,33 limenka 5,0% alk - Omega d.o.o.","description":"Mammut New Zealand 7 is a pilsner that is refined with great New Zealand hop varieties. The intense character of pineapple and passion fruit, which are characteristic of Nectaron hops, combined with the flavors and aromas of Sauvignon Blanc wine grapes, which have the characteristics of Nelson Sauvin hops, together give a perfect combination of flavors. A very refreshing beer, with pleasant bitterness and a long aftertaste of fruit.","robots":{"index":"index","follow":"follow","max-snippet":"max-snippet:-1","max-image-preview":"max-image-preview:large","max-video-preview":"max-video-preview:-1"},"canonical":"https:\/\/omega.ba\/en\/proizvod\/mammut-new-zealand-7-033-limenka-50-alk\/","og_locale":"en_US","og_type":"article","og_title":"Mammut New Zealand 7 pivo 0,33 limenka 5,0% alk - Omega d.o.o.","og_description":"Mammut New Zealand 7 je pilsner koji je oplemenjen sjajnim novozelandskim sortama hmelja. Intenzivan karakter ananasa i marakuje koje su karakteristi\u010dne za Nectaron hmelj, spojene sa ukusima i aromama vinskog gro\u017e\u0111a Sauvignon Blanc \u010dije karakteristike ima Nelson Sauvin hmelj, zajedno daju savr\u0161enu kombinaciju ukusa. Veoma osvje\u017eavaju\u0107e pivo, prijatne gor\u010dine i produ\u017eenog zavr\u0161nog vo\u0107nog ukusa.","og_url":"https:\/\/omega.ba\/en\/proizvod\/mammut-new-zealand-7-033-limenka-50-alk\/","og_site_name":"Omega d.o.o.","article_publisher":"https:\/\/www.facebook.com\/Omega-doo-100267234814814\/","article_modified_time":"2024-09-11T08:23:13+00:00","og_image":[{"width":600,"height":400,"url":"https:\/\/omega.ba\/business\/wp-content\/uploads\/2024\/08\/new-zeland-limenka.png","type":"image\/png"}],"twitter_card":"summary_large_image","twitter_misc":{"Est. reading time":"1 minute"},"schema":{"@context":"https:\/\/schema.org","@graph":[{"@type":"WebPage","@id":"https:\/\/omega.ba\/proizvod\/mammut-new-zealand-7-033-limenka-50-alk\/","url":"https:\/\/omega.ba\/proizvod\/mammut-new-zealand-7-033-limenka-50-alk\/","name":"Mammut New Zealand 7 pivo 0,33 limenka 5,0% alk - Omega d.o.o.","isPartOf":{"@id":"https:\/\/omega.ba\/#website"},"primaryImageOfPage":{"@id":"https:\/\/omega.ba\/proizvod\/mammut-new-zealand-7-033-limenka-50-alk\/#primaryimage"},"image":{"@id":"https:\/\/omega.ba\/proizvod\/mammut-new-zealand-7-033-limenka-50-alk\/#primaryimage"},"thumbnailUrl":"https:\/\/omega.ba\/business\/wp-content\/uploads\/2024\/08\/new-zeland-limenka.png","datePublished":"2024-08-22T11:26:08+00:00","dateModified":"2024-09-11T08:23:13+00:00","description":"Mammut New Zealand 7 is a pilsner that is refined with great New Zealand hop varieties. The intense character of pineapple and passion fruit, which are characteristic of Nectaron hops, combined with the flavors and aromas of Sauvignon Blanc wine grapes, which have the characteristics of Nelson Sauvin hops, together give a perfect combination of flavors. A very refreshing beer, with pleasant bitterness and a long aftertaste of fruit.","breadcrumb":{"@id":"https:\/\/omega.ba\/proizvod\/mammut-new-zealand-7-033-limenka-50-alk\/#breadcrumb"},"inLanguage":"en-US","potentialAction":[{"@type":"ReadAction","target":["https:\/\/omega.ba\/proizvod\/mammut-new-zealand-7-033-limenka-50-alk\/"]}]},{"@type":"ImageObject","inLanguage":"en-US","@id":"https:\/\/omega.ba\/proizvod\/mammut-new-zealand-7-033-limenka-50-alk\/#primaryimage","url":"https:\/\/omega.ba\/business\/wp-content\/uploads\/2024\/08\/new-zeland-limenka.png","contentUrl":"https:\/\/omega.ba\/business\/wp-content\/uploads\/2024\/08\/new-zeland-limenka.png","width":600,"height":400},{"@type":"BreadcrumbList","@id":"https:\/\/omega.ba\/proizvod\/mammut-new-zealand-7-033-limenka-50-alk\/#breadcrumb","itemListElement":[{"@type":"ListItem","position":1,"name":"Naslovna","item":"https:\/\/omega.ba\/"},{"@type":"ListItem","position":2,"name":"Shop","item":"https:\/\/omega.ba\/shop\/"},{"@type":"ListItem","position":3,"name":"Mammut New Zealand 7 pivo 0,33 limenka 5,0% alk"}]},{"@type":"WebSite","@id":"https:\/\/omega.ba\/#website","url":"https:\/\/omega.ba\/","name":"Omega doo","description":"Omega doo is a family company founded in 1990 in \u017divinice. As one of the first small private companies in BiH, from the beginning it was engaged in the sale of consumer goods, and then also furniture, white goods and consumer electronics. The company is primarily registered for trade, and its secondary activities are device servicing and real estate rental.","publisher":{"@id":"https:\/\/omega.ba\/#organization"},"potentialAction":[{"@type":"SearchAction","target":{"@type":"EntryPoint","urlTemplate":"https:\/\/omega.ba\/?s={search_term_string}"},"query-input":{"@type":"PropertyValueSpecification","valueRequired":true,"valueName":"search_term_string"}}],"inLanguage":"en-US"},{"@type":"Organization","@id":"https:\/\/omega.ba\/#organization","name":"Omega doo","url":"https:\/\/omega.ba\/","logo":{"@type":"ImageObject","inLanguage":"en-US","@id":"https:\/\/omega.ba\/#\/schema\/logo\/image\/","url":"https:\/\/omega.ba\/business\/wp-content\/uploads\/2022\/08\/cropped-omega_old_logo.png","contentUrl":"https:\/\/omega.ba\/business\/wp-content\/uploads\/2022\/08\/cropped-omega_old_logo.png","width":512,"height":512,"caption":"Omega d.o.o."},"image":{"@id":"https:\/\/omega.ba\/#\/schema\/logo\/image\/"},"sameAs":["https:\/\/www.facebook.com\/Omega-doo-100267234814814\/"]}]}},"_links":{"self":[{"href":"https:\/\/omega.ba\/en\/wp-json\/wp\/v2\/product\/5498","targetHints":{"allow":["GET"]}}],"collection":[{"href":"https:\/\/omega.ba\/en\/wp-json\/wp\/v2\/product"}],"about":[{"href":"https:\/\/omega.ba\/en\/wp-json\/wp\/v2\/types\/product"}],"version-history":[{"count":0,"href":"https:\/\/omega.ba\/en\/wp-json\/wp\/v2\/product\/5498\/revisions"}],"wp:featuredmedia":[{"embeddable":true,"href":"https:\/\/omega.ba\/en\/wp-json\/wp\/v2\/media\/5581"}],"wp:attachment":[{"href":"https:\/\/omega.ba\/en\/wp-json\/wp\/v2\/media?parent=5498"}],"wp:term":[{"taxonomy":"product_brand","embeddable":true,"href":"https:\/\/omega.ba\/en\/wp-json\/wp\/v2\/product_brand?post=5498"},{"taxonomy":"product_cat","embeddable":true,"href":"https:\/\/omega.ba\/en\/wp-json\/wp\/v2\/product_cat?post=5498"},{"taxonomy":"product_tag","embeddable":true,"href":"https:\/\/omega.ba\/en\/wp-json\/wp\/v2\/product_tag?post=5498"}],"curies":[{"name":"wp","href":"https:\/\/api.w.org\/{rel}","templated":true}]}}