{"id":674,"date":"2021-10-20T12:47:56","date_gmt":"2021-10-20T10:47:56","guid":{"rendered":"https:\/\/robesirokepotrosnje.omega.ba\/?post_type=product&#038;p=674"},"modified":"2022-10-10T18:15:53","modified_gmt":"2022-10-10T16:15:53","slug":"zelene-doline-jogurt-vocni-borovnica-25","status":"publish","type":"product","link":"https:\/\/omega.ba\/en\/product\/zelene-doline-jogurt-vocni-borovnica-25\/","title":{"rendered":"Zelene Doline Blueberry Fruit Yogurt 2.5%"},"content":{"rendered":"<div class=\"content-holder\">\n<div class=\"col-md-6\">\n<div class=\"info-holder\">\n<div class=\"caloric_intake_100ml\">\n<h3>Average nutritional value per 100 g of product<\/h3>\n<table>\n<tbody>\n<tr>\n<td>Energetic value<\/td>\n<td>400 kJ \/ 95 kcal<\/td>\n<\/tr>\n<tr>\n<td>Fats<\/td>\n<td>2.3 years<\/td>\n<\/tr>\n<tr>\n<td>of which saturated fatty acids<\/td>\n<td>1.4 g<\/td>\n<\/tr>\n<tr>\n<td>Carbohydrates<\/td>\n<td>15 years<\/td>\n<\/tr>\n<tr>\n<td>of which sugars<\/td>\n<td>14 years<\/td>\n<\/tr>\n<tr>\n<td>Fibers<\/td>\n<td>\u2013<\/td>\n<\/tr>\n<tr>\n<td>Proteins<\/td>\n<td>3.5 g<\/td>\n<\/tr>\n<tr>\n<td>Sol<\/td>\n<td>0.11 g<\/td>\n<\/tr>\n<tr>\n<td>Calcium<\/td>\n<td>\u2013<\/td>\n<\/tr>\n<\/tbody>\n<\/table>\n<\/div>\n<\/div>\n<\/div>\n<\/div>","protected":false},"excerpt":{"rendered":"<p>Packaging: <img class=\"alignnone size-full wp-image-671\" src=\"https:\/\/robesirokepotrosnje.omega.ba\/wp-content\/uploads\/2021\/10\/pakiranje-jogurt-250g-1.png\" alt=\"\" width=\"73\" height=\"84\" \/><\/p>\n<ul>\n<li>refreshing fruity taste<\/li>\n<li>with natural aroma and without dyes<\/li>\n<li>produced exclusively from Slovenian milk<\/li>\n<li>without GMOs<\/li>\n<li>has the trademark &quot;chosen quality Slovenia&quot;<\/li>\n<\/ul>","protected":false},"featured_media":3425,"template":"","meta":{"cybocfi_hide_featured_image":""},"product_brand":[],"product_cat":[118,54],"product_tag":[55],"class_list":{"0":"post-674","1":"product","2":"type-product","3":"status-publish","4":"has-post-thumbnail","6":"product_cat-vocni-jogurti-zelene-doline","7":"product_cat-zelene-doline","8":"product_tag-zelene-doline","10":"first","11":"instock","12":"shipping-taxable","13":"product-type-simple"},"yoast_head":"<!-- This site is optimized with the Yoast SEO plugin v26.8 - https:\/\/yoast.com\/product\/yoast-seo-wordpress\/ -->\n<title>Zelene Doline Jogurt vo\u0107ni Borovnica 2,5% - Omega d.o.o.<\/title>\n<meta name=\"robots\" content=\"index, follow, max-snippet:-1, max-image-preview:large, max-video-preview:-1\" \/>\n<link rel=\"canonical\" href=\"https:\/\/omega.ba\/en\/product\/zelene-doline-jogurt-vocni-borovnica-25\/\" \/>\n<meta property=\"og:locale\" content=\"en_US\" \/>\n<meta property=\"og:type\" content=\"article\" \/>\n<meta property=\"og:title\" content=\"Zelene Doline Jogurt vo\u0107ni Borovnica 2,5% - Omega d.o.o.\" \/>\n<meta property=\"og:description\" content=\"Pakovanje:    osvje\u017eavaju\u0107eg vo\u0107nog okusa  s prirodnom aromom i bez bojila  proizvedeno isklju\u010divo od slovenskog mlijeka  bez GMO  ima za\u0161titni znak \u201codabrana kvaliteta Slovenija\u201d\" \/>\n<meta property=\"og:url\" content=\"https:\/\/omega.ba\/en\/product\/zelene-doline-jogurt-vocni-borovnica-25\/\" \/>\n<meta property=\"og:site_name\" content=\"Omega d.o.o.\" \/>\n<meta property=\"article:publisher\" content=\"https:\/\/www.facebook.com\/Omega-doo-100267234814814\/\" \/>\n<meta property=\"article:modified_time\" content=\"2022-10-10T16:15:53+00:00\" \/>\n<meta property=\"og:image\" content=\"https:\/\/omega.ba\/business\/wp-content\/uploads\/2022\/10\/851347.jpg\" \/>\n\t<meta property=\"og:image:width\" content=\"900\" \/>\n\t<meta property=\"og:image:height\" content=\"900\" \/>\n\t<meta property=\"og:image:type\" content=\"image\/jpeg\" \/>\n<meta name=\"twitter:card\" content=\"summary_large_image\" \/>\n<script type=\"application\/ld+json\" class=\"yoast-schema-graph\">{\"@context\":\"https:\/\/schema.org\",\"@graph\":[{\"@type\":\"WebPage\",\"@id\":\"https:\/\/omega.ba\/product\/zelene-doline-jogurt-vocni-borovnica-25\/\",\"url\":\"https:\/\/omega.ba\/product\/zelene-doline-jogurt-vocni-borovnica-25\/\",\"name\":\"Zelene Doline Jogurt vo\u0107ni Borovnica 2,5% - Omega d.o.o.\",\"isPartOf\":{\"@id\":\"https:\/\/omega.ba\/#website\"},\"primaryImageOfPage\":{\"@id\":\"https:\/\/omega.ba\/product\/zelene-doline-jogurt-vocni-borovnica-25\/#primaryimage\"},\"image\":{\"@id\":\"https:\/\/omega.ba\/product\/zelene-doline-jogurt-vocni-borovnica-25\/#primaryimage\"},\"thumbnailUrl\":\"https:\/\/omega.ba\/business\/wp-content\/uploads\/2022\/10\/851347.jpg\",\"datePublished\":\"2021-10-20T10:47:56+00:00\",\"dateModified\":\"2022-10-10T16:15:53+00:00\",\"breadcrumb\":{\"@id\":\"https:\/\/omega.ba\/product\/zelene-doline-jogurt-vocni-borovnica-25\/#breadcrumb\"},\"inLanguage\":\"en-US\",\"potentialAction\":[{\"@type\":\"ReadAction\",\"target\":[\"https:\/\/omega.ba\/product\/zelene-doline-jogurt-vocni-borovnica-25\/\"]}]},{\"@type\":\"ImageObject\",\"inLanguage\":\"en-US\",\"@id\":\"https:\/\/omega.ba\/product\/zelene-doline-jogurt-vocni-borovnica-25\/#primaryimage\",\"url\":\"https:\/\/omega.ba\/business\/wp-content\/uploads\/2022\/10\/851347.jpg\",\"contentUrl\":\"https:\/\/omega.ba\/business\/wp-content\/uploads\/2022\/10\/851347.jpg\",\"width\":900,\"height\":900},{\"@type\":\"BreadcrumbList\",\"@id\":\"https:\/\/omega.ba\/product\/zelene-doline-jogurt-vocni-borovnica-25\/#breadcrumb\",\"itemListElement\":[{\"@type\":\"ListItem\",\"position\":1,\"name\":\"Naslovna\",\"item\":\"https:\/\/omega.ba\/\"},{\"@type\":\"ListItem\",\"position\":2,\"name\":\"Shop\",\"item\":\"https:\/\/omega.ba\/shop\/\"},{\"@type\":\"ListItem\",\"position\":3,\"name\":\"Zelene Doline Jogurt vo\u0107ni Borovnica 2,5%\"}]},{\"@type\":\"WebSite\",\"@id\":\"https:\/\/omega.ba\/#website\",\"url\":\"https:\/\/omega.ba\/\",\"name\":\"Omega d.o.o.\",\"description\":\"Omega d.o.o. je porodi\u010dna firma osnovana 1990. godine u \u017divinicama. Kao jedna od prvih malih privatnih firmi u BiH ispo\u010detka se bavila prodajom robe \u0161iroke potro\u0161nje, a zatim i namje\u0161taja, te bijele tehnike i potro\u0161a\u010dke elektronike. Dru\u0161tvo je primarno registrovano za trgovinu, a sporedne djelatnosti kojima se bavi su servisiranje ure\u0111aja i iznajmljivanje nekretnina.\",\"publisher\":{\"@id\":\"https:\/\/omega.ba\/#organization\"},\"potentialAction\":[{\"@type\":\"SearchAction\",\"target\":{\"@type\":\"EntryPoint\",\"urlTemplate\":\"https:\/\/omega.ba\/?s={search_term_string}\"},\"query-input\":{\"@type\":\"PropertyValueSpecification\",\"valueRequired\":true,\"valueName\":\"search_term_string\"}}],\"inLanguage\":\"en-US\"},{\"@type\":\"Organization\",\"@id\":\"https:\/\/omega.ba\/#organization\",\"name\":\"Omega d.o.o.\",\"url\":\"https:\/\/omega.ba\/\",\"logo\":{\"@type\":\"ImageObject\",\"inLanguage\":\"en-US\",\"@id\":\"https:\/\/omega.ba\/#\/schema\/logo\/image\/\",\"url\":\"https:\/\/omega.ba\/business\/wp-content\/uploads\/2022\/08\/cropped-omega_old_logo.png\",\"contentUrl\":\"https:\/\/omega.ba\/business\/wp-content\/uploads\/2022\/08\/cropped-omega_old_logo.png\",\"width\":512,\"height\":512,\"caption\":\"Omega d.o.o.\"},\"image\":{\"@id\":\"https:\/\/omega.ba\/#\/schema\/logo\/image\/\"},\"sameAs\":[\"https:\/\/www.facebook.com\/Omega-doo-100267234814814\/\"]}]}<\/script>\n<!-- \/ Yoast SEO plugin. -->","yoast_head_json":{"title":"Zelene Doline Jogurt vo\u0107ni Borovnica 2,5% - Omega d.o.o.","robots":{"index":"index","follow":"follow","max-snippet":"max-snippet:-1","max-image-preview":"max-image-preview:large","max-video-preview":"max-video-preview:-1"},"canonical":"https:\/\/omega.ba\/en\/product\/zelene-doline-jogurt-vocni-borovnica-25\/","og_locale":"en_US","og_type":"article","og_title":"Zelene Doline Jogurt vo\u0107ni Borovnica 2,5% - Omega d.o.o.","og_description":"Pakovanje:    osvje\u017eavaju\u0107eg vo\u0107nog okusa  s prirodnom aromom i bez bojila  proizvedeno isklju\u010divo od slovenskog mlijeka  bez GMO  ima za\u0161titni znak \u201codabrana kvaliteta Slovenija\u201d","og_url":"https:\/\/omega.ba\/en\/product\/zelene-doline-jogurt-vocni-borovnica-25\/","og_site_name":"Omega d.o.o.","article_publisher":"https:\/\/www.facebook.com\/Omega-doo-100267234814814\/","article_modified_time":"2022-10-10T16:15:53+00:00","og_image":[{"width":900,"height":900,"url":"https:\/\/omega.ba\/business\/wp-content\/uploads\/2022\/10\/851347.jpg","type":"image\/jpeg"}],"twitter_card":"summary_large_image","schema":{"@context":"https:\/\/schema.org","@graph":[{"@type":"WebPage","@id":"https:\/\/omega.ba\/product\/zelene-doline-jogurt-vocni-borovnica-25\/","url":"https:\/\/omega.ba\/product\/zelene-doline-jogurt-vocni-borovnica-25\/","name":"Zelene Doline Jogurt vo\u0107ni Borovnica 2,5% - Omega d.o.o.","isPartOf":{"@id":"https:\/\/omega.ba\/#website"},"primaryImageOfPage":{"@id":"https:\/\/omega.ba\/product\/zelene-doline-jogurt-vocni-borovnica-25\/#primaryimage"},"image":{"@id":"https:\/\/omega.ba\/product\/zelene-doline-jogurt-vocni-borovnica-25\/#primaryimage"},"thumbnailUrl":"https:\/\/omega.ba\/business\/wp-content\/uploads\/2022\/10\/851347.jpg","datePublished":"2021-10-20T10:47:56+00:00","dateModified":"2022-10-10T16:15:53+00:00","breadcrumb":{"@id":"https:\/\/omega.ba\/product\/zelene-doline-jogurt-vocni-borovnica-25\/#breadcrumb"},"inLanguage":"en-US","potentialAction":[{"@type":"ReadAction","target":["https:\/\/omega.ba\/product\/zelene-doline-jogurt-vocni-borovnica-25\/"]}]},{"@type":"ImageObject","inLanguage":"en-US","@id":"https:\/\/omega.ba\/product\/zelene-doline-jogurt-vocni-borovnica-25\/#primaryimage","url":"https:\/\/omega.ba\/business\/wp-content\/uploads\/2022\/10\/851347.jpg","contentUrl":"https:\/\/omega.ba\/business\/wp-content\/uploads\/2022\/10\/851347.jpg","width":900,"height":900},{"@type":"BreadcrumbList","@id":"https:\/\/omega.ba\/product\/zelene-doline-jogurt-vocni-borovnica-25\/#breadcrumb","itemListElement":[{"@type":"ListItem","position":1,"name":"Naslovna","item":"https:\/\/omega.ba\/"},{"@type":"ListItem","position":2,"name":"Shop","item":"https:\/\/omega.ba\/shop\/"},{"@type":"ListItem","position":3,"name":"Zelene Doline Jogurt vo\u0107ni Borovnica 2,5%"}]},{"@type":"WebSite","@id":"https:\/\/omega.ba\/#website","url":"https:\/\/omega.ba\/","name":"Omega doo","description":"Omega doo is a family company founded in 1990 in \u017divinice. As one of the first small private companies in BiH, from the beginning it was engaged in the sale of consumer goods, and then also furniture, white goods and consumer electronics. The company is primarily registered for trade, and its secondary activities are device servicing and real estate rental.","publisher":{"@id":"https:\/\/omega.ba\/#organization"},"potentialAction":[{"@type":"SearchAction","target":{"@type":"EntryPoint","urlTemplate":"https:\/\/omega.ba\/?s={search_term_string}"},"query-input":{"@type":"PropertyValueSpecification","valueRequired":true,"valueName":"search_term_string"}}],"inLanguage":"en-US"},{"@type":"Organization","@id":"https:\/\/omega.ba\/#organization","name":"Omega doo","url":"https:\/\/omega.ba\/","logo":{"@type":"ImageObject","inLanguage":"en-US","@id":"https:\/\/omega.ba\/#\/schema\/logo\/image\/","url":"https:\/\/omega.ba\/business\/wp-content\/uploads\/2022\/08\/cropped-omega_old_logo.png","contentUrl":"https:\/\/omega.ba\/business\/wp-content\/uploads\/2022\/08\/cropped-omega_old_logo.png","width":512,"height":512,"caption":"Omega d.o.o."},"image":{"@id":"https:\/\/omega.ba\/#\/schema\/logo\/image\/"},"sameAs":["https:\/\/www.facebook.com\/Omega-doo-100267234814814\/"]}]}},"_links":{"self":[{"href":"https:\/\/omega.ba\/en\/wp-json\/wp\/v2\/product\/674","targetHints":{"allow":["GET"]}}],"collection":[{"href":"https:\/\/omega.ba\/en\/wp-json\/wp\/v2\/product"}],"about":[{"href":"https:\/\/omega.ba\/en\/wp-json\/wp\/v2\/types\/product"}],"version-history":[{"count":0,"href":"https:\/\/omega.ba\/en\/wp-json\/wp\/v2\/product\/674\/revisions"}],"wp:featuredmedia":[{"embeddable":true,"href":"https:\/\/omega.ba\/en\/wp-json\/wp\/v2\/media\/3425"}],"wp:attachment":[{"href":"https:\/\/omega.ba\/en\/wp-json\/wp\/v2\/media?parent=674"}],"wp:term":[{"taxonomy":"product_brand","embeddable":true,"href":"https:\/\/omega.ba\/en\/wp-json\/wp\/v2\/product_brand?post=674"},{"taxonomy":"product_cat","embeddable":true,"href":"https:\/\/omega.ba\/en\/wp-json\/wp\/v2\/product_cat?post=674"},{"taxonomy":"product_tag","embeddable":true,"href":"https:\/\/omega.ba\/en\/wp-json\/wp\/v2\/product_tag?post=674"}],"curies":[{"name":"wp","href":"https:\/\/api.w.org\/{rel}","templated":true}]}}