{"id":694,"date":"2021-10-20T13:53:50","date_gmt":"2021-10-20T11:53:50","guid":{"rendered":"https:\/\/robesirokepotrosnje.omega.ba\/?post_type=product&#038;p=694"},"modified":"2022-10-10T18:16:00","modified_gmt":"2022-10-10T16:16:00","slug":"zelene-doline-jogurt-tekuci-13-bez-laktoze","status":"publish","type":"product","link":"https:\/\/omega.ba\/en\/product\/zelene-doline-jogurt-tekuci-13-bez-laktoze\/","title":{"rendered":"Zelene Doline Yogurt liquid 1.3% Lactose free"},"content":{"rendered":"<div class=\"content-holder\">\n<div class=\"col-md-6\">\n<div class=\"info-holder\">\n<div class=\"caloric_intake_100ml\">\n<h3>Average nutritional value per 100 g of product<\/h3>\n<table>\n<tbody>\n<tr>\n<td>Energetic value<\/td>\n<td>188 kJ \/ 45 kcal<\/td>\n<\/tr>\n<tr>\n<td>Fats<\/td>\n<td>0.8 g<\/td>\n<\/tr>\n<tr>\n<td>of which saturated fatty acids<\/td>\n<td>2.4 g<\/td>\n<\/tr>\n<tr>\n<td>Carbohydrates<\/td>\n<td>4.4 g<\/td>\n<\/tr>\n<tr>\n<td>of which sugars<\/td>\n<td>4.4 g<\/td>\n<\/tr>\n<tr>\n<td>Fibers<\/td>\n<td>\u2013<\/td>\n<\/tr>\n<tr>\n<td>Proteins<\/td>\n<td>3.8 g<\/td>\n<\/tr>\n<tr>\n<td>Sol<\/td>\n<td>0.2 g<\/td>\n<\/tr>\n<tr>\n<td>Calcium<\/td>\n<td>120 mg<\/td>\n<\/tr>\n<\/tbody>\n<\/table>\n<\/div>\n<\/div>\n<\/div>\n<\/div>","protected":false},"excerpt":{"rendered":"<p>Packaging:\u00a0 <img class=\"alignnone size-full wp-image-681\" src=\"https:\/\/robesirokepotrosnje.omega.ba\/wp-content\/uploads\/2021\/10\/pakiranje-jogurt-500g-1.png\" alt=\"\" width=\"42\" height=\"131\" \/><\/p>\n<ul>\n<li>mild, slightly acidic, but refreshing taste<\/li>\n<li><span><span>lactose-free (lactose content is &lt;0.1 g per 100 g of product)<\/span><\/span><\/li>\n<li>low fat<\/li>\n<li>produced exclusively from Slovenian milk<\/li>\n<li>without GMOs<\/li>\n<li>has the trademark &quot;chosen quality Slovenia&quot;<\/li>\n<\/ul>","protected":false},"featured_media":3433,"template":"","meta":{"cybocfi_hide_featured_image":""},"product_brand":[],"product_cat":[120,119,54],"product_tag":[55],"class_list":{"0":"post-694","1":"product","2":"type-product","3":"status-publish","4":"has-post-thumbnail","6":"product_cat-bez-laktoze-zelene-doline","7":"product_cat-tekuci-jogurti-zelene-doline","8":"product_cat-zelene-doline","9":"product_tag-zelene-doline","11":"first","12":"instock","13":"shipping-taxable","14":"product-type-simple"},"yoast_head":"<!-- This site is optimized with the Yoast SEO plugin v26.8 - https:\/\/yoast.com\/product\/yoast-seo-wordpress\/ -->\n<title>Zelene Doline Jogurt teku\u0107i 1,3% Bez laktoze - Omega d.o.o.<\/title>\n<meta name=\"robots\" content=\"index, follow, max-snippet:-1, max-image-preview:large, max-video-preview:-1\" \/>\n<link rel=\"canonical\" href=\"https:\/\/omega.ba\/en\/product\/zelene-doline-jogurt-tekuci-13-bez-laktoze\/\" \/>\n<meta property=\"og:locale\" content=\"en_US\" \/>\n<meta property=\"og:type\" content=\"article\" \/>\n<meta property=\"og:title\" content=\"Zelene Doline Jogurt teku\u0107i 1,3% Bez laktoze - Omega d.o.o.\" \/>\n<meta property=\"og:description\" content=\"Pakovanje:\u00a0    blagog, blago kiselog, ali osvje\u017eavaju\u0107eg okusa  bez laktoze (sadr\u017eaj laktoze je &lt;0,1 g na 100 g proizvoda)  niske masno\u0107e  proizvedeno isklju\u010divo od slovenskog mlijeka  bez GMO  ima za\u0161titni znak \u201codabrana kvaliteta Slovenija\u201d\" \/>\n<meta property=\"og:url\" content=\"https:\/\/omega.ba\/en\/product\/zelene-doline-jogurt-tekuci-13-bez-laktoze\/\" \/>\n<meta property=\"og:site_name\" content=\"Omega d.o.o.\" \/>\n<meta property=\"article:publisher\" content=\"https:\/\/www.facebook.com\/Omega-doo-100267234814814\/\" \/>\n<meta property=\"article:modified_time\" content=\"2022-10-10T16:16:00+00:00\" \/>\n<meta property=\"og:image\" content=\"https:\/\/omega.ba\/business\/wp-content\/uploads\/2022\/10\/889586.jpg\" \/>\n\t<meta property=\"og:image:width\" content=\"900\" \/>\n\t<meta property=\"og:image:height\" content=\"900\" \/>\n\t<meta property=\"og:image:type\" content=\"image\/jpeg\" \/>\n<meta name=\"twitter:card\" content=\"summary_large_image\" \/>\n<script type=\"application\/ld+json\" class=\"yoast-schema-graph\">{\"@context\":\"https:\/\/schema.org\",\"@graph\":[{\"@type\":\"WebPage\",\"@id\":\"https:\/\/omega.ba\/product\/zelene-doline-jogurt-tekuci-13-bez-laktoze\/\",\"url\":\"https:\/\/omega.ba\/product\/zelene-doline-jogurt-tekuci-13-bez-laktoze\/\",\"name\":\"Zelene Doline Jogurt teku\u0107i 1,3% Bez laktoze - Omega d.o.o.\",\"isPartOf\":{\"@id\":\"https:\/\/omega.ba\/#website\"},\"primaryImageOfPage\":{\"@id\":\"https:\/\/omega.ba\/product\/zelene-doline-jogurt-tekuci-13-bez-laktoze\/#primaryimage\"},\"image\":{\"@id\":\"https:\/\/omega.ba\/product\/zelene-doline-jogurt-tekuci-13-bez-laktoze\/#primaryimage\"},\"thumbnailUrl\":\"https:\/\/omega.ba\/business\/wp-content\/uploads\/2022\/10\/889586.jpg\",\"datePublished\":\"2021-10-20T11:53:50+00:00\",\"dateModified\":\"2022-10-10T16:16:00+00:00\",\"breadcrumb\":{\"@id\":\"https:\/\/omega.ba\/product\/zelene-doline-jogurt-tekuci-13-bez-laktoze\/#breadcrumb\"},\"inLanguage\":\"en-US\",\"potentialAction\":[{\"@type\":\"ReadAction\",\"target\":[\"https:\/\/omega.ba\/product\/zelene-doline-jogurt-tekuci-13-bez-laktoze\/\"]}]},{\"@type\":\"ImageObject\",\"inLanguage\":\"en-US\",\"@id\":\"https:\/\/omega.ba\/product\/zelene-doline-jogurt-tekuci-13-bez-laktoze\/#primaryimage\",\"url\":\"https:\/\/omega.ba\/business\/wp-content\/uploads\/2022\/10\/889586.jpg\",\"contentUrl\":\"https:\/\/omega.ba\/business\/wp-content\/uploads\/2022\/10\/889586.jpg\",\"width\":900,\"height\":900},{\"@type\":\"BreadcrumbList\",\"@id\":\"https:\/\/omega.ba\/product\/zelene-doline-jogurt-tekuci-13-bez-laktoze\/#breadcrumb\",\"itemListElement\":[{\"@type\":\"ListItem\",\"position\":1,\"name\":\"Naslovna\",\"item\":\"https:\/\/omega.ba\/\"},{\"@type\":\"ListItem\",\"position\":2,\"name\":\"Shop\",\"item\":\"https:\/\/omega.ba\/shop\/\"},{\"@type\":\"ListItem\",\"position\":3,\"name\":\"Zelene Doline Jogurt teku\u0107i 1,3% Bez laktoze\"}]},{\"@type\":\"WebSite\",\"@id\":\"https:\/\/omega.ba\/#website\",\"url\":\"https:\/\/omega.ba\/\",\"name\":\"Omega d.o.o.\",\"description\":\"Omega d.o.o. je porodi\u010dna firma osnovana 1990. godine u \u017divinicama. Kao jedna od prvih malih privatnih firmi u BiH ispo\u010detka se bavila prodajom robe \u0161iroke potro\u0161nje, a zatim i namje\u0161taja, te bijele tehnike i potro\u0161a\u010dke elektronike. Dru\u0161tvo je primarno registrovano za trgovinu, a sporedne djelatnosti kojima se bavi su servisiranje ure\u0111aja i iznajmljivanje nekretnina.\",\"publisher\":{\"@id\":\"https:\/\/omega.ba\/#organization\"},\"potentialAction\":[{\"@type\":\"SearchAction\",\"target\":{\"@type\":\"EntryPoint\",\"urlTemplate\":\"https:\/\/omega.ba\/?s={search_term_string}\"},\"query-input\":{\"@type\":\"PropertyValueSpecification\",\"valueRequired\":true,\"valueName\":\"search_term_string\"}}],\"inLanguage\":\"en-US\"},{\"@type\":\"Organization\",\"@id\":\"https:\/\/omega.ba\/#organization\",\"name\":\"Omega d.o.o.\",\"url\":\"https:\/\/omega.ba\/\",\"logo\":{\"@type\":\"ImageObject\",\"inLanguage\":\"en-US\",\"@id\":\"https:\/\/omega.ba\/#\/schema\/logo\/image\/\",\"url\":\"https:\/\/omega.ba\/business\/wp-content\/uploads\/2022\/08\/cropped-omega_old_logo.png\",\"contentUrl\":\"https:\/\/omega.ba\/business\/wp-content\/uploads\/2022\/08\/cropped-omega_old_logo.png\",\"width\":512,\"height\":512,\"caption\":\"Omega d.o.o.\"},\"image\":{\"@id\":\"https:\/\/omega.ba\/#\/schema\/logo\/image\/\"},\"sameAs\":[\"https:\/\/www.facebook.com\/Omega-doo-100267234814814\/\"]}]}<\/script>\n<!-- \/ Yoast SEO plugin. -->","yoast_head_json":{"title":"Zelene Doline Jogurt teku\u0107i 1,3% Bez laktoze - Omega d.o.o.","robots":{"index":"index","follow":"follow","max-snippet":"max-snippet:-1","max-image-preview":"max-image-preview:large","max-video-preview":"max-video-preview:-1"},"canonical":"https:\/\/omega.ba\/en\/product\/zelene-doline-jogurt-tekuci-13-bez-laktoze\/","og_locale":"en_US","og_type":"article","og_title":"Zelene Doline Jogurt teku\u0107i 1,3% Bez laktoze - Omega d.o.o.","og_description":"Pakovanje:\u00a0    blagog, blago kiselog, ali osvje\u017eavaju\u0107eg okusa  bez laktoze (sadr\u017eaj laktoze je &lt;0,1 g na 100 g proizvoda)  niske masno\u0107e  proizvedeno isklju\u010divo od slovenskog mlijeka  bez GMO  ima za\u0161titni znak \u201codabrana kvaliteta Slovenija\u201d","og_url":"https:\/\/omega.ba\/en\/product\/zelene-doline-jogurt-tekuci-13-bez-laktoze\/","og_site_name":"Omega d.o.o.","article_publisher":"https:\/\/www.facebook.com\/Omega-doo-100267234814814\/","article_modified_time":"2022-10-10T16:16:00+00:00","og_image":[{"width":900,"height":900,"url":"https:\/\/omega.ba\/business\/wp-content\/uploads\/2022\/10\/889586.jpg","type":"image\/jpeg"}],"twitter_card":"summary_large_image","schema":{"@context":"https:\/\/schema.org","@graph":[{"@type":"WebPage","@id":"https:\/\/omega.ba\/product\/zelene-doline-jogurt-tekuci-13-bez-laktoze\/","url":"https:\/\/omega.ba\/product\/zelene-doline-jogurt-tekuci-13-bez-laktoze\/","name":"Zelene Doline Jogurt teku\u0107i 1,3% Bez laktoze - Omega d.o.o.","isPartOf":{"@id":"https:\/\/omega.ba\/#website"},"primaryImageOfPage":{"@id":"https:\/\/omega.ba\/product\/zelene-doline-jogurt-tekuci-13-bez-laktoze\/#primaryimage"},"image":{"@id":"https:\/\/omega.ba\/product\/zelene-doline-jogurt-tekuci-13-bez-laktoze\/#primaryimage"},"thumbnailUrl":"https:\/\/omega.ba\/business\/wp-content\/uploads\/2022\/10\/889586.jpg","datePublished":"2021-10-20T11:53:50+00:00","dateModified":"2022-10-10T16:16:00+00:00","breadcrumb":{"@id":"https:\/\/omega.ba\/product\/zelene-doline-jogurt-tekuci-13-bez-laktoze\/#breadcrumb"},"inLanguage":"en-US","potentialAction":[{"@type":"ReadAction","target":["https:\/\/omega.ba\/product\/zelene-doline-jogurt-tekuci-13-bez-laktoze\/"]}]},{"@type":"ImageObject","inLanguage":"en-US","@id":"https:\/\/omega.ba\/product\/zelene-doline-jogurt-tekuci-13-bez-laktoze\/#primaryimage","url":"https:\/\/omega.ba\/business\/wp-content\/uploads\/2022\/10\/889586.jpg","contentUrl":"https:\/\/omega.ba\/business\/wp-content\/uploads\/2022\/10\/889586.jpg","width":900,"height":900},{"@type":"BreadcrumbList","@id":"https:\/\/omega.ba\/product\/zelene-doline-jogurt-tekuci-13-bez-laktoze\/#breadcrumb","itemListElement":[{"@type":"ListItem","position":1,"name":"Naslovna","item":"https:\/\/omega.ba\/"},{"@type":"ListItem","position":2,"name":"Shop","item":"https:\/\/omega.ba\/shop\/"},{"@type":"ListItem","position":3,"name":"Zelene Doline Jogurt teku\u0107i 1,3% Bez laktoze"}]},{"@type":"WebSite","@id":"https:\/\/omega.ba\/#website","url":"https:\/\/omega.ba\/","name":"Omega doo","description":"Omega doo is a family company founded in 1990 in \u017divinice. As one of the first small private companies in BiH, from the beginning it was engaged in the sale of consumer goods, and then also furniture, white goods and consumer electronics. The company is primarily registered for trade, and its secondary activities are device servicing and real estate rental.","publisher":{"@id":"https:\/\/omega.ba\/#organization"},"potentialAction":[{"@type":"SearchAction","target":{"@type":"EntryPoint","urlTemplate":"https:\/\/omega.ba\/?s={search_term_string}"},"query-input":{"@type":"PropertyValueSpecification","valueRequired":true,"valueName":"search_term_string"}}],"inLanguage":"en-US"},{"@type":"Organization","@id":"https:\/\/omega.ba\/#organization","name":"Omega doo","url":"https:\/\/omega.ba\/","logo":{"@type":"ImageObject","inLanguage":"en-US","@id":"https:\/\/omega.ba\/#\/schema\/logo\/image\/","url":"https:\/\/omega.ba\/business\/wp-content\/uploads\/2022\/08\/cropped-omega_old_logo.png","contentUrl":"https:\/\/omega.ba\/business\/wp-content\/uploads\/2022\/08\/cropped-omega_old_logo.png","width":512,"height":512,"caption":"Omega d.o.o."},"image":{"@id":"https:\/\/omega.ba\/#\/schema\/logo\/image\/"},"sameAs":["https:\/\/www.facebook.com\/Omega-doo-100267234814814\/"]}]}},"_links":{"self":[{"href":"https:\/\/omega.ba\/en\/wp-json\/wp\/v2\/product\/694","targetHints":{"allow":["GET"]}}],"collection":[{"href":"https:\/\/omega.ba\/en\/wp-json\/wp\/v2\/product"}],"about":[{"href":"https:\/\/omega.ba\/en\/wp-json\/wp\/v2\/types\/product"}],"version-history":[{"count":0,"href":"https:\/\/omega.ba\/en\/wp-json\/wp\/v2\/product\/694\/revisions"}],"wp:featuredmedia":[{"embeddable":true,"href":"https:\/\/omega.ba\/en\/wp-json\/wp\/v2\/media\/3433"}],"wp:attachment":[{"href":"https:\/\/omega.ba\/en\/wp-json\/wp\/v2\/media?parent=694"}],"wp:term":[{"taxonomy":"product_brand","embeddable":true,"href":"https:\/\/omega.ba\/en\/wp-json\/wp\/v2\/product_brand?post=694"},{"taxonomy":"product_cat","embeddable":true,"href":"https:\/\/omega.ba\/en\/wp-json\/wp\/v2\/product_cat?post=694"},{"taxonomy":"product_tag","embeddable":true,"href":"https:\/\/omega.ba\/en\/wp-json\/wp\/v2\/product_tag?post=694"}],"curies":[{"name":"wp","href":"https:\/\/api.w.org\/{rel}","templated":true}]}}