{"id":965,"date":"2021-12-21T11:49:29","date_gmt":"2021-12-21T10:49:29","guid":{"rendered":"https:\/\/robesirokepotrosnje.omega.ba\/?post_type=product&#038;p=965"},"modified":"2022-10-10T18:16:28","modified_gmt":"2022-10-10T16:16:28","slug":"bravo-crem-slag-slatki-1000-ml-cep-2","status":"publish","type":"product","link":"https:\/\/omega.ba\/en\/product\/bravo-crem-slag-slatki-1000-ml-cep-2\/","title":{"rendered":"Bravo Cream Whipped cream sweet 1000 ml CAP"},"content":{"rendered":"<p>Substitute for whipping cream based on vegetable fats, sterilized by the UHT process.<\/p>\n<ul>\n<li>High performance<\/li>\n<li>Excellent shine and smooth texture<\/li>\n<li>Excellent volume and firmness<\/li>\n<li>High durability<\/li>\n<li>Ideal stability for top decorations<\/li>\n<\/ul>\n<table>\n<tbody>\n<tr>\n<td>Energetic value<\/td>\n<td>1224 kJ \/ 296 kcal<\/td>\n<\/tr>\n<tr>\n<td>Fats<\/td>\n<td>27 years old<\/td>\n<\/tr>\n<tr>\n<td>of which saturated fatty acids<\/td>\n<td>26 years<\/td>\n<\/tr>\n<tr>\n<td>Carbohydrates<\/td>\n<td>13.0 g<\/td>\n<\/tr>\n<tr>\n<td>of which sugars<\/td>\n<td>12.0 g<\/td>\n<\/tr>\n<tr>\n<td>Fibers<\/td>\n<td>0 g<\/td>\n<\/tr>\n<tr>\n<td>Proteins<\/td>\n<td>0.5 g<\/td>\n<\/tr>\n<tr>\n<td>Sol<\/td>\n<td>0.17 g<\/td>\n<\/tr>\n<tr>\n<td>Calcium<\/td>\n<td>\u2013<\/td>\n<\/tr>\n<\/tbody>\n<\/table>\n<p><strong>Ingredients:<\/strong><\/p>\n<p>Water, fully hardened vegetable fats and oils (26.5%), fats (palm kernel), oils (sunflower), sugar (11%), stabilizers (E420ii, E463), milk proteins, emulsifiers (E472e, E322 sunflower lecithin), salt, flavors, coloring (beta-carotene). Gluten free.<\/p>","protected":false},"excerpt":{"rendered":"<p>Packaging: 1000 ml<\/p>","protected":false},"featured_media":3463,"template":"","meta":{"cybocfi_hide_featured_image":""},"product_brand":[],"product_cat":[61],"product_tag":[60,62],"class_list":{"0":"post-965","1":"product","2":"type-product","3":"status-publish","4":"has-post-thumbnail","6":"product_cat-bravo-crem","7":"product_tag-bravo-crem","8":"product_tag-vrhnje-za-slag","10":"first","11":"instock","12":"shipping-taxable","13":"product-type-simple"},"yoast_head":"<!-- This site is optimized with the Yoast SEO plugin v26.8 - https:\/\/yoast.com\/product\/yoast-seo-wordpress\/ -->\n<title>Bravo Crem \u0160lag slatki 1000 ml \u010cEP - Omega d.o.o.<\/title>\n<meta name=\"robots\" content=\"index, follow, max-snippet:-1, max-image-preview:large, max-video-preview:-1\" \/>\n<link rel=\"canonical\" href=\"https:\/\/omega.ba\/en\/product\/bravo-crem-slag-slatki-1000-ml-cep-2\/\" \/>\n<meta property=\"og:locale\" content=\"en_US\" \/>\n<meta property=\"og:type\" content=\"article\" \/>\n<meta property=\"og:title\" content=\"Bravo Crem \u0160lag slatki 1000 ml \u010cEP - Omega d.o.o.\" \/>\n<meta property=\"og:description\" content=\"Pakovanje: 1000 ml\" \/>\n<meta property=\"og:url\" content=\"https:\/\/omega.ba\/en\/product\/bravo-crem-slag-slatki-1000-ml-cep-2\/\" \/>\n<meta property=\"og:site_name\" content=\"Omega d.o.o.\" \/>\n<meta property=\"article:publisher\" content=\"https:\/\/www.facebook.com\/Omega-doo-100267234814814\/\" \/>\n<meta property=\"article:modified_time\" content=\"2022-10-10T16:16:28+00:00\" \/>\n<meta property=\"og:image\" content=\"https:\/\/omega.ba\/business\/wp-content\/uploads\/2022\/10\/889229.jpg\" \/>\n\t<meta property=\"og:image:width\" content=\"900\" \/>\n\t<meta property=\"og:image:height\" content=\"900\" \/>\n\t<meta property=\"og:image:type\" content=\"image\/jpeg\" \/>\n<meta name=\"twitter:card\" content=\"summary_large_image\" \/>\n<meta name=\"twitter:label1\" content=\"Est. reading time\" \/>\n\t<meta name=\"twitter:data1\" content=\"1 minute\" \/>\n<script type=\"application\/ld+json\" class=\"yoast-schema-graph\">{\"@context\":\"https:\/\/schema.org\",\"@graph\":[{\"@type\":\"WebPage\",\"@id\":\"https:\/\/omega.ba\/product\/bravo-crem-slag-slatki-1000-ml-cep-2\/\",\"url\":\"https:\/\/omega.ba\/product\/bravo-crem-slag-slatki-1000-ml-cep-2\/\",\"name\":\"Bravo Crem \u0160lag slatki 1000 ml \u010cEP - Omega d.o.o.\",\"isPartOf\":{\"@id\":\"https:\/\/omega.ba\/#website\"},\"primaryImageOfPage\":{\"@id\":\"https:\/\/omega.ba\/product\/bravo-crem-slag-slatki-1000-ml-cep-2\/#primaryimage\"},\"image\":{\"@id\":\"https:\/\/omega.ba\/product\/bravo-crem-slag-slatki-1000-ml-cep-2\/#primaryimage\"},\"thumbnailUrl\":\"https:\/\/omega.ba\/business\/wp-content\/uploads\/2022\/10\/889229.jpg\",\"datePublished\":\"2021-12-21T10:49:29+00:00\",\"dateModified\":\"2022-10-10T16:16:28+00:00\",\"breadcrumb\":{\"@id\":\"https:\/\/omega.ba\/product\/bravo-crem-slag-slatki-1000-ml-cep-2\/#breadcrumb\"},\"inLanguage\":\"en-US\",\"potentialAction\":[{\"@type\":\"ReadAction\",\"target\":[\"https:\/\/omega.ba\/product\/bravo-crem-slag-slatki-1000-ml-cep-2\/\"]}]},{\"@type\":\"ImageObject\",\"inLanguage\":\"en-US\",\"@id\":\"https:\/\/omega.ba\/product\/bravo-crem-slag-slatki-1000-ml-cep-2\/#primaryimage\",\"url\":\"https:\/\/omega.ba\/business\/wp-content\/uploads\/2022\/10\/889229.jpg\",\"contentUrl\":\"https:\/\/omega.ba\/business\/wp-content\/uploads\/2022\/10\/889229.jpg\",\"width\":900,\"height\":900},{\"@type\":\"BreadcrumbList\",\"@id\":\"https:\/\/omega.ba\/product\/bravo-crem-slag-slatki-1000-ml-cep-2\/#breadcrumb\",\"itemListElement\":[{\"@type\":\"ListItem\",\"position\":1,\"name\":\"Naslovna\",\"item\":\"https:\/\/omega.ba\/\"},{\"@type\":\"ListItem\",\"position\":2,\"name\":\"Shop\",\"item\":\"https:\/\/omega.ba\/shop\/\"},{\"@type\":\"ListItem\",\"position\":3,\"name\":\"Bravo Crem \u0160lag slatki 1000 ml \u010cEP\"}]},{\"@type\":\"WebSite\",\"@id\":\"https:\/\/omega.ba\/#website\",\"url\":\"https:\/\/omega.ba\/\",\"name\":\"Omega d.o.o.\",\"description\":\"Omega d.o.o. je porodi\u010dna firma osnovana 1990. godine u \u017divinicama. Kao jedna od prvih malih privatnih firmi u BiH ispo\u010detka se bavila prodajom robe \u0161iroke potro\u0161nje, a zatim i namje\u0161taja, te bijele tehnike i potro\u0161a\u010dke elektronike. Dru\u0161tvo je primarno registrovano za trgovinu, a sporedne djelatnosti kojima se bavi su servisiranje ure\u0111aja i iznajmljivanje nekretnina.\",\"publisher\":{\"@id\":\"https:\/\/omega.ba\/#organization\"},\"potentialAction\":[{\"@type\":\"SearchAction\",\"target\":{\"@type\":\"EntryPoint\",\"urlTemplate\":\"https:\/\/omega.ba\/?s={search_term_string}\"},\"query-input\":{\"@type\":\"PropertyValueSpecification\",\"valueRequired\":true,\"valueName\":\"search_term_string\"}}],\"inLanguage\":\"en-US\"},{\"@type\":\"Organization\",\"@id\":\"https:\/\/omega.ba\/#organization\",\"name\":\"Omega d.o.o.\",\"url\":\"https:\/\/omega.ba\/\",\"logo\":{\"@type\":\"ImageObject\",\"inLanguage\":\"en-US\",\"@id\":\"https:\/\/omega.ba\/#\/schema\/logo\/image\/\",\"url\":\"https:\/\/omega.ba\/business\/wp-content\/uploads\/2022\/08\/cropped-omega_old_logo.png\",\"contentUrl\":\"https:\/\/omega.ba\/business\/wp-content\/uploads\/2022\/08\/cropped-omega_old_logo.png\",\"width\":512,\"height\":512,\"caption\":\"Omega d.o.o.\"},\"image\":{\"@id\":\"https:\/\/omega.ba\/#\/schema\/logo\/image\/\"},\"sameAs\":[\"https:\/\/www.facebook.com\/Omega-doo-100267234814814\/\"]}]}<\/script>\n<!-- \/ Yoast SEO plugin. -->","yoast_head_json":{"title":"Bravo Crem \u0160lag slatki 1000 ml \u010cEP - Omega d.o.o.","robots":{"index":"index","follow":"follow","max-snippet":"max-snippet:-1","max-image-preview":"max-image-preview:large","max-video-preview":"max-video-preview:-1"},"canonical":"https:\/\/omega.ba\/en\/product\/bravo-crem-slag-slatki-1000-ml-cep-2\/","og_locale":"en_US","og_type":"article","og_title":"Bravo Crem \u0160lag slatki 1000 ml \u010cEP - Omega d.o.o.","og_description":"Pakovanje: 1000 ml","og_url":"https:\/\/omega.ba\/en\/product\/bravo-crem-slag-slatki-1000-ml-cep-2\/","og_site_name":"Omega d.o.o.","article_publisher":"https:\/\/www.facebook.com\/Omega-doo-100267234814814\/","article_modified_time":"2022-10-10T16:16:28+00:00","og_image":[{"width":900,"height":900,"url":"https:\/\/omega.ba\/business\/wp-content\/uploads\/2022\/10\/889229.jpg","type":"image\/jpeg"}],"twitter_card":"summary_large_image","twitter_misc":{"Est. reading time":"1 minute"},"schema":{"@context":"https:\/\/schema.org","@graph":[{"@type":"WebPage","@id":"https:\/\/omega.ba\/product\/bravo-crem-slag-slatki-1000-ml-cep-2\/","url":"https:\/\/omega.ba\/product\/bravo-crem-slag-slatki-1000-ml-cep-2\/","name":"Bravo Crem \u0160lag slatki 1000 ml \u010cEP - Omega d.o.o.","isPartOf":{"@id":"https:\/\/omega.ba\/#website"},"primaryImageOfPage":{"@id":"https:\/\/omega.ba\/product\/bravo-crem-slag-slatki-1000-ml-cep-2\/#primaryimage"},"image":{"@id":"https:\/\/omega.ba\/product\/bravo-crem-slag-slatki-1000-ml-cep-2\/#primaryimage"},"thumbnailUrl":"https:\/\/omega.ba\/business\/wp-content\/uploads\/2022\/10\/889229.jpg","datePublished":"2021-12-21T10:49:29+00:00","dateModified":"2022-10-10T16:16:28+00:00","breadcrumb":{"@id":"https:\/\/omega.ba\/product\/bravo-crem-slag-slatki-1000-ml-cep-2\/#breadcrumb"},"inLanguage":"en-US","potentialAction":[{"@type":"ReadAction","target":["https:\/\/omega.ba\/product\/bravo-crem-slag-slatki-1000-ml-cep-2\/"]}]},{"@type":"ImageObject","inLanguage":"en-US","@id":"https:\/\/omega.ba\/product\/bravo-crem-slag-slatki-1000-ml-cep-2\/#primaryimage","url":"https:\/\/omega.ba\/business\/wp-content\/uploads\/2022\/10\/889229.jpg","contentUrl":"https:\/\/omega.ba\/business\/wp-content\/uploads\/2022\/10\/889229.jpg","width":900,"height":900},{"@type":"BreadcrumbList","@id":"https:\/\/omega.ba\/product\/bravo-crem-slag-slatki-1000-ml-cep-2\/#breadcrumb","itemListElement":[{"@type":"ListItem","position":1,"name":"Naslovna","item":"https:\/\/omega.ba\/"},{"@type":"ListItem","position":2,"name":"Shop","item":"https:\/\/omega.ba\/shop\/"},{"@type":"ListItem","position":3,"name":"Bravo Crem \u0160lag slatki 1000 ml \u010cEP"}]},{"@type":"WebSite","@id":"https:\/\/omega.ba\/#website","url":"https:\/\/omega.ba\/","name":"Omega doo","description":"Omega doo is a family company founded in 1990 in \u017divinice. As one of the first small private companies in BiH, from the beginning it was engaged in the sale of consumer goods, and then also furniture, white goods and consumer electronics. The company is primarily registered for trade, and its secondary activities are device servicing and real estate rental.","publisher":{"@id":"https:\/\/omega.ba\/#organization"},"potentialAction":[{"@type":"SearchAction","target":{"@type":"EntryPoint","urlTemplate":"https:\/\/omega.ba\/?s={search_term_string}"},"query-input":{"@type":"PropertyValueSpecification","valueRequired":true,"valueName":"search_term_string"}}],"inLanguage":"en-US"},{"@type":"Organization","@id":"https:\/\/omega.ba\/#organization","name":"Omega doo","url":"https:\/\/omega.ba\/","logo":{"@type":"ImageObject","inLanguage":"en-US","@id":"https:\/\/omega.ba\/#\/schema\/logo\/image\/","url":"https:\/\/omega.ba\/business\/wp-content\/uploads\/2022\/08\/cropped-omega_old_logo.png","contentUrl":"https:\/\/omega.ba\/business\/wp-content\/uploads\/2022\/08\/cropped-omega_old_logo.png","width":512,"height":512,"caption":"Omega d.o.o."},"image":{"@id":"https:\/\/omega.ba\/#\/schema\/logo\/image\/"},"sameAs":["https:\/\/www.facebook.com\/Omega-doo-100267234814814\/"]}]}},"_links":{"self":[{"href":"https:\/\/omega.ba\/en\/wp-json\/wp\/v2\/product\/965","targetHints":{"allow":["GET"]}}],"collection":[{"href":"https:\/\/omega.ba\/en\/wp-json\/wp\/v2\/product"}],"about":[{"href":"https:\/\/omega.ba\/en\/wp-json\/wp\/v2\/types\/product"}],"version-history":[{"count":0,"href":"https:\/\/omega.ba\/en\/wp-json\/wp\/v2\/product\/965\/revisions"}],"wp:featuredmedia":[{"embeddable":true,"href":"https:\/\/omega.ba\/en\/wp-json\/wp\/v2\/media\/3463"}],"wp:attachment":[{"href":"https:\/\/omega.ba\/en\/wp-json\/wp\/v2\/media?parent=965"}],"wp:term":[{"taxonomy":"product_brand","embeddable":true,"href":"https:\/\/omega.ba\/en\/wp-json\/wp\/v2\/product_brand?post=965"},{"taxonomy":"product_cat","embeddable":true,"href":"https:\/\/omega.ba\/en\/wp-json\/wp\/v2\/product_cat?post=965"},{"taxonomy":"product_tag","embeddable":true,"href":"https:\/\/omega.ba\/en\/wp-json\/wp\/v2\/product_tag?post=965"}],"curies":[{"name":"wp","href":"https:\/\/api.w.org\/{rel}","templated":true}]}}