{"id":967,"date":"2021-12-21T11:58:34","date_gmt":"2021-12-21T10:58:34","guid":{"rendered":"https:\/\/robesirokepotrosnje.omega.ba\/?post_type=product&#038;p=967"},"modified":"2022-10-10T18:16:29","modified_gmt":"2022-10-10T16:16:29","slug":"bravo-crem-krem-za-kuhanje-200-ml-2","status":"publish","type":"product","link":"https:\/\/omega.ba\/en\/product\/bravo-crem-krem-za-kuhanje-200-ml-2\/","title":{"rendered":"Bravo Cream Cooking cream 200 ml"},"content":{"rendered":"<p>Substitute for cooking cream based on vegetable fats, sterilized by the UHT process.<\/p>\n<ul>\n<li>It is used both in savory culinary preparations, as well as in pastries and confectionery<\/li>\n<li>Thick consistency<\/li>\n<li>Excellent shine, taste and texture<\/li>\n<li>It can be whipped and made into cakes without sugar<\/li>\n<li>Outstanding tolerance to acidity<\/li>\n<\/ul>\n<table>\n<tbody>\n<tr>\n<td>Energetic value<\/td>\n<td>1070 kJ \/ 259 kcal<\/td>\n<\/tr>\n<tr>\n<td>Fats<\/td>\n<td>24 years<\/td>\n<\/tr>\n<tr>\n<td>of which saturated fatty acids<\/td>\n<td>23 years old<\/td>\n<\/tr>\n<tr>\n<td>Carbohydrates<\/td>\n<td>7.4 g<\/td>\n<\/tr>\n<tr>\n<td>of which sugars<\/td>\n<td>4.7 g<\/td>\n<\/tr>\n<tr>\n<td>Fibers<\/td>\n<td>0 g<\/td>\n<\/tr>\n<tr>\n<td>Proteins<\/td>\n<td>3.3 g<\/td>\n<\/tr>\n<tr>\n<td>Sol<\/td>\n<td>0.17 g<\/td>\n<\/tr>\n<tr>\n<td>Calcium<\/td>\n<td>\u2013<\/td>\n<\/tr>\n<\/tbody>\n<\/table>","protected":false},"excerpt":{"rendered":"<p>Martini Food Service Cucina is suitable for seasonal dishes based on rice, pasta, meat, vegetables and other dishes.<\/p>\n<p>Packaging: 200 ml<\/p>","protected":false},"featured_media":3464,"template":"","meta":{"cybocfi_hide_featured_image":""},"product_brand":[],"product_cat":[61],"product_tag":[60,63],"class_list":{"0":"post-967","1":"product","2":"type-product","3":"status-publish","4":"has-post-thumbnail","6":"product_cat-bravo-crem","7":"product_tag-bravo-crem","8":"product_tag-krem-za-kuhanje","10":"first","11":"instock","12":"shipping-taxable","13":"product-type-simple"},"yoast_head":"<!-- This site is optimized with the Yoast SEO plugin v26.8 - https:\/\/yoast.com\/product\/yoast-seo-wordpress\/ -->\n<title>Bravo Crem Krem za kuhanje 200 ml - Omega d.o.o.<\/title>\n<meta name=\"robots\" content=\"index, follow, max-snippet:-1, max-image-preview:large, max-video-preview:-1\" \/>\n<link rel=\"canonical\" href=\"https:\/\/omega.ba\/en\/product\/bravo-crem-krem-za-kuhanje-200-ml-2\/\" \/>\n<meta property=\"og:locale\" content=\"en_US\" \/>\n<meta property=\"og:type\" content=\"article\" \/>\n<meta property=\"og:title\" content=\"Bravo Crem Krem za kuhanje 200 ml - Omega d.o.o.\" \/>\n<meta property=\"og:description\" content=\"Martini Food Service Cucina je pogodna za sezonska jela na bazi ri\u017ee, tjestenine, mesa, povr\u0107a i druga jela.  Pakovanje: 200 ml\" \/>\n<meta property=\"og:url\" content=\"https:\/\/omega.ba\/en\/product\/bravo-crem-krem-za-kuhanje-200-ml-2\/\" \/>\n<meta property=\"og:site_name\" content=\"Omega d.o.o.\" \/>\n<meta property=\"article:publisher\" content=\"https:\/\/www.facebook.com\/Omega-doo-100267234814814\/\" \/>\n<meta property=\"article:modified_time\" content=\"2022-10-10T16:16:29+00:00\" \/>\n<meta property=\"og:image\" content=\"https:\/\/omega.ba\/business\/wp-content\/uploads\/2022\/10\/854981.jpg\" \/>\n\t<meta property=\"og:image:width\" content=\"900\" \/>\n\t<meta property=\"og:image:height\" content=\"900\" \/>\n\t<meta property=\"og:image:type\" content=\"image\/jpeg\" \/>\n<meta name=\"twitter:card\" content=\"summary_large_image\" \/>\n<meta name=\"twitter:label1\" content=\"Est. reading time\" \/>\n\t<meta name=\"twitter:data1\" content=\"1 minute\" \/>\n<script type=\"application\/ld+json\" class=\"yoast-schema-graph\">{\"@context\":\"https:\/\/schema.org\",\"@graph\":[{\"@type\":\"WebPage\",\"@id\":\"https:\/\/omega.ba\/product\/bravo-crem-krem-za-kuhanje-200-ml-2\/\",\"url\":\"https:\/\/omega.ba\/product\/bravo-crem-krem-za-kuhanje-200-ml-2\/\",\"name\":\"Bravo Crem Krem za kuhanje 200 ml - Omega d.o.o.\",\"isPartOf\":{\"@id\":\"https:\/\/omega.ba\/#website\"},\"primaryImageOfPage\":{\"@id\":\"https:\/\/omega.ba\/product\/bravo-crem-krem-za-kuhanje-200-ml-2\/#primaryimage\"},\"image\":{\"@id\":\"https:\/\/omega.ba\/product\/bravo-crem-krem-za-kuhanje-200-ml-2\/#primaryimage\"},\"thumbnailUrl\":\"https:\/\/omega.ba\/business\/wp-content\/uploads\/2022\/10\/854981.jpg\",\"datePublished\":\"2021-12-21T10:58:34+00:00\",\"dateModified\":\"2022-10-10T16:16:29+00:00\",\"breadcrumb\":{\"@id\":\"https:\/\/omega.ba\/product\/bravo-crem-krem-za-kuhanje-200-ml-2\/#breadcrumb\"},\"inLanguage\":\"en-US\",\"potentialAction\":[{\"@type\":\"ReadAction\",\"target\":[\"https:\/\/omega.ba\/product\/bravo-crem-krem-za-kuhanje-200-ml-2\/\"]}]},{\"@type\":\"ImageObject\",\"inLanguage\":\"en-US\",\"@id\":\"https:\/\/omega.ba\/product\/bravo-crem-krem-za-kuhanje-200-ml-2\/#primaryimage\",\"url\":\"https:\/\/omega.ba\/business\/wp-content\/uploads\/2022\/10\/854981.jpg\",\"contentUrl\":\"https:\/\/omega.ba\/business\/wp-content\/uploads\/2022\/10\/854981.jpg\",\"width\":900,\"height\":900},{\"@type\":\"BreadcrumbList\",\"@id\":\"https:\/\/omega.ba\/product\/bravo-crem-krem-za-kuhanje-200-ml-2\/#breadcrumb\",\"itemListElement\":[{\"@type\":\"ListItem\",\"position\":1,\"name\":\"Naslovna\",\"item\":\"https:\/\/omega.ba\/\"},{\"@type\":\"ListItem\",\"position\":2,\"name\":\"Shop\",\"item\":\"https:\/\/omega.ba\/shop\/\"},{\"@type\":\"ListItem\",\"position\":3,\"name\":\"Bravo Crem Krem za kuhanje 200 ml\"}]},{\"@type\":\"WebSite\",\"@id\":\"https:\/\/omega.ba\/#website\",\"url\":\"https:\/\/omega.ba\/\",\"name\":\"Omega d.o.o.\",\"description\":\"Omega d.o.o. je porodi\u010dna firma osnovana 1990. godine u \u017divinicama. Kao jedna od prvih malih privatnih firmi u BiH ispo\u010detka se bavila prodajom robe \u0161iroke potro\u0161nje, a zatim i namje\u0161taja, te bijele tehnike i potro\u0161a\u010dke elektronike. Dru\u0161tvo je primarno registrovano za trgovinu, a sporedne djelatnosti kojima se bavi su servisiranje ure\u0111aja i iznajmljivanje nekretnina.\",\"publisher\":{\"@id\":\"https:\/\/omega.ba\/#organization\"},\"potentialAction\":[{\"@type\":\"SearchAction\",\"target\":{\"@type\":\"EntryPoint\",\"urlTemplate\":\"https:\/\/omega.ba\/?s={search_term_string}\"},\"query-input\":{\"@type\":\"PropertyValueSpecification\",\"valueRequired\":true,\"valueName\":\"search_term_string\"}}],\"inLanguage\":\"en-US\"},{\"@type\":\"Organization\",\"@id\":\"https:\/\/omega.ba\/#organization\",\"name\":\"Omega d.o.o.\",\"url\":\"https:\/\/omega.ba\/\",\"logo\":{\"@type\":\"ImageObject\",\"inLanguage\":\"en-US\",\"@id\":\"https:\/\/omega.ba\/#\/schema\/logo\/image\/\",\"url\":\"https:\/\/omega.ba\/business\/wp-content\/uploads\/2022\/08\/cropped-omega_old_logo.png\",\"contentUrl\":\"https:\/\/omega.ba\/business\/wp-content\/uploads\/2022\/08\/cropped-omega_old_logo.png\",\"width\":512,\"height\":512,\"caption\":\"Omega d.o.o.\"},\"image\":{\"@id\":\"https:\/\/omega.ba\/#\/schema\/logo\/image\/\"},\"sameAs\":[\"https:\/\/www.facebook.com\/Omega-doo-100267234814814\/\"]}]}<\/script>\n<!-- \/ Yoast SEO plugin. -->","yoast_head_json":{"title":"Bravo Crem Krem za kuhanje 200 ml - Omega d.o.o.","robots":{"index":"index","follow":"follow","max-snippet":"max-snippet:-1","max-image-preview":"max-image-preview:large","max-video-preview":"max-video-preview:-1"},"canonical":"https:\/\/omega.ba\/en\/product\/bravo-crem-krem-za-kuhanje-200-ml-2\/","og_locale":"en_US","og_type":"article","og_title":"Bravo Crem Krem za kuhanje 200 ml - Omega d.o.o.","og_description":"Martini Food Service Cucina je pogodna za sezonska jela na bazi ri\u017ee, tjestenine, mesa, povr\u0107a i druga jela.  Pakovanje: 200 ml","og_url":"https:\/\/omega.ba\/en\/product\/bravo-crem-krem-za-kuhanje-200-ml-2\/","og_site_name":"Omega d.o.o.","article_publisher":"https:\/\/www.facebook.com\/Omega-doo-100267234814814\/","article_modified_time":"2022-10-10T16:16:29+00:00","og_image":[{"width":900,"height":900,"url":"https:\/\/omega.ba\/business\/wp-content\/uploads\/2022\/10\/854981.jpg","type":"image\/jpeg"}],"twitter_card":"summary_large_image","twitter_misc":{"Est. reading time":"1 minute"},"schema":{"@context":"https:\/\/schema.org","@graph":[{"@type":"WebPage","@id":"https:\/\/omega.ba\/product\/bravo-crem-krem-za-kuhanje-200-ml-2\/","url":"https:\/\/omega.ba\/product\/bravo-crem-krem-za-kuhanje-200-ml-2\/","name":"Bravo Crem Krem za kuhanje 200 ml - Omega d.o.o.","isPartOf":{"@id":"https:\/\/omega.ba\/#website"},"primaryImageOfPage":{"@id":"https:\/\/omega.ba\/product\/bravo-crem-krem-za-kuhanje-200-ml-2\/#primaryimage"},"image":{"@id":"https:\/\/omega.ba\/product\/bravo-crem-krem-za-kuhanje-200-ml-2\/#primaryimage"},"thumbnailUrl":"https:\/\/omega.ba\/business\/wp-content\/uploads\/2022\/10\/854981.jpg","datePublished":"2021-12-21T10:58:34+00:00","dateModified":"2022-10-10T16:16:29+00:00","breadcrumb":{"@id":"https:\/\/omega.ba\/product\/bravo-crem-krem-za-kuhanje-200-ml-2\/#breadcrumb"},"inLanguage":"en-US","potentialAction":[{"@type":"ReadAction","target":["https:\/\/omega.ba\/product\/bravo-crem-krem-za-kuhanje-200-ml-2\/"]}]},{"@type":"ImageObject","inLanguage":"en-US","@id":"https:\/\/omega.ba\/product\/bravo-crem-krem-za-kuhanje-200-ml-2\/#primaryimage","url":"https:\/\/omega.ba\/business\/wp-content\/uploads\/2022\/10\/854981.jpg","contentUrl":"https:\/\/omega.ba\/business\/wp-content\/uploads\/2022\/10\/854981.jpg","width":900,"height":900},{"@type":"BreadcrumbList","@id":"https:\/\/omega.ba\/product\/bravo-crem-krem-za-kuhanje-200-ml-2\/#breadcrumb","itemListElement":[{"@type":"ListItem","position":1,"name":"Naslovna","item":"https:\/\/omega.ba\/"},{"@type":"ListItem","position":2,"name":"Shop","item":"https:\/\/omega.ba\/shop\/"},{"@type":"ListItem","position":3,"name":"Bravo Crem Krem za kuhanje 200 ml"}]},{"@type":"WebSite","@id":"https:\/\/omega.ba\/#website","url":"https:\/\/omega.ba\/","name":"Omega doo","description":"Omega doo is a family company founded in 1990 in \u017divinice. As one of the first small private companies in BiH, from the beginning it was engaged in the sale of consumer goods, and then also furniture, white goods and consumer electronics. The company is primarily registered for trade, and its secondary activities are device servicing and real estate rental.","publisher":{"@id":"https:\/\/omega.ba\/#organization"},"potentialAction":[{"@type":"SearchAction","target":{"@type":"EntryPoint","urlTemplate":"https:\/\/omega.ba\/?s={search_term_string}"},"query-input":{"@type":"PropertyValueSpecification","valueRequired":true,"valueName":"search_term_string"}}],"inLanguage":"en-US"},{"@type":"Organization","@id":"https:\/\/omega.ba\/#organization","name":"Omega doo","url":"https:\/\/omega.ba\/","logo":{"@type":"ImageObject","inLanguage":"en-US","@id":"https:\/\/omega.ba\/#\/schema\/logo\/image\/","url":"https:\/\/omega.ba\/business\/wp-content\/uploads\/2022\/08\/cropped-omega_old_logo.png","contentUrl":"https:\/\/omega.ba\/business\/wp-content\/uploads\/2022\/08\/cropped-omega_old_logo.png","width":512,"height":512,"caption":"Omega d.o.o."},"image":{"@id":"https:\/\/omega.ba\/#\/schema\/logo\/image\/"},"sameAs":["https:\/\/www.facebook.com\/Omega-doo-100267234814814\/"]}]}},"_links":{"self":[{"href":"https:\/\/omega.ba\/en\/wp-json\/wp\/v2\/product\/967","targetHints":{"allow":["GET"]}}],"collection":[{"href":"https:\/\/omega.ba\/en\/wp-json\/wp\/v2\/product"}],"about":[{"href":"https:\/\/omega.ba\/en\/wp-json\/wp\/v2\/types\/product"}],"version-history":[{"count":0,"href":"https:\/\/omega.ba\/en\/wp-json\/wp\/v2\/product\/967\/revisions"}],"wp:featuredmedia":[{"embeddable":true,"href":"https:\/\/omega.ba\/en\/wp-json\/wp\/v2\/media\/3464"}],"wp:attachment":[{"href":"https:\/\/omega.ba\/en\/wp-json\/wp\/v2\/media?parent=967"}],"wp:term":[{"taxonomy":"product_brand","embeddable":true,"href":"https:\/\/omega.ba\/en\/wp-json\/wp\/v2\/product_brand?post=967"},{"taxonomy":"product_cat","embeddable":true,"href":"https:\/\/omega.ba\/en\/wp-json\/wp\/v2\/product_cat?post=967"},{"taxonomy":"product_tag","embeddable":true,"href":"https:\/\/omega.ba\/en\/wp-json\/wp\/v2\/product_tag?post=967"}],"curies":[{"name":"wp","href":"https:\/\/api.w.org\/{rel}","templated":true}]}}